{"id":12899,"date":"2018-02-12T17:01:48","date_gmt":"2018-02-12T16:01:48","guid":{"rendered":"http:\/\/marcottestyle.com\/?page_id=12899"},"modified":"2019-12-25T13:36:44","modified_gmt":"2019-12-25T12:36:44","slug":"landlich-wohnen","status":"publish","type":"page","link":"https:\/\/marcottestyle.com\/de\/landlich-wohnen\/","title":{"rendered":"L\u00e4ndlich wohnen"},"content":{"rendered":"<h3>Das Landleben: nachhaltig, gem\u00fctlich, authentisch:<\/h3>\n<p>In Zeiten der Nachhaltigkeit und des Recyclings nimmt es zu. Und das zu Recht! Die Verwendung von nat\u00fcrlichen Materialien wie Steinb\u00f6den und Holzarten ( zB Eiche ) von uns erzeugt einen warmen, authentischen, gem\u00fctlichen und l\u00e4ndlichen Stil. W\u00e4hrend die Welt urbaner wird, kommt das l\u00e4ndliche Leben nie aus der Mode. Sie k\u00f6nnen auch so in der Stadt leben, indem Sie die richtige nationale Inneneinrichtung w\u00e4hlen (auf die Marcotte Style spezialisiert ist).<\/p>\n<blockquote><p>Neugierig, was Marcottestyle Ihnen bieten kann: Werfen Sie einen Blick auf das <a href=\"https:\/\/marcottestyle.com\/de\/angebot\/\">Angebot<\/a>!<\/p><\/blockquote>\n<h3>Erholung im Haus dank das Landleben:<\/h3>\n<p>Dar\u00fcber hinaus sorgen sanfte Farben, nostalgische Akzente und nat\u00fcrliche Materialien f\u00fcr die n\u00f6tige Ruhe im Wohnbereich. Studien zeigen, dass der Stresspegel der Menschen in einer beruhigenden l\u00e4ndlichen Umgebung deutlich abnimmt. Es ist wunderbar, in einer gut ausgestatteten Landhausk\u00fcche zu kochen, die im wahrsten Sinne des Wortes &#8220;altmodisch&#8221; aussieht, aber sicherlich nicht altmodisch ist! Oder wie entspannend es sein kann, in einem Landhausbad in einem sch\u00f6nen Bad zu baden.<\/p>\n<h3>Unterschiedlich im Leben:<\/h3>\n<p>\u00dcbrigens gibt es unendlich viele Variationen in Bezug auf das l\u00e4ndliche Leben: vom ber\u00fchmten englischen Cottage-Stil (oder Cottage- Stil, wie es die Engl\u00e4nder sagen) bis zum etwas moderneren Long Island-Stil. Oder sogar Kombinationen mit verschiedenen Stilschl\u00fcsseln und Stilarten (franz\u00f6sischer Stil, toskanischer Stil, schwedischer Stil), um einen vielseitigen und eigenartigen Effekt zu erzielen. Unsere K\u00fcchen, B\u00e4der und Wohnzimmer im Landhausstil sind einzigartige, ausgewogene Schmuckst\u00fccke, die in Bezug auf \u00c4sthetik, praktischen Gebrauch und Materialien \u00fcberdurchschnittlich gut sind.<\/p>\n<p>[seo-gallery type=&#8221;3-columns&#8221; taxonomy=&#8221;13&#8243; num=&#8221;4,11&#8243;]<\/p>\n<h3>Marcotte Style: Spezialist f\u00fcr l\u00e4ndliches Wohnenspecialist:<\/h3>\n<p>Marcotte Style ist der vielseitige Spezialist, der Ihnen in allen Bereichen behilflich ist und Sie mit jedem nationalen M\u00f6belst\u00fcck versorgen kann. Ob Sie nach passenden Schr\u00e4nken im Landhausstil f\u00fcr Ihr Badezimmer oder St\u00fchlen im Landhausstil im puren Long Island- Stil oder nach speziellen Schr\u00e4nken f\u00fcr ein authentisches Wohnzimmer im Landhausstil suchen , die gro\u00dfe Kollektion von Marcotte Style bietet Ihnen zweifellos authentische, hochwertige Landhausm\u00f6bel. Sie erhalten die Beratung unserer Experten kostenlos!<\/p>\n<h3>Unersch\u00f6pflicher Bestand an l\u00e4ndlichen M\u00f6beln:<\/h3>\n<p>Dank unseres besonders umfangreichen Sortiments finden Sie bei Marcotte Style f\u00fcr jeden Raum das passende Landhausm\u00f6bel: Landhausm\u00f6bel im Vintage-Look, Landhausschr\u00e4nke in allen Gr\u00f6\u00dfen und Farben, eine voll ausgestattete Landhausk\u00fcche oder ein gem\u00fctliches Landhausschlafzimmer. Interior Design von A bis Z ist unser Dada und Rural Interior Design ist die Spezialit\u00e4t von Marcotte Style.<\/p>\n<h3>L\u00e4ndliche M\u00f6belst\u00fccke mit Charakter:<\/h3>\n<p>Die hauseigene M\u00f6bellinie Marcotte Style umfasst zahlreiche nationale M\u00f6belst\u00fccke. In Bezug auf nachhaltiges Leben hat Marcotte buchst\u00e4blich und im \u00fcbertragenen Sinne das Beste im Haus. Auch im Hinblick auf den &#8220;letzten Schliff &#8220;, um die nationale Dekoration vollst\u00e4ndig zu optimieren. Denken Sie an Accessoires wie Sound, Fensterdekoration, Minim\u00f6bel wie Beistelltische, aber auch Farbauswahl, Beleuchtung und so weiter. Unsere erfahrenen Experten k\u00f6nnen Ihnen bei dem schwierigen Auswahlverfahren behilflich sein<\/p>\n<h3>Landleben in der Stadt:<\/h3>\n<p>Man kann es mit Sicherheit als &#8220;Lebensweise&#8221; bezeichnen. Wenn Sie daran denken, auf dem Land (in einem Landhaus) zu leben, denken Sie sofort an eine l\u00e4ndliche Umgebung, aber wie Sie sehen k\u00f6nnen, k\u00f6nnen Sie auch perfekt in der Stadt leben, weil l\u00e4ndliche Innenr\u00e4ume tats\u00e4chlich \u00fcberall geschaffen werden k\u00f6nnen: sogar in Wohnungen oder Stadth\u00e4usern.<\/p>\n","protected":false},"excerpt":{"rendered":"<p>Das Landleben: nachhaltig, gem\u00fctlich, authentisch: In Zeiten der Nachhaltigkeit und des Recyclings nimmt es zu. Und das zu Recht! Die Verwendung von nat\u00fcrlichen Materialien wie&#8230;<\/p>\n","protected":false},"author":2,"featured_media":0,"parent":0,"menu_order":4,"comment_status":"closed","ping_status":"closed","template":"elementor_header_footer","meta":{"ngg_post_thumbnail":0,"footnotes":""},"class_list":["post-12899","page","type-page","status-publish","hentry"],"_links":{"self":[{"href":"https:\/\/marcottestyle.com\/de\/wp-json\/wp\/v2\/pages\/12899","targetHints":{"allow":["GET"]}}],"collection":[{"href":"https:\/\/marcottestyle.com\/de\/wp-json\/wp\/v2\/pages"}],"about":[{"href":"https:\/\/marcottestyle.com\/de\/wp-json\/wp\/v2\/types\/page"}],"author":[{"embeddable":true,"href":"https:\/\/marcottestyle.com\/de\/wp-json\/wp\/v2\/users\/2"}],"replies":[{"embeddable":true,"href":"https:\/\/marcottestyle.com\/de\/wp-json\/wp\/v2\/comments?post=12899"}],"version-history":[{"count":3,"href":"https:\/\/marcottestyle.com\/de\/wp-json\/wp\/v2\/pages\/12899\/revisions"}],"predecessor-version":[{"id":12921,"href":"https:\/\/marcottestyle.com\/de\/wp-json\/wp\/v2\/pages\/12899\/revisions\/12921"}],"wp:attachment":[{"href":"https:\/\/marcottestyle.com\/de\/wp-json\/wp\/v2\/media?parent=12899"}],"curies":[{"name":"wp","href":"https:\/\/api.w.org\/{rel}","templated":true}]}}