{"id":12911,"date":"2018-02-12T17:09:44","date_gmt":"2018-02-12T16:09:44","guid":{"rendered":"http:\/\/marcottestyle.com\/rural-living-rooms\/"},"modified":"2020-01-22T10:41:32","modified_gmt":"2020-01-22T09:41:32","slug":"laendliche-wohnraeume","status":"publish","type":"page","link":"https:\/\/marcottestyle.com\/de\/laendliche-wohnraeume\/","title":{"rendered":"L\u00e4ndliche Wohnr\u00e4ume:"},"content":{"rendered":"<h3><img fetchpriority=\"high\" decoding=\"async\" class=\"alignleft wp-image-13813 size-medium\" src=\"http:\/\/marcottestyle.com\/wp-content\/uploads\/2020\/01\/Marcottestyle-landelijk-1-1-300x200.jpg\" alt=\"\" width=\"300\" height=\"200\" title=\"\" srcset=\"https:\/\/marcottestyle.com\/wp-content\/uploads\/2020\/01\/Marcottestyle-landelijk-1-1-300x200.jpg 300w, https:\/\/marcottestyle.com\/wp-content\/uploads\/2020\/01\/Marcottestyle-landelijk-1-1-1024x683.jpg 1024w, https:\/\/marcottestyle.com\/wp-content\/uploads\/2020\/01\/Marcottestyle-landelijk-1-1-768x512.jpg 768w, https:\/\/marcottestyle.com\/wp-content\/uploads\/2020\/01\/Marcottestyle-landelijk-1-1-1536x1025.jpg 1536w, https:\/\/marcottestyle.com\/wp-content\/uploads\/2020\/01\/Marcottestyle-landelijk-1-1-1280x854.jpg 1280w, https:\/\/marcottestyle.com\/wp-content\/uploads\/2020\/01\/Marcottestyle-landelijk-1-1.jpg 1920w\" sizes=\"(max-width: 300px) 100vw, 300px\" \/>Charmantes L\u00e4ndliche Wohnr\u00e4ume:<\/h3>\n<p>Ein charmantes und sorgf\u00e4ltig eingerichtetes Wohnzimmer und ein wundersch\u00f6ner Landhausstil machen das Epizentrum Tanz zu einem l\u00e4ndlichen Zuhause. Und die Schaffung eines harmonischen, gem\u00fctlichen Wohnzimmerkonzepts durch die richtigen Farbkombinationen und M\u00f6belst\u00fccke am richtigen Ort ist eine enorme interessante Herausforderung, der Marcotte Style Sie wie kein anderer unterst\u00fctzen kann.<\/p>\n<blockquote><p>Marcottestyle bietet nicht nur Wohnzimmer: Schauen Sie sich das <a href=\"https:\/\/marcottestyle.com\/de\/angebot\/\">Angebot<\/a> an!<\/p><\/blockquote>\n<h3 style=\"clear: left; color: #000000; font-family: Arial,sans-serif; font-size: 21.06px; font-style: normal; font-variant: normal; font-weight: bold; letter-spacing: normal; orphans: 2; text-align: left; text-decoration: none; text-indent: 0px; text-transform: none; -webkit-text-stroke-width: 0px; white-space: normal; word-spacing: 0px;\">Country Wohnzimmer Tanzt im klassischen Stil:<\/h3>\n<p style=\"color: #000000; font-family: Arial,sans-serif; font-size: 18px; font-style: normal; font-variant: normal; font-weight: 400; letter-spacing: normal; orphans: 2; text-align: left; text-decoration: none; text-indent: 0px; text-transform: none; -webkit-text-stroke-width: 0px; white-space: normal; word-spacing: 0px;\">Unsere Expertisen und Professionalismus kombinierten Design und vielf\u00e4ltige Auswahl an einzigartigen (eigenen) und sch\u00f6nen M\u00f6beln f\u00fcr l\u00e4ndliche Wohnzimmer garantieren einen Traum von einem l\u00e4ndlichen Wohnzimmer im Landhausstil oder einem anderen klassischen Stil. Auch f\u00fcr den frischeren englischen Long Island-Stil, der heutzutage sehr beliebt ist, haben wir bei Marcotte Style eine Reihe sch\u00f6ner Dekorations- und M\u00f6belst\u00fccke zu Hause.<\/p>\n<p>[seo-gallery type=&#8221;3-columns&#8221; taxonomy=&#8221;14&#8243; num=&#8221;4,11&#8243;]<\/p>\n<h3><img decoding=\"async\" class=\"alignleft wp-image-13693 size-medium\" src=\"http:\/\/marcottestyle.com\/wp-content\/uploads\/2020\/01\/Marcottestyle-kasten-op-maat-AA1-300x199.jpg\" alt=\"\" width=\"300\" height=\"199\" title=\"\" srcset=\"https:\/\/marcottestyle.com\/wp-content\/uploads\/2020\/01\/Marcottestyle-kasten-op-maat-AA1-300x199.jpg 300w, https:\/\/marcottestyle.com\/wp-content\/uploads\/2020\/01\/Marcottestyle-kasten-op-maat-AA1-1024x680.jpg 1024w, https:\/\/marcottestyle.com\/wp-content\/uploads\/2020\/01\/Marcottestyle-kasten-op-maat-AA1-768x510.jpg 768w, https:\/\/marcottestyle.com\/wp-content\/uploads\/2020\/01\/Marcottestyle-kasten-op-maat-AA1-1536x1020.jpg 1536w, https:\/\/marcottestyle.com\/wp-content\/uploads\/2020\/01\/Marcottestyle-kasten-op-maat-AA1-1280x850.jpg 1280w, https:\/\/marcottestyle.com\/wp-content\/uploads\/2020\/01\/Marcottestyle-kasten-op-maat-AA1.jpg 1920w\" sizes=\"(max-width: 300px) 100vw, 300px\" \/>Klassische M\u00f6bel f\u00fcr Landwohnzimmer:<\/h3>\n<p>Die klassischen oder l\u00e4ndlichen Sitze von Marcotte passen perfekt in ein l\u00e4ndliches Wohnzimmer, das Stil, Klasse und Gem\u00fctlichkeit ausstrahlt. Klassische M\u00f6bel wie Sofasitze, Beistelltische, Schr\u00e4nke, St\u00fchle, sehr gem\u00fctliche Lesesessel, Sessel, die perfekte Integration in ein Gesamtkonzept ist eine der gro\u00dfen Spezialit\u00e4ten von Marcotte Style. Von elf leidenschaftlichen Mitarbeitern erhalten Sie kostenlose professionelle Beratung f\u00fcr die Gestaltung Ihres Wohnzimmers: Farbberatung, Implantatm\u00f6bel, Innenarchitektur und sogar 3D-Computersimulationen.<\/p>\n<h3>Unserze Webshop<\/h3>\n<p>In unserem Online-Einrichtungsshop (Webshop) k\u00f6nnen Sie sich das perfekte Landhauszimmer zusammenstellen. Ein Salon im Landhausstil von Marcotte Style strahlt ausnahmslos Stil und ein Auge f\u00fcr guten Geschmack aus. Sie finden nicht nur das gr\u00f6\u00dfte Sortiment im Marcottte-Stil im typisch englischen Landhausstil, um Ihr Landhauszimmer einzurichten, sondern k\u00f6nnen auch den Rundum-Service der Inneneinrichtungsexperten von Marcotte genie\u00dfen, die sich gemeinsam um die ultimative Einrichtung bem\u00fchen .<\/p>\n<p>[seo-gallery type=&#8221;4-columns&#8221; taxonomy=&#8221;14&#8243; num=&#8221;4,11&#8243;]<\/p>\n","protected":false},"excerpt":{"rendered":"<p>Charmantes L\u00e4ndliche Wohnr\u00e4ume: Ein charmantes und sorgf\u00e4ltig eingerichtetes Wohnzimmer und ein wundersch\u00f6ner Landhausstil machen das Epizentrum Tanz zu einem l\u00e4ndlichen Zuhause. Und die Schaffung eines&#8230;<\/p>\n","protected":false},"author":2,"featured_media":0,"parent":0,"menu_order":6,"comment_status":"closed","ping_status":"closed","template":"elementor_header_footer","meta":{"ngg_post_thumbnail":0,"footnotes":""},"class_list":["post-12911","page","type-page","status-publish","hentry"],"_links":{"self":[{"href":"https:\/\/marcottestyle.com\/de\/wp-json\/wp\/v2\/pages\/12911","targetHints":{"allow":["GET"]}}],"collection":[{"href":"https:\/\/marcottestyle.com\/de\/wp-json\/wp\/v2\/pages"}],"about":[{"href":"https:\/\/marcottestyle.com\/de\/wp-json\/wp\/v2\/types\/page"}],"author":[{"embeddable":true,"href":"https:\/\/marcottestyle.com\/de\/wp-json\/wp\/v2\/users\/2"}],"replies":[{"embeddable":true,"href":"https:\/\/marcottestyle.com\/de\/wp-json\/wp\/v2\/comments?post=12911"}],"version-history":[{"count":5,"href":"https:\/\/marcottestyle.com\/de\/wp-json\/wp\/v2\/pages\/12911\/revisions"}],"predecessor-version":[{"id":13819,"href":"https:\/\/marcottestyle.com\/de\/wp-json\/wp\/v2\/pages\/12911\/revisions\/13819"}],"wp:attachment":[{"href":"https:\/\/marcottestyle.com\/de\/wp-json\/wp\/v2\/media?parent=12911"}],"curies":[{"name":"wp","href":"https:\/\/api.w.org\/{rel}","templated":true}]}}