{"id":12940,"date":"2018-02-12T17:08:30","date_gmt":"2018-02-12T16:08:30","guid":{"rendered":"http:\/\/marcottestyle.com\/cottage-style\/"},"modified":"2025-03-09T19:53:37","modified_gmt":"2025-03-09T18:53:37","slug":"cottage-stil","status":"publish","type":"page","link":"https:\/\/marcottestyle.com\/de\/cottage-stil\/","title":{"rendered":"Landhausstil"},"content":{"rendered":"\t\t<div data-elementor-type=\"wp-page\" data-elementor-id=\"12940\" class=\"elementor elementor-12940 elementor-5324\" data-elementor-settings=\"{&quot;ha_cmc_init_switcher&quot;:&quot;no&quot;}\" data-elementor-post-type=\"page\">\n\t\t\t\t<div class=\"elementor-element elementor-element-bf472d1 e-flex e-con-boxed e-con e-parent\" data-id=\"bf472d1\" data-element_type=\"container\" data-e-type=\"container\" data-settings=\"{&quot;_ha_eqh_enable&quot;:false}\">\n\t\t\t\t\t<div class=\"e-con-inner\">\n\t\t\t\t<div class=\"elementor-element elementor-element-429e4ce elementor-widget elementor-widget-spacer\" data-id=\"429e4ce\" data-element_type=\"widget\" data-e-type=\"widget\" data-widget_type=\"spacer.default\">\n\t\t\t\t<div class=\"elementor-widget-container\">\n\t\t\t\t\t\t\t<div class=\"elementor-spacer\">\n\t\t\t<div class=\"elementor-spacer-inner\"><\/div>\n\t\t<\/div>\n\t\t\t\t\t\t<\/div>\n\t\t\t\t<\/div>\n\t\t\t\t\t<\/div>\n\t\t\t\t<\/div>\n\t\t<div class=\"elementor-element elementor-element-df90c0b e-flex e-con-boxed e-con e-parent\" data-id=\"df90c0b\" data-element_type=\"container\" data-e-type=\"container\" data-settings=\"{&quot;_ha_eqh_enable&quot;:false}\">\n\t\t\t\t\t<div class=\"e-con-inner\">\n\t\t\t\t<div class=\"elementor-element elementor-element-2a4c7d7 elementor-align-left elementor-widget elementor-widget-etheme_advanced_headline\" data-id=\"2a4c7d7\" data-element_type=\"widget\" data-e-type=\"widget\" data-widget_type=\"etheme_advanced_headline.default\">\n\t\t\t\t<div class=\"elementor-widget-container\">\n\t\t\t\t\t        \n        <div class=\"etheme-a-h-wrapper\">\n        \n            \n\t\t\t\n        <h2 class=\"etheme-advanced-headline etheme-advanced-headline-mask\">\n\n            COTTAGE-STIL\n        <\/h2>\n\t\t\n                    \n        <\/div>\n        \n\t\t\t\t\t\t<\/div>\n\t\t\t\t<\/div>\n\t\t\t\t\t<\/div>\n\t\t\t\t<\/div>\n\t\t<div class=\"elementor-element elementor-element-8afe5ca e-flex e-con-boxed e-con e-parent\" data-id=\"8afe5ca\" data-element_type=\"container\" data-e-type=\"container\" data-settings=\"{&quot;_ha_eqh_enable&quot;:false}\">\n\t\t\t\t\t<div class=\"e-con-inner\">\n\t\t\t\t<div class=\"elementor-element elementor-element-6c2cc62 elementor-widget elementor-widget-text-editor\" data-id=\"6c2cc62\" data-element_type=\"widget\" data-e-type=\"widget\" data-widget_type=\"text-editor.default\">\n\t\t\t\t<div class=\"elementor-widget-container\">\n\t\t\t\t\t\t\t\t\t<p>In nahezu jeder Landhauseinrichtung finden sich Elemente des Cottage-Stils wieder, wie beispielsweise Schr\u00e4nke, ein Schaukelstuhl im Landhausstil usw. Adjektive wie Wohnlichkeit, Gem\u00fctlichkeit, Authentizit\u00e4t fallen einem dabei spontan ein. Die richtige Auswahl der Landhausm\u00f6bel (Lesestuhl, Schaukelstuhl, authentisches B\u00fccherregal) in Kombination mit einer durchdachten Inneneinrichtung und der richtigen Auswahl der Dekorationselemente (Beleuchtung, Wandvert\u00e4felung, Tont\u00f6pfe mit Pflanzen usw.) ist entscheidend, um ein harmonisches und warmes Ganzes zu schaffen. <\/p>\n\t\t\t\t\t\t\t\t<\/div>\n\t\t\t\t<\/div>\n\t\t\t\t\t<\/div>\n\t\t\t\t<\/div>\n\t\t<div class=\"elementor-element elementor-element-4b57660 e-flex e-con-boxed e-con e-parent\" data-id=\"4b57660\" data-element_type=\"container\" data-e-type=\"container\" data-settings=\"{&quot;_ha_eqh_enable&quot;:false}\">\n\t\t\t\t\t<div class=\"e-con-inner\">\n\t\t\t\t<div class=\"elementor-element elementor-element-834487d elementor-widget elementor-widget-text-editor\" data-id=\"834487d\" data-element_type=\"widget\" data-e-type=\"widget\" data-widget_type=\"text-editor.default\">\n\t\t\t\t<div class=\"elementor-widget-container\">\n\t\t\t\t\t\t\t\t\t<p>Werfen Sie einen kurzen Blick auf einige unserer<a href=\"https:\/\/marcottestyle.com\/de\/category\/landhausstil\/\"> Realisierungen<\/a><\/p>\n\t\t\t\t\t\t\t\t<\/div>\n\t\t\t\t<\/div>\n\t\t\t\t\t<\/div>\n\t\t\t\t<\/div>\n\t\t<div class=\"elementor-element elementor-element-2c21686 e-flex e-con-boxed e-con e-parent\" data-id=\"2c21686\" data-element_type=\"container\" data-e-type=\"container\" data-settings=\"{&quot;_ha_eqh_enable&quot;:false}\">\n\t\t\t\t\t<div class=\"e-con-inner\">\n\t\t\t\t<div class=\"elementor-element elementor-element-3927831 elementor-align-left elementor-widget elementor-widget-etheme_advanced_headline\" data-id=\"3927831\" data-element_type=\"widget\" data-e-type=\"widget\" data-widget_type=\"etheme_advanced_headline.default\">\n\t\t\t\t<div class=\"elementor-widget-container\">\n\t\t\t\t\t        \n        <div class=\"etheme-a-h-wrapper\">\n        \n            \n\t\t\t\n        <h2 class=\"etheme-advanced-headline etheme-advanced-headline-mask\">\n\n            Marcotte: Spezialist f\u00fcr Ferienh\u00e4user\n        <\/h2>\n\t\t\n                    \n        <\/div>\n        \n\t\t\t\t\t\t<\/div>\n\t\t\t\t<\/div>\n\t\t\t\t\t<\/div>\n\t\t\t\t<\/div>\n\t\t<div class=\"elementor-element elementor-element-59d5f45 e-flex e-con-boxed e-con e-parent\" data-id=\"59d5f45\" data-element_type=\"container\" data-e-type=\"container\" data-settings=\"{&quot;_ha_eqh_enable&quot;:false}\">\n\t\t\t\t\t<div class=\"e-con-inner\">\n\t\t\t\t<div class=\"elementor-element elementor-element-aeb0777 elementor-widget elementor-widget-text-editor\" data-id=\"aeb0777\" data-element_type=\"widget\" data-e-type=\"widget\" data-widget_type=\"text-editor.default\">\n\t\t\t\t<div class=\"elementor-widget-container\">\n\t\t\t\t\t\t\t\t\t<p>Wenn es einen Stil gibt, den Marcotte am besten beherrscht, dann ist es der Cottage-Stil. Die M\u00f6bel von Marcotte Style werden Ihrem Cottage-Interieur gerecht. In unserem Webshop k\u00f6nnen Sie eine endlose Auswahl an Landhausm\u00f6beln entdecken.  <\/p>\n\t\t\t\t\t\t\t\t<\/div>\n\t\t\t\t<\/div>\n\t\t\t\t\t<\/div>\n\t\t\t\t<\/div>\n\t\t<div class=\"elementor-element elementor-element-bafd783 e-flex e-con-boxed e-con e-parent\" data-id=\"bafd783\" data-element_type=\"container\" data-e-type=\"container\" data-settings=\"{&quot;_ha_eqh_enable&quot;:false}\">\n\t\t\t\t\t<div class=\"e-con-inner\">\n\t\t\t\t<div class=\"elementor-element elementor-element-204b61d elementor-widget elementor-widget-shortcode\" data-id=\"204b61d\" data-element_type=\"widget\" data-e-type=\"widget\" data-widget_type=\"shortcode.default\">\n\t\t\t\t<div class=\"elementor-widget-container\">\n\t\t\t\t\t\t\t<div class=\"elementor-shortcode\">ngg_shortcode_0_placeholder<\/div>\n\t\t\t\t\t\t<\/div>\n\t\t\t\t<\/div>\n\t\t\t\t<div class=\"elementor-element elementor-element-9f28ce0 elementor-widget elementor-widget-spacer\" data-id=\"9f28ce0\" data-element_type=\"widget\" data-e-type=\"widget\" data-widget_type=\"spacer.default\">\n\t\t\t\t<div class=\"elementor-widget-container\">\n\t\t\t\t\t\t\t<div class=\"elementor-spacer\">\n\t\t\t<div class=\"elementor-spacer-inner\"><\/div>\n\t\t<\/div>\n\t\t\t\t\t\t<\/div>\n\t\t\t\t<\/div>\n\t\t\t\t\t<\/div>\n\t\t\t\t<\/div>\n\t\t<div class=\"elementor-element elementor-element-3c72a91 e-flex e-con-boxed e-con e-parent\" data-id=\"3c72a91\" data-element_type=\"container\" data-e-type=\"container\" data-settings=\"{&quot;_ha_eqh_enable&quot;:false}\">\n\t\t\t\t\t<div class=\"e-con-inner\">\n\t\t\t\t<div class=\"elementor-element elementor-element-f33ab5a elementor-align-left elementor-widget elementor-widget-etheme_advanced_headline\" data-id=\"f33ab5a\" data-element_type=\"widget\" data-e-type=\"widget\" data-widget_type=\"etheme_advanced_headline.default\">\n\t\t\t\t<div class=\"elementor-widget-container\">\n\t\t\t\t\t        \n        <div class=\"etheme-a-h-wrapper\">\n        \n            \n\t\t\t\n        <h2 class=\"etheme-advanced-headline etheme-advanced-headline-mask\">\n\n            Cottage als Gesamtkonzept\n        <\/h2>\n\t\t\n                    \n        <\/div>\n        \n\t\t\t\t\t\t<\/div>\n\t\t\t\t<\/div>\n\t\t\t\t\t<\/div>\n\t\t\t\t<\/div>\n\t\t<div class=\"elementor-element elementor-element-561f2c0 e-flex e-con-boxed e-con e-parent\" data-id=\"561f2c0\" data-element_type=\"container\" data-e-type=\"container\" data-settings=\"{&quot;_ha_eqh_enable&quot;:false}\">\n\t\t\t\t\t<div class=\"e-con-inner\">\n\t\t\t\t<div class=\"elementor-element elementor-element-dae6125 elementor-widget elementor-widget-text-editor\" data-id=\"dae6125\" data-element_type=\"widget\" data-e-type=\"widget\" data-widget_type=\"text-editor.default\">\n\t\t\t\t<div class=\"elementor-widget-container\">\n\t\t\t\t\t\t\t\t\t<p>Die Einrichtung eines kompletten Raumes (K\u00fcche, Wohnzimmer, Lounge, Schlafzimmer) im Landhausstil erledigen unsere Einrichtungsexperten mit viel Fachkompetenz und Freude f\u00fcr Sie. Um eine ausgewogene, authentische Landhausatmosph\u00e4re zu schaffen, hat Marcotte alle Tr\u00fcmpfe in der Hand: Einrichtungsexperten mit Gesp\u00fcr und Fachkompetenz, die Sie bei der richtigen Farbberatung unterst\u00fctzen und nat\u00fcrlich eine erlesene Auswahl an Vintage-M\u00f6beln, also Landhausm\u00f6beln, die in einer Landhausumgebung besonders gut zur Geltung kommen. <\/p>\n\t\t\t\t\t\t\t\t<\/div>\n\t\t\t\t<\/div>\n\t\t\t\t\t<\/div>\n\t\t\t\t<\/div>\n\t\t<div class=\"elementor-element elementor-element-c9eff45 e-flex e-con-boxed e-con e-parent\" data-id=\"c9eff45\" data-element_type=\"container\" data-e-type=\"container\" data-settings=\"{&quot;_ha_eqh_enable&quot;:false}\">\n\t\t\t\t\t<div class=\"e-con-inner\">\n\t\t\t\t<div class=\"elementor-element elementor-element-e0a45c2 elementor-align-left elementor-widget elementor-widget-etheme_advanced_headline\" data-id=\"e0a45c2\" data-element_type=\"widget\" data-e-type=\"widget\" data-widget_type=\"etheme_advanced_headline.default\">\n\t\t\t\t<div class=\"elementor-widget-container\">\n\t\t\t\t\t        \n        <div class=\"etheme-a-h-wrapper\">\n        \n            \n\t\t\t\n        <h2 class=\"etheme-advanced-headline etheme-advanced-headline-mask\">\n\n            Landhausm\u00f6bel f\u00fcr jedes Interieur\n        <\/h2>\n\t\t\n                    \n        <\/div>\n        \n\t\t\t\t\t\t<\/div>\n\t\t\t\t<\/div>\n\t\t\t\t\t<\/div>\n\t\t\t\t<\/div>\n\t\t<div class=\"elementor-element elementor-element-6f06b7b e-flex e-con-boxed e-con e-parent\" data-id=\"6f06b7b\" data-element_type=\"container\" data-e-type=\"container\" data-settings=\"{&quot;_ha_eqh_enable&quot;:false}\">\n\t\t\t\t\t<div class=\"e-con-inner\">\n\t\t\t\t<div class=\"elementor-element elementor-element-20cc843 elementor-widget elementor-widget-text-editor\" data-id=\"20cc843\" data-element_type=\"widget\" data-e-type=\"widget\" data-widget_type=\"text-editor.default\">\n\t\t\t\t<div class=\"elementor-widget-container\">\n\t\t\t\t\t\t\t\t\t<p>Entdecken Sie unsere bequemen Stoffsitze im passenden Vintage-Look. Ein weiteres typisches Cottage-Element, bei dem der Marcotte-Stil den Unterschied ausmachen kann, sind Wandvert\u00e4felungen und Holzm\u00f6bel, die perfekt zu den typischen Holzdecken mit den charakteristischen Balken passen, die im Cottage-Stil immer wiederkehren. F\u00fcr ein Haus mit Landhauseinrichtung finden Sie bei Marcotte Style die passenden M\u00f6bel. Normalerweise sind sie aus massiver Eiche gefertigt und oft mit Ammoniak gebleicht, was ihnen den typischen verwitterten Landhaus-Look verleiht.   <\/p>\n\t\t\t\t\t\t\t\t<\/div>\n\t\t\t\t<\/div>\n\t\t\t\t\t<\/div>\n\t\t\t\t<\/div>\n\t\t<div class=\"elementor-element elementor-element-0a91bc9 e-flex e-con-boxed e-con e-parent\" data-id=\"0a91bc9\" data-element_type=\"container\" data-e-type=\"container\" data-settings=\"{&quot;_ha_eqh_enable&quot;:false}\">\n\t\t\t\t\t<div class=\"e-con-inner\">\n\t\t\t\t<div class=\"elementor-element elementor-element-fabd2f2 elementor-align-left elementor-widget elementor-widget-etheme_advanced_headline\" data-id=\"fabd2f2\" data-element_type=\"widget\" data-e-type=\"widget\" data-widget_type=\"etheme_advanced_headline.default\">\n\t\t\t\t<div class=\"elementor-widget-container\">\n\t\t\t\t\t        \n        <div class=\"etheme-a-h-wrapper\">\n        \n            \n\t\t\t\n        <h2 class=\"etheme-advanced-headline etheme-advanced-headline-mask\">\n\n            Individuelle Innenarchitektur f\u00fcr Cottages\n        <\/h2>\n\t\t\n                    \n        <\/div>\n        \n\t\t\t\t\t\t<\/div>\n\t\t\t\t<\/div>\n\t\t\t\t\t<\/div>\n\t\t\t\t<\/div>\n\t\t<div class=\"elementor-element elementor-element-f2ced6a e-flex e-con-boxed e-con e-parent\" data-id=\"f2ced6a\" data-element_type=\"container\" data-e-type=\"container\" data-settings=\"{&quot;_ha_eqh_enable&quot;:false}\">\n\t\t\t\t\t<div class=\"e-con-inner\">\n\t\t\t\t<div class=\"elementor-element elementor-element-d6628ef elementor-widget elementor-widget-text-editor\" data-id=\"d6628ef\" data-element_type=\"widget\" data-e-type=\"widget\" data-widget_type=\"text-editor.default\">\n\t\t\t\t<div class=\"elementor-widget-container\">\n\t\t\t\t\t\t\t\t\t<p>Wenn Sie Marcotte verwenden, wird jeder sofort sp\u00fcren, dass in Ihrem Zuhause ein Meister-Innenarchitekt am Werk war. Es lohnt sich immer, in eine sch\u00f6ne und zeitlose Landhauseinrichtung zu investieren! <\/p>\n\t\t\t\t\t\t\t\t<\/div>\n\t\t\t\t<\/div>\n\t\t\t\t\t<\/div>\n\t\t\t\t<\/div>\n\t\t<div class=\"elementor-element elementor-element-e37cc2b e-flex e-con-boxed e-con e-parent\" data-id=\"e37cc2b\" data-element_type=\"container\" data-e-type=\"container\" data-settings=\"{&quot;_ha_eqh_enable&quot;:false}\">\n\t\t\t\t\t<div class=\"e-con-inner\">\n\t\t\t\t<div class=\"elementor-element elementor-element-a942693 elementor-widget elementor-widget-shortcode\" data-id=\"a942693\" data-element_type=\"widget\" data-e-type=\"widget\" data-widget_type=\"shortcode.default\">\n\t\t\t\t<div class=\"elementor-widget-container\">\n\t\t\t\t\t\t\t<div class=\"elementor-shortcode\">ngg_shortcode_1_placeholder<\/div>\n\t\t\t\t\t\t<\/div>\n\t\t\t\t<\/div>\n\t\t\t\t<div class=\"elementor-element elementor-element-bc117be elementor-widget elementor-widget-spacer\" data-id=\"bc117be\" data-element_type=\"widget\" data-e-type=\"widget\" data-widget_type=\"spacer.default\">\n\t\t\t\t<div class=\"elementor-widget-container\">\n\t\t\t\t\t\t\t<div class=\"elementor-spacer\">\n\t\t\t<div class=\"elementor-spacer-inner\"><\/div>\n\t\t<\/div>\n\t\t\t\t\t\t<\/div>\n\t\t\t\t<\/div>\n\t\t\t\t\t<\/div>\n\t\t\t\t<\/div>\n\t\t<div class=\"elementor-element elementor-element-0887a5f e-flex e-con-boxed e-con e-parent\" data-id=\"0887a5f\" data-element_type=\"container\" data-e-type=\"container\" data-settings=\"{&quot;_ha_eqh_enable&quot;:false}\">\n\t\t\t\t\t<div class=\"e-con-inner\">\n\t\t\t\t<div class=\"elementor-element elementor-element-75c2fe5 elementor-widget elementor-widget-spacer\" data-id=\"75c2fe5\" data-element_type=\"widget\" data-e-type=\"widget\" data-widget_type=\"spacer.default\">\n\t\t\t\t<div class=\"elementor-widget-container\">\n\t\t\t\t\t\t\t<div class=\"elementor-spacer\">\n\t\t\t<div class=\"elementor-spacer-inner\"><\/div>\n\t\t<\/div>\n\t\t\t\t\t\t<\/div>\n\t\t\t\t<\/div>\n\t\t\t\t\t<\/div>\n\t\t\t\t<\/div>\n\t\t\t\t<\/div>\n\t\t","protected":false},"excerpt":{"rendered":"<p>COTTAGE-STIL In nahezu jeder Landhauseinrichtung finden sich Elemente des Cottage-Stils wieder, wie beispielsweise Schr\u00e4nke, ein Schaukelstuhl im Landhausstil usw. Adjektive wie Wohnlichkeit, Gem\u00fctlichkeit, Authentizit\u00e4t fallen&#8230;<\/p>\n","protected":false},"author":2,"featured_media":0,"parent":0,"menu_order":5,"comment_status":"closed","ping_status":"closed","template":"elementor_header_footer","meta":{"ngg_post_thumbnail":0,"footnotes":""},"class_list":["post-12940","page","type-page","status-publish","hentry"],"_links":{"self":[{"href":"https:\/\/marcottestyle.com\/de\/wp-json\/wp\/v2\/pages\/12940","targetHints":{"allow":["GET"]}}],"collection":[{"href":"https:\/\/marcottestyle.com\/de\/wp-json\/wp\/v2\/pages"}],"about":[{"href":"https:\/\/marcottestyle.com\/de\/wp-json\/wp\/v2\/types\/page"}],"author":[{"embeddable":true,"href":"https:\/\/marcottestyle.com\/de\/wp-json\/wp\/v2\/users\/2"}],"replies":[{"embeddable":true,"href":"https:\/\/marcottestyle.com\/de\/wp-json\/wp\/v2\/comments?post=12940"}],"version-history":[{"count":6,"href":"https:\/\/marcottestyle.com\/de\/wp-json\/wp\/v2\/pages\/12940\/revisions"}],"predecessor-version":[{"id":79322,"href":"https:\/\/marcottestyle.com\/de\/wp-json\/wp\/v2\/pages\/12940\/revisions\/79322"}],"wp:attachment":[{"href":"https:\/\/marcottestyle.com\/de\/wp-json\/wp\/v2\/media?parent=12940"}],"curies":[{"name":"wp","href":"https:\/\/api.w.org\/{rel}","templated":true}]}}