{"id":13068,"date":"2018-02-12T17:11:06","date_gmt":"2018-02-12T16:11:06","guid":{"rendered":"http:\/\/marcottestyle.com\/salle-a-manger-rurale\/"},"modified":"2019-12-29T19:34:33","modified_gmt":"2019-12-29T18:34:33","slug":"laendliche-esszimmer","status":"publish","type":"page","link":"https:\/\/marcottestyle.com\/de\/laendliche-esszimmer\/","title":{"rendered":"L\u00e4ndliche Esszimmer"},"content":{"rendered":"<p>Das richtige Ankleiden, Dekorieren und Zusammenstellen eines Esszimmer im Landhausstil ist etwas, \u00fcber das Sie nachdenken m\u00fcssen. Um eine beruhigende, angenehme und gem\u00fctliche Umgebung f\u00fcr Ihr l\u00e4ndliches Esszimmer zu schaffen, m\u00fcssen Sie eine ganze Reihe von (richtigen!) Entscheidungen treffen: von Tischen, St\u00fchlen, Schr\u00e4nken, T\u00fcrgriffen, Teppichen, Wandverkleidungen, Dekorationen, Lampen, Beleuchtung usw.<\/p>\n<h3>Esszimmer im Landhausstil :<\/h3>\n<p>Die hochwertigen Esszimmerm\u00f6bel von Marcotte Style eignen sich ideal f\u00fcr den Einstieg in eine klassisches Esszimmer, in Cottage-Stil oder Stilkombinationen mit modernem Touch. Das Gesamtbild dieses getr\u00e4umten rustikalen Speisesaals im Landhausstil, der perfekt abgestimmt und abgestimmt wird, erfordert viel Wissen und Einsicht. Marcotte Style kennt die Geheimnisse der Gestaltung von Speiser\u00e4umen im klassischen, Landhaus- oder Landhausstil wie kein anderer.<\/p>\n<p>[seo-gallery type=&#8221;3-columns&#8221; taxonomy=&#8221;15&#8243; num=&#8221;4,11&#8243;]<\/p>\n<h3>L\u00e4ndliche Esszimmerm\u00f6bel:<\/h3>\n<p>Unsere kolossale Kollektion an rustikalen Esszimmerm\u00f6beln, kombiniert mit langj\u00e4hriger Erfahrung und kostenloser Beratung durch unsere Inneneinrichtungsexperten, garantiert ein wundersch\u00f6nes l\u00e4ndliches Wohnzimmer. Wenn Sie sich f\u00fcr Marcotte Style entscheiden, ist es nicht erforderlich, Dutzende von M\u00f6belh\u00e4usern zu \u00fcberfliegen, um all Ihren Komfort zu sammeln! Bei Marcotte Style w\u00e4hlen Sie Variation und Koh\u00e4renz, um ein sch\u00f6nes Esszimmerkonzept zu erhalten, das perfekt in den Rest Ihres Landes oder in ein klassisch eingerichtetes Zuhause passt.<\/p>\n<h3>Speises\u00e4le im Landhausstil:<\/h3>\n<p>Schauen Sie sich in unserem umfangreichen Webshop um, nutzen Sie die kostenlose Beratung (Farbberatung, Stilberatung, Dekoration, &#8230;) unserer Profis und kommen Sie mit uns in einen gem\u00fctlichen, entspannenden l\u00e4ndlichen Speisesaal. Kurz gesagt, wenn Sie sich f\u00fcr ein Esszimmer im klassischen oder anderen Stil entschieden haben (Cottage, Modern, Long Island), wird Ihr Hunger mit Sicherheit von Marcotte Style gestillt.<\/p>\n<p>[seo-gallery type=&#8221;4-columns&#8221; taxonomy=&#8221;15&#8243; num=&#8221;4,11&#8243;]<\/p>\n","protected":false},"excerpt":{"rendered":"<p>Das richtige Ankleiden, Dekorieren und Zusammenstellen eines Esszimmer im Landhausstil ist etwas, \u00fcber das Sie nachdenken m\u00fcssen. Um eine beruhigende, angenehme und gem\u00fctliche Umgebung f\u00fcr&#8230;<\/p>\n","protected":false},"author":2,"featured_media":0,"parent":0,"menu_order":7,"comment_status":"closed","ping_status":"closed","template":"elementor_header_footer","meta":{"ngg_post_thumbnail":0,"footnotes":""},"class_list":["post-13068","page","type-page","status-publish","hentry"],"_links":{"self":[{"href":"https:\/\/marcottestyle.com\/de\/wp-json\/wp\/v2\/pages\/13068","targetHints":{"allow":["GET"]}}],"collection":[{"href":"https:\/\/marcottestyle.com\/de\/wp-json\/wp\/v2\/pages"}],"about":[{"href":"https:\/\/marcottestyle.com\/de\/wp-json\/wp\/v2\/types\/page"}],"author":[{"embeddable":true,"href":"https:\/\/marcottestyle.com\/de\/wp-json\/wp\/v2\/users\/2"}],"replies":[{"embeddable":true,"href":"https:\/\/marcottestyle.com\/de\/wp-json\/wp\/v2\/comments?post=13068"}],"version-history":[{"count":4,"href":"https:\/\/marcottestyle.com\/de\/wp-json\/wp\/v2\/pages\/13068\/revisions"}],"predecessor-version":[{"id":13072,"href":"https:\/\/marcottestyle.com\/de\/wp-json\/wp\/v2\/pages\/13068\/revisions\/13072"}],"wp:attachment":[{"href":"https:\/\/marcottestyle.com\/de\/wp-json\/wp\/v2\/media?parent=13068"}],"curies":[{"name":"wp","href":"https:\/\/api.w.org\/{rel}","templated":true}]}}