{"id":13086,"date":"2018-02-12T17:12:52","date_gmt":"2018-02-12T16:12:52","guid":{"rendered":"http:\/\/marcottestyle.com\/chambres-campagnard-et-champetre\/"},"modified":"2019-12-29T20:15:27","modified_gmt":"2019-12-29T19:15:27","slug":"laendliche-schlafzimmer","status":"publish","type":"page","link":"https:\/\/marcottestyle.com\/de\/laendliche-schlafzimmer\/","title":{"rendered":"L\u00e4ndliche Schlafzimmer"},"content":{"rendered":"<p>Suchen Sie ein Schlafzimmer im Landhausstil oder einen anderen klassischen Stil, der sowohl entspannend als auch stilvoll und komfortabel ist? Dann sind Sie bei Marcotte Style genau richtig. Unsere Inneneinrichtungsexperten verf\u00fcgen \u00fcber umfangreiche Erfahrung in der Zusammenstellung von Innenr\u00e4umen f\u00fcr Schlafzimmer im Landhausstil. Unsere Einrichtungsspezialisten beraten Sie gerne zu unserer umfassenden Auswahl an Matratzen, Lattenrosten, Boxspringbetten und klassischen Schlafzimmerm\u00f6beln, um ein harmonisches und ausgewogenes Schlafzimmer im Landhausstil oder einem anderen klassischen Stil zu schaffen.<\/p>\n<h3>Schlafzimmer im klassischen Stil<\/h3>\n<p>Auf unserer Website mit umfangreichem Webshop k\u00f6nnen Sie sich in aller Ruhe vom umfangreichen Sortiment von Marcotte Style inspirieren lassen und die perfekten Schlafzimmerm\u00f6bel f\u00fcr Ihr getr\u00e4umtes Landhauszimmer finden. Marcotte Style ist eine Referenz, wenn es um Schlafzimmer im Landhaus-, Klassik- oder Cottage-Stil geht. Die Tatsache, dass renommierte und schicke Hotels und sogar Botschaften h\u00e4ufig auf unsere Dienstleistungen vertrauen, kann als<\/p>\n<p>[seo-gallery type=&#8221;3-columns&#8221; taxonomy=&#8221;16&#8243; num=&#8221;4,11&#8243;]<\/p>\n<h3>L\u00e4ndliche Schlafzimmerm\u00f6bel<\/h3>\n<p>Bei Marcotte Style arbeiten wir nur mit M\u00f6beln, die den h\u00f6chsten Qualit\u00e4tsstandards entsprechen. Au\u00dferdem m\u00fcssen Sie Ihr Schlafzimmer nicht langsam nacheinander in verschiedenen M\u00f6belh\u00e4usern zusammenbauen. Wenn Sie sich f\u00fcr Marcotte Style entscheiden, haben Sie sofort das ganze Bild, wodurch Sie Geld, Zeit und Stress sparen k\u00f6nnen. Auf die hohe Qualit\u00e4t unserer Schlafzimmerm\u00f6bel k\u00f6nnen Sie sich verlassen. Beispielsweise arbeiten wir mit der Br\u00fcgger Firma Van Landschoot als Matratzenh\u00e4ndler zusammen.<\/p>\n<h3>Erholsame Land Schlafzimmer<\/h3>\n<p>Da Sie ungef\u00e4hr ein Drittel Ihres Lebens in Ihrem Schlafzimmer verbringen, lohnt es sich sehr, in ein angenehmes, entspannendes Schlafzimmer zu investieren, in dem Sie sich rundum wohl f\u00fchlen. Farben sind hier von entscheidender Bedeutung und deshalb bietet Ihnen Marcotte Style eine kostenlose, ma\u00dfgeschneiderte Farbberatung f\u00fcr Ihr l\u00e4ndliches Schlafzimmer.<\/p>\n<p><a href=\"https:\/\/www.homify.nl\/ideabooks\/6929811\/8-fantastische-ideeen-met-slaapkamerinspiratie\" target=\"_blank\" rel=\"noopener noreferrer\">Homify magazine<\/a> hat den Marcottestyle in seiner Zeitschrift als das sch\u00f6nste Schlafzimmer mit dem klassischen Touch gew\u00e4hlt. Klicken Sie hier oben, um das Magazin zu lesen.<\/p>\n<p>[seo-gallery type=&#8221;4-columns&#8221; taxonomy=&#8221;16&#8243; num=&#8221;4,11&#8243;]<\/p>\n","protected":false},"excerpt":{"rendered":"<p>Suchen Sie ein Schlafzimmer im Landhausstil oder einen anderen klassischen Stil, der sowohl entspannend als auch stilvoll und komfortabel ist? Dann sind Sie bei Marcotte&#8230;<\/p>\n","protected":false},"author":2,"featured_media":0,"parent":0,"menu_order":9,"comment_status":"closed","ping_status":"closed","template":"elementor_header_footer","meta":{"ngg_post_thumbnail":0,"footnotes":""},"class_list":["post-13086","page","type-page","status-publish","hentry"],"_links":{"self":[{"href":"https:\/\/marcottestyle.com\/de\/wp-json\/wp\/v2\/pages\/13086","targetHints":{"allow":["GET"]}}],"collection":[{"href":"https:\/\/marcottestyle.com\/de\/wp-json\/wp\/v2\/pages"}],"about":[{"href":"https:\/\/marcottestyle.com\/de\/wp-json\/wp\/v2\/types\/page"}],"author":[{"embeddable":true,"href":"https:\/\/marcottestyle.com\/de\/wp-json\/wp\/v2\/users\/2"}],"replies":[{"embeddable":true,"href":"https:\/\/marcottestyle.com\/de\/wp-json\/wp\/v2\/comments?post=13086"}],"version-history":[{"count":2,"href":"https:\/\/marcottestyle.com\/de\/wp-json\/wp\/v2\/pages\/13086\/revisions"}],"predecessor-version":[{"id":13088,"href":"https:\/\/marcottestyle.com\/de\/wp-json\/wp\/v2\/pages\/13086\/revisions\/13088"}],"wp:attachment":[{"href":"https:\/\/marcottestyle.com\/de\/wp-json\/wp\/v2\/media?parent=13086"}],"curies":[{"name":"wp","href":"https:\/\/api.w.org\/{rel}","templated":true}]}}