{"id":13112,"date":"2018-02-12T17:17:46","date_gmt":"2018-02-12T16:17:46","guid":{"rendered":"http:\/\/marcottestyle.com\/armoires-de-dressing\/"},"modified":"2019-12-30T13:42:19","modified_gmt":"2019-12-30T12:42:19","slug":"umkleideschraenke","status":"publish","type":"page","link":"https:\/\/marcottestyle.com\/de\/umkleideschraenke\/","title":{"rendered":"Umkleideschr\u00e4nke"},"content":{"rendered":"<p><img fetchpriority=\"high\" decoding=\"async\" class=\"alignleft wp-image-12962 size-medium\" src=\"http:\/\/marcottestyle.com\/wp-content\/uploads\/2019\/12\/Marcottestyle-kasten-op-maat-sketchup-2-300x200.jpg\" alt=\"\" width=\"300\" height=\"200\" title=\"\" srcset=\"https:\/\/marcottestyle.com\/wp-content\/uploads\/2019\/12\/Marcottestyle-kasten-op-maat-sketchup-2-300x200.jpg 300w, https:\/\/marcottestyle.com\/wp-content\/uploads\/2019\/12\/Marcottestyle-kasten-op-maat-sketchup-2-1024x683.jpg 1024w, https:\/\/marcottestyle.com\/wp-content\/uploads\/2019\/12\/Marcottestyle-kasten-op-maat-sketchup-2-768x512.jpg 768w, https:\/\/marcottestyle.com\/wp-content\/uploads\/2019\/12\/Marcottestyle-kasten-op-maat-sketchup-2-1536x1024.jpg 1536w, https:\/\/marcottestyle.com\/wp-content\/uploads\/2019\/12\/Marcottestyle-kasten-op-maat-sketchup-2-1280x853.jpg 1280w, https:\/\/marcottestyle.com\/wp-content\/uploads\/2019\/12\/Marcottestyle-kasten-op-maat-sketchup-2.jpg 1920w\" sizes=\"(max-width: 300px) 100vw, 300px\" \/><br \/>\nWenn Sie auf der Suche nach einem stilvollen, ma\u00dfgeschneiderten Ankleidezimmer oder Ankleidezimmerschrank sind, sollten Sie sich f\u00fcr Marcotte Style entscheiden. Wir sind spezialisiert auf das Entwerfen (vollst\u00e4ndig kundenspezifisch) und Platzieren von Verb\u00e4nden \/ Verbandsschr\u00e4nken. Unsere Innenarchitekten verwenden bei der Gestaltung dieser Schr\u00e4nke die modernsten und besten Techniken.<\/p>\n<h3>AUmkleideschr\u00e4nke mit moderner CAD-Technik<\/h3>\n<p>Unser Innenarchitekt erstellt einen CAD-Plan basierend auf Ihrem verf\u00fcgbaren Budget und Ihren W\u00fcnschen. Mit der neuesten CAD \/ CAM-Konstruktionssoftware werden die richtige Position der Armatur und die Bohrpositionen im Dressingschrank ermittelt.<\/p>\n<h3><img decoding=\"async\" class=\"alignleft wp-image-12154 size-medium\" src=\"http:\/\/marcottestyle.com\/wp-content\/uploads\/2018\/02\/Marcottestyle-landelijke-slaapkamer-12-300x200.jpg\" alt=\"\" width=\"300\" height=\"200\" title=\"\" srcset=\"https:\/\/marcottestyle.com\/wp-content\/uploads\/2018\/02\/Marcottestyle-landelijke-slaapkamer-12-300x200.jpg 300w, https:\/\/marcottestyle.com\/wp-content\/uploads\/2018\/02\/Marcottestyle-landelijke-slaapkamer-12-768x512.jpg 768w, https:\/\/marcottestyle.com\/wp-content\/uploads\/2018\/02\/Marcottestyle-landelijke-slaapkamer-12-1024x683.jpg 1024w, https:\/\/marcottestyle.com\/wp-content\/uploads\/2018\/02\/Marcottestyle-landelijke-slaapkamer-12-1280x853.jpg 1280w, https:\/\/marcottestyle.com\/wp-content\/uploads\/2018\/02\/Marcottestyle-landelijke-slaapkamer-12.jpg 1920w\" sizes=\"(max-width: 300px) 100vw, 300px\" \/>Kundenspezifische Schr\u00e4nke<\/h3>\n<p>Unsere Techniker fertigen dann in unserer sehr gut ausgestatteten Werkstatt Ihren einzigartigen Garderobenschrank. Dank der Tatsache, dass wir die besten Maschinen und die effizientesten und genauesten Maschinen in unserer Werkstatt haben, liefern wir immer Handwerkskunst<\/p>\n<h3>Erschwingliche, perfekt zugeschnittene Schr\u00e4nke<\/h3>\n<p>Dar\u00fcber hinaus sind die Kosten aufgrund unserer hypereffizienten Arbeitsweise so niedrig, als ob Sie einen Standardschrank kaufen w\u00fcrden. Sie haben also gute Gr\u00fcnde, sich f\u00fcr Marcotte Style zu entscheiden, wenn Sie einen einzigartigen, hochwertigen und stilvollen Kleiderschrank suchen.<\/p>\n<div>[seo-gallery type=&#8221;3-columns&#8221; taxonomy=&#8221;108&#8243; num=&#8221;4,11&#8243;]<\/div>\n<h3>Schr\u00e4nke mit allen denkbaren Optionen<\/h3>\n<p>Bei der Herstellung unserer Schr\u00e4nke k\u00f6nnen wir die W\u00fcnsche und Anliegen des Kunden bis ins kleinste Detail ber\u00fccksichtigen. Nennen Sie uns einfach die Raumma\u00dfe, senden Sie uns bei Bedarf ein Foto und bestimmen Sie dann selbst die Aufteilung Ihres Kleiderschranks. Alles ist m\u00f6glich: verstellbare Schubladen, speziell lackierte Oberfl\u00e4chen, Zusatzregale, ausziehbare Regale, Stangen, separate Schuhregale, Beleuchtung, &#8230; was immer Sie sich vorstellen, wir k\u00f6nnen den Kleiderschrank f\u00fcr Sie zusammenstellen. Dar\u00fcber hinaus k\u00f6nnen unsere Designer Sie unverbindlich in Farbe und Stil beraten.<\/p>\n<h3>Luxus-Dressings<\/h3>\n<p>Weil wir bei Marcotte Style besonderen Wert auf stilvolle M\u00f6bel legen, haben wir ein umfangreiches Luxusangebot entwickelt. Wir fertigen einzigartige Schr\u00e4nke aus hochwertigen Materialien mit einem sch\u00f6nen Finish, zum Beispiel runde Tabletten.<\/p>\n<h3>Langlebig, schick<\/h3>\n<p>Die Langlebigkeit und das schicke Erscheinungsbild unserer Schr\u00e4nke gehen bei uns Hand in Hand. Unser spezieller &#8220;Zweikomponenten&#8221; -M\u00f6bellack verleiht unseren Garderobenschr\u00e4nken einen zus\u00e4tzlichen Hauch von G\u00fctesiegel und einen eleganten Look. Dar\u00fcber hinaus bietet die Lackschicht zus\u00e4tzliche Lebensdauer und Langlebigkeit f\u00fcr Ihren Luxus-Garderobenschrank.<\/p>\n<h3>Showvilla mit sch\u00f6nen Garderobenschr\u00e4nken<\/h3>\n<p><img decoding=\"async\" class=\"alignleft wp-image-1507 size-medium\" src=\"http:\/\/marcottestyle.com\/wp-content\/uploads\/2018\/02\/Marcottestyle-landelijke-villa-antwerpen-67-300x200.jpg\" alt=\"\" width=\"300\" height=\"283\" title=\"\"><\/p>\n<p>Brauchen Sie Inspiration? Dann k\u00f6nnen Sie sich unsere Showvilla ansehen, in der sich diese 40-Meter-Schr\u00e4nke befinden. Und das alles in unserer exklusiven Luxusvariante. In der Showvilla finden Sie viele weitere sch\u00f6ne Beispiele f\u00fcr gro\u00dfe und kleine Schr\u00e4nke. Sie k\u00f6nnen viele Ideen sammeln, sich von unseren Experten beraten lassen und herausfinden, welche Schr\u00e4nke f\u00fcr Ihre spezifische Situation am besten geeignet sind. Unser Innenarchitekt wird es sich dann zur Ehre machen, Ihnen eine fantastische Umkleidekabine zu liefern, an der Sie noch viele Jahre Freude haben werden.<\/p>\n<h3>Auf Dressing spezialisierte Innenarchitekten<\/h3>\n<p>Immer noch nicht \u00fcberzeugt? Sehen Sie sich auf unserer Website einige Beispiele dieser Schr\u00e4nke unserer Innenarchitekten von Marcotte Style an. Sie werden sehen, dass die M\u00f6glichkeiten, die wir im Bereich dem Dressing anbieten, nahezu unbegrenzt sind.<\/p>\n<p>[seo-gallery type=&#8221;4-columns&#8221; taxonomy=&#8221;108&#8243; num=&#8221;4,11&#8243;]<\/p>\n","protected":false},"excerpt":{"rendered":"<p>Wenn Sie auf der Suche nach einem stilvollen, ma\u00dfgeschneiderten Ankleidezimmer oder Ankleidezimmerschrank sind, sollten Sie sich f\u00fcr Marcotte Style entscheiden. Wir sind spezialisiert auf das&#8230;<\/p>\n","protected":false},"author":2,"featured_media":0,"parent":0,"menu_order":12,"comment_status":"closed","ping_status":"closed","template":"elementor_header_footer","meta":{"ngg_post_thumbnail":0,"footnotes":""},"class_list":["post-13112","page","type-page","status-publish","hentry"],"_links":{"self":[{"href":"https:\/\/marcottestyle.com\/de\/wp-json\/wp\/v2\/pages\/13112","targetHints":{"allow":["GET"]}}],"collection":[{"href":"https:\/\/marcottestyle.com\/de\/wp-json\/wp\/v2\/pages"}],"about":[{"href":"https:\/\/marcottestyle.com\/de\/wp-json\/wp\/v2\/types\/page"}],"author":[{"embeddable":true,"href":"https:\/\/marcottestyle.com\/de\/wp-json\/wp\/v2\/users\/2"}],"replies":[{"embeddable":true,"href":"https:\/\/marcottestyle.com\/de\/wp-json\/wp\/v2\/comments?post=13112"}],"version-history":[{"count":2,"href":"https:\/\/marcottestyle.com\/de\/wp-json\/wp\/v2\/pages\/13112\/revisions"}],"predecessor-version":[{"id":13114,"href":"https:\/\/marcottestyle.com\/de\/wp-json\/wp\/v2\/pages\/13112\/revisions\/13114"}],"wp:attachment":[{"href":"https:\/\/marcottestyle.com\/de\/wp-json\/wp\/v2\/media?parent=13112"}],"curies":[{"name":"wp","href":"https:\/\/api.w.org\/{rel}","templated":true}]}}