{"id":13153,"date":"2019-12-30T16:53:04","date_gmt":"2019-12-30T15:53:04","guid":{"rendered":"http:\/\/marcottestyle.com\/modern-kitchen\/"},"modified":"2019-12-30T17:34:13","modified_gmt":"2019-12-30T16:34:13","slug":"moderne-kueche","status":"publish","type":"page","link":"https:\/\/marcottestyle.com\/de\/moderne-kueche\/","title":{"rendered":"Moderne K\u00fcche"},"content":{"rendered":"<p><img fetchpriority=\"high\" decoding=\"async\" class=\"alignleft wp-image-10676 size-medium\" src=\"http:\/\/marcottestyle.com\/wp-content\/uploads\/2019\/07\/Marcottestyle-moderne-keuken-wilrijk-18-300x200.jpg\" alt=\"\" width=\"300\" height=\"200\" title=\"\" srcset=\"https:\/\/marcottestyle.com\/wp-content\/uploads\/2019\/07\/Marcottestyle-moderne-keuken-wilrijk-18-300x200.jpg 300w, https:\/\/marcottestyle.com\/wp-content\/uploads\/2019\/07\/Marcottestyle-moderne-keuken-wilrijk-18-768x512.jpg 768w, https:\/\/marcottestyle.com\/wp-content\/uploads\/2019\/07\/Marcottestyle-moderne-keuken-wilrijk-18-1024x683.jpg 1024w, https:\/\/marcottestyle.com\/wp-content\/uploads\/2019\/07\/Marcottestyle-moderne-keuken-wilrijk-18-1280x853.jpg 1280w, https:\/\/marcottestyle.com\/wp-content\/uploads\/2019\/07\/Marcottestyle-moderne-keuken-wilrijk-18.jpg 1920w\" sizes=\"(max-width: 300px) 100vw, 300px\" \/>Marcottestyle macht Ihre moderne K\u00fcche f\u00fcr kleine und gro\u00dfe Projekte so, wie Sie es m\u00f6chten. Die klaren Linien und das Design jedes Designs werden sorgf\u00e4ltig auf Ihre W\u00fcnsche, Vorlieben und Ihr Budget zugeschnitten.<\/p>\n<p>Alles wird in Eigenregie bei uns hergestellt. Sowohl Hochglanz in zwei Komponenten als auch warmes Massivholz lassen sich zu einer schlanken, modernen K\u00fcche kombinieren.<\/p>\n<h3>Qualit\u00e4t und Budgetschonung sind unser Kapital.<\/h3>\n<p>Marcottestyle setzt konsequent auf 100% Ma\u00dfarbeit in unvergleichlicher Qualit\u00e4t: Alle Details werden nach der Installation sorgf\u00e4ltig gepr\u00fcft und angepasst. Der Innenarchitekt wird dies immer als Hauptziel beibehalten, da die Qualit\u00e4t in den gut verarbeiteten Details liegt.<\/p>\n<p>&nbsp;<\/p>\n\n\t\t<style type=\"text\/css\">\n\t\t\t#gallery-1 {\n\t\t\t\tmargin: auto;\n\t\t\t}\n\t\t\t#gallery-1 .gallery-item {\n\t\t\t\tfloat: left;\n\t\t\t\tmargin-top: 10px;\n\t\t\t\ttext-align: center;\n\t\t\t\twidth: 33%;\n\t\t\t}\n\t\t\t#gallery-1 img {\n\t\t\t\tborder: 2px solid #cfcfcf;\n\t\t\t}\n\t\t\t#gallery-1 .gallery-caption {\n\t\t\t\tmargin-left: 0;\n\t\t\t}\n\t\t\t\/* see gallery_shortcode() in wp-includes\/media.php *\/\n\t\t<\/style>\n\t\t<div id='gallery-1' class='gallery galleryid-13153 gallery-columns-3 gallery-size-thumbnail'><dl class='gallery-item'>\n\t\t\t<dt class='gallery-icon portrait'>\n\t\t\t\t<a href='https:\/\/marcottestyle.com\/de\/?attachment_id=10683'><img decoding=\"async\" width=\"150\" height=\"150\" src=\"https:\/\/marcottestyle.com\/wp-content\/uploads\/xstore\/xstore-placeholder-1x1.png\" class=\"attachment-thumbnail size-thumbnail lazyload lazyload-simple et-lazyload-fadeIn\" alt=\"\" data-src=\"https:\/\/marcottestyle.com\/wp-content\/uploads\/2019\/07\/Marcottestyle-moderne-keuken-wilrijk-19-150x150.jpg\" title=\"\"><\/a>\n\t\t\t<\/dt><\/dl><dl class='gallery-item'>\n\t\t\t<dt class='gallery-icon portrait'>\n\t\t\t\t<a href='https:\/\/marcottestyle.com\/de\/?attachment_id=10703'><img decoding=\"async\" width=\"150\" height=\"150\" src=\"https:\/\/marcottestyle.com\/wp-content\/uploads\/xstore\/xstore-placeholder-1x1.png\" class=\"attachment-thumbnail size-thumbnail lazyload lazyload-simple et-lazyload-fadeIn\" alt=\"\" data-src=\"https:\/\/marcottestyle.com\/wp-content\/uploads\/2019\/07\/Marcottestyle-moderne-keuken-wilrijk-3-150x150.jpg\" title=\"\"><\/a>\n\t\t\t<\/dt><\/dl><dl class='gallery-item'>\n\t\t\t<dt class='gallery-icon portrait'>\n\t\t\t\t<a href='https:\/\/marcottestyle.com\/de\/?attachment_id=10723'><img loading=\"lazy\" decoding=\"async\" width=\"150\" height=\"150\" src=\"https:\/\/marcottestyle.com\/wp-content\/uploads\/xstore\/xstore-placeholder-1x1.png\" class=\"attachment-thumbnail size-thumbnail lazyload lazyload-simple et-lazyload-fadeIn\" alt=\"\" data-src=\"https:\/\/marcottestyle.com\/wp-content\/uploads\/2019\/07\/Marcottestyle-moderne-keuken-wilrijk-8-150x150.jpg\" title=\"\"><\/a>\n\t\t\t<\/dt><\/dl><br style=\"clear: both\" \/><dl class='gallery-item'>\n\t\t\t<dt class='gallery-icon portrait'>\n\t\t\t\t<a href='https:\/\/marcottestyle.com\/de\/?attachment_id=10727'><img loading=\"lazy\" decoding=\"async\" width=\"150\" height=\"150\" src=\"https:\/\/marcottestyle.com\/wp-content\/uploads\/xstore\/xstore-placeholder-1x1.png\" class=\"attachment-thumbnail size-thumbnail lazyload lazyload-simple et-lazyload-fadeIn\" alt=\"\" data-src=\"https:\/\/marcottestyle.com\/wp-content\/uploads\/2019\/07\/Marcottestyle-moderne-keuken-wilrijk-9-150x150.jpg\" title=\"\"><\/a>\n\t\t\t<\/dt><\/dl><dl class='gallery-item'>\n\t\t\t<dt class='gallery-icon landscape'>\n\t\t\t\t<a href='https:\/\/marcottestyle.com\/de\/?attachment_id=10755'><img loading=\"lazy\" decoding=\"async\" width=\"150\" height=\"150\" src=\"https:\/\/marcottestyle.com\/wp-content\/uploads\/xstore\/xstore-placeholder-1x1.png\" class=\"attachment-thumbnail size-thumbnail lazyload lazyload-simple et-lazyload-fadeIn\" alt=\"\" data-src=\"https:\/\/marcottestyle.com\/wp-content\/uploads\/2019\/07\/Marcottestyle-moderne-keuken-wilrijk-16-150x150.jpg\" title=\"\"><\/a>\n\t\t\t<\/dt><\/dl><dl class='gallery-item'>\n\t\t\t<dt class='gallery-icon landscape'>\n\t\t\t\t<a href='https:\/\/marcottestyle.com\/de\/?attachment_id=10719'><img loading=\"lazy\" decoding=\"async\" width=\"150\" height=\"150\" src=\"https:\/\/marcottestyle.com\/wp-content\/uploads\/xstore\/xstore-placeholder-1x1.png\" class=\"attachment-thumbnail size-thumbnail lazyload lazyload-simple et-lazyload-fadeIn\" alt=\"\" data-src=\"https:\/\/marcottestyle.com\/wp-content\/uploads\/2019\/07\/Marcottestyle-moderne-keuken-wilrijk-7-150x150.jpg\" title=\"\"><\/a>\n\t\t\t<\/dt><\/dl><br style=\"clear: both\" \/><dl class='gallery-item'>\n\t\t\t<dt class='gallery-icon landscape'>\n\t\t\t\t<a href='https:\/\/marcottestyle.com\/de\/?attachment_id=10715'><img loading=\"lazy\" decoding=\"async\" width=\"150\" height=\"150\" src=\"https:\/\/marcottestyle.com\/wp-content\/uploads\/xstore\/xstore-placeholder-1x1.png\" class=\"attachment-thumbnail size-thumbnail lazyload lazyload-simple et-lazyload-fadeIn\" alt=\"\" data-src=\"https:\/\/marcottestyle.com\/wp-content\/uploads\/2019\/07\/Marcottestyle-moderne-keuken-wilrijk-6-150x150.jpg\" title=\"\"><\/a>\n\t\t\t<\/dt><\/dl><dl class='gallery-item'>\n\t\t\t<dt class='gallery-icon landscape'>\n\t\t\t\t<a href='https:\/\/marcottestyle.com\/de\/?attachment_id=10711'><img loading=\"lazy\" decoding=\"async\" width=\"150\" height=\"150\" src=\"https:\/\/marcottestyle.com\/wp-content\/uploads\/xstore\/xstore-placeholder-1x1.png\" class=\"attachment-thumbnail size-thumbnail lazyload lazyload-simple et-lazyload-fadeIn\" alt=\"\" data-src=\"https:\/\/marcottestyle.com\/wp-content\/uploads\/2019\/07\/Marcottestyle-moderne-keuken-wilrijk-5-150x150.jpg\" title=\"\"><\/a>\n\t\t\t<\/dt><\/dl><dl class='gallery-item'>\n\t\t\t<dt class='gallery-icon portrait'>\n\t\t\t\t<a href='https:\/\/marcottestyle.com\/de\/?attachment_id=10707'><img loading=\"lazy\" decoding=\"async\" width=\"150\" height=\"150\" src=\"https:\/\/marcottestyle.com\/wp-content\/uploads\/xstore\/xstore-placeholder-1x1.png\" class=\"attachment-thumbnail size-thumbnail lazyload lazyload-simple et-lazyload-fadeIn\" alt=\"\" data-src=\"https:\/\/marcottestyle.com\/wp-content\/uploads\/2019\/07\/Marcottestyle-moderne-keuken-wilrijk-4-150x150.jpg\" title=\"\"><\/a>\n\t\t\t<\/dt><\/dl><br style=\"clear: both\" \/><dl class='gallery-item'>\n\t\t\t<dt class='gallery-icon landscape'>\n\t\t\t\t<a href='https:\/\/marcottestyle.com\/de\/?attachment_id=10687'><img loading=\"lazy\" decoding=\"async\" width=\"150\" height=\"150\" src=\"https:\/\/marcottestyle.com\/wp-content\/uploads\/xstore\/xstore-placeholder-1x1.png\" class=\"attachment-thumbnail size-thumbnail lazyload lazyload-simple et-lazyload-fadeIn\" alt=\"\" data-src=\"https:\/\/marcottestyle.com\/wp-content\/uploads\/2019\/07\/Marcottestyle-moderne-keuken-wilrijk-20-150x150.jpg\" title=\"\"><\/a>\n\t\t\t<\/dt><\/dl><dl class='gallery-item'>\n\t\t\t<dt class='gallery-icon portrait'>\n\t\t\t\t<a href='https:\/\/marcottestyle.com\/de\/?attachment_id=10735'><img loading=\"lazy\" decoding=\"async\" width=\"150\" height=\"150\" src=\"https:\/\/marcottestyle.com\/wp-content\/uploads\/xstore\/xstore-placeholder-1x1.png\" class=\"attachment-thumbnail size-thumbnail lazyload lazyload-simple et-lazyload-fadeIn\" alt=\"\" data-src=\"https:\/\/marcottestyle.com\/wp-content\/uploads\/2019\/07\/Marcottestyle-moderne-keuken-wilrijk-11-150x150.jpg\" title=\"\"><\/a>\n\t\t\t<\/dt><\/dl>\n\t\t\t<br style='clear: both' \/>\n\t\t<\/div>\n\n<h3>Benutzerfreundliche und ergonomische Systeme<\/h3>\n<p>Sowohl mit einer Gesamtinnenausstattung als auch nur mit einer sch\u00f6nen modernen K\u00fcche wird es immer die neuesten Ger\u00e4te auf dem Markt geben. Unser Innenarchitekt wird die passenden M\u00f6belbeschl\u00e4ge und alle modernen K\u00fcchenger\u00e4te vorschlagen.<\/p>\n\n\t\t<style type=\"text\/css\">\n\t\t\t#gallery-2 {\n\t\t\t\tmargin: auto;\n\t\t\t}\n\t\t\t#gallery-2 .gallery-item {\n\t\t\t\tfloat: left;\n\t\t\t\tmargin-top: 10px;\n\t\t\t\ttext-align: center;\n\t\t\t\twidth: 33%;\n\t\t\t}\n\t\t\t#gallery-2 img {\n\t\t\t\tborder: 2px solid #cfcfcf;\n\t\t\t}\n\t\t\t#gallery-2 .gallery-caption {\n\t\t\t\tmargin-left: 0;\n\t\t\t}\n\t\t\t\/* see gallery_shortcode() in wp-includes\/media.php *\/\n\t\t<\/style>\n\t\t<div id='gallery-2' class='gallery galleryid-13153 gallery-columns-3 gallery-size-thumbnail'><dl class='gallery-item'>\n\t\t\t<dt class='gallery-icon landscape'>\n\t\t\t\t<a href='https:\/\/marcottestyle.com\/de\/marcottestyle-landelijke-keuken-kapellen-12-2\/'><img loading=\"lazy\" decoding=\"async\" width=\"150\" height=\"150\" src=\"https:\/\/marcottestyle.com\/wp-content\/uploads\/xstore\/xstore-placeholder-1x1.png\" class=\"attachment-thumbnail size-thumbnail lazyload lazyload-simple et-lazyload-fadeIn\" alt=\"\" data-src=\"https:\/\/marcottestyle.com\/wp-content\/uploads\/2018\/02\/Marcottestyle-landelijke-keuken-kapellen-12-150x150.jpg\" title=\"\"><\/a>\n\t\t\t<\/dt><\/dl><dl class='gallery-item'>\n\t\t\t<dt class='gallery-icon landscape'>\n\t\t\t\t<a href='https:\/\/marcottestyle.com\/de\/marcottestyle-landelijke-keuken-kapellen-1-2\/'><img loading=\"lazy\" decoding=\"async\" width=\"150\" height=\"150\" src=\"https:\/\/marcottestyle.com\/wp-content\/uploads\/xstore\/xstore-placeholder-1x1.png\" class=\"attachment-thumbnail size-thumbnail lazyload lazyload-simple et-lazyload-fadeIn\" alt=\"\" data-src=\"https:\/\/marcottestyle.com\/wp-content\/uploads\/2018\/02\/Marcottestyle-landelijke-keuken-kapellen-1-150x150.jpg\" title=\"\"><\/a>\n\t\t\t<\/dt><\/dl><dl class='gallery-item'>\n\t\t\t<dt class='gallery-icon landscape'>\n\t\t\t\t<a href='https:\/\/marcottestyle.com\/de\/marcottestyle-landelijke-keuken-kapellen-5-2\/'><img loading=\"lazy\" decoding=\"async\" width=\"150\" height=\"150\" src=\"https:\/\/marcottestyle.com\/wp-content\/uploads\/xstore\/xstore-placeholder-1x1.png\" class=\"attachment-thumbnail size-thumbnail lazyload lazyload-simple et-lazyload-fadeIn\" alt=\"\" data-src=\"https:\/\/marcottestyle.com\/wp-content\/uploads\/2018\/02\/Marcottestyle-landelijke-keuken-kapellen-5-150x150.jpg\" title=\"\"><\/a>\n\t\t\t<\/dt><\/dl><br style=\"clear: both\" \/><dl class='gallery-item'>\n\t\t\t<dt class='gallery-icon landscape'>\n\t\t\t\t<a href='https:\/\/marcottestyle.com\/de\/marcottestyle-landelijke-keuken-kapellen-11-2\/'><img loading=\"lazy\" decoding=\"async\" width=\"150\" height=\"150\" src=\"https:\/\/marcottestyle.com\/wp-content\/uploads\/xstore\/xstore-placeholder-1x1.png\" class=\"attachment-thumbnail size-thumbnail lazyload lazyload-simple et-lazyload-fadeIn\" alt=\"\" data-src=\"https:\/\/marcottestyle.com\/wp-content\/uploads\/2018\/02\/Marcottestyle-landelijke-keuken-kapellen-11-150x150.jpg\" title=\"\"><\/a>\n\t\t\t<\/dt><\/dl><dl class='gallery-item'>\n\t\t\t<dt class='gallery-icon landscape'>\n\t\t\t\t<a href='https:\/\/marcottestyle.com\/de\/marcottestyle-landelijke-keuken-kapellen-13-2\/'><img loading=\"lazy\" decoding=\"async\" width=\"150\" height=\"150\" src=\"https:\/\/marcottestyle.com\/wp-content\/uploads\/xstore\/xstore-placeholder-1x1.png\" class=\"attachment-thumbnail size-thumbnail lazyload lazyload-simple et-lazyload-fadeIn\" alt=\"\" data-src=\"https:\/\/marcottestyle.com\/wp-content\/uploads\/2018\/02\/Marcottestyle-landelijke-keuken-kapellen-13-150x150.jpg\" title=\"\"><\/a>\n\t\t\t<\/dt><\/dl>\n\t\t\t<br style='clear: both' \/>\n\t\t<\/div>\n\n<h3>Moderne K\u00fcche in Autolack<\/h3>\n<p>Alle K\u00fcchen sind immer zu 100% ma\u00dfgeschneidert. Dies garantiert die Integrit\u00e4t der K\u00fcche in der gesamten Innenraumgestaltung. In den meisten F\u00e4llen wird eine offene K\u00fcche gew\u00e4hlt. In diesem Fall ist das Ger\u00e4t noch wichtiger geworden. Marcottestyle ist der Spezialist, wenn es um Einheit geht. Alles ist auf die Teppiche und Vorh\u00e4nge abgestimmt. Alle Farben sind in das Konzept integriert und geben ein ruhiges Gef\u00fchl. Sogar hier in einer K\u00fcche, in der die gesamte Wohnung in Schwarz-Wei\u00df gehalten war, mit einigen kleinen blutroten Akzenten, wenn dies auch auf die K\u00fcche ausgeweitet werden k\u00f6nnte.<\/p>\n<p>.<\/p>\n\n\t\t<style type=\"text\/css\">\n\t\t\t#gallery-3 {\n\t\t\t\tmargin: auto;\n\t\t\t}\n\t\t\t#gallery-3 .gallery-item {\n\t\t\t\tfloat: left;\n\t\t\t\tmargin-top: 10px;\n\t\t\t\ttext-align: center;\n\t\t\t\twidth: 33%;\n\t\t\t}\n\t\t\t#gallery-3 img {\n\t\t\t\tborder: 2px solid #cfcfcf;\n\t\t\t}\n\t\t\t#gallery-3 .gallery-caption {\n\t\t\t\tmargin-left: 0;\n\t\t\t}\n\t\t\t\/* see gallery_shortcode() in wp-includes\/media.php *\/\n\t\t<\/style>\n\t\t<div id='gallery-3' class='gallery galleryid-13153 gallery-columns-3 gallery-size-thumbnail'><dl class='gallery-item'>\n\t\t\t<dt class='gallery-icon landscape'>\n\t\t\t\t<a href='https:\/\/marcottestyle.com\/de\/?attachment_id=465'><img loading=\"lazy\" decoding=\"async\" width=\"150\" height=\"150\" src=\"https:\/\/marcottestyle.com\/wp-content\/uploads\/xstore\/xstore-placeholder-1x1.png\" class=\"attachment-thumbnail size-thumbnail lazyload lazyload-simple et-lazyload-fadeIn\" alt=\"\" data-src=\"https:\/\/marcottestyle.com\/wp-content\/uploads\/2017\/07\/Marcottestyle-moderne-keuken-avenue-louise-5-150x150.jpg\" title=\"\"><\/a>\n\t\t\t<\/dt><\/dl><dl class='gallery-item'>\n\t\t\t<dt class='gallery-icon landscape'>\n\t\t\t\t<a href='https:\/\/marcottestyle.com\/de\/?attachment_id=461'><img loading=\"lazy\" decoding=\"async\" width=\"150\" height=\"150\" src=\"https:\/\/marcottestyle.com\/wp-content\/uploads\/xstore\/xstore-placeholder-1x1.png\" class=\"attachment-thumbnail size-thumbnail lazyload lazyload-simple et-lazyload-fadeIn\" alt=\"\" data-src=\"https:\/\/marcottestyle.com\/wp-content\/uploads\/2017\/07\/Marcottestyle-moderne-keuken-avenue-louise-4-150x150.jpg\" title=\"\"><\/a>\n\t\t\t<\/dt><\/dl><dl class='gallery-item'>\n\t\t\t<dt class='gallery-icon landscape'>\n\t\t\t\t<a href='https:\/\/marcottestyle.com\/de\/?attachment_id=457'><img loading=\"lazy\" decoding=\"async\" width=\"150\" height=\"150\" src=\"https:\/\/marcottestyle.com\/wp-content\/uploads\/xstore\/xstore-placeholder-1x1.png\" class=\"attachment-thumbnail size-thumbnail lazyload lazyload-simple et-lazyload-fadeIn\" alt=\"\" data-src=\"https:\/\/marcottestyle.com\/wp-content\/uploads\/2017\/07\/Marcottestyle-moderne-keuken-avenue-louise-3-150x150.jpg\" title=\"\"><\/a>\n\t\t\t<\/dt><\/dl><br style=\"clear: both\" \/><dl class='gallery-item'>\n\t\t\t<dt class='gallery-icon landscape'>\n\t\t\t\t<a href='https:\/\/marcottestyle.com\/de\/?attachment_id=453'><img loading=\"lazy\" decoding=\"async\" width=\"150\" height=\"150\" src=\"https:\/\/marcottestyle.com\/wp-content\/uploads\/xstore\/xstore-placeholder-1x1.png\" class=\"attachment-thumbnail size-thumbnail lazyload lazyload-simple et-lazyload-fadeIn\" alt=\"\" data-src=\"https:\/\/marcottestyle.com\/wp-content\/uploads\/2017\/07\/Marcottestyle-moderne-keuken-avenue-louise-2-150x150.jpg\" title=\"\"><\/a>\n\t\t\t<\/dt><\/dl><dl class='gallery-item'>\n\t\t\t<dt class='gallery-icon landscape'>\n\t\t\t\t<a href='https:\/\/marcottestyle.com\/de\/?attachment_id=449'><img loading=\"lazy\" decoding=\"async\" width=\"150\" height=\"150\" src=\"https:\/\/marcottestyle.com\/wp-content\/uploads\/xstore\/xstore-placeholder-1x1.png\" class=\"attachment-thumbnail size-thumbnail lazyload lazyload-simple et-lazyload-fadeIn\" alt=\"\" data-src=\"https:\/\/marcottestyle.com\/wp-content\/uploads\/2017\/07\/Marcottestyle-moderne-keuken-avenue-louise-1-150x150.jpg\" title=\"\"><\/a>\n\t\t\t<\/dt><\/dl>\n\t\t\t<br style='clear: both' \/>\n\t\t<\/div>\n\n","protected":false},"excerpt":{"rendered":"<p>Marcottestyle macht Ihre moderne K\u00fcche f\u00fcr kleine und gro\u00dfe Projekte so, wie Sie es m\u00f6chten. Die klaren Linien und das Design jedes Designs werden sorgf\u00e4ltig&#8230;<\/p>\n","protected":false},"author":2,"featured_media":0,"parent":0,"menu_order":0,"comment_status":"closed","ping_status":"closed","template":"elementor_header_footer","meta":{"ngg_post_thumbnail":0,"footnotes":""},"class_list":["post-13153","page","type-page","status-publish","hentry"],"_links":{"self":[{"href":"https:\/\/marcottestyle.com\/de\/wp-json\/wp\/v2\/pages\/13153","targetHints":{"allow":["GET"]}}],"collection":[{"href":"https:\/\/marcottestyle.com\/de\/wp-json\/wp\/v2\/pages"}],"about":[{"href":"https:\/\/marcottestyle.com\/de\/wp-json\/wp\/v2\/types\/page"}],"author":[{"embeddable":true,"href":"https:\/\/marcottestyle.com\/de\/wp-json\/wp\/v2\/users\/2"}],"replies":[{"embeddable":true,"href":"https:\/\/marcottestyle.com\/de\/wp-json\/wp\/v2\/comments?post=13153"}],"version-history":[{"count":3,"href":"https:\/\/marcottestyle.com\/de\/wp-json\/wp\/v2\/pages\/13153\/revisions"}],"predecessor-version":[{"id":13156,"href":"https:\/\/marcottestyle.com\/de\/wp-json\/wp\/v2\/pages\/13153\/revisions\/13156"}],"wp:attachment":[{"href":"https:\/\/marcottestyle.com\/de\/wp-json\/wp\/v2\/media?parent=13153"}],"curies":[{"name":"wp","href":"https:\/\/api.w.org\/{rel}","templated":true}]}}