{"id":13167,"date":"2018-02-13T09:54:18","date_gmt":"2018-02-13T08:54:18","guid":{"rendered":"http:\/\/marcottestyle.com\/interior-design\/"},"modified":"2024-09-28T13:21:51","modified_gmt":"2024-09-28T11:21:51","slug":"innenarchitektur","status":"publish","type":"page","link":"https:\/\/marcottestyle.com\/de\/innenarchitektur\/","title":{"rendered":"Innenarchitektur"},"content":{"rendered":"\t\t<div data-elementor-type=\"wp-page\" data-elementor-id=\"13167\" class=\"elementor elementor-13167 elementor-5375\" data-elementor-settings=\"{&quot;ha_cmc_init_switcher&quot;:&quot;no&quot;}\" data-elementor-post-type=\"page\">\n\t\t\t\t<div class=\"elementor-element elementor-element-2e56f07 e-flex e-con-boxed e-con e-parent\" data-id=\"2e56f07\" data-element_type=\"container\" data-e-type=\"container\" data-settings=\"{&quot;_ha_eqh_enable&quot;:false}\">\n\t\t\t\t\t<div class=\"e-con-inner\">\n\t\t\t\t<div class=\"elementor-element elementor-element-1a335d8 elementor-widget elementor-widget-spacer\" data-id=\"1a335d8\" data-element_type=\"widget\" data-e-type=\"widget\" data-widget_type=\"spacer.default\">\n\t\t\t\t<div class=\"elementor-widget-container\">\n\t\t\t\t\t\t\t<div class=\"elementor-spacer\">\n\t\t\t<div class=\"elementor-spacer-inner\"><\/div>\n\t\t<\/div>\n\t\t\t\t\t\t<\/div>\n\t\t\t\t<\/div>\n\t\t\t\t<div class=\"elementor-element elementor-element-9e2da95 elementor-align-left elementor-widget elementor-widget-etheme_advanced_headline\" data-id=\"9e2da95\" data-element_type=\"widget\" data-e-type=\"widget\" data-widget_type=\"etheme_advanced_headline.default\">\n\t\t\t\t<div class=\"elementor-widget-container\">\n\t\t\t\t\t        \n        <div class=\"etheme-a-h-wrapper\">\n        \n            \n\t\t\t\n        <h2 class=\"etheme-advanced-headline etheme-advanced-headline-mask\">\n\n            Innenarchitektur\n        <\/h2>\n\t\t\n                    \n        <\/div>\n        \n\t\t\t\t\t\t<\/div>\n\t\t\t\t<\/div>\n\t\t\t\t\t<\/div>\n\t\t\t\t<\/div>\n\t\t<div class=\"elementor-element elementor-element-c4616ab e-flex e-con-boxed e-con e-parent\" data-id=\"c4616ab\" data-element_type=\"container\" data-e-type=\"container\" data-settings=\"{&quot;_ha_eqh_enable&quot;:false}\">\n\t\t\t\t\t<div class=\"e-con-inner\">\n\t\t\t\t<div class=\"elementor-element elementor-element-e6f1704 elementor-align-left elementor-widget elementor-widget-etheme_advanced_headline\" data-id=\"e6f1704\" data-element_type=\"widget\" data-e-type=\"widget\" data-widget_type=\"etheme_advanced_headline.default\">\n\t\t\t\t<div class=\"elementor-widget-container\">\n\t\t\t\t\t        \n        <div class=\"etheme-a-h-wrapper\">\n        \n            \n\t\t\t\n        <h2 class=\"etheme-advanced-headline etheme-advanced-headline-mask\">\n\n            Marcotte Style - die komplette Inneneinrichtung\n        <\/h2>\n\t\t\n                    \n        <\/div>\n        \n\t\t\t\t\t\t<\/div>\n\t\t\t\t<\/div>\n\t\t\t\t\t<\/div>\n\t\t\t\t<\/div>\n\t\t<div class=\"elementor-element elementor-element-7f7012f e-flex e-con-boxed e-con e-parent\" data-id=\"7f7012f\" data-element_type=\"container\" data-e-type=\"container\" data-settings=\"{&quot;_ha_eqh_enable&quot;:false}\">\n\t\t\t\t\t<div class=\"e-con-inner\">\n\t\t\t\t<div class=\"elementor-element elementor-element-1e17990 elementor-widget elementor-widget-text-editor\" data-id=\"1e17990\" data-element_type=\"widget\" data-e-type=\"widget\" data-widget_type=\"text-editor.default\">\n\t\t\t\t<div class=\"elementor-widget-container\">\n\t\t\t\t\t\t\t\t\t<p>Der Unterschied sollte da sein.<br \/>\nPers\u00f6nliche Einrichtungsgegenst\u00e4nde bestimmen die Atmosph\u00e4re eines Hauses.<br \/>\nDie Farben, M\u00f6bel und Dekorationen wirken auf den Bewohner und sind gleichzeitig eine M\u00f6glichkeit, sich Ihrer Umgebung gegen\u00fcber zu pr\u00e4sentieren.<br \/>\nViele Menschen haben eine starke Meinung \u00fcber die Einrichtung ihrer Wohnung und m\u00f6chten selbst die Kontrolle \u00fcber die Inneneinrichtung behalten.<br \/>\nOder haben Sie im Gegenteil wenig Zeit, sich alle Details Ihrer Wohnung selbst auszudenken?<br \/>\nMarcotte Style bietet eine komplette <span style=\"text-decoration: underline;\"><span style=\"color: #96825b;\"><a style=\"color: #96825b; text-decoration: underline;\" href=\"https:\/\/marcottestyle.com\/binnenhuisinrichting\/\">Inneneinrichtung<\/a><\/span><\/span> Ihres Zuhauses an.<br \/>\nDie exklusiven <span style=\"text-decoration: underline;\"><span style=\"color: #96825b;\"><a style=\"color: #96825b; text-decoration: underline;\" title=\"Stile\" href=\"https:\/\/marcottestyle.com\/de\/stile\/\">Stile<\/a><\/span><\/span> des Innenarchitekten Jean-Jacques Soenen zielen auf eine ganzheitliche Wohnungsgestaltung ab, bei der alle Elemente der Wohnung in Einklang gebracht werden.      <\/p>\n\t\t\t\t\t\t\t\t<\/div>\n\t\t\t\t<\/div>\n\t\t\t\t\t<\/div>\n\t\t\t\t<\/div>\n\t\t<div class=\"elementor-element elementor-element-923c78e e-flex e-con-boxed e-con e-parent\" data-id=\"923c78e\" data-element_type=\"container\" data-e-type=\"container\" data-settings=\"{&quot;_ha_eqh_enable&quot;:false}\">\n\t\t\t\t\t<div class=\"e-con-inner\">\n\t\t\t\t<div class=\"elementor-element elementor-element-193a3d4 elementor-widget elementor-widget-shortcode\" data-id=\"193a3d4\" data-element_type=\"widget\" data-e-type=\"widget\" data-widget_type=\"shortcode.default\">\n\t\t\t\t<div class=\"elementor-widget-container\">\n\t\t\t\t\t\t\t<div class=\"elementor-shortcode\">ngg_shortcode_0_placeholder<\/div>\n\t\t\t\t\t\t<\/div>\n\t\t\t\t<\/div>\n\t\t\t\t<div class=\"elementor-element elementor-element-1920c92 elementor-widget elementor-widget-spacer\" data-id=\"1920c92\" data-element_type=\"widget\" data-e-type=\"widget\" data-widget_type=\"spacer.default\">\n\t\t\t\t<div class=\"elementor-widget-container\">\n\t\t\t\t\t\t\t<div class=\"elementor-spacer\">\n\t\t\t<div class=\"elementor-spacer-inner\"><\/div>\n\t\t<\/div>\n\t\t\t\t\t\t<\/div>\n\t\t\t\t<\/div>\n\t\t\t\t\t<\/div>\n\t\t\t\t<\/div>\n\t\t<div class=\"elementor-element elementor-element-bf5e2ea e-flex e-con-boxed e-con e-parent\" data-id=\"bf5e2ea\" data-element_type=\"container\" data-e-type=\"container\" data-settings=\"{&quot;_ha_eqh_enable&quot;:false}\">\n\t\t\t\t\t<div class=\"e-con-inner\">\n\t\t\t\t<div class=\"elementor-element elementor-element-8dec1a9 elementor-widget elementor-widget-text-editor\" data-id=\"8dec1a9\" data-element_type=\"widget\" data-e-type=\"widget\" data-widget_type=\"text-editor.default\">\n\t\t\t\t<div class=\"elementor-widget-container\">\n\t\t\t\t\t\t\t\t\t<p><span style=\"text-decoration: underline;\"><span style=\"color: #96825b; text-decoration: underline;\"><a style=\"color: #96825b; text-decoration: underline;\" href=\"https:\/\/marcottestyle.com\/contact\/\">Kontaktieren Sie uns unverbindlich<\/a><\/span><\/span><br \/><span style=\"text-decoration: underline;\"><span style=\"color: #96825b; text-decoration: underline;\"><a style=\"color: #96825b; text-decoration: underline;\" href=\"https:\/\/marcottestyle.com\/portfolio\/\">Sehen Sie unsere Realisierungen<\/a><\/span><\/span><\/p>\n\t\t\t\t\t\t\t\t<\/div>\n\t\t\t\t<\/div>\n\t\t\t\t\t<\/div>\n\t\t\t\t<\/div>\n\t\t<div class=\"elementor-element elementor-element-49dab4d e-flex e-con-boxed e-con e-parent\" data-id=\"49dab4d\" data-element_type=\"container\" data-e-type=\"container\" data-settings=\"{&quot;_ha_eqh_enable&quot;:false}\">\n\t\t\t\t\t<div class=\"e-con-inner\">\n\t\t\t\t<div class=\"elementor-element elementor-element-11f609e elementor-align-left elementor-widget elementor-widget-etheme_advanced_headline\" data-id=\"11f609e\" data-element_type=\"widget\" data-e-type=\"widget\" data-widget_type=\"etheme_advanced_headline.default\">\n\t\t\t\t<div class=\"elementor-widget-container\">\n\t\t\t\t\t        \n        <div class=\"etheme-a-h-wrapper\">\n        \n            \n\t\t\t\n        <h2 class=\"etheme-advanced-headline etheme-advanced-headline-mask\">\n\n            Der Innenarchitekt, der nach Ihrem Stil arbeitet\n        <\/h2>\n\t\t\n                    \n        <\/div>\n        \n\t\t\t\t\t\t<\/div>\n\t\t\t\t<\/div>\n\t\t\t\t\t<\/div>\n\t\t\t\t<\/div>\n\t\t<div class=\"elementor-element elementor-element-0474c35 e-flex e-con-boxed e-con e-parent\" data-id=\"0474c35\" data-element_type=\"container\" data-e-type=\"container\" data-settings=\"{&quot;_ha_eqh_enable&quot;:false}\">\n\t\t\t\t\t<div class=\"e-con-inner\">\n\t\t\t\t<div class=\"elementor-element elementor-element-9001be5 elementor-widget elementor-widget-text-editor\" data-id=\"9001be5\" data-element_type=\"widget\" data-e-type=\"widget\" data-widget_type=\"text-editor.default\">\n\t\t\t\t<div class=\"elementor-widget-container\">\n\t\t\t\t\t\t\t\t\t<p>Als Fachbetreuer f\u00fcr <span style=\"text-decoration: underline;\"><span style=\"color: #96825b;\"><a style=\"color: #96825b; text-decoration: underline;\" title=\"Innenarchitektur\" href=\"https:\/\/marcottestyle.com\/de\/wohnausstattung\/\">Innenarchitektur<\/a><\/span><\/span> Marcotte Style bietet verschiedene Stile an, die f\u00fcr Villen, Landh\u00e4user und Luxuswohnungen geeignet sind.<br \/>\nSo k\u00f6nnen Sie sich f\u00fcr eine Inneneinrichtung im Landhausstil entscheiden und diese Form dann auf verschiedene Weise akzentuieren.<br \/>\nSind Sie auf der Suche nach einem ged\u00e4mpften Ambiente?<br \/>\nM\u00f6chten Sie sich in eine mediterrane Atmosph\u00e4re zur\u00fcckziehen?<br \/>\nWir w\u00e4hlen die Elemente aus, die das gew\u00fcnschte Gef\u00fchl hervorrufen.<br \/>\nModerne Stile eignen sich f\u00fcr Wohnungen, denen man mit interessanten Details auch einen beruhigenden Retro-Look verleihen kann.<br \/>\nOder wenn Sie ein Kosmopolit sind, bevorzugen Sie vielleicht die eleganten Linien des <span style=\"text-decoration: underline;\"><span style=\"color: #96825b;\"><a style=\"color: #96825b; text-decoration: underline;\" title=\"New Yorker Stil\" href=\"https:\/\/marcottestyle.com\/de\/stile\/new-york-stil\/\">New Yorker Stils<\/a><\/span><\/span>?      <\/p>\n\t\t\t\t\t\t\t\t<\/div>\n\t\t\t\t<\/div>\n\t\t\t\t\t<\/div>\n\t\t\t\t<\/div>\n\t\t<div class=\"elementor-element elementor-element-cc65bf4 e-flex e-con-boxed e-con e-parent\" data-id=\"cc65bf4\" data-element_type=\"container\" data-e-type=\"container\" data-settings=\"{&quot;_ha_eqh_enable&quot;:false}\">\n\t\t\t\t\t<div class=\"e-con-inner\">\n\t\t\t\t<div class=\"elementor-element elementor-element-02c2bc6 elementor-align-left elementor-widget elementor-widget-etheme_advanced_headline\" data-id=\"02c2bc6\" data-element_type=\"widget\" data-e-type=\"widget\" data-widget_type=\"etheme_advanced_headline.default\">\n\t\t\t\t<div class=\"elementor-widget-container\">\n\t\t\t\t\t        \n        <div class=\"etheme-a-h-wrapper\">\n        \n            \n\t\t\t\n        <h2 class=\"etheme-advanced-headline etheme-advanced-headline-mask\">\n\n            Vollst\u00e4ndig ma\u00dfgeschneiderte Innenausstattung\n        <\/h2>\n\t\t\n                    \n        <\/div>\n        \n\t\t\t\t\t\t<\/div>\n\t\t\t\t<\/div>\n\t\t\t\t\t<\/div>\n\t\t\t\t<\/div>\n\t\t<div class=\"elementor-element elementor-element-86856ac e-flex e-con-boxed e-con e-parent\" data-id=\"86856ac\" data-element_type=\"container\" data-e-type=\"container\" data-settings=\"{&quot;_ha_eqh_enable&quot;:false}\">\n\t\t\t\t\t<div class=\"e-con-inner\">\n\t\t\t\t<div class=\"elementor-element elementor-element-3a6a52b elementor-widget elementor-widget-text-editor\" data-id=\"3a6a52b\" data-element_type=\"widget\" data-e-type=\"widget\" data-widget_type=\"text-editor.default\">\n\t\t\t\t<div class=\"elementor-widget-container\">\n\t\t\t\t\t\t\t\t\t<p>Nach einem Einf\u00fchrungsgespr\u00e4ch wird Ihr Innenarchitekt die Wohnsituation anhand von Fotos und verschiedenen digitalen Tools umfassend analysieren.<br \/>\nWir beraten Sie farblich, damit in Kombination mit den richtigen M\u00f6beln und Dekorationen ein perfektes Ambiente geschaffen werden kann.<br \/>\nEine zugewiesene Kontaktperson \u00fcberwacht das Wohndesign und sorgt f\u00fcr eine optimale Kommunikation und eine effiziente Ausf\u00fchrung des Projekts.<br \/>\nGeschmackvoll, einzigartig und engagiert.<br \/>\nDas exklusive Innendesign von Marcotte Style bringt Harmonie in Ihr Zuhause.    <\/p>\n\t\t\t\t\t\t\t\t<\/div>\n\t\t\t\t<\/div>\n\t\t\t\t\t<\/div>\n\t\t\t\t<\/div>\n\t\t<div class=\"elementor-element elementor-element-12f19af e-flex e-con-boxed e-con e-parent\" data-id=\"12f19af\" data-element_type=\"container\" data-e-type=\"container\" data-settings=\"{&quot;_ha_eqh_enable&quot;:false}\">\n\t\t\t\t\t<div class=\"e-con-inner\">\n\t\t\t\t<div class=\"elementor-element elementor-element-3370704 elementor-widget elementor-widget-shortcode\" data-id=\"3370704\" data-element_type=\"widget\" data-e-type=\"widget\" data-widget_type=\"shortcode.default\">\n\t\t\t\t<div class=\"elementor-widget-container\">\n\t\t\t\t\t\t\t<div class=\"elementor-shortcode\">ngg_shortcode_1_placeholder<\/div>\n\t\t\t\t\t\t<\/div>\n\t\t\t\t<\/div>\n\t\t\t\t<div class=\"elementor-element elementor-element-97b36b6 elementor-widget elementor-widget-spacer\" data-id=\"97b36b6\" data-element_type=\"widget\" data-e-type=\"widget\" data-widget_type=\"spacer.default\">\n\t\t\t\t<div class=\"elementor-widget-container\">\n\t\t\t\t\t\t\t<div class=\"elementor-spacer\">\n\t\t\t<div class=\"elementor-spacer-inner\"><\/div>\n\t\t<\/div>\n\t\t\t\t\t\t<\/div>\n\t\t\t\t<\/div>\n\t\t\t\t\t<\/div>\n\t\t\t\t<\/div>\n\t\t<div class=\"elementor-element elementor-element-e869c2a e-flex e-con-boxed e-con e-parent\" data-id=\"e869c2a\" data-element_type=\"container\" data-e-type=\"container\" data-settings=\"{&quot;_ha_eqh_enable&quot;:false}\">\n\t\t\t\t\t<div class=\"e-con-inner\">\n\t\t\t\t<div class=\"elementor-element elementor-element-e67207e elementor-widget elementor-widget-text-editor\" data-id=\"e67207e\" data-element_type=\"widget\" data-e-type=\"widget\" data-widget_type=\"text-editor.default\">\n\t\t\t\t<div class=\"elementor-widget-container\">\n\t\t\t\t\t\t\t\t\t<p>Marcotte Style k\u00fcmmert sich um komplette Innenarchitekturprojekte.<br \/>\nLassen Sie einen erfahrenen<a href=\"https:\/\/marcottestyle.com\/Innenarchitekt\/\"> <span style=\"text-decoration: underline;\"><span style=\"color: #96825b; text-decoration: underline;\">Innenarchitekt<\/span><\/span><\/a>! <\/p>\n\t\t\t\t\t\t\t\t<\/div>\n\t\t\t\t<\/div>\n\t\t\t\t\t<\/div>\n\t\t\t\t<\/div>\n\t\t\t\t<\/div>\n\t\t","protected":false},"excerpt":{"rendered":"<p>Innenarchitektur Marcotte Style &#8211; die komplette Inneneinrichtung Der Unterschied sollte da sein. Pers\u00f6nliche Einrichtungsgegenst\u00e4nde bestimmen die Atmosph\u00e4re eines Hauses. Die Farben, M\u00f6bel und Dekorationen wirken&#8230;<\/p>\n","protected":false},"author":2,"featured_media":0,"parent":0,"menu_order":20,"comment_status":"closed","ping_status":"closed","template":"elementor_header_footer","meta":{"ngg_post_thumbnail":0,"footnotes":""},"class_list":["post-13167","page","type-page","status-publish","hentry"],"_links":{"self":[{"href":"https:\/\/marcottestyle.com\/de\/wp-json\/wp\/v2\/pages\/13167","targetHints":{"allow":["GET"]}}],"collection":[{"href":"https:\/\/marcottestyle.com\/de\/wp-json\/wp\/v2\/pages"}],"about":[{"href":"https:\/\/marcottestyle.com\/de\/wp-json\/wp\/v2\/types\/page"}],"author":[{"embeddable":true,"href":"https:\/\/marcottestyle.com\/de\/wp-json\/wp\/v2\/users\/2"}],"replies":[{"embeddable":true,"href":"https:\/\/marcottestyle.com\/de\/wp-json\/wp\/v2\/comments?post=13167"}],"version-history":[{"count":3,"href":"https:\/\/marcottestyle.com\/de\/wp-json\/wp\/v2\/pages\/13167\/revisions"}],"predecessor-version":[{"id":39428,"href":"https:\/\/marcottestyle.com\/de\/wp-json\/wp\/v2\/pages\/13167\/revisions\/39428"}],"wp:attachment":[{"href":"https:\/\/marcottestyle.com\/de\/wp-json\/wp\/v2\/media?parent=13167"}],"curies":[{"name":"wp","href":"https:\/\/api.w.org\/{rel}","templated":true}]}}