{"id":13184,"date":"2019-12-30T18:16:48","date_gmt":"2019-12-30T17:16:48","guid":{"rendered":"http:\/\/marcottestyle.com\/interior-designer-in-brussels\/"},"modified":"2020-01-17T11:48:40","modified_gmt":"2020-01-17T10:48:40","slug":"innenarchitekt-in-bruessel","status":"publish","type":"page","link":"https:\/\/marcottestyle.com\/de\/innenarchitekt-in-bruessel\/","title":{"rendered":"Innenarchitekt in Br\u00fcssel"},"content":{"rendered":"<h3>Renommierter Innenarchitekt in Br\u00fcssel<\/h3>\n<p><span style=\"display: inline !important; float: none; background-color: #ffffff; color: #000000; font-family: Arial,sans-serif; font-size: 18px; font-style: normal; font-variant: normal; font-weight: 400; letter-spacing: normal; orphans: 2; text-align: left; text-decoration: none; text-indent: 0px; text-transform: none; -webkit-text-stroke-width: 0px; white-space: normal; word-spacing: 0px;\">Rufen Sie an <\/span><span style=\"display: inline !important; float: none; background-color: #ffffff; color: #444444; font-family: 'Open Sans',sans-serif; font-size: 18px; font-style: normal; font-variant: normal; font-weight: 300; letter-spacing: normal; orphans: 2; text-align: left; text-decoration: none; text-indent: 0px; text-transform: none; -webkit-text-stroke-width: 0px; white-space: normal; word-spacing: 0px;\">Tel: BRUSSEL: +32 (0)2 808 76 73<\/span><\/p>\n<p>Marcotte Style ist eine renommierte Innenarchitektin in Br\u00fcssel und im restlichen Belgien und bietet einen exklusiven Service f\u00fcr die komplette Entwicklung von Villen oder Apartments. In der Tat organisiert, m\u00f6bliert, f\u00e4rbt und harmonisiert dieser Innenarchitekt aus Belgien durch die Neukonfiguration Ihres gesamten Hauses alle Ihre R\u00e4ume.<\/p>\n<h3>Ein originelles und personalisiertes Layout<\/h3>\n<p>Basierend auf Ihren Erwartungen, Ihren Einschr\u00e4nkungen und Ihren Bed\u00fcrfnissen stellt Ihnen Marcotte Style eine gro\u00dfe Auswahl an M\u00f6beln in verschiedenen Stilen und Farben zur Verf\u00fcgung, um Ihren Vorlieben und Ihrer Pers\u00f6nlichkeit gerecht zu werden. Er kann sich auch die gr\u00f6\u00dften Fl\u00e4chen und Volumina vorstellen und kann sich ein harmonisches Interieur f\u00fcr Sie vorstellen, das Kontinuit\u00e4t zwischen dem Wohnzimmer, dem Schlafzimmer und der K\u00fcche schafft. Der seri\u00f6se und kompetente Innenarchitekt Marcotte Style bietet den Vorteil, professionelle Teams in den Bereichen M\u00f6bel, Dekoration und Innenarchitektur zu haben, die einen vollst\u00e4ndigen, schnellen und wirtschaftlichen Service erm\u00f6glichen.<\/p>\n<p>[seo-gallery type=&#8221;3-columns&#8221; taxonomy=&#8221;97&#8243; num=&#8221;4,11&#8243;]<\/p>\n<h3>Ein professioneller Innenarchitekt f\u00fcr tadellosen Service<\/h3>\n<p>Das Follow-up Ihres Projekts wird nur von ein und demselben Gespr\u00e4chspartner sichergestellt. Es handelt sich um eine vollst\u00e4ndige \u00dcbernahme der Verantwortung, die Ihnen unter regelm\u00e4\u00dfiger Absprache Ihrer W\u00fcnsche vorgeschlagen wird. Marcotte Style ist ein einzigartiger Innenarchitekt, der seine entschlossenen Trends und Designvorschl\u00e4ge mit realistischen 3D-Pl\u00e4nen und Zeichnungen teilt. Marcotte Style ist einer der wenigen Innenarchitekten, die f\u00fcr jedes Gesamtprojekt kostenlos arbeiten.<\/p>\n<blockquote><p><span style=\"display: inline !important; float: none; background-color: #ffffff; color: #000000; font-family: Arial,sans-serif; font-size: 18px; font-style: normal; font-variant: normal; font-weight: 400; letter-spacing: normal; orphans: 2; text-align: left; text-decoration: none; text-indent: 0px; text-transform: none; -webkit-text-stroke-width: 0px; white-space: normal; word-spacing: 0px;\">Marcotte Style bietet Ihnen einen besonders effizienter, hochleistungs und anpassungsf\u00e4higer Service f\u00fcr jedes Budget.<\/span><b><\/b><i><\/i><u><\/u><\/p><\/blockquote>\n<p>Marcotte Style bietet Ihnen eine vollst\u00e4ndige Aufteilung Ihrer Unterkunft und die Wahl einer ma\u00dfgeschneiderten Dekoration, die Geschmack und Pers\u00f6nlichkeit vereint. Dies ist ein einzigartiges, originelles Interieur, das Ihr Image widerspiegelt und alle Ihre R\u00e4ume in Einklang bringt.<\/p>\n<p>[seo-gallery type=&#8221;4-columns&#8221; taxonomy=&#8221;97&#8243; num=&#8221;4,11&#8243;]<\/p>\n","protected":false},"excerpt":{"rendered":"<p>Renommierter Innenarchitekt in Br\u00fcssel Rufen Sie an Tel: BRUSSEL: +32 (0)2 808 76 73 Marcotte Style ist eine renommierte Innenarchitektin in Br\u00fcssel und im restlichen&#8230;<\/p>\n","protected":false},"author":2,"featured_media":0,"parent":0,"menu_order":0,"comment_status":"closed","ping_status":"closed","template":"","meta":{"ngg_post_thumbnail":0,"footnotes":""},"class_list":["post-13184","page","type-page","status-publish","hentry"],"_links":{"self":[{"href":"https:\/\/marcottestyle.com\/de\/wp-json\/wp\/v2\/pages\/13184","targetHints":{"allow":["GET"]}}],"collection":[{"href":"https:\/\/marcottestyle.com\/de\/wp-json\/wp\/v2\/pages"}],"about":[{"href":"https:\/\/marcottestyle.com\/de\/wp-json\/wp\/v2\/types\/page"}],"author":[{"embeddable":true,"href":"https:\/\/marcottestyle.com\/de\/wp-json\/wp\/v2\/users\/2"}],"replies":[{"embeddable":true,"href":"https:\/\/marcottestyle.com\/de\/wp-json\/wp\/v2\/comments?post=13184"}],"version-history":[{"count":5,"href":"https:\/\/marcottestyle.com\/de\/wp-json\/wp\/v2\/pages\/13184\/revisions"}],"predecessor-version":[{"id":13618,"href":"https:\/\/marcottestyle.com\/de\/wp-json\/wp\/v2\/pages\/13184\/revisions\/13618"}],"wp:attachment":[{"href":"https:\/\/marcottestyle.com\/de\/wp-json\/wp\/v2\/media?parent=13184"}],"curies":[{"name":"wp","href":"https:\/\/api.w.org\/{rel}","templated":true}]}}