{"id":13201,"date":"2018-02-14T15:28:11","date_gmt":"2018-02-14T14:28:11","guid":{"rendered":"http:\/\/marcottestyle.com\/interior-architect\/"},"modified":"2024-09-28T13:21:50","modified_gmt":"2024-09-28T11:21:50","slug":"innenarchitekt","status":"publish","type":"page","link":"https:\/\/marcottestyle.com\/de\/innenarchitekt\/","title":{"rendered":"Innenarchitekt"},"content":{"rendered":"\t\t<div data-elementor-type=\"wp-page\" data-elementor-id=\"13201\" class=\"elementor elementor-13201 elementor-5377\" data-elementor-settings=\"{&quot;ha_cmc_init_switcher&quot;:&quot;no&quot;}\" data-elementor-post-type=\"page\">\n\t\t\t\t<div class=\"elementor-element elementor-element-6b16d18 e-flex e-con-boxed e-con e-parent\" data-id=\"6b16d18\" data-element_type=\"container\" data-e-type=\"container\" data-settings=\"{&quot;_ha_eqh_enable&quot;:false}\">\n\t\t\t\t\t<div class=\"e-con-inner\">\n\t\t\t\t<div class=\"elementor-element elementor-element-5ae3c13 elementor-widget elementor-widget-spacer\" data-id=\"5ae3c13\" data-element_type=\"widget\" data-e-type=\"widget\" data-widget_type=\"spacer.default\">\n\t\t\t\t<div class=\"elementor-widget-container\">\n\t\t\t\t\t\t\t<div class=\"elementor-spacer\">\n\t\t\t<div class=\"elementor-spacer-inner\"><\/div>\n\t\t<\/div>\n\t\t\t\t\t\t<\/div>\n\t\t\t\t<\/div>\n\t\t\t\t<div class=\"elementor-element elementor-element-7007fc8 elementor-align-left elementor-widget elementor-widget-etheme_advanced_headline\" data-id=\"7007fc8\" data-element_type=\"widget\" data-e-type=\"widget\" data-widget_type=\"etheme_advanced_headline.default\">\n\t\t\t\t<div class=\"elementor-widget-container\">\n\t\t\t\t\t        \n        <div class=\"etheme-a-h-wrapper\">\n        \n            \n\t\t\t\n        <h2 class=\"etheme-advanced-headline etheme-advanced-headline-mask\">\n\n            Innenarchitekt\n        <\/h2>\n\t\t\n                    \n        <\/div>\n        \n\t\t\t\t\t\t<\/div>\n\t\t\t\t<\/div>\n\t\t\t\t\t<\/div>\n\t\t\t\t<\/div>\n\t\t<div class=\"elementor-element elementor-element-ec93f73 e-flex e-con-boxed e-con e-parent\" data-id=\"ec93f73\" data-element_type=\"container\" data-e-type=\"container\" data-settings=\"{&quot;_ha_eqh_enable&quot;:false}\">\n\t\t\t\t\t<div class=\"e-con-inner\">\n\t\t\t\t<div class=\"elementor-element elementor-element-012cb9d elementor-align-left elementor-widget elementor-widget-etheme_advanced_headline\" data-id=\"012cb9d\" data-element_type=\"widget\" data-e-type=\"widget\" data-widget_type=\"etheme_advanced_headline.default\">\n\t\t\t\t<div class=\"elementor-widget-container\">\n\t\t\t\t\t        \n        <div class=\"etheme-a-h-wrapper\">\n        \n            \n\t\t\t\n        <h2 class=\"etheme-advanced-headline etheme-advanced-headline-mask\">\n\n            Marcotte Style, der Innenarchitekt\n        <\/h2>\n\t\t\n                    \n        <\/div>\n        \n\t\t\t\t\t\t<\/div>\n\t\t\t\t<\/div>\n\t\t\t\t\t<\/div>\n\t\t\t\t<\/div>\n\t\t<div class=\"elementor-element elementor-element-f45f4b7 e-flex e-con-boxed e-con e-parent\" data-id=\"f45f4b7\" data-element_type=\"container\" data-e-type=\"container\" data-settings=\"{&quot;_ha_eqh_enable&quot;:false}\">\n\t\t\t\t\t<div class=\"e-con-inner\">\n\t\t\t\t<div class=\"elementor-element elementor-element-30ba2f1 elementor-widget elementor-widget-text-editor\" data-id=\"30ba2f1\" data-element_type=\"widget\" data-e-type=\"widget\" data-widget_type=\"text-editor.default\">\n\t\t\t\t<div class=\"elementor-widget-container\">\n\t\t\t\t\t\t\t\t\t<p>Braucht Ihr Zuhause einen neuen Look?<br \/>\nDann kann Marcotte Style, einer der erfahrensten Innenarchitekten des Landes, Ihnen zweifellos weiterhelfen. <\/p>\n<p>Der Beruf des Innenarchitekten wird bei Marcotte Style auf die n\u00e4chste Stufe gehoben. <span style=\"text-decoration: underline;\"><span style=\"color: #96825b;\"><a style=\"color: #96825b; text-decoration: underline;\" title=\"Innenarchitekt\" href=\"https:\/\/marcottestyle.com\/de\/innenarchitekten\/\">Innenarchitekt<\/a><\/span><\/span> Jean-Jacques Soenen hat sich auf die Schaffung einer homogenen und vollst\u00e4ndigen Innenarchitektur spezialisiert.<br \/>\nOb es sich um eine gem\u00fctliche Wohnung oder eine Luxusvilla handelt, jedes Zimmer oder Haus wird als neue Herausforderung behandelt, so dass das Ergebnis jedes Mal einzigartig ist.<br \/>\nDer Architekt arbeitet mit Ihnen zusammen, um ein sch\u00f6nes Design zu schaffen, das ganz auf Ihre Bed\u00fcrfnisse zugeschnitten ist.  <\/p>\n<p>Marcottestyle beginnt zun\u00e4chst mit einem Plan.<br \/>\nNachdem dieser an alle W\u00fcnsche des Kunden angepasst wurde, wird ein neuer Plan erstellt, bis er endg\u00fcltig ist.<br \/>\nDann werden die Ausf\u00fchrungspl\u00e4ne erstellt und in den Gesamtplan eingearbeitet, der alle Missverst\u00e4ndnisse ausschlie\u00dft.<br \/>\nDas letzte Glied ist die realistische 3D-Projektion, bei der die ma\u00dfgefertigte Einrichtung in das Interieur integriert wird.   <\/p>\n\t\t\t\t\t\t\t\t<\/div>\n\t\t\t\t<\/div>\n\t\t\t\t\t<\/div>\n\t\t\t\t<\/div>\n\t\t<div class=\"elementor-element elementor-element-7431b3f e-flex e-con-boxed e-con e-parent\" data-id=\"7431b3f\" data-element_type=\"container\" data-e-type=\"container\" data-settings=\"{&quot;_ha_eqh_enable&quot;:false}\">\n\t\t\t\t\t<div class=\"e-con-inner\">\n\t\t\t\t<div class=\"elementor-element elementor-element-de510bc elementor-widget elementor-widget-shortcode\" data-id=\"de510bc\" data-element_type=\"widget\" data-e-type=\"widget\" data-widget_type=\"shortcode.default\">\n\t\t\t\t<div class=\"elementor-widget-container\">\n\t\t\t\t\t\t\t<div class=\"elementor-shortcode\">ngg_shortcode_0_placeholder<\/div>\n\t\t\t\t\t\t<\/div>\n\t\t\t\t<\/div>\n\t\t\t\t<div class=\"elementor-element elementor-element-8f15d04 elementor-widget elementor-widget-spacer\" data-id=\"8f15d04\" data-element_type=\"widget\" data-e-type=\"widget\" data-widget_type=\"spacer.default\">\n\t\t\t\t<div class=\"elementor-widget-container\">\n\t\t\t\t\t\t\t<div class=\"elementor-spacer\">\n\t\t\t<div class=\"elementor-spacer-inner\"><\/div>\n\t\t<\/div>\n\t\t\t\t\t\t<\/div>\n\t\t\t\t<\/div>\n\t\t\t\t\t<\/div>\n\t\t\t\t<\/div>\n\t\t<div class=\"elementor-element elementor-element-48f8e67 e-flex e-con-boxed e-con e-parent\" data-id=\"48f8e67\" data-element_type=\"container\" data-e-type=\"container\" data-settings=\"{&quot;_ha_eqh_enable&quot;:false}\">\n\t\t\t\t\t<div class=\"e-con-inner\">\n\t\t\t\t<div class=\"elementor-element elementor-element-dbe9bc8 elementor-widget elementor-widget-text-editor\" data-id=\"dbe9bc8\" data-element_type=\"widget\" data-e-type=\"widget\" data-widget_type=\"text-editor.default\">\n\t\t\t\t<div class=\"elementor-widget-container\">\n\t\t\t\t\t\t\t\t\t<p><span style=\"text-decoration: underline;\"><span style=\"color: #96825b; text-decoration: underline;\"><a style=\"color: #96825b; text-decoration: underline;\" href=\"https:\/\/marcottestyle.com\/contact\/\">Kontaktieren Sie uns unverbindlich<\/a><\/span><\/span><br \/><span style=\"text-decoration: underline;\"><span style=\"color: #96825b; text-decoration: underline;\"><a style=\"color: #96825b; text-decoration: underline;\" href=\"https:\/\/marcottestyle.com\/portfolio\/\">Sehen Sie unsere Realisierungen<\/a><\/span><\/span><\/p>\n\t\t\t\t\t\t\t\t<\/div>\n\t\t\t\t<\/div>\n\t\t\t\t\t<\/div>\n\t\t\t\t<\/div>\n\t\t<div class=\"elementor-element elementor-element-88cb718 e-flex e-con-boxed e-con e-parent\" data-id=\"88cb718\" data-element_type=\"container\" data-e-type=\"container\" data-settings=\"{&quot;_ha_eqh_enable&quot;:false}\">\n\t\t\t\t\t<div class=\"e-con-inner\">\n\t\t\t\t<div class=\"elementor-element elementor-element-02b9bc3 elementor-align-left elementor-widget elementor-widget-etheme_advanced_headline\" data-id=\"02b9bc3\" data-element_type=\"widget\" data-e-type=\"widget\" data-widget_type=\"etheme_advanced_headline.default\">\n\t\t\t\t<div class=\"elementor-widget-container\">\n\t\t\t\t\t        \n        <div class=\"etheme-a-h-wrapper\">\n        \n            \n\t\t\t\n        <h2 class=\"etheme-advanced-headline etheme-advanced-headline-mask\">\n\n            Die Inneneinrichtung Ihres Hauses\n        <\/h2>\n\t\t\n                    \n        <\/div>\n        \n\t\t\t\t\t\t<\/div>\n\t\t\t\t<\/div>\n\t\t\t\t\t<\/div>\n\t\t\t\t<\/div>\n\t\t<div class=\"elementor-element elementor-element-ffda1a1 e-flex e-con-boxed e-con e-parent\" data-id=\"ffda1a1\" data-element_type=\"container\" data-e-type=\"container\" data-settings=\"{&quot;_ha_eqh_enable&quot;:false}\">\n\t\t\t\t\t<div class=\"e-con-inner\">\n\t\t\t\t<div class=\"elementor-element elementor-element-3a5d126 elementor-widget elementor-widget-text-editor\" data-id=\"3a5d126\" data-element_type=\"widget\" data-e-type=\"widget\" data-widget_type=\"text-editor.default\">\n\t\t\t\t<div class=\"elementor-widget-container\">\n\t\t\t\t\t\t\t\t\t<p>Interior Design created, durch Marcotte Style, schaut sich die aktuelle Situation Ihres Hauses an und geht zun\u00e4chst mit Ihnen Ihre W\u00fcnsche und Vorstellungen durch.<\/p>\n<p>Die Inneneinrichtung von Marcotte Style beginnt immer mit einer gr\u00fcndlichen Analyse Ihrer Wohnung und einem pers\u00f6nlichen Gespr\u00e4ch \u00fcber Ihre W\u00fcnsche, Vorstellungen und Vorlieben.<br \/>\nDann macht sich der Innenarchitekt an die Arbeit.<br \/>\nUnsere Innenarchitektur strebt immer nach Homogenit\u00e4t: Jeder Ort in Ihrer Wohnung muss sich in das Gesamtbild einf\u00fcgen.<br \/>\nMit Hilfe von 3D-Grafikprojektionen, CAD-Pl\u00e4nen und Fotos von allen ausgew\u00e4hlten Objekten.<br \/>\nAuf diese Weise bezieht der Innenarchitekt Sie in jede Phase des Projekts ein und sorgt f\u00fcr eine sch\u00f6ne Inneneinrichtung.    <\/p>\n\t\t\t\t\t\t\t\t<\/div>\n\t\t\t\t<\/div>\n\t\t\t\t\t<\/div>\n\t\t\t\t<\/div>\n\t\t<div class=\"elementor-element elementor-element-42d3b25 e-flex e-con-boxed e-con e-parent\" data-id=\"42d3b25\" data-element_type=\"container\" data-e-type=\"container\" data-settings=\"{&quot;_ha_eqh_enable&quot;:false}\">\n\t\t\t\t\t<div class=\"e-con-inner\">\n\t\t\t\t<div class=\"elementor-element elementor-element-fb4429d elementor-align-left elementor-widget elementor-widget-etheme_advanced_headline\" data-id=\"fb4429d\" data-element_type=\"widget\" data-e-type=\"widget\" data-widget_type=\"etheme_advanced_headline.default\">\n\t\t\t\t<div class=\"elementor-widget-container\">\n\t\t\t\t\t        \n        <div class=\"etheme-a-h-wrapper\">\n        \n            \n\t\t\t\n        <h2 class=\"etheme-advanced-headline etheme-advanced-headline-mask\">\n\n            Innenarchitektin mit einem Auge f\u00fcrs Detail\n        <\/h2>\n\t\t\n                    \n        <\/div>\n        \n\t\t\t\t\t\t<\/div>\n\t\t\t\t<\/div>\n\t\t\t\t\t<\/div>\n\t\t\t\t<\/div>\n\t\t<div class=\"elementor-element elementor-element-3adf9a8 e-flex e-con-boxed e-con e-parent\" data-id=\"3adf9a8\" data-element_type=\"container\" data-e-type=\"container\" data-settings=\"{&quot;_ha_eqh_enable&quot;:false}\">\n\t\t\t\t\t<div class=\"e-con-inner\">\n\t\t\t\t<div class=\"elementor-element elementor-element-ddb656c elementor-widget elementor-widget-text-editor\" data-id=\"ddb656c\" data-element_type=\"widget\" data-e-type=\"widget\" data-widget_type=\"text-editor.default\">\n\t\t\t\t<div class=\"elementor-widget-container\">\n\t\t\t\t\t\t\t\t\t<p>Wenn Sie Ihre Wohnung von einem Innenarchitekten von Marcotte Style umgestalten lassen, sichern Sie sich ein homogenes Interieur, in dem jeder Raum die gleiche Atmosph\u00e4re atmet.<br \/>\nDer Architekt sorgt daf\u00fcr, dass alle Elemente perfekt aufeinander abgestimmt sind, so dass Ihre Wohnung von der K\u00fcche bis zum Badezimmer in Harmonie ist. <\/p>\n\t\t\t\t\t\t\t\t<\/div>\n\t\t\t\t<\/div>\n\t\t\t\t\t<\/div>\n\t\t\t\t<\/div>\n\t\t<div class=\"elementor-element elementor-element-283f835 e-flex e-con-boxed e-con e-parent\" data-id=\"283f835\" data-element_type=\"container\" data-e-type=\"container\" data-settings=\"{&quot;_ha_eqh_enable&quot;:false}\">\n\t\t\t\t\t<div class=\"e-con-inner\">\n\t\t\t\t<div class=\"elementor-element elementor-element-e584eb2 elementor-widget elementor-widget-shortcode\" data-id=\"e584eb2\" data-element_type=\"widget\" data-e-type=\"widget\" data-widget_type=\"shortcode.default\">\n\t\t\t\t<div class=\"elementor-widget-container\">\n\t\t\t\t\t\t\t<div class=\"elementor-shortcode\">ngg_shortcode_1_placeholder<\/div>\n\t\t\t\t\t\t<\/div>\n\t\t\t\t<\/div>\n\t\t\t\t<div class=\"elementor-element elementor-element-3fdc31e elementor-widget elementor-widget-spacer\" data-id=\"3fdc31e\" data-element_type=\"widget\" data-e-type=\"widget\" data-widget_type=\"spacer.default\">\n\t\t\t\t<div class=\"elementor-widget-container\">\n\t\t\t\t\t\t\t<div class=\"elementor-spacer\">\n\t\t\t<div class=\"elementor-spacer-inner\"><\/div>\n\t\t<\/div>\n\t\t\t\t\t\t<\/div>\n\t\t\t\t<\/div>\n\t\t\t\t\t<\/div>\n\t\t\t\t<\/div>\n\t\t<div class=\"elementor-element elementor-element-20b2bf3 e-flex e-con-boxed e-con e-parent\" data-id=\"20b2bf3\" data-element_type=\"container\" data-e-type=\"container\" data-settings=\"{&quot;_ha_eqh_enable&quot;:false}\">\n\t\t\t\t\t<div class=\"e-con-inner\">\n\t\t\t\t<div class=\"elementor-element elementor-element-4f2ab5d elementor-widget elementor-widget-text-editor\" data-id=\"4f2ab5d\" data-element_type=\"widget\" data-e-type=\"widget\" data-widget_type=\"text-editor.default\">\n\t\t\t\t<div class=\"elementor-widget-container\">\n\t\t\t\t\t\t\t\t\t<p>Au\u00dferdem kann der Architekt Ihnen bei Bedarf Farbempfehlungen f\u00fcr Ihr Haus geben.<br \/>\nSie legen gro\u00dfen Wert auf eine gute Kommunikation.<br \/>\nSie kommunizieren immer mit derselben Person, was nat\u00fcrlich dem Fortschritt des Projekts zugute kommt.  <\/p>\n\t\t\t\t\t\t\t\t<\/div>\n\t\t\t\t<\/div>\n\t\t\t\t\t<\/div>\n\t\t\t\t<\/div>\n\t\t<div class=\"elementor-element elementor-element-bd14afa e-flex e-con-boxed e-con e-parent\" data-id=\"bd14afa\" data-element_type=\"container\" data-e-type=\"container\" data-settings=\"{&quot;_ha_eqh_enable&quot;:false}\">\n\t\t\t\t\t<div class=\"e-con-inner\">\n\t\t\t\t<div class=\"elementor-element elementor-element-445724a elementor-widget elementor-widget-text-editor\" data-id=\"445724a\" data-element_type=\"widget\" data-e-type=\"widget\" data-widget_type=\"text-editor.default\">\n\t\t\t\t<div class=\"elementor-widget-container\">\n\t\t\t\t\t\t\t\t\t<p>Suchen Sie einen guten Innenarchitekten?<br \/>\nW\u00e4hlen Sie einen Innenarchitekten oder Designer \u00fcber Marcotte Style. <\/p>\n\t\t\t\t\t\t\t\t<\/div>\n\t\t\t\t<\/div>\n\t\t\t\t\t<\/div>\n\t\t\t\t<\/div>\n\t\t\t\t<\/div>\n\t\t","protected":false},"excerpt":{"rendered":"<p>Innenarchitekt Marcotte Style, der Innenarchitekt Braucht Ihr Zuhause einen neuen Look? Dann kann Marcotte Style, einer der erfahrensten Innenarchitekten des Landes, Ihnen zweifellos weiterhelfen. Der&#8230;<\/p>\n","protected":false},"author":2,"featured_media":0,"parent":0,"menu_order":21,"comment_status":"closed","ping_status":"closed","template":"elementor_header_footer","meta":{"ngg_post_thumbnail":0,"footnotes":""},"class_list":["post-13201","page","type-page","status-publish","hentry"],"_links":{"self":[{"href":"https:\/\/marcottestyle.com\/de\/wp-json\/wp\/v2\/pages\/13201","targetHints":{"allow":["GET"]}}],"collection":[{"href":"https:\/\/marcottestyle.com\/de\/wp-json\/wp\/v2\/pages"}],"about":[{"href":"https:\/\/marcottestyle.com\/de\/wp-json\/wp\/v2\/types\/page"}],"author":[{"embeddable":true,"href":"https:\/\/marcottestyle.com\/de\/wp-json\/wp\/v2\/users\/2"}],"replies":[{"embeddable":true,"href":"https:\/\/marcottestyle.com\/de\/wp-json\/wp\/v2\/comments?post=13201"}],"version-history":[{"count":4,"href":"https:\/\/marcottestyle.com\/de\/wp-json\/wp\/v2\/pages\/13201\/revisions"}],"predecessor-version":[{"id":39418,"href":"https:\/\/marcottestyle.com\/de\/wp-json\/wp\/v2\/pages\/13201\/revisions\/39418"}],"wp:attachment":[{"href":"https:\/\/marcottestyle.com\/de\/wp-json\/wp\/v2\/media?parent=13201"}],"curies":[{"name":"wp","href":"https:\/\/api.w.org\/{rel}","templated":true}]}}