{"id":13218,"date":"2018-02-13T10:02:25","date_gmt":"2018-02-13T09:02:25","guid":{"rendered":"http:\/\/marcottestyle.com\/interieur-exclusif-avec-elegance\/"},"modified":"2019-12-31T12:52:03","modified_gmt":"2019-12-31T11:52:03","slug":"exklusives-und-stilvolles-wohnen","status":"publish","type":"page","link":"https:\/\/marcottestyle.com\/de\/exklusives-und-stilvolles-wohnen\/","title":{"rendered":"Exklusives und stilvolles Wohnen"},"content":{"rendered":"<p>Unabh\u00e4ngig davon, welchen Einrichtungsstil Sie bevorzugen, ist es am wichtigsten, dass Sie als Bewohner Ihres Hauses eine Einrichtung w\u00e4hlen, die zu Ihnen passt. Sie m\u00fcssen sich wohl und zu Hause f\u00fchlen. Mit Leidenschaft f\u00fcr den Beruf entwirft das Innendesign-Team von Marcotte Style ein Interieur, das exklusiv zu Ihnen passt. Exklusives und stilvolles Wohnen sollte nicht teuer sein.<\/p>\n<p>In einem sorgf\u00e4ltig durchdachten zeitlosen und stilvollen Interieur k\u00f6nnen Sie mit themenorientierten Dekorationen nach Herzenslust variieren. Ohne die Identit\u00e4t Ihres exklusiven Interieurs zu beeintr\u00e4chtigen, beraten wir Sie gerne \u00fcber die sich st\u00e4ndig \u00e4ndernden Dekorationstrends. So erleben Sie den Wechsel der Jahreszeiten oder ein angenehmes Partygef\u00fchl noch intensiver.<\/p>\n<p>[seo-gallery type=&#8221;3-columns&#8221; taxonomy=&#8221;97&#8243; num=&#8221;4,11&#8243;]<\/p>\n<h3>Marcotte Style, vielseitig einsetzbar<\/h3>\n<p>Marcotte Style steht f\u00fcr komplette Inneneinrichtung, Farbberatung oder Themendefinition f\u00fcr ganz exklusives Wohnen. Sch\u00f6ner zeitgen\u00f6ssischer oder bunter Retro-, glatter moderner oder weicher Kokon, atmosph\u00e4risches l\u00e4ndliches oder mit attraktiven s\u00fcdlichen Akzenten; stilvolles leben beginnt mit einem sorgf\u00e4ltigen design.<br \/>\nMithilfe unseres fortschrittlichen Zeichenprogramms und auf der Grundlage von Fotos aller Artikel aus dem Marcotte Style-Webshop erstellen wir eine detaillierte 3D-Projektion, wie Ihr Interieur aussehen kann. Mit der Unterst\u00fctzung Ihrer W\u00fcnsche und Anregungen kreieren wir ein exklusives Interieur, das perfekt zu Ihrer Pers\u00f6nlichkeit passt.<\/p>\n<h3>Villa oder Wohnung mit Exklusives und stilvolles Stil:<\/h3>\n<p>Ihre Villa oder Wohnung, gro\u00df oder klein, alles dreht sich um Marcotte Style. Wir machen jedes Zuhause zu einem Ort, an den man nach Hause kommen kann. Exklusives Wohnen muss nicht immer teuer sein. Ein ausgewogenes und stilvolles Innendesign hat alles mit den angewandten Farbkombinationen, dem Stil der M\u00f6bel und der Atmosph\u00e4re zu tun, die die verwendeten Accessoires schaffen. Marcotte Style will es Ihnen beweisen. Teilen Sie uns Ihre W\u00fcnsche und M\u00f6glichkeiten mit, wir schenken Ihnen ein kleines Paradies.<\/p>\n<p style=\"border-bottom-color: #cccccc; border-bottom-style: solid; border-bottom-width: 1px; border-top-color: #cccccc; border-top-style: solid; border-top-width: 1px; color: #000000; display: inline-block; font-family: Arial,sans-serif; font-size: 22.53px; font-style: normal; font-variant: normal; font-weight: 400; letter-spacing: normal; orphans: 2; position: relative; text-align: center; text-decoration: none; text-indent: 0px; text-transform: none; -webkit-text-stroke-width: 0px; white-space: normal; word-spacing: 0px; padding: 0.5em 0.75em 0.5em 0.75em; margin: 0px;\">Exklusives und stilvolles Wohnen muss nicht teuer sein! Marcotte Style unterst\u00fctzt Sie bei der kompletten Neugestaltung Ihres Hauses.<\/p>\n<p><u><span style=\"background-color: #bfe6ff; color: #000120;\"><a href=\"https:\/\/marcottestyle.com\/de\/kontakt\/\">Kontaktieren Sie uns<\/a> unverbindlich<br \/>\nSehen Sie sich <a href=\"https:\/\/marcottestyle.com\/de\/portfolio\/\">unsere Referenzen<\/a> an<br \/>\n<\/span><\/u>[seo-gallery type=&#8221;4-columns&#8221; taxonomy=&#8221;97&#8243; num=&#8221;4,11&#8243;]<\/p>\n","protected":false},"excerpt":{"rendered":"<p>Unabh\u00e4ngig davon, welchen Einrichtungsstil Sie bevorzugen, ist es am wichtigsten, dass Sie als Bewohner Ihres Hauses eine Einrichtung w\u00e4hlen, die zu Ihnen passt. Sie m\u00fcssen&#8230;<\/p>\n","protected":false},"author":2,"featured_media":0,"parent":0,"menu_order":22,"comment_status":"closed","ping_status":"closed","template":"elementor_header_footer","meta":{"ngg_post_thumbnail":0,"footnotes":""},"class_list":["post-13218","page","type-page","status-publish","hentry"],"_links":{"self":[{"href":"https:\/\/marcottestyle.com\/de\/wp-json\/wp\/v2\/pages\/13218","targetHints":{"allow":["GET"]}}],"collection":[{"href":"https:\/\/marcottestyle.com\/de\/wp-json\/wp\/v2\/pages"}],"about":[{"href":"https:\/\/marcottestyle.com\/de\/wp-json\/wp\/v2\/types\/page"}],"author":[{"embeddable":true,"href":"https:\/\/marcottestyle.com\/de\/wp-json\/wp\/v2\/users\/2"}],"replies":[{"embeddable":true,"href":"https:\/\/marcottestyle.com\/de\/wp-json\/wp\/v2\/comments?post=13218"}],"version-history":[{"count":2,"href":"https:\/\/marcottestyle.com\/de\/wp-json\/wp\/v2\/pages\/13218\/revisions"}],"predecessor-version":[{"id":13220,"href":"https:\/\/marcottestyle.com\/de\/wp-json\/wp\/v2\/pages\/13218\/revisions\/13220"}],"wp:attachment":[{"href":"https:\/\/marcottestyle.com\/de\/wp-json\/wp\/v2\/media?parent=13218"}],"curies":[{"name":"wp","href":"https:\/\/api.w.org\/{rel}","templated":true}]}}