{"id":13251,"date":"2018-02-13T10:07:57","date_gmt":"2018-02-13T09:07:57","guid":{"rendered":"http:\/\/marcottestyle.com\/faire-des-placards\/"},"modified":"2019-12-31T16:50:20","modified_gmt":"2019-12-31T15:50:20","slug":"kleiderschraenke-machen","status":"publish","type":"page","link":"https:\/\/marcottestyle.com\/de\/kleiderschraenke-machen\/","title":{"rendered":"Kleiderschr\u00e4nke machen"},"content":{"rendered":"<h3><img fetchpriority=\"high\" decoding=\"async\" class=\"alignleft wp-image-12970 size-medium\" style=\"color: #000000; float: left; font-family: Arial,sans-serif; font-size: 18px; font-style: normal; font-variant: normal; font-weight: 400; height: auto; letter-spacing: normal; max-width: 100%; orphans: 2; outline-color: #72777c; outline-style: solid; outline-width: 1px; text-align: left; text-decoration: none; text-indent: 0px; text-transform: none; -webkit-text-stroke-width: 0px; white-space: normal; word-spacing: 0px; margin: 0.5em 20px 20px 0px;\" src=\"http:\/\/marcottestyle.com\/wp-content\/uploads\/2019\/12\/Marcottestyle-kasten-op-maat-detail-plan-1-300x200.jpg\" alt=\"\" width=\"300\" height=\"200\" title=\"\">Kleiderschr\u00e4nke und dressing:<\/h3>\n<p>Bei Marcottestyle h\u00f6ren wir uns zun\u00e4chst Ihre Bed\u00fcrfnisse an. Dann bereiten wir die ersten Pl\u00e4ne mit den richtigen Ma\u00dfen vor. Dann passen wir alles Ihren W\u00fcnschen an und kommen dann zu den endg\u00fcltigen 3D-Zeichnungen. Danach k\u00f6nnen von den neuen Messschr\u00e4nken auch 3D-Projektionen angefertigt oder der v\u00f6llig neue oder angepasste Raum verkleidet werden.<\/p>\n<p><img decoding=\"async\" class=\"alignright wp-image-12966 size-medium\" style=\"color: #000000; float: right; font-family: Arial,sans-serif; font-size: 18px; font-style: normal; font-variant: normal; font-weight: 400; height: auto; letter-spacing: normal; max-width: 100%; orphans: 2; outline-color: #72777c; outline-style: solid; outline-width: 1px; text-align: left; text-decoration: none; text-indent: 0px; text-transform: none; -webkit-text-stroke-width: 0px; white-space: normal; word-spacing: 0px; margin: 0.5em 0px 20px 20px;\" src=\"http:\/\/marcottestyle.com\/wp-content\/uploads\/2019\/12\/Marcottestyle-kasten-op-maat-algemeen-plan-1-300x200.jpg\" alt=\"\" width=\"300\" height=\"200\" title=\"\" srcset=\"https:\/\/marcottestyle.com\/wp-content\/uploads\/2019\/12\/Marcottestyle-kasten-op-maat-algemeen-plan-1-300x200.jpg 300w, https:\/\/marcottestyle.com\/wp-content\/uploads\/2019\/12\/Marcottestyle-kasten-op-maat-algemeen-plan-1-1024x683.jpg 1024w, https:\/\/marcottestyle.com\/wp-content\/uploads\/2019\/12\/Marcottestyle-kasten-op-maat-algemeen-plan-1-768x512.jpg 768w, https:\/\/marcottestyle.com\/wp-content\/uploads\/2019\/12\/Marcottestyle-kasten-op-maat-algemeen-plan-1-1536x1024.jpg 1536w, https:\/\/marcottestyle.com\/wp-content\/uploads\/2019\/12\/Marcottestyle-kasten-op-maat-algemeen-plan-1-1280x853.jpg 1280w, https:\/\/marcottestyle.com\/wp-content\/uploads\/2019\/12\/Marcottestyle-kasten-op-maat-algemeen-plan-1.jpg 1920w\" sizes=\"(max-width: 300px) 100vw, 300px\" \/><\/p>\n<p>Suchen Sie sch\u00f6ne Garderobenschr\u00e4nke? Dann w\u00e4hlen Sie ein Ankleidezimmer von Marcotte Style. Wir sind spezialisiert auf das Entwerfen und Platzieren von Verb\u00e4nden. Unser Innenarchitekt erstellt zun\u00e4chst einen CAD-Plan nach Ihren W\u00fcnschen und Ihrem Budget. Wir fertigen dann Ihre Garderobe in unserer eigenen Werkstatt. Mit einer High-Tech-S\u00e4ge und CNC-Fr\u00e4smaschinen fertigen wir ma\u00dfgeschneiderte Abrichtschr\u00e4nke. Dies bedeutet, dass bis zu sieben S\u00e4gen gleichzeitig arbeiten und Sie begehbare Kleiderschr\u00e4nke zu den Preisen von Standardschr\u00e4nken erhalten.<\/p>\n<h3>Richten Sie Ihre Garderobenschr\u00e4nke selbst ein<\/h3>\n\n\t\t<style type=\"text\/css\">\n\t\t\t#gallery-1 {\n\t\t\t\tmargin: auto;\n\t\t\t}\n\t\t\t#gallery-1 .gallery-item {\n\t\t\t\tfloat: left;\n\t\t\t\tmargin-top: 10px;\n\t\t\t\ttext-align: center;\n\t\t\t\twidth: 33%;\n\t\t\t}\n\t\t\t#gallery-1 img {\n\t\t\t\tborder: 2px solid #cfcfcf;\n\t\t\t}\n\t\t\t#gallery-1 .gallery-caption {\n\t\t\t\tmargin-left: 0;\n\t\t\t}\n\t\t\t\/* see gallery_shortcode() in wp-includes\/media.php *\/\n\t\t<\/style>\n\t\t<div id='gallery-1' class='gallery galleryid-13251 gallery-columns-3 gallery-size-thumbnail'><dl class='gallery-item'>\n\t\t\t<dt class='gallery-icon landscape'>\n\t\t\t\t<a href='https:\/\/marcottestyle.com\/de\/schrank-nach-mass\/marcottestyle-kasten-op-maat-sketchup-2-2\/'><img decoding=\"async\" width=\"150\" height=\"150\" src=\"https:\/\/marcottestyle.com\/wp-content\/uploads\/xstore\/xstore-placeholder-1x1.png\" class=\"attachment-thumbnail size-thumbnail lazyload lazyload-simple et-lazyload-fadeIn\" alt=\"\" data-src=\"https:\/\/marcottestyle.com\/wp-content\/uploads\/2019\/12\/Marcottestyle-kasten-op-maat-sketchup-2-150x150.jpg\" title=\"\"><\/a>\n\t\t\t<\/dt><\/dl><dl class='gallery-item'>\n\t\t\t<dt class='gallery-icon landscape'>\n\t\t\t\t<a href='https:\/\/marcottestyle.com\/de\/schrank-nach-mass\/marcottestyle-kasten-op-maat-sketchup-3-2\/'><img loading=\"lazy\" decoding=\"async\" width=\"150\" height=\"150\" src=\"https:\/\/marcottestyle.com\/wp-content\/uploads\/xstore\/xstore-placeholder-1x1.png\" class=\"attachment-thumbnail size-thumbnail lazyload lazyload-simple et-lazyload-fadeIn\" alt=\"\" data-src=\"https:\/\/marcottestyle.com\/wp-content\/uploads\/2019\/12\/Marcottestyle-kasten-op-maat-sketchup-3-150x150.jpg\" title=\"\"><\/a>\n\t\t\t<\/dt><\/dl><dl class='gallery-item'>\n\t\t\t<dt class='gallery-icon landscape'>\n\t\t\t\t<a href='https:\/\/marcottestyle.com\/de\/schrank-nach-mass\/marcottestyle-kasten-op-maat-sketchup-2\/'><img loading=\"lazy\" decoding=\"async\" width=\"150\" height=\"150\" src=\"https:\/\/marcottestyle.com\/wp-content\/uploads\/xstore\/xstore-placeholder-1x1.png\" class=\"attachment-thumbnail size-thumbnail lazyload lazyload-simple et-lazyload-fadeIn\" alt=\"\" data-src=\"https:\/\/marcottestyle.com\/wp-content\/uploads\/2019\/12\/Marcottestyle-kasten-op-maat-sketchup-150x150.jpg\" title=\"\"><\/a>\n\t\t\t<\/dt><\/dl><br style=\"clear: both\" \/>\n\t\t<\/div>\n\n<p>Nennen Sie uns die Dimensionen des Raumes und bestimmen Sie dann selbst die Aufteilung Ihres Garderobenschrankes. Mehrere Schubladen, lackierte Oberfl\u00e4chen, Zusatzregale, Stangen, ausziehbare Regale, Schuhregale und Beleuchtung &#8230; was immer Sie sich vorstellen, wir gestalten Ihren Kleiderschrank so, wie Sie es w\u00fcnschen.<\/p>\n<p><span style=\"display: inline !important; float: none; background-color: #ffffff; color: #000000; font-family: Arial,sans-serif; font-size: 18px; font-style: normal; font-variant: normal; font-weight: 400; letter-spacing: normal; orphans: 2; text-align: left; text-decoration: none; text-indent: 0px; text-transform: none; -webkit-text-stroke-width: 0px; white-space: normal; word-spacing: 0px;\">[seo-gallery type=&#8221;3-columns&#8221; taxonomy=&#8221;108&#8243; num=&#8221;4,11&#8243;]<\/span><\/p>\n<h3>Ma\u00dfgeschneiderte Garderobenschr\u00e4nke: Extra-Luxus<\/h3>\n<p>Und f\u00fcr wen das alles nicht reicht: Wir fertigen Schr\u00e4nke auch in hochwertigen und luxuri\u00f6sen Ausf\u00fchrungen. Dann wird mit sch\u00f6n gerundeten Tabletten alles nach Ma\u00df gefertigt. Unser 2-Komponenten-M\u00f6bellack sorgt f\u00fcr ein schickes Erscheinungsbild und perfekte Haltbarkeit. Schauen Sie sich unsere Showvilla an, denn dort finden Sie in der Luxusvariante Garderobenschr\u00e4nke von 40 lfm. Dort finden Sie auch Beispiele f\u00fcr Garderobenschr\u00e4nke in der etwas weniger umfangreichen Version. Auf diese Weise k\u00f6nnen Sie selbst bestimmen, welcher Kleiderschranktyp f\u00fcr Ihre Situation am besten geeignet ist.<\/p>\n<blockquote><p>Lassen Sie uns Ihre Garderobenschr\u00e4nke fertigen und w\u00e4hlen Sie die Innenarchitekten von Marcotte Style. Erfahren Sie mehr \u00fcber unsere Kreativit\u00e4t und sehen Sie sich einige unserer Erfolge an oder lesen Sie unsere Presseartikel!<\/p><\/blockquote>\n<p>&nbsp;<\/p>\n<p>Ma\u00dfgefertigte Garderobenschr\u00e4nke herstellen? Dann w\u00e4hlen Sie ein Ankleidezimmer von Marcotte Style. Wir sind spezialisiert auf das Entwerfen und Platzieren von Verb\u00e4nden.<\/p>\n<p>[seo-gallery type=&#8221;4-columns&#8221; taxonomy=&#8221;108&#8243; num=&#8221;4,11&#8243;]<\/p>\n","protected":false},"excerpt":{"rendered":"<p>Kleiderschr\u00e4nke und dressing: Bei Marcottestyle h\u00f6ren wir uns zun\u00e4chst Ihre Bed\u00fcrfnisse an. Dann bereiten wir die ersten Pl\u00e4ne mit den richtigen Ma\u00dfen vor. Dann passen&#8230;<\/p>\n","protected":false},"author":2,"featured_media":0,"parent":0,"menu_order":23,"comment_status":"closed","ping_status":"closed","template":"elementor_header_footer","meta":{"ngg_post_thumbnail":0,"footnotes":""},"class_list":["post-13251","page","type-page","status-publish","hentry"],"_links":{"self":[{"href":"https:\/\/marcottestyle.com\/de\/wp-json\/wp\/v2\/pages\/13251","targetHints":{"allow":["GET"]}}],"collection":[{"href":"https:\/\/marcottestyle.com\/de\/wp-json\/wp\/v2\/pages"}],"about":[{"href":"https:\/\/marcottestyle.com\/de\/wp-json\/wp\/v2\/types\/page"}],"author":[{"embeddable":true,"href":"https:\/\/marcottestyle.com\/de\/wp-json\/wp\/v2\/users\/2"}],"replies":[{"embeddable":true,"href":"https:\/\/marcottestyle.com\/de\/wp-json\/wp\/v2\/comments?post=13251"}],"version-history":[{"count":2,"href":"https:\/\/marcottestyle.com\/de\/wp-json\/wp\/v2\/pages\/13251\/revisions"}],"predecessor-version":[{"id":13253,"href":"https:\/\/marcottestyle.com\/de\/wp-json\/wp\/v2\/pages\/13251\/revisions\/13253"}],"wp:attachment":[{"href":"https:\/\/marcottestyle.com\/de\/wp-json\/wp\/v2\/media?parent=13251"}],"curies":[{"name":"wp","href":"https:\/\/api.w.org\/{rel}","templated":true}]}}