{"id":13294,"date":"2020-01-01T13:24:16","date_gmt":"2020-01-01T12:24:16","guid":{"rendered":"http:\/\/marcottestyle.com\/?page_id=13294"},"modified":"2020-01-01T13:57:25","modified_gmt":"2020-01-01T12:57:25","slug":"klassische-interieur","status":"publish","type":"page","link":"https:\/\/marcottestyle.com\/de\/klassische-interieur\/","title":{"rendered":"klassische Interieur"},"content":{"rendered":"<p>Neben dem Interieur im Retro-Design von Marcottestyle ist das klassische Interieur eine interessante Verbindung zwischen Vergangenheit und Gegenwart.<\/p>\n<p>Um ein attraktives klassisches Interieur zu schaffen, hat Marcottestyle die geniale Idee, zwei Stile zu mischen. Ein rein klassisches Interieur ist manchmal etwas altmodisch und Marcottestyle versucht, diese Art von Interieur etwas j\u00fcnger und frischer zu gestalten, wobei der Retro- oder klassische Stil eine Hauptrolle spielt.<\/p>\n<p>Beim Betreten eines klassischen Interieurs muss das Gef\u00fchl vorhanden sein, dass nur das Interieur klassisch dekoriert ist. Nur wenn mehr Details betrachtet werden, kann man hier und da die zeitgen\u00f6ssischen oder noch moderneren St\u00fccke sehen, ohne dass dies st\u00f6rt.<\/p>\n\n\t\t<style type=\"text\/css\">\n\t\t\t#gallery-1 {\n\t\t\t\tmargin: auto;\n\t\t\t}\n\t\t\t#gallery-1 .gallery-item {\n\t\t\t\tfloat: left;\n\t\t\t\tmargin-top: 10px;\n\t\t\t\ttext-align: center;\n\t\t\t\twidth: 33%;\n\t\t\t}\n\t\t\t#gallery-1 img {\n\t\t\t\tborder: 2px solid #cfcfcf;\n\t\t\t}\n\t\t\t#gallery-1 .gallery-caption {\n\t\t\t\tmargin-left: 0;\n\t\t\t}\n\t\t\t\/* see gallery_shortcode() in wp-includes\/media.php *\/\n\t\t<\/style>\n\t\t<div id='gallery-1' class='gallery galleryid-13294 gallery-columns-3 gallery-size-thumbnail'><dl class='gallery-item'>\n\t\t\t<dt class='gallery-icon landscape'>\n\t\t\t\t<a href='https:\/\/marcottestyle.com\/de\/marcottestyle-klassieke-kasteelvilla-11-2\/'><img decoding=\"async\" width=\"150\" height=\"150\" src=\"https:\/\/marcottestyle.com\/wp-content\/uploads\/xstore\/xstore-placeholder-1x1.png\" class=\"attachment-thumbnail size-thumbnail lazyload lazyload-simple et-lazyload-fadeIn\" alt=\"\" data-src=\"https:\/\/marcottestyle.com\/wp-content\/uploads\/2018\/02\/Marcottestyle-klassieke-kasteelvilla-11-150x150.jpg\" title=\"\"><\/a>\n\t\t\t<\/dt><\/dl><dl class='gallery-item'>\n\t\t\t<dt class='gallery-icon landscape'>\n\t\t\t\t<a href='https:\/\/marcottestyle.com\/de\/?attachment_id=4969'><img decoding=\"async\" width=\"150\" height=\"150\" src=\"https:\/\/marcottestyle.com\/wp-content\/uploads\/xstore\/xstore-placeholder-1x1.png\" class=\"attachment-thumbnail size-thumbnail lazyload lazyload-simple et-lazyload-fadeIn\" alt=\"\" data-src=\"https:\/\/marcottestyle.com\/wp-content\/uploads\/2018\/02\/Marcottestyle-klassieke-kasteelvilla-2-1-150x150.jpg\" title=\"\"><\/a>\n\t\t\t<\/dt><\/dl><dl class='gallery-item'>\n\t\t\t<dt class='gallery-icon portrait'>\n\t\t\t\t<a href='https:\/\/marcottestyle.com\/de\/marcottestyle-ambassade-1-2\/'><img decoding=\"async\" width=\"150\" height=\"150\" src=\"https:\/\/marcottestyle.com\/wp-content\/uploads\/xstore\/xstore-placeholder-1x1.png\" class=\"attachment-thumbnail size-thumbnail lazyload lazyload-simple et-lazyload-fadeIn\" alt=\"\" data-src=\"https:\/\/marcottestyle.com\/wp-content\/uploads\/2018\/02\/Marcottestyle-ambassade-1-150x150.jpg\" title=\"\"><\/a>\n\t\t\t<\/dt><\/dl><br style=\"clear: both\" \/><dl class='gallery-item'>\n\t\t\t<dt class='gallery-icon landscape'>\n\t\t\t\t<a href='https:\/\/marcottestyle.com\/de\/marcottestyle-ambassade-20-2\/'><img loading=\"lazy\" decoding=\"async\" width=\"150\" height=\"150\" src=\"https:\/\/marcottestyle.com\/wp-content\/uploads\/xstore\/xstore-placeholder-1x1.png\" class=\"attachment-thumbnail size-thumbnail lazyload lazyload-simple et-lazyload-fadeIn\" alt=\"\" data-src=\"https:\/\/marcottestyle.com\/wp-content\/uploads\/2018\/02\/Marcottestyle-ambassade-20-150x150.jpg\" title=\"\"><\/a>\n\t\t\t<\/dt><\/dl><dl class='gallery-item'>\n\t\t\t<dt class='gallery-icon landscape'>\n\t\t\t\t<a href='https:\/\/marcottestyle.com\/de\/marcottestyle-ambassade-5-2\/'><img loading=\"lazy\" decoding=\"async\" width=\"150\" height=\"150\" src=\"https:\/\/marcottestyle.com\/wp-content\/uploads\/xstore\/xstore-placeholder-1x1.png\" class=\"attachment-thumbnail size-thumbnail lazyload lazyload-simple et-lazyload-fadeIn\" alt=\"\" data-src=\"https:\/\/marcottestyle.com\/wp-content\/uploads\/2018\/02\/Marcottestyle-ambassade-5-150x150.jpg\" title=\"\"><\/a>\n\t\t\t<\/dt><\/dl><dl class='gallery-item'>\n\t\t\t<dt class='gallery-icon landscape'>\n\t\t\t\t<a href='https:\/\/marcottestyle.com\/de\/marcottestyle-ambassade-4-2\/'><img loading=\"lazy\" decoding=\"async\" width=\"150\" height=\"150\" src=\"https:\/\/marcottestyle.com\/wp-content\/uploads\/xstore\/xstore-placeholder-1x1.png\" class=\"attachment-thumbnail size-thumbnail lazyload lazyload-simple et-lazyload-fadeIn\" alt=\"\" data-src=\"https:\/\/marcottestyle.com\/wp-content\/uploads\/2018\/02\/Marcottestyle-ambassade-4-150x150.jpg\" title=\"\"><\/a>\n\t\t\t<\/dt><\/dl><br style=\"clear: both\" \/><dl class='gallery-item'>\n\t\t\t<dt class='gallery-icon landscape'>\n\t\t\t\t<a href='https:\/\/marcottestyle.com\/de\/marcottestyle-ambassade-49-2\/'><img loading=\"lazy\" decoding=\"async\" width=\"150\" height=\"150\" src=\"https:\/\/marcottestyle.com\/wp-content\/uploads\/xstore\/xstore-placeholder-1x1.png\" class=\"attachment-thumbnail size-thumbnail lazyload lazyload-simple et-lazyload-fadeIn\" alt=\"\" data-src=\"https:\/\/marcottestyle.com\/wp-content\/uploads\/2018\/02\/Marcottestyle-ambassade-49-150x150.jpg\" title=\"\"><\/a>\n\t\t\t<\/dt><\/dl>\n\t\t\t<br style='clear: both' \/>\n\t\t<\/div>\n\n<h3>Reiche Vorh\u00e4nge:<\/h3>\n<p>Es bleibt ein vornehmer Stil mit reichhaltigen Vorh\u00e4ngen, M\u00f6beln, Dekoration und Beleuchtung, gemischt mit einigen zeitgem\u00e4\u00dferen Elementen. Dieses Ger\u00e4t kann jedoch so modern oder klassisch sein, wie Sie es w\u00fcnschen. Die Auswahl der Vorh\u00e4nge ist in diesem klassischen Stil sehr wichtig.<\/p>\n<h3>Ein Herrenhaus mit reichen M\u00f6beln:<\/h3>\n<p>Klassische M\u00f6bel sind ein Muss f\u00fcr die Einrichtung eines Herrenhauses, in dem Vergangenheit und Gegenwart verschmelzen. Wir leben hier in einem klassischen Interieur mit einem zeitgen\u00f6ssischen, gro\u00dfz\u00fcgigen Gef\u00fchl. Bei Marcottestyle kann man sehr gut sp\u00fcren, inwieweit die Kombination zwischen Klassik und Moderne gefragt ist. Mit klassischen M\u00f6beln, die Marcottestyle auch liefern kann, ist sogar 100-prozentiger Klassiker m\u00f6glich. Werfen Sie einen kurzen Blick auf die Kollektion klassischer M\u00f6bel von Marcottestyle. Das zahlt sich auf jeden Fall aus. Bei einem Gesamtdesign k\u00f6nnen nat\u00fcrlich noch viele andere M\u00f6bel zum klassischen Interieur gez\u00e4hlt werden.<\/p>\n\n\t\t<style type=\"text\/css\">\n\t\t\t#gallery-2 {\n\t\t\t\tmargin: auto;\n\t\t\t}\n\t\t\t#gallery-2 .gallery-item {\n\t\t\t\tfloat: left;\n\t\t\t\tmargin-top: 10px;\n\t\t\t\ttext-align: center;\n\t\t\t\twidth: 33%;\n\t\t\t}\n\t\t\t#gallery-2 img {\n\t\t\t\tborder: 2px solid #cfcfcf;\n\t\t\t}\n\t\t\t#gallery-2 .gallery-caption {\n\t\t\t\tmargin-left: 0;\n\t\t\t}\n\t\t\t\/* see gallery_shortcode() in wp-includes\/media.php *\/\n\t\t<\/style>\n\t\t<div id='gallery-2' class='gallery galleryid-13294 gallery-columns-3 gallery-size-thumbnail'><dl class='gallery-item'>\n\t\t\t<dt class='gallery-icon landscape'>\n\t\t\t\t<a href='https:\/\/marcottestyle.com\/de\/marcottestyle-ambassadeur-woning-2-2\/'><img loading=\"lazy\" decoding=\"async\" width=\"150\" height=\"150\" src=\"https:\/\/marcottestyle.com\/wp-content\/uploads\/xstore\/xstore-placeholder-1x1.png\" class=\"attachment-thumbnail size-thumbnail lazyload lazyload-simple et-lazyload-fadeIn\" alt=\"\" data-src=\"https:\/\/marcottestyle.com\/wp-content\/uploads\/2018\/02\/Marcottestyle-ambassadeur-woning-2-150x150.jpg\" title=\"\"><\/a>\n\t\t\t<\/dt><\/dl><dl class='gallery-item'>\n\t\t\t<dt class='gallery-icon landscape'>\n\t\t\t\t<a href='https:\/\/marcottestyle.com\/de\/marcottestyle-ambassadeur-woning-5-2\/'><img loading=\"lazy\" decoding=\"async\" width=\"150\" height=\"150\" src=\"https:\/\/marcottestyle.com\/wp-content\/uploads\/xstore\/xstore-placeholder-1x1.png\" class=\"attachment-thumbnail size-thumbnail lazyload lazyload-simple et-lazyload-fadeIn\" alt=\"\" data-src=\"https:\/\/marcottestyle.com\/wp-content\/uploads\/2018\/02\/Marcottestyle-ambassadeur-woning-5-150x150.jpg\" title=\"\"><\/a>\n\t\t\t<\/dt><\/dl><dl class='gallery-item'>\n\t\t\t<dt class='gallery-icon landscape'>\n\t\t\t\t<a href='https:\/\/marcottestyle.com\/de\/marcottestyle-ambassadeur-woning-11-2\/'><img loading=\"lazy\" decoding=\"async\" width=\"150\" height=\"150\" src=\"https:\/\/marcottestyle.com\/wp-content\/uploads\/xstore\/xstore-placeholder-1x1.png\" class=\"attachment-thumbnail size-thumbnail lazyload lazyload-simple et-lazyload-fadeIn\" alt=\"\" data-src=\"https:\/\/marcottestyle.com\/wp-content\/uploads\/2018\/02\/Marcottestyle-ambassadeur-woning-11-150x150.jpg\" title=\"\"><\/a>\n\t\t\t<\/dt><\/dl><br style=\"clear: both\" \/><dl class='gallery-item'>\n\t\t\t<dt class='gallery-icon landscape'>\n\t\t\t\t<a href='https:\/\/marcottestyle.com\/de\/marcottestyle-ambassadeur-woning-21-2\/'><img loading=\"lazy\" decoding=\"async\" width=\"150\" height=\"150\" src=\"https:\/\/marcottestyle.com\/wp-content\/uploads\/xstore\/xstore-placeholder-1x1.png\" class=\"attachment-thumbnail size-thumbnail lazyload lazyload-simple et-lazyload-fadeIn\" alt=\"\" data-src=\"https:\/\/marcottestyle.com\/wp-content\/uploads\/2018\/02\/Marcottestyle-ambassadeur-woning-21-150x150.jpg\" title=\"\"><\/a>\n\t\t\t<\/dt><\/dl><dl class='gallery-item'>\n\t\t\t<dt class='gallery-icon landscape'>\n\t\t\t\t<a href='https:\/\/marcottestyle.com\/de\/marcottestyle-ambassadeur-woning-24-2\/'><img loading=\"lazy\" decoding=\"async\" width=\"150\" height=\"150\" src=\"https:\/\/marcottestyle.com\/wp-content\/uploads\/xstore\/xstore-placeholder-1x1.png\" class=\"attachment-thumbnail size-thumbnail lazyload lazyload-simple et-lazyload-fadeIn\" alt=\"\" data-src=\"https:\/\/marcottestyle.com\/wp-content\/uploads\/2018\/02\/Marcottestyle-ambassadeur-woning-24-150x150.jpg\" title=\"\"><\/a>\n\t\t\t<\/dt><\/dl><dl class='gallery-item'>\n\t\t\t<dt class='gallery-icon landscape'>\n\t\t\t\t<a href='https:\/\/marcottestyle.com\/de\/marcottestyle-ambassadeur-woning-1-2\/'><img loading=\"lazy\" decoding=\"async\" width=\"150\" height=\"150\" src=\"https:\/\/marcottestyle.com\/wp-content\/uploads\/xstore\/xstore-placeholder-1x1.png\" class=\"attachment-thumbnail size-thumbnail lazyload lazyload-simple et-lazyload-fadeIn\" alt=\"\" data-src=\"https:\/\/marcottestyle.com\/wp-content\/uploads\/2018\/02\/Marcottestyle-ambassadeur-woning-1-150x150.jpg\" title=\"\"><\/a>\n\t\t\t<\/dt><\/dl><br style=\"clear: both\" \/><dl class='gallery-item'>\n\t\t\t<dt class='gallery-icon portrait'>\n\t\t\t\t<a href='https:\/\/marcottestyle.com\/de\/marcottestyle-ambassadeur-woning-6-2\/'><img loading=\"lazy\" decoding=\"async\" width=\"150\" height=\"150\" src=\"https:\/\/marcottestyle.com\/wp-content\/uploads\/xstore\/xstore-placeholder-1x1.png\" class=\"attachment-thumbnail size-thumbnail lazyload lazyload-simple et-lazyload-fadeIn\" alt=\"\" data-src=\"https:\/\/marcottestyle.com\/wp-content\/uploads\/2018\/02\/Marcottestyle-ambassadeur-woning-6-150x150.jpg\" title=\"\"><\/a>\n\t\t\t<\/dt><\/dl><dl class='gallery-item'>\n\t\t\t<dt class='gallery-icon portrait'>\n\t\t\t\t<a href='https:\/\/marcottestyle.com\/de\/marcottestyle-ambassadeur-woning-7-2\/'><img loading=\"lazy\" decoding=\"async\" width=\"150\" height=\"150\" src=\"https:\/\/marcottestyle.com\/wp-content\/uploads\/xstore\/xstore-placeholder-1x1.png\" class=\"attachment-thumbnail size-thumbnail lazyload lazyload-simple et-lazyload-fadeIn\" alt=\"\" data-src=\"https:\/\/marcottestyle.com\/wp-content\/uploads\/2018\/02\/Marcottestyle-ambassadeur-woning-7-150x150.jpg\" title=\"\"><\/a>\n\t\t\t<\/dt><\/dl><dl class='gallery-item'>\n\t\t\t<dt class='gallery-icon landscape'>\n\t\t\t\t<a href='https:\/\/marcottestyle.com\/de\/marcottestyle-ambassadeur-woning-15-2\/'><img loading=\"lazy\" decoding=\"async\" width=\"150\" height=\"150\" src=\"https:\/\/marcottestyle.com\/wp-content\/uploads\/xstore\/xstore-placeholder-1x1.png\" class=\"attachment-thumbnail size-thumbnail lazyload lazyload-simple et-lazyload-fadeIn\" alt=\"\" data-src=\"https:\/\/marcottestyle.com\/wp-content\/uploads\/2018\/02\/Marcottestyle-ambassadeur-woning-15-150x150.jpg\" title=\"\"><\/a>\n\t\t\t<\/dt><\/dl><br style=\"clear: both\" \/>\n\t\t<\/div>\n\n<h3>Botschaften mit klassischem Interieur:<\/h3>\n<p>Ein klassisches Interieur ist sicherlich ideal f\u00fcr die Dekoration einer Botschaft. Die Gr\u00f6\u00dfe des Landes, in dem eine Botschaft gl\u00e4nzen muss, ist hier wichtig. Entweder entscheidet man sich entschieden f\u00fcr ein modernes Interieur oder geht schnell zum klassischen stattlichen Stil \u00fcber.<\/p>\n<p><span style=\"display: inline !important; float: none; background-color: #ffffff; color: #000000; font-family: Arial,sans-serif; font-size: 18px; font-style: normal; font-variant: normal; font-weight: 400; letter-spacing: normal; orphans: 2; text-align: left; text-decoration: none; text-indent: 0px; text-transform: none; -webkit-text-stroke-width: 0px; white-space: normal; word-spacing: 0px;\">[seo-gallery type=&#8221;3-columns&#8221; taxonomy=&#8221;69&#8243; num=&#8221;4,11&#8243;]<\/span><\/p>\n","protected":false},"excerpt":{"rendered":"<p>Neben dem Interieur im Retro-Design von Marcottestyle ist das klassische Interieur eine interessante Verbindung zwischen Vergangenheit und Gegenwart. Um ein attraktives klassisches Interieur zu schaffen,&#8230;<\/p>\n","protected":false},"author":2,"featured_media":0,"parent":0,"menu_order":0,"comment_status":"closed","ping_status":"closed","template":"","meta":{"ngg_post_thumbnail":0,"footnotes":""},"class_list":["post-13294","page","type-page","status-publish","hentry"],"_links":{"self":[{"href":"https:\/\/marcottestyle.com\/de\/wp-json\/wp\/v2\/pages\/13294","targetHints":{"allow":["GET"]}}],"collection":[{"href":"https:\/\/marcottestyle.com\/de\/wp-json\/wp\/v2\/pages"}],"about":[{"href":"https:\/\/marcottestyle.com\/de\/wp-json\/wp\/v2\/types\/page"}],"author":[{"embeddable":true,"href":"https:\/\/marcottestyle.com\/de\/wp-json\/wp\/v2\/users\/2"}],"replies":[{"embeddable":true,"href":"https:\/\/marcottestyle.com\/de\/wp-json\/wp\/v2\/comments?post=13294"}],"version-history":[{"count":4,"href":"https:\/\/marcottestyle.com\/de\/wp-json\/wp\/v2\/pages\/13294\/revisions"}],"predecessor-version":[{"id":13310,"href":"https:\/\/marcottestyle.com\/de\/wp-json\/wp\/v2\/pages\/13294\/revisions\/13310"}],"wp:attachment":[{"href":"https:\/\/marcottestyle.com\/de\/wp-json\/wp\/v2\/media?parent=13294"}],"curies":[{"name":"wp","href":"https:\/\/api.w.org\/{rel}","templated":true}]}}