{"id":13334,"date":"2018-02-13T10:36:04","date_gmt":"2018-02-13T09:36:04","guid":{"rendered":"http:\/\/marcottestyle.com\/architecte-d-interieur\/"},"modified":"2024-09-28T13:21:39","modified_gmt":"2024-09-28T11:21:39","slug":"innenarchitekten","status":"publish","type":"page","link":"https:\/\/marcottestyle.com\/de\/innenarchitekten\/","title":{"rendered":"Innenarchitekt"},"content":{"rendered":"\t\t<div data-elementor-type=\"wp-page\" data-elementor-id=\"13334\" class=\"elementor elementor-13334 elementor-5420\" data-elementor-settings=\"{&quot;ha_cmc_init_switcher&quot;:&quot;no&quot;}\" data-elementor-post-type=\"page\">\n\t\t\t\t<div class=\"elementor-element elementor-element-efb0131 e-flex e-con-boxed e-con e-parent\" data-id=\"efb0131\" data-element_type=\"container\" data-e-type=\"container\" data-settings=\"{&quot;_ha_eqh_enable&quot;:false}\">\n\t\t\t\t\t<div class=\"e-con-inner\">\n\t\t\t\t\t<\/div>\n\t\t\t\t<\/div>\n\t\t<div class=\"elementor-element elementor-element-d847b70 e-flex e-con-boxed e-con e-parent\" data-id=\"d847b70\" data-element_type=\"container\" data-e-type=\"container\" data-settings=\"{&quot;_ha_eqh_enable&quot;:false}\">\n\t\t\t\t\t<div class=\"e-con-inner\">\n\t\t\t\t<div class=\"elementor-element elementor-element-562b55b elementor-widget elementor-widget-spacer\" data-id=\"562b55b\" data-element_type=\"widget\" data-e-type=\"widget\" data-widget_type=\"spacer.default\">\n\t\t\t\t<div class=\"elementor-widget-container\">\n\t\t\t\t\t\t\t<div class=\"elementor-spacer\">\n\t\t\t<div class=\"elementor-spacer-inner\"><\/div>\n\t\t<\/div>\n\t\t\t\t\t\t<\/div>\n\t\t\t\t<\/div>\n\t\t\t\t\t<\/div>\n\t\t\t\t<\/div>\n\t\t<div class=\"elementor-element elementor-element-139f95e e-flex e-con-boxed e-con e-parent\" data-id=\"139f95e\" data-element_type=\"container\" data-e-type=\"container\" data-settings=\"{&quot;_ha_eqh_enable&quot;:false}\">\n\t\t\t\t\t<div class=\"e-con-inner\">\n\t\t\t\t<div class=\"elementor-element elementor-element-eb1875e elementor-align-left elementor-widget elementor-widget-etheme_advanced_headline\" data-id=\"eb1875e\" data-element_type=\"widget\" data-e-type=\"widget\" data-widget_type=\"etheme_advanced_headline.default\">\n\t\t\t\t<div class=\"elementor-widget-container\">\n\t\t\t\t\t        \n        <div class=\"etheme-a-h-wrapper\">\n        \n            \n\t\t\t\n        <h2 class=\"etheme-advanced-headline etheme-advanced-headline-mask\">\n\n            Marcotte Style, der Innenarchitekt\n        <\/h2>\n\t\t\n                    \n        <\/div>\n        \n\t\t\t\t\t\t<\/div>\n\t\t\t\t<\/div>\n\t\t\t\t\t<\/div>\n\t\t\t\t<\/div>\n\t\t<div class=\"elementor-element elementor-element-1942441 e-flex e-con-boxed e-con e-parent\" data-id=\"1942441\" data-element_type=\"container\" data-e-type=\"container\" data-settings=\"{&quot;_ha_eqh_enable&quot;:false}\">\n\t\t\t\t\t<div class=\"e-con-inner\">\n\t\t<div class=\"elementor-element elementor-element-e9b07c2 e-con-full e-flex e-con e-child\" data-id=\"e9b07c2\" data-element_type=\"container\" data-e-type=\"container\" data-settings=\"{&quot;_ha_eqh_enable&quot;:false}\">\n\t\t\t\t<div class=\"elementor-element elementor-element-7250f63 elementor-widget elementor-widget-instant-advanced-gallery\" data-id=\"7250f63\" data-element_type=\"widget\" data-e-type=\"widget\" data-settings=\"{&quot;item_per_row&quot;:1,&quot;hover_effect&quot;:&quot;zoomCrossLine&quot;,&quot;gallery_layout&quot;:&quot;grid&quot;,&quot;display_type&quot;:&quot;fadeInToTop&quot;,&quot;display_speed&quot;:{&quot;unit&quot;:&quot;px&quot;,&quot;size&quot;:0.8,&quot;sizes&quot;:[]},&quot;load_more&quot;:&quot;none&quot;,&quot;item_per_row_tablet&quot;:2,&quot;item_per_row_mobile&quot;:1,&quot;height&quot;:{&quot;unit&quot;:&quot;px&quot;,&quot;size&quot;:300,&quot;sizes&quot;:[]},&quot;height_tablet&quot;:{&quot;unit&quot;:&quot;px&quot;,&quot;size&quot;:&quot;&quot;,&quot;sizes&quot;:[]},&quot;height_mobile&quot;:{&quot;unit&quot;:&quot;px&quot;,&quot;size&quot;:&quot;&quot;,&quot;sizes&quot;:[]},&quot;margin&quot;:{&quot;unit&quot;:&quot;px&quot;,&quot;size&quot;:15,&quot;sizes&quot;:[]},&quot;margin_tablet&quot;:{&quot;unit&quot;:&quot;px&quot;,&quot;size&quot;:15,&quot;sizes&quot;:[]},&quot;margin_mobile&quot;:{&quot;unit&quot;:&quot;px&quot;,&quot;size&quot;:15,&quot;sizes&quot;:[]}}\" data-widget_type=\"instant-advanced-gallery.default\">\n\t\t\t\t<div class=\"elementor-widget-container\">\n\t\t\t\t\t\r\n<div id=\"instant-gallery-7250f63\" class=\"instant-gallery-wrapper\">\r\n\r\n\t\r\n\t<div id=\"instant-gallery-grid-7250f63\" class=\"galleryResponsive instant-gallery-type-grid qmg instant-gallery\">\r\n\t\t\t\t\t<div class=\"qmg-item filter-1\">\r\n\t\t\t\t<div class=\"qmg-caption\">\r\n\t\t\t\t\t<div class=\"qmg-caption-defaultWrap\">\r\n\t\t\t\t\t\t<img fetchpriority=\"high\" decoding=\"async\" width=\"1920\" height=\"1280\" src=\"https:\/\/marcottestyle.com\/wp-content\/uploads\/xstore\/xstore-placeholder.png\" class=\"attachment-full size-full wp-image-12966 lazyload lazyload-simple et-lazyload-fadeIn\" alt=\"\" sizes=\"(max-width: 1920px) 100vw, 1920px\" data-src=\"https:\/\/marcottestyle.com\/wp-content\/uploads\/2019\/12\/Marcottestyle-kasten-op-maat-algemeen-plan-1.jpg\" data-srcset=\"https:\/\/marcottestyle.com\/wp-content\/uploads\/2019\/12\/Marcottestyle-kasten-op-maat-algemeen-plan-1.jpg 1920w, https:\/\/marcottestyle.com\/wp-content\/uploads\/2019\/12\/Marcottestyle-kasten-op-maat-algemeen-plan-1-300x200.jpg 300w, https:\/\/marcottestyle.com\/wp-content\/uploads\/2019\/12\/Marcottestyle-kasten-op-maat-algemeen-plan-1-1024x683.jpg 1024w, https:\/\/marcottestyle.com\/wp-content\/uploads\/2019\/12\/Marcottestyle-kasten-op-maat-algemeen-plan-1-768x512.jpg 768w, https:\/\/marcottestyle.com\/wp-content\/uploads\/2019\/12\/Marcottestyle-kasten-op-maat-algemeen-plan-1-1536x1024.jpg 1536w, https:\/\/marcottestyle.com\/wp-content\/uploads\/2019\/12\/Marcottestyle-kasten-op-maat-algemeen-plan-1-1280x853.jpg 1280w\" title=\"\">\t\t\t\t\t<\/div>\r\n\t\t\t\t\t<div class=\"qmg-caption-activeWrap\">\r\n\t\t\t\t\t\t<div class=\"qmg-l-caption-alignCenter\">\r\n\t\t\t\t\t\t\t<div class=\"qmg-l-caption-body\">\r\n\t\t\t\t\t\t\t\t\t\t\t\t\t\t\t\t\t<div class=\"qmg-action-icons-wrapper\">\r\n\t\t\t\t\t\t\t\t\t\t\t\t\t\t\t\t\t\t\t\t\t<a href=\"#lightbox\" data-fancybox=\"gallery-7250f63\" data-type=\"image\" data-thumb=\"https:\/\/marcottestyle.com\/wp-content\/uploads\/2019\/12\/Marcottestyle-kasten-op-maat-algemeen-plan-1.jpg\" class=\"qmg-icon-lightbox\" data-caption=\"\" data-src=\"https:\/\/marcottestyle.com\/wp-content\/uploads\/2019\/12\/Marcottestyle-kasten-op-maat-algemeen-plan-1.jpg\" rel=\"nofollow\"><i aria-hidden=\"true\" class=\"et-icon et-zoom\"><\/i><\/a>\r\n\t\t\t\t\t\t\t\t\t\t\t\t\t\t\t\t\t\t\t\t\t\t\t\t\t\t\t\t\t<\/div>\r\n\t\t\t\t\t\t\t\t\t\t\t\t\t\t\t\t\t\t\t\t\t\t\t<\/div>\r\n\t\t\t\t\t\t<\/div>\r\n\t\t\t\t\t<\/div>\r\n\t\t\t\t<\/div>\r\n\t\t\t\t\t\t\t\t\t\t\t<\/div>\r\n\t\t\t<\/div>\r\n\r\n\t\r\n<\/div>\r\n\t\t\t\t<\/div>\n\t\t\t\t<\/div>\n\t\t\t\t<\/div>\n\t\t<div class=\"elementor-element elementor-element-066c975 e-con-full e-flex e-con e-child\" data-id=\"066c975\" data-element_type=\"container\" data-e-type=\"container\" data-settings=\"{&quot;_ha_eqh_enable&quot;:false}\">\n\t\t\t\t<div class=\"elementor-element elementor-element-2a074e7 elementor-widget elementor-widget-text-editor\" data-id=\"2a074e7\" data-element_type=\"widget\" data-e-type=\"widget\" data-widget_type=\"text-editor.default\">\n\t\t\t\t<div class=\"elementor-widget-container\">\n\t\t\t\t\t\t\t\t\t<p>Wenn Sie auf der Suche nach einem guten Innenarchitekten sind, um Ihrem Zuhause einen neuen Look zu geben, w\u00e4hlen Sie einen der erfahrensten des Landes, Marcotte Style.<br \/>\nBei Marcotte Style wird der Beruf des Architekten mit au\u00dfergew\u00f6hnlichen <span style=\"color: #96825b;\"><a style=\"color: #96825b;\" href=\"https:\/\/marcottestyle.com\/binnenhuisinrichting\/\">Innenarchitektur<\/a><\/span> auf die n\u00e4chste Stufe gehoben worden. <\/p>\n<p>In jedem einzelnen Zimmer <span style=\"text-decoration: underline;\"><span style=\"color: #96825b;\"><a style=\"color: #96825b; text-decoration: underline;\" href=\"https:\/\/marcottestyle.com\/Innenarchitekt\/\">Innenarchitekt<\/a><\/span><\/span> Jean-Jeacques Soenen sorgt f\u00fcr eine homogene und vollst\u00e4ndige <span style=\"text-decoration: underline;\"><span style=\"color: #96825b;\"><a style=\"color: #96825b; text-decoration: underline;\" href=\"https:\/\/marcottestyle.com\/interieur-design\/\">Innenarchitektur<\/a><\/span><\/span> geschaffen wird.<br \/>\nSowohl f\u00fcr Luxusvillen als auch f\u00fcr gem\u00fctliche Wohnungen.<br \/>\nSie arbeitet mit Ihnen zusammen, um ein wirklich atemberaubendes Design nach Ihren W\u00fcnschen zu entwerfen.<br \/>\nJedes architektonische Dossier wird mit einem sorgf\u00e4ltig ausgearbeiteten Kostenvoranschlag vorbereitet, bei dem alles zu 100% transparent ist.<br \/>\nSo werden alle Missverst\u00e4ndnisse aus dem Weg ger\u00e4umt.    <\/p>\n\t\t\t\t\t\t\t\t<\/div>\n\t\t\t\t<\/div>\n\t\t\t\t<\/div>\n\t\t\t\t\t<\/div>\n\t\t\t\t<\/div>\n\t\t<div class=\"elementor-element elementor-element-b3c621c e-flex e-con-boxed e-con e-parent\" data-id=\"b3c621c\" data-element_type=\"container\" data-e-type=\"container\" data-settings=\"{&quot;_ha_eqh_enable&quot;:false}\">\n\t\t\t\t\t<div class=\"e-con-inner\">\n\t\t\t\t<div class=\"elementor-element elementor-element-63982a2 elementor-widget elementor-widget-text-editor\" data-id=\"63982a2\" data-element_type=\"widget\" data-e-type=\"widget\" data-widget_type=\"text-editor.default\">\n\t\t\t\t<div class=\"elementor-widget-container\">\n\t\t\t\t\t\t\t\t\t<p>Marcotttestyle ist in allen Stilrichtungen zu Hause, von Country \u00fcber zeitgen\u00f6ssisch bis modern.<\/p>\n\t\t\t\t\t\t\t\t<\/div>\n\t\t\t\t<\/div>\n\t\t\t\t\t<\/div>\n\t\t\t\t<\/div>\n\t\t<div class=\"elementor-element elementor-element-3374d96 e-flex e-con-boxed e-con e-parent\" data-id=\"3374d96\" data-element_type=\"container\" data-e-type=\"container\" data-settings=\"{&quot;_ha_eqh_enable&quot;:false}\">\n\t\t\t\t\t<div class=\"e-con-inner\">\n\t\t\t\t<div class=\"elementor-element elementor-element-4ba7593 elementor-widget elementor-widget-text-editor\" data-id=\"4ba7593\" data-element_type=\"widget\" data-e-type=\"widget\" data-widget_type=\"text-editor.default\">\n\t\t\t\t<div class=\"elementor-widget-container\">\n\t\t\t\t\t\t\t\t\t<p><span style=\"text-decoration: underline;\"><span style=\"color: #96825b; text-decoration: underline;\"><a style=\"color: #96825b; text-decoration: underline;\" href=\"https:\/\/marcottestyle.com\/contact\/\">Kontaktieren Sie uns unverbindlich<\/a><\/span><\/span><br \/><span style=\"text-decoration: underline;\"><span style=\"color: #96825b; text-decoration: underline;\"><a style=\"color: #96825b; text-decoration: underline;\" href=\"https:\/\/marcottestyle.com\/portfolio\/\">Sehen Sie unsere Realisierungen<\/a><\/span><\/span><\/p>\n\t\t\t\t\t\t\t\t<\/div>\n\t\t\t\t<\/div>\n\t\t\t\t\t<\/div>\n\t\t\t\t<\/div>\n\t\t<div class=\"elementor-element elementor-element-b674d55 e-flex e-con-boxed e-con e-parent\" data-id=\"b674d55\" data-element_type=\"container\" data-e-type=\"container\" data-settings=\"{&quot;_ha_eqh_enable&quot;:false}\">\n\t\t\t\t\t<div class=\"e-con-inner\">\n\t\t\t\t<div class=\"elementor-element elementor-element-ad365f2 elementor-widget elementor-widget-shortcode\" data-id=\"ad365f2\" data-element_type=\"widget\" data-e-type=\"widget\" data-widget_type=\"shortcode.default\">\n\t\t\t\t<div class=\"elementor-widget-container\">\n\t\t\t\t\t\t\t<div class=\"elementor-shortcode\">ngg_shortcode_0_placeholder<\/div>\n\t\t\t\t\t\t<\/div>\n\t\t\t\t<\/div>\n\t\t\t\t<div class=\"elementor-element elementor-element-3ab6a04 elementor-widget elementor-widget-spacer\" data-id=\"3ab6a04\" data-element_type=\"widget\" data-e-type=\"widget\" data-widget_type=\"spacer.default\">\n\t\t\t\t<div class=\"elementor-widget-container\">\n\t\t\t\t\t\t\t<div class=\"elementor-spacer\">\n\t\t\t<div class=\"elementor-spacer-inner\"><\/div>\n\t\t<\/div>\n\t\t\t\t\t\t<\/div>\n\t\t\t\t<\/div>\n\t\t\t\t\t<\/div>\n\t\t\t\t<\/div>\n\t\t<div class=\"elementor-element elementor-element-92d315f e-flex e-con-boxed e-con e-parent\" data-id=\"92d315f\" data-element_type=\"container\" data-e-type=\"container\" data-settings=\"{&quot;_ha_eqh_enable&quot;:false}\">\n\t\t\t\t\t<div class=\"e-con-inner\">\n\t\t\t\t<div class=\"elementor-element elementor-element-f34d3c2 elementor-align-left elementor-widget elementor-widget-etheme_advanced_headline\" data-id=\"f34d3c2\" data-element_type=\"widget\" data-e-type=\"widget\" data-widget_type=\"etheme_advanced_headline.default\">\n\t\t\t\t<div class=\"elementor-widget-container\">\n\t\t\t\t\t        \n        <div class=\"etheme-a-h-wrapper\">\n        \n            \n\t\t\t\n        <h2 class=\"etheme-advanced-headline etheme-advanced-headline-mask\">\n\n            Die Inneneinrichtung Ihres Hauses\n        <\/h2>\n\t\t\n                    \n        <\/div>\n        \n\t\t\t\t\t\t<\/div>\n\t\t\t\t<\/div>\n\t\t\t\t\t<\/div>\n\t\t\t\t<\/div>\n\t\t<div class=\"elementor-element elementor-element-b742d2c e-flex e-con-boxed e-con e-parent\" data-id=\"b742d2c\" data-element_type=\"container\" data-e-type=\"container\" data-settings=\"{&quot;_ha_eqh_enable&quot;:false}\">\n\t\t\t\t\t<div class=\"e-con-inner\">\n\t\t\t\t<div class=\"elementor-element elementor-element-1386a70 elementor-widget elementor-widget-text-editor\" data-id=\"1386a70\" data-element_type=\"widget\" data-e-type=\"widget\" data-widget_type=\"text-editor.default\">\n\t\t\t\t<div class=\"elementor-widget-container\">\n\t\t\t\t\t\t\t\t\t<p>Der Innenarchitekt von Marcotte Style schaut sich die aktuelle Situation Ihres Hauses an und bespricht zun\u00e4chst Ihre W\u00fcnsche und Vorstellungen mit Ihnen.<br \/>\nDann macht sich der Designer an die Arbeit.<br \/>\nA <span style=\"text-decoration: underline;\"><span style=\"color: #96825b;\"><a style=\"color: #96825b; text-decoration: underline;\" href=\"https:\/\/marcottestyle.com\/totaal-interieurinrichting\/\"> komplette Innenarchitektur<\/a><\/span><\/span> ber\u00fccksichtigt immer den homogenen Charakter: Schlie\u00dflich m\u00fcssen alle R\u00e4ume des Hauses gut zueinander passen.  <\/p>\n<p>Ihr Innenarchitekt verwendet CAD-Pl\u00e4ne, grafische 3D-Projektionen und Fotos aller ausgew\u00e4hlten Objekte.<br \/>\nSie sind an jedem Schritt beteiligt, um eine sch\u00f6ne Inneneinrichtung zu schaffen, die ganz Ihren W\u00fcnschen entspricht. <\/p>\n\t\t\t\t\t\t\t\t<\/div>\n\t\t\t\t<\/div>\n\t\t\t\t\t<\/div>\n\t\t\t\t<\/div>\n\t\t<div class=\"elementor-element elementor-element-98836dc e-flex e-con-boxed e-con e-parent\" data-id=\"98836dc\" data-element_type=\"container\" data-e-type=\"container\" data-settings=\"{&quot;_ha_eqh_enable&quot;:false}\">\n\t\t\t\t\t<div class=\"e-con-inner\">\n\t\t\t\t<div class=\"elementor-element elementor-element-5e68fd5 elementor-align-left elementor-widget elementor-widget-etheme_advanced_headline\" data-id=\"5e68fd5\" data-element_type=\"widget\" data-e-type=\"widget\" data-widget_type=\"etheme_advanced_headline.default\">\n\t\t\t\t<div class=\"elementor-widget-container\">\n\t\t\t\t\t        \n        <div class=\"etheme-a-h-wrapper\">\n        \n            \n\t\t\t\n        <h2 class=\"etheme-advanced-headline etheme-advanced-headline-mask\">\n\n            Innenarchitektin mit einem Auge f\u00fcrs Detail\n        <\/h2>\n\t\t\n                    \n        <\/div>\n        \n\t\t\t\t\t\t<\/div>\n\t\t\t\t<\/div>\n\t\t\t\t\t<\/div>\n\t\t\t\t<\/div>\n\t\t<div class=\"elementor-element elementor-element-3597c28 e-flex e-con-boxed e-con e-parent\" data-id=\"3597c28\" data-element_type=\"container\" data-e-type=\"container\" data-settings=\"{&quot;_ha_eqh_enable&quot;:false}\">\n\t\t\t\t\t<div class=\"e-con-inner\">\n\t\t\t\t<div class=\"elementor-element elementor-element-f720d3d elementor-widget elementor-widget-text-editor\" data-id=\"f720d3d\" data-element_type=\"widget\" data-e-type=\"widget\" data-widget_type=\"text-editor.default\">\n\t\t\t\t<div class=\"elementor-widget-container\">\n\t\t\t\t\t\t\t\t\t<p>Wer sein Haus von Marcotte Style umgestalten l\u00e4sst, schmeckt die gleiche Atmosph\u00e4re in jedem Raum des Hauses.<br \/>\nMarcotte Style steht f\u00fcr <span style=\"text-decoration: underline;\"><span style=\"color: #96825b;\"><a style=\"color: #96825b; text-decoration: underline;\" href=\"https:\/\/marcottestyle.com\/interieur-design\/\">Design-Inneneinrichtung<\/a><\/span><\/span> in v\u00f6lliger Harmonie mit Teppichen, <span style=\"text-decoration: underline;\"><span style=\"color: #96825b;\"><a style=\"color: #96825b; text-decoration: underline;\" title=\"Vorh\u00e4nge\" href=\"https:\/\/marcottestyle.com\/de\/kollektionen\/vorhange\/\">Vorh\u00e4ngen<\/a><\/span><\/span>K\u00fcchen und <span style=\"text-decoration: underline;\"><span style=\"color: #96825b;\"><a style=\"color: #96825b; text-decoration: underline;\" title=\"Badezimmer\" href=\"https:\/\/marcottestyle.com\/de\/raume\/badezimmer\/\">B\u00e4dern<\/a><\/span><\/span>: alles ist perfekt aufeinander abgestimmt.<br \/>\nAu\u00dferdem kann Ihnen der Innenarchitekt auf Wunsch eine Farbberatung f\u00fcr Ihre Wohnung geben.<br \/>\nAu\u00dferdem haben Sie immer <span style=\"text-decoration: underline;\"><span style=\"color: #96825b;\"><a style=\"color: #96825b; text-decoration: underline;\" title=\"Kontakt\" href=\"https:\/\/marcottestyle.com\/de\/kontakt\/\">Kontakt<\/a><\/span><\/span> mit ein und derselben Person.<br \/>\nDas kommt nat\u00fcrlich der Kommunikation und damit dem Fortschritt des Projekts zugute!    <\/p>\n\t\t\t\t\t\t\t\t<\/div>\n\t\t\t\t<\/div>\n\t\t\t\t\t<\/div>\n\t\t\t\t<\/div>\n\t\t<div class=\"elementor-element elementor-element-7a38fcc e-flex e-con-boxed e-con e-parent\" data-id=\"7a38fcc\" data-element_type=\"container\" data-e-type=\"container\" data-settings=\"{&quot;_ha_eqh_enable&quot;:false}\">\n\t\t\t\t\t<div class=\"e-con-inner\">\n\t\t\t\t<div class=\"elementor-element elementor-element-cf0b3a8 elementor-widget elementor-widget-shortcode\" data-id=\"cf0b3a8\" data-element_type=\"widget\" data-e-type=\"widget\" data-widget_type=\"shortcode.default\">\n\t\t\t\t<div class=\"elementor-widget-container\">\n\t\t\t\t\t\t\t<div class=\"elementor-shortcode\">ngg_shortcode_1_placeholder<\/div>\n\t\t\t\t\t\t<\/div>\n\t\t\t\t<\/div>\n\t\t\t\t<div class=\"elementor-element elementor-element-08c6197 elementor-widget elementor-widget-spacer\" data-id=\"08c6197\" data-element_type=\"widget\" data-e-type=\"widget\" data-widget_type=\"spacer.default\">\n\t\t\t\t<div class=\"elementor-widget-container\">\n\t\t\t\t\t\t\t<div class=\"elementor-spacer\">\n\t\t\t<div class=\"elementor-spacer-inner\"><\/div>\n\t\t<\/div>\n\t\t\t\t\t\t<\/div>\n\t\t\t\t<\/div>\n\t\t\t\t\t<\/div>\n\t\t\t\t<\/div>\n\t\t<div class=\"elementor-element elementor-element-75d43dc e-flex e-con-boxed e-con e-parent\" data-id=\"75d43dc\" data-element_type=\"container\" data-e-type=\"container\" data-settings=\"{&quot;_ha_eqh_enable&quot;:false}\">\n\t\t\t\t\t<div class=\"e-con-inner\">\n\t\t\t\t<div class=\"elementor-element elementor-element-8ad96ec elementor-align-left elementor-widget elementor-widget-etheme_advanced_headline\" data-id=\"8ad96ec\" data-element_type=\"widget\" data-e-type=\"widget\" data-widget_type=\"etheme_advanced_headline.default\">\n\t\t\t\t<div class=\"elementor-widget-container\">\n\t\t\t\t\t        \n        <div class=\"etheme-a-h-wrapper\">\n        \n            \n\t\t\t\n        <h2 class=\"etheme-advanced-headline etheme-advanced-headline-mask\">\n\n            Mit Leidenschaft und zu attraktiven Konditionen\n        <\/h2>\n\t\t\n                    \n        <\/div>\n        \n\t\t\t\t\t\t<\/div>\n\t\t\t\t<\/div>\n\t\t\t\t\t<\/div>\n\t\t\t\t<\/div>\n\t\t<div class=\"elementor-element elementor-element-c5e18d1 e-flex e-con-boxed e-con e-parent\" data-id=\"c5e18d1\" data-element_type=\"container\" data-e-type=\"container\" data-settings=\"{&quot;_ha_eqh_enable&quot;:false}\">\n\t\t\t\t\t<div class=\"e-con-inner\">\n\t\t\t\t<div class=\"elementor-element elementor-element-3f3a027 elementor-widget elementor-widget-text-editor\" data-id=\"3f3a027\" data-element_type=\"widget\" data-e-type=\"widget\" data-widget_type=\"text-editor.default\">\n\t\t\t\t<div class=\"elementor-widget-container\">\n\t\t\t\t\t\t\t\t\t<p>Jean-Jacques Soenen ist der Gesch\u00e4ftsf\u00fchrer von Marcottestyle. Er ist die treibende Kraft voller Leidenschaft und geht jedes Projekt selbst an.<br \/>\nDas garantiert dem Kunden ein perfektes Finish, denn bei Marcottestyle muss jeder Kunde immer zu 100% zufrieden sein.<br \/>\nDas ist \u00fcbrigens unsere beste Werbung.  <\/p>\n\t\t\t\t\t\t\t\t<\/div>\n\t\t\t\t<\/div>\n\t\t\t\t\t<\/div>\n\t\t\t\t<\/div>\n\t\t<div class=\"elementor-element elementor-element-ab6c4bc e-flex e-con-boxed e-con e-parent\" data-id=\"ab6c4bc\" data-element_type=\"container\" data-e-type=\"container\" data-settings=\"{&quot;_ha_eqh_enable&quot;:false}\">\n\t\t\t\t\t<div class=\"e-con-inner\">\n\t\t\t\t<div class=\"elementor-element elementor-element-baec66c elementor-widget elementor-widget-shortcode\" data-id=\"baec66c\" data-element_type=\"widget\" data-e-type=\"widget\" data-widget_type=\"shortcode.default\">\n\t\t\t\t<div class=\"elementor-widget-container\">\n\t\t\t\t\t\t\t<div class=\"elementor-shortcode\">ngg_shortcode_2_placeholder<\/div>\n\t\t\t\t\t\t<\/div>\n\t\t\t\t<\/div>\n\t\t\t\t<div class=\"elementor-element elementor-element-7b363ed elementor-widget elementor-widget-spacer\" data-id=\"7b363ed\" data-element_type=\"widget\" data-e-type=\"widget\" data-widget_type=\"spacer.default\">\n\t\t\t\t<div class=\"elementor-widget-container\">\n\t\t\t\t\t\t\t<div class=\"elementor-spacer\">\n\t\t\t<div class=\"elementor-spacer-inner\"><\/div>\n\t\t<\/div>\n\t\t\t\t\t\t<\/div>\n\t\t\t\t<\/div>\n\t\t\t\t\t<\/div>\n\t\t\t\t<\/div>\n\t\t\t\t<\/div>\n\t\t","protected":false},"excerpt":{"rendered":"<p>[rev_slider alias=&#8221;Binnenhuisarchitect&#8221; slidertitle=&#8221;Binnenhuisarchitect&#8221;][\/rev_slider] Marcotte Style, der Innenarchitekt Wenn Sie auf der Suche nach einem guten Innenarchitekten sind, um Ihrem Zuhause einen neuen Look zu geben,&#8230;<\/p>\n","protected":false},"author":2,"featured_media":0,"parent":0,"menu_order":37,"comment_status":"closed","ping_status":"closed","template":"elementor_header_footer","meta":{"ngg_post_thumbnail":0,"footnotes":""},"class_list":["post-13334","page","type-page","status-publish","hentry"],"_links":{"self":[{"href":"https:\/\/marcottestyle.com\/de\/wp-json\/wp\/v2\/pages\/13334","targetHints":{"allow":["GET"]}}],"collection":[{"href":"https:\/\/marcottestyle.com\/de\/wp-json\/wp\/v2\/pages"}],"about":[{"href":"https:\/\/marcottestyle.com\/de\/wp-json\/wp\/v2\/types\/page"}],"author":[{"embeddable":true,"href":"https:\/\/marcottestyle.com\/de\/wp-json\/wp\/v2\/users\/2"}],"replies":[{"embeddable":true,"href":"https:\/\/marcottestyle.com\/de\/wp-json\/wp\/v2\/comments?post=13334"}],"version-history":[{"count":8,"href":"https:\/\/marcottestyle.com\/de\/wp-json\/wp\/v2\/pages\/13334\/revisions"}],"predecessor-version":[{"id":39414,"href":"https:\/\/marcottestyle.com\/de\/wp-json\/wp\/v2\/pages\/13334\/revisions\/39414"}],"wp:attachment":[{"href":"https:\/\/marcottestyle.com\/de\/wp-json\/wp\/v2\/media?parent=13334"}],"curies":[{"name":"wp","href":"https:\/\/api.w.org\/{rel}","templated":true}]}}