{"id":13366,"date":"2018-02-12T17:21:18","date_gmt":"2018-02-12T16:21:18","guid":{"rendered":"http:\/\/marcottestyle.com\/stile\/long-island-style\/"},"modified":"2020-01-02T17:12:09","modified_gmt":"2020-01-02T16:12:09","slug":"long-island-stil","status":"publish","type":"page","link":"https:\/\/marcottestyle.com\/de\/long-island-stil\/","title":{"rendered":"Long island stil"},"content":{"rendered":"<p><img decoding=\"async\" class=\"size-thumbnail wp-image-13356 alignleft\" src=\"http:\/\/marcottestyle.com\/wp-content\/uploads\/2020\/01\/long-island-style-150x150.jpg\" alt=\"\" width=\"150\" height=\"150\" title=\"\"><\/p>\n<div>Neben dem Cottage-Stil ist der Long Island-Stil einer der wichtigsten Trends im Umbrella-Country-Stil. Charakteristisch f\u00fcr Long Island sind offenes Design (Freifl\u00e4chen), helle Farben wie Wei\u00df mit Akzentfarben Rot und Blau, oft mit Accessoires mit Streifen oder Karos (z. B. mit Leinen- oder Baumwollkissen), maritime Einfl\u00fcsse, Verwendung von Porzellan und Holzarten aus hellem Holz wie Teak, Naturstein, Fliesen, &#8230; Kurz gesagt, Long Island ist ein frischer, lockerer Stil, den Sie in viele Richtungen verwenden k\u00f6nnen. Die maritimen Einfl\u00fcsse (wie Strandh\u00e4user) rufen eine Urlaubsatmosph\u00e4re hervor. Frische und ausgew\u00e4hlte Blumen k\u00f6nnen diesen Effekt verst\u00e4rken.<\/div>\n<div><\/div>\n<div><\/div>\n<div>[seo-gallery type=&#8221;3-columns&#8221; taxonomy=&#8221;92&#8243; num=&#8221;4,11&#8243;]<\/div>\n<h3>M\u00f6bel f\u00fcr Long Island Style<\/h3>\n<p>Der Long Island Interior Style ist ein Landhausstil, den wir bei Marcotte Style sehr gut beherrschen. Unsere Sammlung von Sofas, Sitzen, St\u00fchlen, Schr\u00e4nken, Schreibtischen und Badm\u00f6beln enth\u00e4lt zahlreiche Schmuckst\u00fccke, die perfekt in den Long Island-Stil passen.<\/p>\n<h3>Marcotte Style: : Experte f\u00fcr Long Island Stil<\/h3>\n<p>Unsere Innenarchitekten sp\u00fcren wie kein anderer, wie zeitgem\u00e4\u00dfe Landhausm\u00f6bel in einem bestimmten Einrichtungsstil wie Long Island angebracht werden k\u00f6nnen. In unserem Einrichtungs-Shop finden Sie eine fantastische Auswahl an M\u00f6beln, die in einer langen Insel-Einrichtung zur Geltung kommen.<\/p>\n<h3>Long Island und der Cottage-Stil:<\/h3>\n<p>Die beiden Stile sind eng miteinander verwandt und stammen beide aus Strandh\u00e4usern, in denen viel wei\u00df gestrichenes Holz verwendet wird. Helle T\u00f6ne mit breiten wei\u00dfen Strahlen und einem breiten hellen Parkettboden sind eines der Merkmale. Angesichts der Tatsache, dass die Terrassen im Erdgeschoss immer im Long Island-Stil gehalten waren, bleibt dies eines der gr\u00f6\u00dften Merkmale dieses Stils. Mit der typischen Balustrade aus wei\u00df lackiertem Holz bleibt das Kolonialgef\u00fchl voll erhalten.<\/p>\n<h3>Herkunft:<\/h3>\n<p>Der Long Island-Stil ist eigentlich Teil des Cottage-Stils aus England. Die Long Island war urspr\u00fcnglich die Long Island, die an die Stadt New York angrenzt, wo ein wundersch\u00f6ner Sandstrand entstanden ist. Der Westen von Long Island wurde von den Holl\u00e4ndern kolonisiert. Sie nannten es das lange Eylant. Die Insel war Teil der niederl\u00e4ndischen Kolonie New Netherland. Entlang der langen K\u00fcste sind zahlreiche gro\u00dfe Villen entstanden, die am Anfang immer den gleichen Long Island-Stil<\/p>\n","protected":false},"excerpt":{"rendered":"<p>Neben dem Cottage-Stil ist der Long Island-Stil einer der wichtigsten Trends im Umbrella-Country-Stil. Charakteristisch f\u00fcr Long Island sind offenes Design (Freifl\u00e4chen), helle Farben wie Wei\u00df&#8230;<\/p>\n","protected":false},"author":2,"featured_media":0,"parent":0,"menu_order":2,"comment_status":"closed","ping_status":"closed","template":"elementor_header_footer","meta":{"ngg_post_thumbnail":0,"footnotes":""},"class_list":["post-13366","page","type-page","status-publish","hentry"],"_links":{"self":[{"href":"https:\/\/marcottestyle.com\/de\/wp-json\/wp\/v2\/pages\/13366","targetHints":{"allow":["GET"]}}],"collection":[{"href":"https:\/\/marcottestyle.com\/de\/wp-json\/wp\/v2\/pages"}],"about":[{"href":"https:\/\/marcottestyle.com\/de\/wp-json\/wp\/v2\/types\/page"}],"author":[{"embeddable":true,"href":"https:\/\/marcottestyle.com\/de\/wp-json\/wp\/v2\/users\/2"}],"replies":[{"embeddable":true,"href":"https:\/\/marcottestyle.com\/de\/wp-json\/wp\/v2\/comments?post=13366"}],"version-history":[{"count":2,"href":"https:\/\/marcottestyle.com\/de\/wp-json\/wp\/v2\/pages\/13366\/revisions"}],"predecessor-version":[{"id":13368,"href":"https:\/\/marcottestyle.com\/de\/wp-json\/wp\/v2\/pages\/13366\/revisions\/13368"}],"wp:attachment":[{"href":"https:\/\/marcottestyle.com\/de\/wp-json\/wp\/v2\/media?parent=13366"}],"curies":[{"name":"wp","href":"https:\/\/api.w.org\/{rel}","templated":true}]}}