{"id":13461,"date":"2020-01-10T11:47:29","date_gmt":"2020-01-10T10:47:29","guid":{"rendered":"http:\/\/marcottestyle.com\/vivre-avec-style\/"},"modified":"2020-03-06T15:22:46","modified_gmt":"2020-03-06T14:22:46","slug":"stilvol-wohnen","status":"publish","type":"page","link":"https:\/\/marcottestyle.com\/de\/stilvol-wohnen\/","title":{"rendered":"Stilvol wohnen"},"content":{"rendered":"<p>Wenn Sie stilvoll in einem fantastischen, zeitlosen Interieur leben m\u00f6chten, das Ihnen exklusiv zusagt, kann das Marcotte Style Innendesign-Team viel f\u00fcr Sie tun. Dank der umfassenden Erfahrung und Expertise in jedem Einrichtungsstil k\u00f6nnen die leidenschaftlichen Mitarbeiter von Marcotte Style in jedem Einrichtungsstil Wunder vollbringen. Von abwechslungsreichen themenorientierten Dekorationen bis hin zu klassisch zeitlosen und rustikalen Innenr\u00e4umen. Jeder Einrichtungsstil ist das Leitmotiv f\u00fcr ein stilvolles und stilvolles Leben. Unsere Innenexperten wissen, was zu tun ist.<\/p>\n<h3>Stylisches Wohnen dank Stilexperten Marcottestyle<\/h3>\n<p>Vollst\u00e4ndige oder teilweise Innenausstattung, individuelle Farbberatung, thematische Vorgaben f\u00fcr einen exklusiven Wohneffekt, bei Marcotte machen wir keine halbe Arbeit. Wohnen beginnt mit einer sorgf\u00e4ltigen und detaillierten Gestaltung. Weil es auf die Details ankommt. Wir \u00fcberlassen nichts dem Zufall und ber\u00fccksichtigen alle Faktoren.<\/p>\n<h3>Moderner 3D-Ansatz f\u00fcr intelligente Raumgestaltung<\/h3>\n<p>Mit Hilfe unseres fortschrittlichen Zeichenprogramms, das f\u00fcr den Bau stilvoller Innenr\u00e4ume entwickelt wurde, und auf der Grundlage von Fotos, die in Kombination mit unserer gesamten Produktdatenbank aus dem Marcotte Style-Webshop weitergeleitet werden k\u00f6nnen, erstellen wir eine hochmoderne detaillierte 3D-Projektion Ihrer Einrichtung innen k\u00f6nnte so aussehen. Auf diese Weise wei\u00df der Kunde im Voraus genau, was ihn an der stilvollen und intelligenten Inneneinrichtung von Marcotte Style erwartet.<\/p>\n<h3>Stilvolles Wohnen f\u00fcr jeden Wohnstil<\/h3>\n<p>Wir bei Marcotte Style beherrschen alle Lebensstile: schlankes Design, Retro, l\u00e4ndlich, atmosph\u00e4risch l\u00e4ndlich, Long Island, schlanke moderne, weiche Kokons, s\u00fcdliche oder skandinavische Akzente. In jedem Lebensstil haben wir wundersch\u00f6ne Erfolge zu verzeichnen. Stilvolles Wohnen beginnt mit hochwertigen und ausgew\u00e4hlten M\u00f6beln und Accessoires. Dank unseres gro\u00dfen Lagerbestands und unserer exklusiven Top-Lieferanten wei\u00df Marcotte immer, wie man f\u00fcr jeden Einrichtungsstil die beste Wahl trifft.<\/p>\n<p>[seo-gallery type=&#8221;3-columns&#8221; taxonomy=&#8221;89&#8243; num=&#8221;4,11&#8243;]<\/p>\n<h3>Wohnen angepasst an die neuesten Dekotrends<\/h3>\n<p>Wir erwarten nat\u00fcrlich die sich st\u00e4ndig \u00e4ndernden Dekorationstrends. Dar\u00fcber hinaus garantieren unsere hochkommunikativen Mitarbeiter eine reibungslose Zusammenarbeit mit dem Kunden, dessen W\u00fcnsche wir maximal ber\u00fccksichtigen. Marcottes oberste Priorit\u00e4t ist es, so genau wie m\u00f6glich herauszufinden, was der Kunde genau will. Wir arbeiten dann mit den umfangreichen Ressourcen, die wir intern haben. So erleben Sie noch intensiver den Wechsel der Jahreszeit oder ein angenehmes Partygef\u00fchl (Zeitatmosph\u00e4re par excellence).<\/p>\n<h3>Stilvolles Wohnen von Villen \u00fcber Apartments bis zu Botschaften<\/h3>\n<p>Jede Wohnform erfordert eine andere Lebensweise. Marcotte Style kann stilvolle Top-Interieurs f\u00fcr Villen, Apartments, Land- oder Stadth\u00e4user und sogar f\u00fcr Botschaften, Restaurants und Hotels realisieren. Wenn Sie stilvoll leben m\u00f6chten, ist eine ausgewogene Innenausstattung von gr\u00f6\u00dfter Bedeutung. Die angewandten Farbkombinationen, der Stil der M\u00f6bel sowie die Atmosph\u00e4re und die Accessoires m\u00fcssen zu einem komplexen, ausgewogenen Ganzen kombiniert werden, um den richtigen Stimmungseffekt zu erzielen. Bei Marcotte Style finden wir wie kein anderer die richtige Balance und setzen Akzente, um ein stilvolles und exklusives Ganzes zu schaffen.<\/p>\n<h3>Modernes Wohnen<\/h3>\n<p>Wenn Sie in einem modernen und einzigartigen Interieur wohnen m\u00f6chten, ist es am besten, Marcotte Style zu w\u00e4hlen. Die neuesten modernen und trendigen Wohnstile haben f\u00fcr unsere Innenarchitekten und Inneneinrichtungsexperten keine Geheimnisse. Unsere Top-Designer wissen, wie man mit dem Design, der Dekoration, dem Design &#8230; eines modernen Hauses umgeht. Innerhalb jedes Budgets kann Marcotte Style in enger Absprache mit dem Kunden auf schnelle und reibungslose Weise spektakul\u00e4re Ergebnisse erzielen.<\/p>\n<p>[seo-gallery type=&#8221;3-columns&#8221; taxonomy=&#8221;89&#8243; num=&#8221;4,11&#8243;]<\/p>\n<p>&nbsp;<\/p>\n","protected":false},"excerpt":{"rendered":"<p>Wenn Sie stilvoll in einem fantastischen, zeitlosen Interieur leben m\u00f6chten, das Ihnen exklusiv zusagt, kann das Marcotte Style Innendesign-Team viel f\u00fcr Sie tun. Dank der&#8230;<\/p>\n","protected":false},"author":2,"featured_media":0,"parent":0,"menu_order":0,"comment_status":"closed","ping_status":"closed","template":"elementor_header_footer","meta":{"ngg_post_thumbnail":0,"footnotes":""},"class_list":["post-13461","page","type-page","status-publish","hentry"],"_links":{"self":[{"href":"https:\/\/marcottestyle.com\/de\/wp-json\/wp\/v2\/pages\/13461","targetHints":{"allow":["GET"]}}],"collection":[{"href":"https:\/\/marcottestyle.com\/de\/wp-json\/wp\/v2\/pages"}],"about":[{"href":"https:\/\/marcottestyle.com\/de\/wp-json\/wp\/v2\/types\/page"}],"author":[{"embeddable":true,"href":"https:\/\/marcottestyle.com\/de\/wp-json\/wp\/v2\/users\/2"}],"replies":[{"embeddable":true,"href":"https:\/\/marcottestyle.com\/de\/wp-json\/wp\/v2\/comments?post=13461"}],"version-history":[{"count":2,"href":"https:\/\/marcottestyle.com\/de\/wp-json\/wp\/v2\/pages\/13461\/revisions"}],"predecessor-version":[{"id":13463,"href":"https:\/\/marcottestyle.com\/de\/wp-json\/wp\/v2\/pages\/13461\/revisions\/13463"}],"wp:attachment":[{"href":"https:\/\/marcottestyle.com\/de\/wp-json\/wp\/v2\/media?parent=13461"}],"curies":[{"name":"wp","href":"https:\/\/api.w.org\/{rel}","templated":true}]}}