{"id":13536,"date":"2018-03-02T19:34:07","date_gmt":"2018-03-02T18:34:07","guid":{"rendered":"http:\/\/marcottestyle.com\/total-interior-renovation\/"},"modified":"2020-01-14T19:29:36","modified_gmt":"2020-01-14T18:29:36","slug":"gesamt-inneneinrichtung","status":"publish","type":"page","link":"https:\/\/marcottestyle.com\/de\/gesamt-inneneinrichtung\/","title":{"rendered":"Gesamt Inneneinrichtung:"},"content":{"rendered":"<h3>Marcottestyle ist der Spezialist f\u00fcr jede gesamt Inneneinrichtung:<\/h3>\n<p><img fetchpriority=\"high\" decoding=\"async\" class=\"alignleft wp-image-13525 size-medium\" src=\"http:\/\/marcottestyle.com\/wp-content\/uploads\/2020\/01\/Marcottestyle-totaal-interieurinrichting-300x200.jpg\" alt=\"\" width=\"300\" height=\"200\" title=\"\" srcset=\"https:\/\/marcottestyle.com\/wp-content\/uploads\/2020\/01\/Marcottestyle-totaal-interieurinrichting-300x200.jpg 300w, https:\/\/marcottestyle.com\/wp-content\/uploads\/2020\/01\/Marcottestyle-totaal-interieurinrichting-1024x683.jpg 1024w, https:\/\/marcottestyle.com\/wp-content\/uploads\/2020\/01\/Marcottestyle-totaal-interieurinrichting-768x512.jpg 768w, https:\/\/marcottestyle.com\/wp-content\/uploads\/2020\/01\/Marcottestyle-totaal-interieurinrichting-1536x1024.jpg 1536w, https:\/\/marcottestyle.com\/wp-content\/uploads\/2020\/01\/Marcottestyle-totaal-interieurinrichting-1280x853.jpg 1280w, https:\/\/marcottestyle.com\/wp-content\/uploads\/2020\/01\/Marcottestyle-totaal-interieurinrichting.jpg 1920w\" sizes=\"(max-width: 300px) 100vw, 300px\" \/>Eine vollst\u00e4ndige Renovierung Ihres Hauses hat viele Vorteile und einen sehr gro\u00dfen Mehrwert. Wenn Sie in Ihrer N\u00e4he wohnen m\u00f6chten, obwohl Ihr Haus etwas veraltet ist, ist eine vollst\u00e4ndige Renovierung eine interessante Option. Die Investition, die Sie hier t\u00e4tigen, geht keineswegs verloren, und manchmal kann Sie ein Mehrwert im Verkauf nach ein paar Jahren angenehm \u00fcberraschen.<br \/>\nF\u00fcr eine komplette Raumgestaltung werden zwei Methoden unterschieden. Mit anderen Worten, es wird \u00fcberall nur geringf\u00fcgig eingegriffen, wobei mehr Wert auf Lackierung, ma\u00dfgeschneiderte Schrankbeleuchtung, neue M\u00f6bel und Dekoration mit Vorh\u00e4ngen und Teppichen gelegt wird. Das Wichtigste ist, dass es zu einem Ganzen wird, in dem Geselligkeit und Ruhe das angenehme Ergebnis sind. Dar\u00fcber hinaus k\u00f6nnen neue abgeh\u00e4ngte Decken mit LED-Strahlern installiert werden. Neue B\u00f6den und gut isolierte Fenster sind ebenfalls wichtig.<\/p>\n<p>Nehmen <a href=\"https:\/\/marcottestyle.com\/de\/kontakt\/\">Sie Kontakt m<\/a>it uns.<\/p>\n<p>[seo-gallery type=&#8221;3-columns&#8221; taxonomy=&#8221;110&#8243; num=&#8221;4,11&#8243;]<\/p>\n<p>Oder es ist manchmal eine gr\u00fcndliche Renovierung erforderlich, bei der alles auf eine Rumpfsituation zur\u00fcckzuf\u00fchren ist. Hier wird Marcottestyle ein komplett neues Interieur vorschlagen. Bei vielen Leerzeichen wird normalerweise empfohlen, das Layout vollst\u00e4ndig zu \u00e4ndern, da es in diesem Stadium wichtig ist, die Leerzeichen bei Bedarf neu zu verteilen. Beispielsweise k\u00f6nnen anstelle von f\u00fcnf oder kleinen R\u00e4umen mit nur zwei B\u00e4dern nur drei gro\u00dfe R\u00e4ume mit jeweils einem Badezimmer und Ankleider\u00e4umen erstellt werden. Wenn man sich erst einmal an ein so zeitgem\u00e4\u00dfes Layout gew\u00f6hnt hat, kann man sich nichts anderes mehr vorstellen. Weiterhin stehen Stromerneuerung, Fenster, Fu\u00dfb\u00f6den, Decken, Stuckateur auf dem Programm. Nach dem Trocknen wird alles nach einem bestimmten Zeitplan und Design gestrichen. Hier ist alles von A bis Z geplant und nach dem Rohbau ist es Zeit f\u00fcr die eigentliche Planung.<\/p>\n<h3>Funktionalit\u00e4t und \u00c4sthetik verbinden:<\/h3>\n<p>Die St\u00e4rke von Marcottestyle ist nat\u00fcrlich die F\u00e4higkeit, \u00c4sthetik und Funktionalit\u00e4t in Einklang zu bringen. Nat\u00fcrlich ist hier immer alles \u00e4sthetisch perfekt, aber es gibt viele M\u00f6glichkeiten, dies zu erreichen, vorausgesetzt, die Funktionalit\u00e4t und die praktische Seite werden nicht vergessen.<br \/>\nJedes Projekt wird mit Leib und Seele durchgef\u00fchrt, um die perfekte Umsetzung zu erreichen.<\/p>\n<blockquote><p>Sehen Sie sich unsere Leistungen an und achten Sie besonders auf jedes Detail: Marcottestyle \u00fcberl\u00e4sst nichts dem Zufall. Alles ist nach Plan geplant, um ein perfektes Ergebnis zu erzielen.<\/p><\/blockquote>\n<p>[seo-gallery type=&#8221;3-columns&#8221; taxonomy=&#8221;110&#8243; num=&#8221;4,11&#8243;]<\/p>\n","protected":false},"excerpt":{"rendered":"<p>Marcottestyle ist der Spezialist f\u00fcr jede gesamt Inneneinrichtung: Eine vollst\u00e4ndige Renovierung Ihres Hauses hat viele Vorteile und einen sehr gro\u00dfen Mehrwert. Wenn Sie in Ihrer&#8230;<\/p>\n","protected":false},"author":2,"featured_media":0,"parent":0,"menu_order":39,"comment_status":"closed","ping_status":"closed","template":"","meta":{"ngg_post_thumbnail":0,"footnotes":""},"class_list":["post-13536","page","type-page","status-publish","hentry"],"_links":{"self":[{"href":"https:\/\/marcottestyle.com\/de\/wp-json\/wp\/v2\/pages\/13536","targetHints":{"allow":["GET"]}}],"collection":[{"href":"https:\/\/marcottestyle.com\/de\/wp-json\/wp\/v2\/pages"}],"about":[{"href":"https:\/\/marcottestyle.com\/de\/wp-json\/wp\/v2\/types\/page"}],"author":[{"embeddable":true,"href":"https:\/\/marcottestyle.com\/de\/wp-json\/wp\/v2\/users\/2"}],"replies":[{"embeddable":true,"href":"https:\/\/marcottestyle.com\/de\/wp-json\/wp\/v2\/comments?post=13536"}],"version-history":[{"count":3,"href":"https:\/\/marcottestyle.com\/de\/wp-json\/wp\/v2\/pages\/13536\/revisions"}],"predecessor-version":[{"id":13539,"href":"https:\/\/marcottestyle.com\/de\/wp-json\/wp\/v2\/pages\/13536\/revisions\/13539"}],"wp:attachment":[{"href":"https:\/\/marcottestyle.com\/de\/wp-json\/wp\/v2\/media?parent=13536"}],"curies":[{"name":"wp","href":"https:\/\/api.w.org\/{rel}","templated":true}]}}