{"id":13559,"date":"2018-02-13T10:44:44","date_gmt":"2018-02-13T09:44:44","guid":{"rendered":"http:\/\/marcottestyle.com\/concept-d-interieur\/"},"modified":"2025-02-12T21:25:48","modified_gmt":"2025-02-12T20:25:48","slug":"einrichtungskonzepten","status":"publish","type":"page","link":"https:\/\/marcottestyle.com\/de\/einrichtungskonzepten\/","title":{"rendered":"Innenraum-Projekte"},"content":{"rendered":"\t\t<div data-elementor-type=\"wp-page\" data-elementor-id=\"13559\" class=\"elementor elementor-13559 elementor-5426\" data-elementor-settings=\"{&quot;ha_cmc_init_switcher&quot;:&quot;no&quot;}\" data-elementor-post-type=\"page\">\n\t\t\t\t<div class=\"elementor-element elementor-element-8787832 e-flex e-con-boxed e-con e-parent\" data-id=\"8787832\" data-element_type=\"container\" data-e-type=\"container\" data-settings=\"{&quot;_ha_eqh_enable&quot;:false}\">\n\t\t\t\t\t<div class=\"e-con-inner\">\n\t\t\t\t<div class=\"elementor-element elementor-element-d78a1fc elementor-widget elementor-widget-spacer\" data-id=\"d78a1fc\" data-element_type=\"widget\" data-e-type=\"widget\" data-widget_type=\"spacer.default\">\n\t\t\t\t<div class=\"elementor-widget-container\">\n\t\t\t\t\t\t\t<div class=\"elementor-spacer\">\n\t\t\t<div class=\"elementor-spacer-inner\"><\/div>\n\t\t<\/div>\n\t\t\t\t\t\t<\/div>\n\t\t\t\t<\/div>\n\t\t\t\t\t<\/div>\n\t\t\t\t<\/div>\n\t\t<div class=\"elementor-element elementor-element-fc91737 e-flex e-con-boxed e-con e-parent\" data-id=\"fc91737\" data-element_type=\"container\" data-e-type=\"container\" data-settings=\"{&quot;_ha_eqh_enable&quot;:false}\">\n\t\t\t\t\t<div class=\"e-con-inner\">\n\t\t\t\t<div class=\"elementor-element elementor-element-904f1f1 elementor-align-left elementor-widget elementor-widget-etheme_advanced_headline\" data-id=\"904f1f1\" data-element_type=\"widget\" data-e-type=\"widget\" data-widget_type=\"etheme_advanced_headline.default\">\n\t\t\t\t<div class=\"elementor-widget-container\">\n\t\t\t\t\t        \n        <div class=\"etheme-a-h-wrapper\">\n        \n            \n\t\t\t\n        <h2 class=\"etheme-advanced-headline etheme-advanced-headline-mask\">\n\n            INNENRAUM-PROJEKTE\n        <\/h2>\n\t\t\n                    \n        <\/div>\n        \n\t\t\t\t\t\t<\/div>\n\t\t\t\t<\/div>\n\t\t\t\t\t<\/div>\n\t\t\t\t<\/div>\n\t\t<div class=\"elementor-element elementor-element-1ca4494 e-flex e-con-boxed e-con e-parent\" data-id=\"1ca4494\" data-element_type=\"container\" data-e-type=\"container\" data-settings=\"{&quot;_ha_eqh_enable&quot;:false}\">\n\t\t\t\t\t<div class=\"e-con-inner\">\n\t\t\t\t<div class=\"elementor-element elementor-element-0cac467 elementor-widget elementor-widget-text-editor\" data-id=\"0cac467\" data-element_type=\"widget\" data-e-type=\"widget\" data-widget_type=\"text-editor.default\">\n\t\t\t\t<div class=\"elementor-widget-container\">\n\t\t\t\t\t\t\t\t\t<p>M\u00f6chten auch Sie mit Einrichtungskonzepten Ihr Zuhause versch\u00f6nern? Entscheiden Sie sich f\u00fcr eines der vielen Inneneinrichtungsprojekte von Marcotte Style und werten Sie sofort alle R\u00e4ume Ihres Hauses auf. Marcotte Style bietet komplette Projekte f\u00fcr alle Arten von H\u00e4usern an! Besitzen Sie eine Luxusvilla oder leben Sie in einer kleinen, aber gem\u00fctlichen Wohnung? Wir sorgen daf\u00fcr, dass alle R\u00e4ume in Ihrer Wohnung im gleichen Stil eingerichtet werden. So passt alles zusammen, wenn Sie sich in Ihrem Haus aufhalten und die sch\u00f6ne Inneneinrichtung von Marcotte Style genie\u00dfen.     <\/p>\n\t\t\t\t\t\t\t\t<\/div>\n\t\t\t\t<\/div>\n\t\t\t\t\t<\/div>\n\t\t\t\t<\/div>\n\t\t<div class=\"elementor-element elementor-element-651725a e-flex e-con-boxed e-con e-parent\" data-id=\"651725a\" data-element_type=\"container\" data-e-type=\"container\" data-settings=\"{&quot;_ha_eqh_enable&quot;:false}\">\n\t\t\t\t\t<div class=\"e-con-inner\">\n\t\t\t\t<div class=\"elementor-element elementor-element-91c9089 elementor-align-left elementor-widget elementor-widget-etheme_advanced_headline\" data-id=\"91c9089\" data-element_type=\"widget\" data-e-type=\"widget\" data-widget_type=\"etheme_advanced_headline.default\">\n\t\t\t\t<div class=\"elementor-widget-container\">\n\t\t\t\t\t        \n        <div class=\"etheme-a-h-wrapper\">\n        \n            \n\t\t\t\n        <h2 class=\"etheme-advanced-headline etheme-advanced-headline-mask\">\n\n            Innenarchitektur-Projekte: Marcotte Style und Sie!\n        <\/h2>\n\t\t\n                    \n        <\/div>\n        \n\t\t\t\t\t\t<\/div>\n\t\t\t\t<\/div>\n\t\t\t\t\t<\/div>\n\t\t\t\t<\/div>\n\t\t<div class=\"elementor-element elementor-element-ed53ad1 e-flex e-con-boxed e-con e-parent\" data-id=\"ed53ad1\" data-element_type=\"container\" data-e-type=\"container\" data-settings=\"{&quot;_ha_eqh_enable&quot;:false}\">\n\t\t\t\t\t<div class=\"e-con-inner\">\n\t\t\t\t<div class=\"elementor-element elementor-element-2b6e0a6 elementor-widget elementor-widget-text-editor\" data-id=\"2b6e0a6\" data-element_type=\"widget\" data-e-type=\"widget\" data-widget_type=\"text-editor.default\">\n\t\t\t\t<div class=\"elementor-widget-container\">\n\t\t\t\t\t\t\t\t\t<p>Der Ausgangspunkt der Einrichtungsprojekte bei Marcotte Style ist nat\u00fcrlich Ihr eigener Geschmack. Zun\u00e4chst besprechen wir mit Ihnen die M\u00f6glichkeiten, wobei wir uns an Ihren Vorlieben und W\u00fcnschen orientieren. Stehen Sie eher auf den Landhausstil oder bevorzugen Sie einen modernen Look? Sobald wir uns anhand eines &#8220;Mood Boards&#8221; ein klares Bild von Ihren Vorlieben gemacht haben, bieten unsere Projekte Ihnen die ideale Balance zwischen einem sch\u00f6nen Design und einem angenehmen Wohnumfeld. Wir machen Ihr Zuhause mit unseren Einrichtungskonzepten komplett!    <\/p>\n\t\t\t\t\t\t\t\t<\/div>\n\t\t\t\t<\/div>\n\t\t\t\t\t<\/div>\n\t\t\t\t<\/div>\n\t\t<div class=\"elementor-element elementor-element-4276d4a e-flex e-con-boxed e-con e-parent\" data-id=\"4276d4a\" data-element_type=\"container\" data-e-type=\"container\" data-settings=\"{&quot;_ha_eqh_enable&quot;:false}\">\n\t\t\t\t\t<div class=\"e-con-inner\">\n\t\t\t\t<div class=\"elementor-element elementor-element-35383ce elementor-widget elementor-widget-shortcode\" data-id=\"35383ce\" data-element_type=\"widget\" data-e-type=\"widget\" data-widget_type=\"shortcode.default\">\n\t\t\t\t<div class=\"elementor-widget-container\">\n\t\t\t\t\t\t\t<div class=\"elementor-shortcode\">ngg_shortcode_0_placeholder<\/div>\n\t\t\t\t\t\t<\/div>\n\t\t\t\t<\/div>\n\t\t\t\t<div class=\"elementor-element elementor-element-0fd890f elementor-widget elementor-widget-spacer\" data-id=\"0fd890f\" data-element_type=\"widget\" data-e-type=\"widget\" data-widget_type=\"spacer.default\">\n\t\t\t\t<div class=\"elementor-widget-container\">\n\t\t\t\t\t\t\t<div class=\"elementor-spacer\">\n\t\t\t<div class=\"elementor-spacer-inner\"><\/div>\n\t\t<\/div>\n\t\t\t\t\t\t<\/div>\n\t\t\t\t<\/div>\n\t\t\t\t\t<\/div>\n\t\t\t\t<\/div>\n\t\t<div class=\"elementor-element elementor-element-9f07cb2 e-flex e-con-boxed e-con e-parent\" data-id=\"9f07cb2\" data-element_type=\"container\" data-e-type=\"container\" data-settings=\"{&quot;_ha_eqh_enable&quot;:false}\">\n\t\t\t\t\t<div class=\"e-con-inner\">\n\t\t\t\t<div class=\"elementor-element elementor-element-a7bc863 elementor-align-left elementor-widget elementor-widget-etheme_advanced_headline\" data-id=\"a7bc863\" data-element_type=\"widget\" data-e-type=\"widget\" data-widget_type=\"etheme_advanced_headline.default\">\n\t\t\t\t<div class=\"elementor-widget-container\">\n\t\t\t\t\t        \n        <div class=\"etheme-a-h-wrapper\">\n        \n            \n\t\t\t\n        <h2 class=\"etheme-advanced-headline etheme-advanced-headline-mask\">\n\n            Mehr als nur Innenarchitekturprojekte\n        <\/h2>\n\t\t\n                    \n        <\/div>\n        \n\t\t\t\t\t\t<\/div>\n\t\t\t\t<\/div>\n\t\t\t\t\t<\/div>\n\t\t\t\t<\/div>\n\t\t<div class=\"elementor-element elementor-element-2745f9e e-flex e-con-boxed e-con e-parent\" data-id=\"2745f9e\" data-element_type=\"container\" data-e-type=\"container\" data-settings=\"{&quot;_ha_eqh_enable&quot;:false}\">\n\t\t\t\t\t<div class=\"e-con-inner\">\n\t\t\t\t<div class=\"elementor-element elementor-element-e287256 elementor-widget elementor-widget-text-editor\" data-id=\"e287256\" data-element_type=\"widget\" data-e-type=\"widget\" data-widget_type=\"text-editor.default\">\n\t\t\t\t<div class=\"elementor-widget-container\">\n\t\t\t\t\t\t\t\t\t<p>Farbberatung ist ein wichtiger Bestandteil der Projekte bei Marcotte Style. Und sie ist v\u00f6llig kostenlos! Dar\u00fcber hinaus verf\u00fcgt Marcotte Style \u00fcber einen 6000 m2 gro\u00dfen Ausstellungsraum und kann Ihnen daher die richtigen M\u00f6bel und Dekorationsmaterialien anbieten. Wir haben das Innendesign zu einer wahren Kunst erhoben und lassen Sie von den sch\u00f6nsten Einrichtungskonzepten f\u00fcr Ihr Zuhause profitieren. So finden Sie immer Einrichtungskonzepte, die perfekt zu Ihnen passen.    <\/p>\n<p>Sorgen Sie f\u00fcr Abwechslung und entscheiden Sie sich f\u00fcr eine Inneneinrichtung von Marcotte Style. <a href=\"https:\/\/marcottestyle.com\/portfolio\/\">Sehen Sie sich einige unserer Realisierungen an<\/a> oder <a href=\"https:\/\/marcottestyle.com\/pers-en-tv\/\">lesen Sie unsere Presseartikel<\/a>!<\/p>\n\t\t\t\t\t\t\t\t<\/div>\n\t\t\t\t<\/div>\n\t\t\t\t\t<\/div>\n\t\t\t\t<\/div>\n\t\t<div class=\"elementor-element elementor-element-ee9624b e-flex e-con-boxed e-con e-parent\" data-id=\"ee9624b\" data-element_type=\"container\" data-e-type=\"container\" data-settings=\"{&quot;_ha_eqh_enable&quot;:false}\">\n\t\t\t\t\t<div class=\"e-con-inner\">\n\t\t\t\t<div class=\"elementor-element elementor-element-17d4a95 elementor-widget elementor-widget-text-editor\" data-id=\"17d4a95\" data-element_type=\"widget\" data-e-type=\"widget\" data-widget_type=\"text-editor.default\">\n\t\t\t\t<div class=\"elementor-widget-container\">\n\t\t\t\t\t\t\t\t\t<p>M\u00f6chten auch Sie mit Einrichtungskonzepten Ihr Zuhause versch\u00f6nern? W\u00e4hlen Sie Einrichtungsprojekte von Marcotte Style und werten Sie alle R\u00e4ume auf. <\/p>\n\t\t\t\t\t\t\t\t<\/div>\n\t\t\t\t<\/div>\n\t\t\t\t\t<\/div>\n\t\t\t\t<\/div>\n\t\t<div class=\"elementor-element elementor-element-c92fdc2 e-flex e-con-boxed e-con e-parent\" data-id=\"c92fdc2\" data-element_type=\"container\" data-e-type=\"container\" data-settings=\"{&quot;_ha_eqh_enable&quot;:false}\">\n\t\t\t\t\t<div class=\"e-con-inner\">\n\t\t\t\t<div class=\"elementor-element elementor-element-ab0f22f elementor-widget elementor-widget-spacer\" data-id=\"ab0f22f\" data-element_type=\"widget\" data-e-type=\"widget\" data-widget_type=\"spacer.default\">\n\t\t\t\t<div class=\"elementor-widget-container\">\n\t\t\t\t\t\t\t<div class=\"elementor-spacer\">\n\t\t\t<div class=\"elementor-spacer-inner\"><\/div>\n\t\t<\/div>\n\t\t\t\t\t\t<\/div>\n\t\t\t\t<\/div>\n\t\t\t\t\t<\/div>\n\t\t\t\t<\/div>\n\t\t\t\t<\/div>\n\t\t","protected":false},"excerpt":{"rendered":"<p>INNENRAUM-PROJEKTE M\u00f6chten auch Sie mit Einrichtungskonzepten Ihr Zuhause versch\u00f6nern? Entscheiden Sie sich f\u00fcr eines der vielen Inneneinrichtungsprojekte von Marcotte Style und werten Sie sofort alle&#8230;<\/p>\n","protected":false},"author":2,"featured_media":0,"parent":0,"menu_order":40,"comment_status":"closed","ping_status":"closed","template":"elementor_header_footer","meta":{"ngg_post_thumbnail":0,"footnotes":""},"class_list":["post-13559","page","type-page","status-publish","hentry"],"_links":{"self":[{"href":"https:\/\/marcottestyle.com\/de\/wp-json\/wp\/v2\/pages\/13559","targetHints":{"allow":["GET"]}}],"collection":[{"href":"https:\/\/marcottestyle.com\/de\/wp-json\/wp\/v2\/pages"}],"about":[{"href":"https:\/\/marcottestyle.com\/de\/wp-json\/wp\/v2\/types\/page"}],"author":[{"embeddable":true,"href":"https:\/\/marcottestyle.com\/de\/wp-json\/wp\/v2\/users\/2"}],"replies":[{"embeddable":true,"href":"https:\/\/marcottestyle.com\/de\/wp-json\/wp\/v2\/comments?post=13559"}],"version-history":[{"count":3,"href":"https:\/\/marcottestyle.com\/de\/wp-json\/wp\/v2\/pages\/13559\/revisions"}],"predecessor-version":[{"id":13562,"href":"https:\/\/marcottestyle.com\/de\/wp-json\/wp\/v2\/pages\/13559\/revisions\/13562"}],"wp:attachment":[{"href":"https:\/\/marcottestyle.com\/de\/wp-json\/wp\/v2\/media?parent=13559"}],"curies":[{"name":"wp","href":"https:\/\/api.w.org\/{rel}","templated":true}]}}