{"id":13757,"date":"2018-02-13T09:52:10","date_gmt":"2018-02-13T08:52:10","guid":{"rendered":"http:\/\/marcottestyle.com\/projets-interieur\/"},"modified":"2025-02-12T21:26:17","modified_gmt":"2025-02-12T20:26:17","slug":"interieur-projekte","status":"publish","type":"page","link":"https:\/\/marcottestyle.com\/de\/interieur-projekte\/","title":{"rendered":"Innenausbau"},"content":{"rendered":"\t\t<div data-elementor-type=\"wp-page\" data-elementor-id=\"13757\" class=\"elementor elementor-13757 elementor-5373\" data-elementor-settings=\"{&quot;ha_cmc_init_switcher&quot;:&quot;no&quot;}\" data-elementor-post-type=\"page\">\n\t\t\t\t<div class=\"elementor-element elementor-element-66f1194 e-flex e-con-boxed e-con e-parent\" data-id=\"66f1194\" data-element_type=\"container\" data-e-type=\"container\" data-settings=\"{&quot;_ha_eqh_enable&quot;:false}\">\n\t\t\t\t\t<div class=\"e-con-inner\">\n\t\t\t\t<div class=\"elementor-element elementor-element-5de8ee0 elementor-widget elementor-widget-spacer\" data-id=\"5de8ee0\" data-element_type=\"widget\" data-e-type=\"widget\" data-widget_type=\"spacer.default\">\n\t\t\t\t<div class=\"elementor-widget-container\">\n\t\t\t\t\t\t\t<div class=\"elementor-spacer\">\n\t\t\t<div class=\"elementor-spacer-inner\"><\/div>\n\t\t<\/div>\n\t\t\t\t\t\t<\/div>\n\t\t\t\t<\/div>\n\t\t\t\t\t<\/div>\n\t\t\t\t<\/div>\n\t\t<div class=\"elementor-element elementor-element-8de4f76 e-flex e-con-boxed e-con e-parent\" data-id=\"8de4f76\" data-element_type=\"container\" data-e-type=\"container\" data-settings=\"{&quot;_ha_eqh_enable&quot;:false}\">\n\t\t\t\t\t<div class=\"e-con-inner\">\n\t\t\t\t<div class=\"elementor-element elementor-element-6e9d8f0 elementor-align-left elementor-widget elementor-widget-etheme_advanced_headline\" data-id=\"6e9d8f0\" data-element_type=\"widget\" data-e-type=\"widget\" data-widget_type=\"etheme_advanced_headline.default\">\n\t\t\t\t<div class=\"elementor-widget-container\">\n\t\t\t\t\t        \n        <div class=\"etheme-a-h-wrapper\">\n        \n            \n\t\t\t\n        <h2 class=\"etheme-advanced-headline etheme-advanced-headline-mask\">\n\n            INTERIOR\n        <\/h2>\n\t\t\n                    \n        <\/div>\n        \n\t\t\t\t\t\t<\/div>\n\t\t\t\t<\/div>\n\t\t\t\t\t<\/div>\n\t\t\t\t<\/div>\n\t\t<div class=\"elementor-element elementor-element-d406dc2 e-flex e-con-boxed e-con e-parent\" data-id=\"d406dc2\" data-element_type=\"container\" data-e-type=\"container\" data-settings=\"{&quot;_ha_eqh_enable&quot;:false}\">\n\t\t\t\t\t<div class=\"e-con-inner\">\n\t\t\t\t<div class=\"elementor-element elementor-element-7470ad2 elementor-widget elementor-widget-text-editor\" data-id=\"7470ad2\" data-element_type=\"widget\" data-e-type=\"widget\" data-widget_type=\"text-editor.default\">\n\t\t\t\t<div class=\"elementor-widget-container\">\n\t\t\t\t\t\t\t\t\t<p>M\u00f6chten auch Sie mit Einrichtungskonzepten Ihr Zuhause versch\u00f6nern? Entscheiden Sie sich f\u00fcr eines der vielen Inneneinrichtungsprojekte von Marcotte Style und werten Sie sofort alle R\u00e4ume Ihres Hauses auf. Marcotte Style bietet komplette Einrichtungsprojekte f\u00fcr alle Arten von H\u00e4usern an! Besitzen Sie eine Luxusvilla oder leben Sie in einer kleinen, aber gem\u00fctlichen Wohnung? Wir sorgen daf\u00fcr, dass alle R\u00e4ume in Ihrer Wohnung im gleichen Stil eingerichtet werden. So passt alles zusammen, wenn Sie in Ihrem Haus sind und die sch\u00f6ne Inneneinrichtung von Marcotte Style genie\u00dfen.     <\/p>\n\t\t\t\t\t\t\t\t<\/div>\n\t\t\t\t<\/div>\n\t\t\t\t\t<\/div>\n\t\t\t\t<\/div>\n\t\t<div class=\"elementor-element elementor-element-8039f47 e-flex e-con-boxed e-con e-parent\" data-id=\"8039f47\" data-element_type=\"container\" data-e-type=\"container\" data-settings=\"{&quot;_ha_eqh_enable&quot;:false}\">\n\t\t\t\t\t<div class=\"e-con-inner\">\n\t\t\t\t<div class=\"elementor-element elementor-element-7a3d906 elementor-align-left elementor-widget elementor-widget-etheme_advanced_headline\" data-id=\"7a3d906\" data-element_type=\"widget\" data-e-type=\"widget\" data-widget_type=\"etheme_advanced_headline.default\">\n\t\t\t\t<div class=\"elementor-widget-container\">\n\t\t\t\t\t        \n        <div class=\"etheme-a-h-wrapper\">\n        \n            \n\t\t\t\n        <h2 class=\"etheme-advanced-headline etheme-advanced-headline-mask\">\n\n            Innenarchitektur-Projekte: Marcotte Style und Sie!\n        <\/h2>\n\t\t\n                    \n        <\/div>\n        \n\t\t\t\t\t\t<\/div>\n\t\t\t\t<\/div>\n\t\t\t\t\t<\/div>\n\t\t\t\t<\/div>\n\t\t<div class=\"elementor-element elementor-element-beb88c0 e-flex e-con-boxed e-con e-parent\" data-id=\"beb88c0\" data-element_type=\"container\" data-e-type=\"container\" data-settings=\"{&quot;_ha_eqh_enable&quot;:false}\">\n\t\t\t\t\t<div class=\"e-con-inner\">\n\t\t\t\t<div class=\"elementor-element elementor-element-bd3cbb8 elementor-widget elementor-widget-text-editor\" data-id=\"bd3cbb8\" data-element_type=\"widget\" data-e-type=\"widget\" data-widget_type=\"text-editor.default\">\n\t\t\t\t<div class=\"elementor-widget-container\">\n\t\t\t\t\t\t\t\t\t<p>Der Ausgangspunkt f\u00fcr die Innenraumgestaltung bei Marcotte Style ist nat\u00fcrlich Ihr eigener Geschmack. Zun\u00e4chst besprechen wir mit Ihnen die M\u00f6glichkeiten, wobei wir uns an Ihren Vorlieben und W\u00fcnschen orientieren. Stehen Sie eher auf den Landhausstil oder bevorzugen Sie einen modernen Look? Sobald wir uns anhand eines &#8220;Moodboards&#8221; ein klares Bild von Ihren Vorlieben gemacht haben, schaffen wir mit unseren Einrichtungsprojekten die ideale Balance zwischen einem sch\u00f6nen Design und einem angenehmen Wohnumfeld. Wir vervollst\u00e4ndigen Ihr Zuhause mit unseren Einrichtungskonzepten!    <\/p>\n\t\t\t\t\t\t\t\t<\/div>\n\t\t\t\t<\/div>\n\t\t\t\t\t<\/div>\n\t\t\t\t<\/div>\n\t\t<div class=\"elementor-element elementor-element-d782521 e-flex e-con-boxed e-con e-parent\" data-id=\"d782521\" data-element_type=\"container\" data-e-type=\"container\" data-settings=\"{&quot;_ha_eqh_enable&quot;:false}\">\n\t\t\t\t\t<div class=\"e-con-inner\">\n\t\t\t\t<div class=\"elementor-element elementor-element-ee61927 elementor-widget elementor-widget-shortcode\" data-id=\"ee61927\" data-element_type=\"widget\" data-e-type=\"widget\" data-widget_type=\"shortcode.default\">\n\t\t\t\t<div class=\"elementor-widget-container\">\n\t\t\t\t\t\t\t<div class=\"elementor-shortcode\">ngg_shortcode_0_placeholder<\/div>\n\t\t\t\t\t\t<\/div>\n\t\t\t\t<\/div>\n\t\t\t\t<div class=\"elementor-element elementor-element-a00c613 elementor-widget elementor-widget-spacer\" data-id=\"a00c613\" data-element_type=\"widget\" data-e-type=\"widget\" data-widget_type=\"spacer.default\">\n\t\t\t\t<div class=\"elementor-widget-container\">\n\t\t\t\t\t\t\t<div class=\"elementor-spacer\">\n\t\t\t<div class=\"elementor-spacer-inner\"><\/div>\n\t\t<\/div>\n\t\t\t\t\t\t<\/div>\n\t\t\t\t<\/div>\n\t\t\t\t\t<\/div>\n\t\t\t\t<\/div>\n\t\t<div class=\"elementor-element elementor-element-d8e89ab e-flex e-con-boxed e-con e-parent\" data-id=\"d8e89ab\" data-element_type=\"container\" data-e-type=\"container\" data-settings=\"{&quot;_ha_eqh_enable&quot;:false}\">\n\t\t\t\t\t<div class=\"e-con-inner\">\n\t\t\t\t<div class=\"elementor-element elementor-element-b64718a elementor-align-left elementor-widget elementor-widget-etheme_advanced_headline\" data-id=\"b64718a\" data-element_type=\"widget\" data-e-type=\"widget\" data-widget_type=\"etheme_advanced_headline.default\">\n\t\t\t\t<div class=\"elementor-widget-container\">\n\t\t\t\t\t        \n        <div class=\"etheme-a-h-wrapper\">\n        \n            \n\t\t\t\n        <h2 class=\"etheme-advanced-headline etheme-advanced-headline-mask\">\n\n            Mehr als nur Innenarchitektur\n        <\/h2>\n\t\t\n                    \n        <\/div>\n        \n\t\t\t\t\t\t<\/div>\n\t\t\t\t<\/div>\n\t\t\t\t\t<\/div>\n\t\t\t\t<\/div>\n\t\t<div class=\"elementor-element elementor-element-b21eea7 e-flex e-con-boxed e-con e-parent\" data-id=\"b21eea7\" data-element_type=\"container\" data-e-type=\"container\" data-settings=\"{&quot;_ha_eqh_enable&quot;:false}\">\n\t\t\t\t\t<div class=\"e-con-inner\">\n\t\t\t\t<div class=\"elementor-element elementor-element-679aa9d elementor-widget elementor-widget-text-editor\" data-id=\"679aa9d\" data-element_type=\"widget\" data-e-type=\"widget\" data-widget_type=\"text-editor.default\">\n\t\t\t\t<div class=\"elementor-widget-container\">\n\t\t\t\t\t\t\t\t\t<p>Farbberatung ist ein wichtiger Bestandteil der Einrichtungsprojekte bei Marcotte Style. Und sie ist v\u00f6llig kostenlos! Dar\u00fcber hinaus verf\u00fcgt Marcotte Style \u00fcber einen 6000 m2 gro\u00dfen Ausstellungsraum und kann Ihnen daher die richtigen M\u00f6bel und Dekorationsmaterialien anbieten. Wir haben das Innendesign zu einer wahren Kunst erhoben und lassen Sie von den sch\u00f6nsten Einrichtungsideen f\u00fcr Ihr Zuhause profitieren. So finden Sie immer Einrichtungskonzepte, die perfekt zu Ihnen passen.    <\/p>\n\t\t\t\t\t\t\t\t<\/div>\n\t\t\t\t<\/div>\n\t\t\t\t\t<\/div>\n\t\t\t\t<\/div>\n\t\t<div class=\"elementor-element elementor-element-13f6006 e-flex e-con-boxed e-con e-parent\" data-id=\"13f6006\" data-element_type=\"container\" data-e-type=\"container\" data-settings=\"{&quot;_ha_eqh_enable&quot;:false}\">\n\t\t\t\t\t<div class=\"e-con-inner\">\n\t\t\t\t<div class=\"elementor-element elementor-element-19f77c9 elementor-widget elementor-widget-text-editor\" data-id=\"19f77c9\" data-element_type=\"widget\" data-e-type=\"widget\" data-widget_type=\"text-editor.default\">\n\t\t\t\t<div class=\"elementor-widget-container\">\n\t\t\t\t\t\t\t\t\t<p>Entscheiden Sie sich f\u00fcr Ver\u00e4nderung und w\u00e4hlen Sie Einrichtungsprojekte von Marcotte Style. <a href=\"https:\/\/marcottestyle.com\/portfolio\/\">Sehen Sie sich einige unserer Realisierungen an<\/a> oder <a href=\"https:\/\/marcottestyle.com\/pers-en-tv\/\">lesen Sie unsere Presseartikel<\/a>!<\/p>\n\t\t\t\t\t\t\t\t<\/div>\n\t\t\t\t<\/div>\n\t\t\t\t\t<\/div>\n\t\t\t\t<\/div>\n\t\t<div class=\"elementor-element elementor-element-8e4174b e-flex e-con-boxed e-con e-parent\" data-id=\"8e4174b\" data-element_type=\"container\" data-e-type=\"container\" data-settings=\"{&quot;_ha_eqh_enable&quot;:false}\">\n\t\t\t\t\t<div class=\"e-con-inner\">\n\t\t\t\t<div class=\"elementor-element elementor-element-78d3927 elementor-widget elementor-widget-text-editor\" data-id=\"78d3927\" data-element_type=\"widget\" data-e-type=\"widget\" data-widget_type=\"text-editor.default\">\n\t\t\t\t<div class=\"elementor-widget-container\">\n\t\t\t\t\t\t\t\t\t<p>M\u00f6chten Sie auch Einrichtungskonzepte nutzen, um Ihr Zuhause zu versch\u00f6nern? Entscheiden Sie sich f\u00fcr Innenarchitektur von Marcotte Style und werten Sie Ihr Zuhause auf. <\/p>\n\t\t\t\t\t\t\t\t<\/div>\n\t\t\t\t<\/div>\n\t\t\t\t\t<\/div>\n\t\t\t\t<\/div>\n\t\t<div class=\"elementor-element elementor-element-0e5d7cb e-flex e-con-boxed e-con e-parent\" data-id=\"0e5d7cb\" data-element_type=\"container\" data-e-type=\"container\" data-settings=\"{&quot;_ha_eqh_enable&quot;:false}\">\n\t\t\t\t\t<div class=\"e-con-inner\">\n\t\t\t\t<div class=\"elementor-element elementor-element-da6973f elementor-widget elementor-widget-spacer\" data-id=\"da6973f\" data-element_type=\"widget\" data-e-type=\"widget\" data-widget_type=\"spacer.default\">\n\t\t\t\t<div class=\"elementor-widget-container\">\n\t\t\t\t\t\t\t<div class=\"elementor-spacer\">\n\t\t\t<div class=\"elementor-spacer-inner\"><\/div>\n\t\t<\/div>\n\t\t\t\t\t\t<\/div>\n\t\t\t\t<\/div>\n\t\t\t\t\t<\/div>\n\t\t\t\t<\/div>\n\t\t\t\t<\/div>\n\t\t","protected":false},"excerpt":{"rendered":"<p>INTERIOR M\u00f6chten auch Sie mit Einrichtungskonzepten Ihr Zuhause versch\u00f6nern? Entscheiden Sie sich f\u00fcr eines der vielen Inneneinrichtungsprojekte von Marcotte Style und werten Sie sofort alle&#8230;<\/p>\n","protected":false},"author":2,"featured_media":0,"parent":0,"menu_order":19,"comment_status":"closed","ping_status":"closed","template":"elementor_header_footer","meta":{"ngg_post_thumbnail":0,"footnotes":""},"class_list":["post-13757","page","type-page","status-publish","hentry"],"_links":{"self":[{"href":"https:\/\/marcottestyle.com\/de\/wp-json\/wp\/v2\/pages\/13757","targetHints":{"allow":["GET"]}}],"collection":[{"href":"https:\/\/marcottestyle.com\/de\/wp-json\/wp\/v2\/pages"}],"about":[{"href":"https:\/\/marcottestyle.com\/de\/wp-json\/wp\/v2\/types\/page"}],"author":[{"embeddable":true,"href":"https:\/\/marcottestyle.com\/de\/wp-json\/wp\/v2\/users\/2"}],"replies":[{"embeddable":true,"href":"https:\/\/marcottestyle.com\/de\/wp-json\/wp\/v2\/comments?post=13757"}],"version-history":[{"count":3,"href":"https:\/\/marcottestyle.com\/de\/wp-json\/wp\/v2\/pages\/13757\/revisions"}],"predecessor-version":[{"id":13760,"href":"https:\/\/marcottestyle.com\/de\/wp-json\/wp\/v2\/pages\/13757\/revisions\/13760"}],"wp:attachment":[{"href":"https:\/\/marcottestyle.com\/de\/wp-json\/wp\/v2\/media?parent=13757"}],"curies":[{"name":"wp","href":"https:\/\/api.w.org\/{rel}","templated":true}]}}