{"id":13774,"date":"2018-02-13T10:04:16","date_gmt":"2018-02-13T09:04:16","guid":{"rendered":"http:\/\/marcottestyle.com\/meubles-cottage\/"},"modified":"2020-01-20T14:34:56","modified_gmt":"2020-01-20T13:34:56","slug":"cottage-moebel","status":"publish","type":"page","link":"https:\/\/marcottestyle.com\/de\/cottage-moebel\/","title":{"rendered":"Cottage M\u00f6bel"},"content":{"rendered":"<p>Es klingt offensichtlich, aber ein Haus muss sich wie zu Hause anf\u00fchlen und dennoch ist es oft schwieriger, eine heimelige Atmosph\u00e4re zu schaffen, als die Leute denken. Eine ruhige Umgebung, in der die Energie noch spritzt, ist mit dem H\u00e4uschenart leicht m\u00f6glich. Dieser Stil basiert auf Bauernh\u00e4usern aus England aus dem 19. Jahrhundert. In diesen Tagen ist das Wetter v\u00f6llig in Ordnung, da der Stil eine entspannte und angenehme Umgebung bietet.<\/p>\n<h3>Die Romantik ist nie weit weg.<\/h3>\n<p>Kontaktieren Sie uns unverbindlich<br \/>\nSehen Sie sich unsere Erfolge an<\/p>\n<h3>Cottage M\u00f6bel mit Stil<\/h3>\n<p>Um den Landhausstil zu kreieren, ist es auch notwendig, das Interieur so perfekt wie m\u00f6glich zu gestalten. Die Ferienhausm\u00f6bel sind daf\u00fcr ideal geeignet. Die Ideen von Marcotte Style sind eng mit dem Design des Landhausstils verbunden. Mit einigen modernen Ger\u00e4ten wird ein neuer Stil geschaffen, in dem Menschen gerne bleiben.<\/p>\n<p>[seo-gallery type = &#8220;3-column&#8221; taxonomy = &#8220;33&#8221; num = &#8220;4.11&#8221;]<\/p>\n<h3>Das Leben genie\u00dfen<\/h3>\n<p>Cottage M\u00f6bel sind das Herzst\u00fcck des Hauses. Sie geben einem Gef\u00fchl eine Richtung, das oft nicht einfach mit Worten zu beschreiben ist, aber auf jeden Fall gegenw\u00e4rtig ist. Design, Klasse und ein leckeres Design geh\u00f6ren zu jemandem mit einem raffinierten Geschmack. Vielleicht sind Sie bereits von der Kombination aus sanften Farben und stilvollen M\u00f6beln \u00fcberzeugt, die ein so reizvolles Ganzes bilden.<\/p>\n<h3>Klasse zahlt sich aus<\/h3>\n<p>Sie renovieren Ihr Haus nicht jede Woche und es ist wichtig, ihm die n\u00f6tige Aufmerksamkeit zu schenken. Mit Marcotte Style bringen Sie die M\u00f6bel im Landhausstil mit dem modernen Design des restlichen Hauses oder Zimmers zusammen. So entsteht ein Ganzes, das gl\u00fccklich macht und zudem nicht so schnell langweilig wird.<\/p>\n<h3>Die romantische Atmosph\u00e4re<\/h3>\n<p>Die romantische Atmosph\u00e4re, in der Sie sich jetzt mit den Cottage M\u00f6bel bewegen, l\u00e4dt Sie zu intensivsten Erlebnissen ein. Mit Familie, Freunden oder den Nachbarn erleben Sie die sch\u00f6nsten Momente im rustikalen Stil. Die geschmackvollen M\u00f6bel tragen gerne dazu bei.<\/p>\n<p>M\u00f6chten Sie Ihrem Interieur einen Landhausstil verleihen? Dann verlassen Sie sich auf Marcotte Style, um die richtigen Landhausm\u00f6bel f\u00fcr Sie zu finden. Schauen Sie sich die M\u00f6bel im Landhausstil an!<\/p>\n","protected":false},"excerpt":{"rendered":"<p>Es klingt offensichtlich, aber ein Haus muss sich wie zu Hause anf\u00fchlen und dennoch ist es oft schwieriger, eine heimelige Atmosph\u00e4re zu schaffen, als die&#8230;<\/p>\n","protected":false},"author":2,"featured_media":0,"parent":0,"menu_order":23,"comment_status":"closed","ping_status":"closed","template":"elementor_header_footer","meta":{"ngg_post_thumbnail":0,"footnotes":""},"class_list":["post-13774","page","type-page","status-publish","hentry"],"_links":{"self":[{"href":"https:\/\/marcottestyle.com\/de\/wp-json\/wp\/v2\/pages\/13774","targetHints":{"allow":["GET"]}}],"collection":[{"href":"https:\/\/marcottestyle.com\/de\/wp-json\/wp\/v2\/pages"}],"about":[{"href":"https:\/\/marcottestyle.com\/de\/wp-json\/wp\/v2\/types\/page"}],"author":[{"embeddable":true,"href":"https:\/\/marcottestyle.com\/de\/wp-json\/wp\/v2\/users\/2"}],"replies":[{"embeddable":true,"href":"https:\/\/marcottestyle.com\/de\/wp-json\/wp\/v2\/comments?post=13774"}],"version-history":[{"count":3,"href":"https:\/\/marcottestyle.com\/de\/wp-json\/wp\/v2\/pages\/13774\/revisions"}],"predecessor-version":[{"id":13777,"href":"https:\/\/marcottestyle.com\/de\/wp-json\/wp\/v2\/pages\/13774\/revisions\/13777"}],"wp:attachment":[{"href":"https:\/\/marcottestyle.com\/de\/wp-json\/wp\/v2\/media?parent=13774"}],"curies":[{"name":"wp","href":"https:\/\/api.w.org\/{rel}","templated":true}]}}