{"id":13788,"date":"2018-02-13T10:25:56","date_gmt":"2018-02-13T09:25:56","guid":{"rendered":"http:\/\/marcottestyle.com\/ameublement-d-appartement\/"},"modified":"2020-01-20T15:45:48","modified_gmt":"2020-01-20T14:45:48","slug":"einrichtung-fuer-wohnungen","status":"publish","type":"page","link":"https:\/\/marcottestyle.com\/de\/einrichtung-fuer-wohnungen\/","title":{"rendered":"Einrichtung f\u00fcr Wohnungen"},"content":{"rendered":"<p>Marcotte Syle ist Spezialist f\u00fcr jeden Einrichtung f\u00fcr Wohnungen. F\u00fcr jedes Projekt pr\u00fcfen wir, wie hoch das Budget des Kunden ist und was damit erreicht werden kann. Anhand unserer Akte mit ua detaillierten Preisangaben und professionellen CAD-Pl\u00e4nen realisieren wir die Traumgestaltung Ihrer Wohnung oder Ihres Penthouses. Alle Elemente Ihrer Wohnungseinrichtung werden in Einklang gebracht.<\/p>\n<p>[seo-gallery type = &#8220;3-columns&#8221; taxonomy = &#8220;109&#8221; num = &#8220;4.11&#8221;]<\/p>\n<h3>Wohnung einrichten und vieles mehr<\/h3>\n<p>Neben unserer Expertise auf dem Gebiet der Penthouse- und Apartmenteinrichtung beraten wir Sie auch kostenlos in Farbfragen. In unserem umfangreichen Angebot an M\u00f6beln und Dekorationsartikeln finden Sie bestimmt, wonach Sie suchen. Da wir alles im eigenen Haus erledigen, sind wir viel billiger als die normalen Gesch\u00e4fte. Dar\u00fcber hinaus haben wir mehr als 6000 Quadratmeter Showrooms. Hier finden Sie auch die Aufteilung Ihrer gro\u00dfen oder kleinen Wohnung! Marcotte Style kann Ihre Wohnung in verschiedenen Stilen gestalten.<\/p>\n<p>W\u00e4hrend der Realisierung Ihres Projekts haben Sie immer Kontakt mit der gleichen Person. Auf diese Weise k\u00f6nnen wir garantieren, dass Ihr Projekt fast immer nach Plan verl\u00e4uft. Wenn Sie jetzt eine gro\u00dfe oder kleine Wohnung einrichten m\u00f6chten, sind Sie mit Marcotte Style sicher, dass Sie ein erfolgreiches Ergebnis erzielen.<br \/>\nSchauen Sie sich unsere Seite &#8220;Realisierungen&#8221; an. Dort finden Sie viele Beispiele unserer Wohnungseinrichtung. Z\u00f6gern Sie nicht, uns f\u00fcr eine erste, kostenlose Diskussion zu kontaktieren!<\/p>\n<h3>Landleben in der Stadt:<\/h3>\n<p>Marcottestyle hat einen wichtigen Platz in der nationalen Gestaltung von Wohnungen erobert. Irgendwo mag man das widerspr\u00fcchlich erleben, aber man kann auch sehr gut in der Stadt auf dem Land leben.<\/p>\n<p>[seo-gallery type=&#8221;3-columns&#8221; taxonomy=&#8221;109&#8243; num=&#8221;4,11&#8243;]<\/p>\n","protected":false},"excerpt":{"rendered":"<p>Marcotte Syle ist Spezialist f\u00fcr jeden Einrichtung f\u00fcr Wohnungen. F\u00fcr jedes Projekt pr\u00fcfen wir, wie hoch das Budget des Kunden ist und was damit erreicht&#8230;<\/p>\n","protected":false},"author":2,"featured_media":0,"parent":0,"menu_order":32,"comment_status":"closed","ping_status":"closed","template":"elementor_header_footer","meta":{"ngg_post_thumbnail":0,"footnotes":""},"class_list":["post-13788","page","type-page","status-publish","hentry"],"_links":{"self":[{"href":"https:\/\/marcottestyle.com\/de\/wp-json\/wp\/v2\/pages\/13788","targetHints":{"allow":["GET"]}}],"collection":[{"href":"https:\/\/marcottestyle.com\/de\/wp-json\/wp\/v2\/pages"}],"about":[{"href":"https:\/\/marcottestyle.com\/de\/wp-json\/wp\/v2\/types\/page"}],"author":[{"embeddable":true,"href":"https:\/\/marcottestyle.com\/de\/wp-json\/wp\/v2\/users\/2"}],"replies":[{"embeddable":true,"href":"https:\/\/marcottestyle.com\/de\/wp-json\/wp\/v2\/comments?post=13788"}],"version-history":[{"count":2,"href":"https:\/\/marcottestyle.com\/de\/wp-json\/wp\/v2\/pages\/13788\/revisions"}],"predecessor-version":[{"id":13790,"href":"https:\/\/marcottestyle.com\/de\/wp-json\/wp\/v2\/pages\/13788\/revisions\/13790"}],"wp:attachment":[{"href":"https:\/\/marcottestyle.com\/de\/wp-json\/wp\/v2\/media?parent=13788"}],"curies":[{"name":"wp","href":"https:\/\/api.w.org\/{rel}","templated":true}]}}