{"id":13836,"date":"2018-02-13T10:28:47","date_gmt":"2018-02-13T09:28:47","guid":{"rendered":"http:\/\/marcottestyle.com\/cuisines-chambres-salles-a-manger-et-salles-de-bain-modernes\/"},"modified":"2020-01-23T12:59:58","modified_gmt":"2020-01-23T11:59:58","slug":"modernen-kuechen-badezimmern-esszimmern-schlafzimmern","status":"publish","type":"page","link":"https:\/\/marcottestyle.com\/de\/modernen-kuechen-badezimmern-esszimmern-schlafzimmern\/","title":{"rendered":"modernen K\u00fcchen, Badezimmern, Esszimmern, Schlafzimmern"},"content":{"rendered":"\n\t\t<style type=\"text\/css\">\n\t\t\t#gallery-1 {\n\t\t\t\tmargin: auto;\n\t\t\t}\n\t\t\t#gallery-1 .gallery-item {\n\t\t\t\tfloat: left;\n\t\t\t\tmargin-top: 10px;\n\t\t\t\ttext-align: center;\n\t\t\t\twidth: 25%;\n\t\t\t}\n\t\t\t#gallery-1 img {\n\t\t\t\tborder: 2px solid #cfcfcf;\n\t\t\t}\n\t\t\t#gallery-1 .gallery-caption {\n\t\t\t\tmargin-left: 0;\n\t\t\t}\n\t\t\t\/* see gallery_shortcode() in wp-includes\/media.php *\/\n\t\t<\/style>\n\t\t<div id='gallery-1' class='gallery galleryid-13836 gallery-columns-4 gallery-size-thumbnail'><dl class='gallery-item'>\n\t\t\t<dt class='gallery-icon landscape'>\n\t\t\t\t<a href='https:\/\/marcottestyle.com\/de\/raume\/kuche\/marcottestyle-moderne-keuken-wilrijk-a-2\/'><img decoding=\"async\" width=\"150\" height=\"150\" src=\"https:\/\/marcottestyle.com\/wp-content\/uploads\/xstore\/xstore-placeholder-1x1.png\" class=\"attachment-thumbnail size-thumbnail lazyload lazyload-simple et-lazyload-fadeIn\" alt=\"\" data-src=\"https:\/\/marcottestyle.com\/wp-content\/uploads\/2019\/07\/Marcottestyle-moderne-keuken-wilrijk-A-150x150.jpg\" title=\"\"><\/a>\n\t\t\t<\/dt><\/dl><dl class='gallery-item'>\n\t\t\t<dt class='gallery-icon landscape'>\n\t\t\t\t<a href='https:\/\/marcottestyle.com\/de\/?attachment_id=10635'><img decoding=\"async\" width=\"150\" height=\"150\" src=\"https:\/\/marcottestyle.com\/wp-content\/uploads\/xstore\/xstore-placeholder-1x1.png\" class=\"attachment-thumbnail size-thumbnail lazyload lazyload-simple et-lazyload-fadeIn\" alt=\"\" data-src=\"https:\/\/marcottestyle.com\/wp-content\/uploads\/2019\/07\/Marcottestyle-modern-hal-wilrijk-2-150x150.jpg\" title=\"\"><\/a>\n\t\t\t<\/dt><\/dl><dl class='gallery-item'>\n\t\t\t<dt class='gallery-icon landscape'>\n\t\t\t\t<a href='https:\/\/marcottestyle.com\/de\/marcottestyle-landelijke-villa-antwerpen-44-2\/'><img decoding=\"async\" width=\"150\" height=\"150\" src=\"https:\/\/marcottestyle.com\/wp-content\/uploads\/xstore\/xstore-placeholder-1x1.png\" class=\"attachment-thumbnail size-thumbnail lazyload lazyload-simple et-lazyload-fadeIn\" alt=\"\" data-src=\"https:\/\/marcottestyle.com\/wp-content\/uploads\/2018\/02\/Marcottestyle-landelijke-villa-antwerpen-44-150x150.jpg\" title=\"\"><\/a>\n\t\t\t<\/dt><\/dl><dl class='gallery-item'>\n\t\t\t<dt class='gallery-icon landscape'>\n\t\t\t\t<a href='https:\/\/marcottestyle.com\/de\/?attachment_id=10959'><img loading=\"lazy\" decoding=\"async\" width=\"150\" height=\"150\" src=\"https:\/\/marcottestyle.com\/wp-content\/uploads\/xstore\/xstore-placeholder-1x1.png\" class=\"attachment-thumbnail size-thumbnail lazyload lazyload-simple et-lazyload-fadeIn\" alt=\"\" data-src=\"https:\/\/marcottestyle.com\/wp-content\/uploads\/2019\/07\/Marcottestyle-moderne-slaapkamer-ouders-wilrijk-12-150x150.jpg\" title=\"\"><\/a>\n\t\t\t<\/dt><\/dl><br style=\"clear: both\" \/><dl class='gallery-item'>\n\t\t\t<dt class='gallery-icon landscape'>\n\t\t\t\t<a href='https:\/\/marcottestyle.com\/de\/?attachment_id=465'><img loading=\"lazy\" decoding=\"async\" width=\"150\" height=\"150\" src=\"https:\/\/marcottestyle.com\/wp-content\/uploads\/xstore\/xstore-placeholder-1x1.png\" class=\"attachment-thumbnail size-thumbnail lazyload lazyload-simple et-lazyload-fadeIn\" alt=\"\" data-src=\"https:\/\/marcottestyle.com\/wp-content\/uploads\/2017\/07\/Marcottestyle-moderne-keuken-avenue-louise-5-150x150.jpg\" title=\"\"><\/a>\n\t\t\t<\/dt><\/dl><dl class='gallery-item'>\n\t\t\t<dt class='gallery-icon landscape'>\n\t\t\t\t<a href='https:\/\/marcottestyle.com\/de\/modernen-kuechen-badezimmern-esszimmern-schlafzimmern\/marcottestyle-moderne-slaapkamer-1-2\/'><img loading=\"lazy\" decoding=\"async\" width=\"150\" height=\"150\" src=\"https:\/\/marcottestyle.com\/wp-content\/uploads\/xstore\/xstore-placeholder-1x1.png\" class=\"attachment-thumbnail size-thumbnail lazyload lazyload-simple et-lazyload-fadeIn\" alt=\"\" data-src=\"https:\/\/marcottestyle.com\/wp-content\/uploads\/2020\/01\/Marcottestyle-moderne-slaapkamer-1-150x150.jpg\" title=\"\"><\/a>\n\t\t\t<\/dt><\/dl><dl class='gallery-item'>\n\t\t\t<dt class='gallery-icon landscape'>\n\t\t\t\t<a href='https:\/\/marcottestyle.com\/de\/marcottestyle-modern-3-2\/'><img loading=\"lazy\" decoding=\"async\" width=\"150\" height=\"150\" src=\"https:\/\/marcottestyle.com\/wp-content\/uploads\/xstore\/xstore-placeholder-1x1.png\" class=\"attachment-thumbnail size-thumbnail lazyload lazyload-simple et-lazyload-fadeIn\" alt=\"\" data-src=\"https:\/\/marcottestyle.com\/wp-content\/uploads\/2018\/02\/Marcottestyle-modern-3-150x150.jpg\" title=\"\"><\/a>\n\t\t\t<\/dt><\/dl><dl class='gallery-item'>\n\t\t\t<dt class='gallery-icon landscape'>\n\t\t\t\t<a href='https:\/\/marcottestyle.com\/de\/marcottestyle-modern-4-2\/'><img loading=\"lazy\" decoding=\"async\" width=\"150\" height=\"150\" src=\"https:\/\/marcottestyle.com\/wp-content\/uploads\/xstore\/xstore-placeholder-1x1.png\" class=\"attachment-thumbnail size-thumbnail lazyload lazyload-simple et-lazyload-fadeIn\" alt=\"\" data-src=\"https:\/\/marcottestyle.com\/wp-content\/uploads\/2018\/02\/Marcottestyle-modern-4-150x150.jpg\" title=\"\"><\/a>\n\t\t\t<\/dt><\/dl><br style=\"clear: both\" \/>\n\t\t<\/div>\n\n<p>In modernen K\u00fcchen, Badezimmern, Esszimmern, Schlafzimmern oder anderen R\u00e4umen werden Sie und Ihre G\u00e4ste sich in der entspannten und beruhigenden Atmosph\u00e4re, die unser modernes, perfekt gestaltetes Interieur auszeichnet, sofort wie zu Hause f\u00fchlen. \u00c4sthetik, intelligentes Design, geschickte Raumnutzung gehen Hand in Hand mit der richtigen Atmosph\u00e4re und dem richtigen Gef\u00fchl.<\/p>\n<h3>Moderne K\u00fcche<\/h3>\n<p>Heutzutage ist eine K\u00fcche viel mehr als ein funktionaler Raum zum Kochen, sie ist eine komfortable, dynamische Wohnk\u00fcche, in der immer mehr Zeit verbracht wird. Kurz gesagt, die moderne K\u00fcche, oft mit integriertem Esszimmer, ist ein zentraler und wichtiger Raum in einem modernen Haus, der im Gesamtbild der kompletten Innenarchitektur, auf die sich Marcotte Style spezialisiert hat, mit Sicherheit die notwendige Aufmerksamkeit verdient. Nicht nur dank des Kochrummels der letzten Jahre wurde die K\u00fcche in den letzten Jahrzehnten stark aufgewertet. Zu Recht, denn wer in eine moderne, gut ausgestattete und sch\u00f6n eingerichtete K\u00fcche investieren m\u00f6chte, profitiert davon. Wer sich f\u00fcr ein Gesamtkonzept des modernen Wohnens entscheidet, sollte die K\u00fcche nicht \u00fcbersehen.<\/p>\n<p>[seo-gallery type=&#8221;3-columns&#8221; taxonomy=&#8221;39&#8243; num=&#8221;4,11&#8243;]<\/p>\n<h3>Modernes Wohn- und Esszimmer<\/h3>\n<p>F\u00fcr moderne Speiser\u00e4ume oder M\u00f6bel f\u00fcr moderne Speiser\u00e4ume in allen m\u00f6glichen Stilrichtungen m\u00fcssen Sie sich an Marcotte Style wenden. Ein Esszimmer ist ein Raum im Haus, der nicht untersch\u00e4tzt werden sollte. Nichts ist angenehmer als ein Essen mit Familie, Freunden und G\u00e4sten in der angenehmen Atmosph\u00e4re eines sch\u00f6nen Speisesaals. Es versteht sich von selbst, dass ein Esstisch &#8211; das zentrale M\u00f6belst\u00fcck im Esszimmer &#8211; nicht nur ein Impulskauf ist. Sie m\u00fcssen die Gr\u00f6\u00dfe, den Rest des Innenraums, die Anzahl der Personen, die am Tisch sitzen k\u00f6nnen, usw. ber\u00fccksichtigen.<\/p>\n<p>Die Inneneinrichtungsexperten von Marcotte Style haben wirklich K\u00e4se daraus gegessen. Sie k\u00f6nnen sogar detaillierte 3D-Simulationen f\u00fcr bestimmte Eink\u00e4ufe durchf\u00fchren, um im Voraus abzusch\u00e4tzen, wie der Tisch in Ihr einzigartiges Interieur passt! So wissen Sie genau, wie Ihr Esszimmer mit dem neuen Marcotte-Tisch aussehen wird. Marcotte Style hat Hunderte von wundersch\u00f6nen Exemplaren in seiner Sammlung. Da unser Sortiment so umfangreich und vielseitig ist, ist es fast unm\u00f6glich, dass Sie bei uns den perfekten Tisch finden.<\/p>\n<p>Es lohnt sich sehr, sich f\u00fcr unser Gesamtdesign zu entscheiden. Unsere Inneneinrichtungsexperten und das Innendesign-Team unterst\u00fctzen Sie und begleiten Sie bei der Gestaltung Ihres Traumesszimmers. Denn ein Esszimmer ist so viel mehr als eine Summe von M\u00f6beln.<\/p>\n<p>[seo-gallery type=&#8221;3-columns&#8221; taxonomy=&#8221;41&#8243; num=&#8221;4,11&#8243;]<\/p>\n<h3>Modernes Schlafzimmer<\/h3>\n<p>Marcotte Style, spezialisiert auf vollst\u00e4ndige und teilweise Inneneinrichtung, kann Ihnen viel bedeuten, wenn Sie ein modernes Schlafzimmer einrichten m\u00f6chten. Ein Schlafzimmer bittet um ein ausgewogenes, harmonisches Design mit sorgf\u00e4ltig ausgew\u00e4hlten Farben, damit Sie sich in einem Raum, in dem Sie bald 8 Stunden am Tag verbringen werden, vollkommen entspannen k\u00f6nnen. Unsere Innenarchitekten m\u00fcssen sich nicht \u00fcber Nacht Gedanken ums Entwerfen machen. Unsere Einrichtungsspezialisten modellieren Ihr Traumschlafzimmer mit modernsten Techniken. Dank unserer eigenen M\u00f6belkollektion k\u00f6nnen wir Ihnen die verschiedensten und exklusivsten M\u00f6belst\u00fccke garantieren. Besuchen Sie unbedingt unseren Showroom und Webshop auf der Website! Dar\u00fcber hinaus liefert Marcotte Style alle m\u00f6glichen Farbmuster, perfekte benutzerdefinierte Abmessungen und alles, was mit einer erstaunlich genauen 3D-Integrationstechnik sauber in Pl\u00e4ne gezeichnet wurde. Der Innenarchitekt Jean-Jacques Soenen bietet ein \u00e4u\u00dferst stilvolles Schlafzimmerinterieur, das allen Anforderungen gerecht wird.<\/p>\n<p>[seo-gallery type=&#8221;3-columns&#8221; taxonomy=&#8221;40&#8243; num=&#8221;4,11&#8243;]<\/p>\n<p>\u00dcberzeugen Sie sich selbst und w\u00e4hlen Sie moderne K\u00fcchen von Marcotte Style.<br \/>\nSehen Sie sich einige unserer Erfolge an oder lesen Sie unsere Presseartikel!<\/p>\n<blockquote><p>Suchen Sie moderne K\u00fcchen? Lassen Sie Marcotte Style Ihre moderne K\u00fcche entwerfen. Moderne K\u00fcchen von h\u00f6chster Qualit\u00e4t!<\/p><\/blockquote>\n","protected":false},"excerpt":{"rendered":"<p>In modernen K\u00fcchen, Badezimmern, Esszimmern, Schlafzimmern oder anderen R\u00e4umen werden Sie und Ihre G\u00e4ste sich in der entspannten und beruhigenden Atmosph\u00e4re, die unser modernes, perfekt&#8230;<\/p>\n","protected":false},"author":2,"featured_media":0,"parent":0,"menu_order":33,"comment_status":"closed","ping_status":"closed","template":"elementor_header_footer","meta":{"ngg_post_thumbnail":0,"footnotes":""},"class_list":["post-13836","page","type-page","status-publish","hentry"],"_links":{"self":[{"href":"https:\/\/marcottestyle.com\/de\/wp-json\/wp\/v2\/pages\/13836","targetHints":{"allow":["GET"]}}],"collection":[{"href":"https:\/\/marcottestyle.com\/de\/wp-json\/wp\/v2\/pages"}],"about":[{"href":"https:\/\/marcottestyle.com\/de\/wp-json\/wp\/v2\/types\/page"}],"author":[{"embeddable":true,"href":"https:\/\/marcottestyle.com\/de\/wp-json\/wp\/v2\/users\/2"}],"replies":[{"embeddable":true,"href":"https:\/\/marcottestyle.com\/de\/wp-json\/wp\/v2\/comments?post=13836"}],"version-history":[{"count":2,"href":"https:\/\/marcottestyle.com\/de\/wp-json\/wp\/v2\/pages\/13836\/revisions"}],"predecessor-version":[{"id":13838,"href":"https:\/\/marcottestyle.com\/de\/wp-json\/wp\/v2\/pages\/13836\/revisions\/13838"}],"wp:attachment":[{"href":"https:\/\/marcottestyle.com\/de\/wp-json\/wp\/v2\/media?parent=13836"}],"curies":[{"name":"wp","href":"https:\/\/api.w.org\/{rel}","templated":true}]}}