{"id":13848,"date":"2018-02-13T10:40:30","date_gmt":"2018-02-13T09:40:30","guid":{"rendered":"http:\/\/marcottestyle.com\/cuisines-style-cottage\/"},"modified":"2020-01-23T19:22:12","modified_gmt":"2020-01-23T18:22:12","slug":"cottage-kueche","status":"publish","type":"page","link":"https:\/\/marcottestyle.com\/de\/cottage-kueche\/","title":{"rendered":"Cottage k\u00fcche"},"content":{"rendered":"<p>Wer nach einer K\u00fcche in Landhaus Stil sucht, die auch als Landhausk\u00fcche oder cottage K\u00fcche bezeichnet wird, sollte sich die K\u00fcche von Marcotte Style designen lassen. Dort k\u00f6nnen Sie aus einer Vielzahl von K\u00fcchen im Landhausstil w\u00e4hlen, die ganz nach Ihrem Geschmack hergestellt werden. M\u00f6chten Sie eine Granitsp\u00fcle oder eine extra dicke Arbeitsplatte? Bei Marcotte Style haben Sie eine gro\u00dfe Auswahl. Mit einer Landhausk\u00fcche von Marcotte Style verleihen Sie Ihrem Zuhause den warmen l\u00e4ndlichen Look, nach dem Sie schon immer gesucht haben. Dar\u00fcber hinaus sorgen wir daf\u00fcr, dass Ihre K\u00fcche im Landhausstil perfekt zum Rest Ihres Interieurs passt. Marcotte Style ist der richtige Ort f\u00fcr eine rustikale K\u00fcche.<\/p>\n<h3>Landhaus- und Landk\u00fcchen f\u00fcr einen l\u00e4ndlichen Look<\/h3>\n<p>Die Designer von Marcotte Style liefern nicht nur K\u00fcchen im Landhausstil. Sie sorgen daf\u00fcr, dass Ihre K\u00fcche sich perfekt in Ihr Interieur einf\u00fcgt, also komplette, ma\u00dfgeschneiderte Landhausk\u00fcchen. Auf diese Weise k\u00f6nnen Sie sicher sein, dass Ihr gesamtes Haus den gleichen Landhausstil hat. Mit den K\u00fcchen von Marcotte Style wird Ihre K\u00fcche zum Blickfang Ihres Zuhauses. Dar\u00fcber hinaus ist es vollst\u00e4ndig bis ins kleinste Detail auf Ihre eigenen Vorlieben und Ihren Geschmack zugeschnitten.<\/p>\n<h3>K\u00fcchen Landhausstil<\/h3>\n<p>Hightech-Maschinen und computergesteuerte Programme sorgen daf\u00fcr, dass wir Ihnen die ansprechendsten Designs f\u00fcr ma\u00dfgeschneiderte nationale K\u00fcchen bieten. Dar\u00fcber hinaus k\u00f6nnen Sie anhand von Fotos aller ausgew\u00e4hlten Produkte und einer 3D-Visualisierung vorab genau sehen, wie Ihre Landhausk\u00fcche aussehen wird. Entscheiden Sie sich f\u00fcr eine der Landhausk\u00fcchen von Marcotte Style. Dann wissen Sie sicher, dass das Design Ihrer K\u00fcche perfekt zu Ihrem restlichen Zuhause passt.<\/p>\n<p>[seo-gallery type=&#8221;3-columns&#8221; taxonomy=&#8221;32&#8243; num=&#8221;4,11&#8243;]<\/p>\n<p>G\u00f6nnen Sie sich eine rustikale K\u00fcche von Marcotte Style. Sehen Sie sich einige unserer Erfolge an oder lesen Sie unsere Presseartikel!<\/p>\n<blockquote><p>Auf der Suche nach Landhausk\u00fcchen? Marcotte Style bietet eine gro\u00dfe Auswahl an voll individualisierten K\u00fcchen.<\/p><\/blockquote>\n","protected":false},"excerpt":{"rendered":"<p>Wer nach einer K\u00fcche in Landhaus Stil sucht, die auch als Landhausk\u00fcche oder cottage K\u00fcche bezeichnet wird, sollte sich die K\u00fcche von Marcotte Style designen&#8230;<\/p>\n","protected":false},"author":2,"featured_media":0,"parent":0,"menu_order":38,"comment_status":"closed","ping_status":"closed","template":"elementor_header_footer","meta":{"ngg_post_thumbnail":0,"footnotes":""},"class_list":["post-13848","page","type-page","status-publish","hentry"],"_links":{"self":[{"href":"https:\/\/marcottestyle.com\/de\/wp-json\/wp\/v2\/pages\/13848","targetHints":{"allow":["GET"]}}],"collection":[{"href":"https:\/\/marcottestyle.com\/de\/wp-json\/wp\/v2\/pages"}],"about":[{"href":"https:\/\/marcottestyle.com\/de\/wp-json\/wp\/v2\/types\/page"}],"author":[{"embeddable":true,"href":"https:\/\/marcottestyle.com\/de\/wp-json\/wp\/v2\/users\/2"}],"replies":[{"embeddable":true,"href":"https:\/\/marcottestyle.com\/de\/wp-json\/wp\/v2\/comments?post=13848"}],"version-history":[{"count":3,"href":"https:\/\/marcottestyle.com\/de\/wp-json\/wp\/v2\/pages\/13848\/revisions"}],"predecessor-version":[{"id":13851,"href":"https:\/\/marcottestyle.com\/de\/wp-json\/wp\/v2\/pages\/13848\/revisions\/13851"}],"wp:attachment":[{"href":"https:\/\/marcottestyle.com\/de\/wp-json\/wp\/v2\/media?parent=13848"}],"curies":[{"name":"wp","href":"https:\/\/api.w.org\/{rel}","templated":true}]}}