{"id":39429,"date":"2018-02-13T09:46:13","date_gmt":"2018-02-13T08:46:13","guid":{"rendered":"http:\/\/marcottestyle.com\/laendliche-dekoration\/"},"modified":"2018-02-13T09:46:13","modified_gmt":"2018-02-13T08:46:13","slug":"laendliche-dekoration","status":"publish","type":"page","link":"https:\/\/marcottestyle.com\/de\/laendliche-dekoration\/","title":{"rendered":"L\u00e4ndliche Dekoration"},"content":{"rendered":"<p>Wenn Sie Ihr Haus im Landhausstil einrichten oder ein Landhausinterieur auf die bestm\u00f6gliche Weise dekorieren m\u00f6chten, bietet Marcotte Style eine unglaubliche Anzahl von M\u00f6glichkeiten.<br \/>\nNicht nur, dass unsere Innenarchitekten allesamt Experten in Sachen Landhausstil sind, unser Einrichtungsgesch\u00e4ft ist nicht weniger als die Walhalla f\u00fcr Landhausstil.   <\/p>\n<h3>L\u00e4ndliche Dekoration mit Marcotte-M\u00f6beln<\/h3>\n<p>  Ihr Haus oder einen oder mehrere R\u00e4ume in Ihrem Haus im Landhausstil einzurichten, kann eine komplexe Herausforderung sein.<br \/>\nDer vielseitige Landhausstil mit seinem beruhigenden Charakter umfasst viele verschiedene Schichten und Feinheiten, mit denen wir von Marcotte Style sehr vertraut sind.   <\/p>\n<h3>Zubeh\u00f6r f\u00fcr die Dekoration<\/h3>\n<p>  Unser ganzheitlicher Ansatz garantiert immer Harmonie.<br \/>\nEs sind die feinen Details wie unsere sch\u00f6nen schmiedeeisernen (Bett-)Gestelle, Keramikspiegel, unsere &#8216;kuscheligen&#8217; Stoffsofas, fertige Sessel mit gewebten Motiven, flankiert von einer gut ausgew\u00e4hlten Pflanze in einem Steinguttopf&#8230; all das k\u00f6nnen Sie im Webshop entdecken.   [seo-gallery type=&#8221;3-columns&#8221; taxonomy=&#8221;20&#8243; num=&#8221;4,11&#8243;]<\/p>\n<h3>Landhausstil<\/h3>\n<p>  Sie werden feststellen, dass die Einfl\u00fcsse des englischen Landhausstils nie weit entfernt sind.<br \/>\nUnsere Einrichtungsexperten wissen wie kein anderer, wie man die einzigartige l\u00e4ndliche Atmosph\u00e4re heraufbeschw\u00f6rt.<br \/>\nBei der l\u00e4ndlichen Inneneinrichtung spielen viele Faktoren eine Rolle: die architektonischen Merkmale des Hauses, dekorative Details, Farben, Materialien usw. Bei der Dekoration geht es darum, Entscheidungen zu treffen und Marcotte kann Ihnen dabei wie kein anderer helfen.    <\/p>\n<h3>Beleuchtung f\u00fcr l\u00e4ndliche Dekoration<\/h3>\n<p>  Um Atmosph\u00e4re zu schaffen, ist die Beleuchtung nat\u00fcrlich von nicht zu untersch\u00e4tzender Bedeutung.<br \/>\nUm die typische gem\u00fctliche, nostalgische l\u00e4ndliche Atmosph\u00e4re zu erzeugen, m\u00fcssen Sie auch in diesem Bereich die richtige Wahl treffen.<br \/>\nIn Sachen Beleuchtung hat Marcotte Style eine Menge interessanter Dinge zu bieten, wenn Sie Ihr Zuhause landestypisch dekorieren m\u00f6chten.<br \/>\nUnsere sch\u00f6nen Kronleuchter, Kristalll\u00fcster, schmiedeeisernen Kerzenhalter, H\u00e4ngelampen und klassischen Schreibtischlampen sind allesamt Schmuckst\u00fccke in unserer Kollektion.     <\/p>\n<blockquote><p>L\u00e4ndliche Dekoration: die Spezialit\u00e4t von Marcotte Style.<br \/>\nEntdecken Sie unsere l\u00e4ndliche Inneneinrichtung oder lassen Sie Ihre Einrichtung komplett gestalten. <\/p><\/blockquote>\n","protected":false},"excerpt":{"rendered":"<p>Wenn Sie Ihr Haus im Landhausstil einrichten oder ein Landhausinterieur auf die bestm\u00f6gliche Weise dekorieren m\u00f6chten, bietet Marcotte Style eine unglaubliche Anzahl von M\u00f6glichkeiten. Nicht&#8230;<\/p>\n","protected":false},"author":2,"featured_media":0,"parent":0,"menu_order":17,"comment_status":"closed","ping_status":"closed","template":"elementor_header_footer","meta":{"ngg_post_thumbnail":0,"footnotes":""},"class_list":["post-39429","page","type-page","status-publish","hentry"],"_links":{"self":[{"href":"https:\/\/marcottestyle.com\/de\/wp-json\/wp\/v2\/pages\/39429","targetHints":{"allow":["GET"]}}],"collection":[{"href":"https:\/\/marcottestyle.com\/de\/wp-json\/wp\/v2\/pages"}],"about":[{"href":"https:\/\/marcottestyle.com\/de\/wp-json\/wp\/v2\/types\/page"}],"author":[{"embeddable":true,"href":"https:\/\/marcottestyle.com\/de\/wp-json\/wp\/v2\/users\/2"}],"replies":[{"embeddable":true,"href":"https:\/\/marcottestyle.com\/de\/wp-json\/wp\/v2\/comments?post=39429"}],"version-history":[{"count":0,"href":"https:\/\/marcottestyle.com\/de\/wp-json\/wp\/v2\/pages\/39429\/revisions"}],"wp:attachment":[{"href":"https:\/\/marcottestyle.com\/de\/wp-json\/wp\/v2\/media?parent=39429"}],"curies":[{"name":"wp","href":"https:\/\/api.w.org\/{rel}","templated":true}]}}