{"id":39430,"date":"2018-02-13T09:45:00","date_gmt":"2018-02-13T08:45:00","guid":{"rendered":"http:\/\/marcottestyle.com\/landhausschraenke\/"},"modified":"2018-02-13T09:45:00","modified_gmt":"2018-02-13T08:45:00","slug":"landhausschraenke","status":"publish","type":"page","link":"https:\/\/marcottestyle.com\/de\/landhausschraenke\/","title":{"rendered":"Landhausschr\u00e4nke"},"content":{"rendered":"<p>Bei der geschmackvollen Einrichtung eines Zimmers wird der Stauraum oft \u00fcbersehen.<br \/>\nViel Aufmerksamkeit wird den Sitzgelegenheiten, der Beleuchtung und z.B. den Kunstobjekten an der Wand gewidmet.<br \/>\nDie Suche nach geeigneten Schr\u00e4nken wird jedoch manchmal zu leichtfertig angegangen.<br \/>\nDoch f\u00fcr ein harmonisches Wohnambiente ist es wichtig, dass die Schr\u00e4nke zur Atmosph\u00e4re des Raumes passen.<br \/>\nSchlie\u00dflich ist er mit Sorgfalt eingerichtet worden; das Hinzuf\u00fcgen von Aufbewahrungsm\u00f6beln sollte die erzielte Wirkung nicht beeintr\u00e4chtigen.<br \/>\nBesonders wenn die Einrichtung im Landhausstil gehalten ist, sollten die M\u00f6bel gut aufeinander abgestimmt sein.<br \/>\nHier sind keine gewagten Kombinationen angebracht: Wer sich f\u00fcr den Landhausstil entscheidet, sch\u00e4tzt Harmonie in der Einrichtung.<br \/>\nDazu geh\u00f6ren also auch sch\u00f6ne Schr\u00e4nke im Landhausstil, die mit Sorgfalt ausgew\u00e4hlt werden.         <a href=\"http:\/\/marcottestyle.com\/contact\/\"><a href=\"http:\/\/marcottestyle.com\/contact\/\">Kontaktieren Sie uns unverbindlich<\/a><\/a><br \/>\n<a href=\"http:\/\/marcottestyle.com\/portfolio\/\"><a href=\"http:\/\/marcottestyle.com\/portfolio\/\">Sehen Sie unsere Realisierungen<\/a><\/a><\/p>\n<h3>Ma\u00dfgefertigte Landhausschr\u00e4nke<\/h3>\n<p>  Diese Aufgabe k\u00f6nnen Sie getrost Marcotte Style \u00fcberlassen.<br \/>\nMan nimmt Ihre W\u00fcnsche auf und findet den perfekten Schrank f\u00fcr Ihre Situation.<br \/>\nAuch die Ma\u00dfanfertigung ist eine der M\u00f6glichkeiten.<br \/>\nUnser Innenarchitekt findet einen Schrank im Landhausstil, der zu jedem Raum passt, ob es sich nun um Ihr Wohnzimmer oder zum Beispiel um die Inneneinrichtung eines Projekts handelt.<br \/>\nSchr\u00e4nke im Landhausstil sind zeitlos und es versteht sich von selbst, dass Sie gute Qualit\u00e4tsm\u00f6bel ben\u00f6tigen.<br \/>\nNicht nur der Look sollte rustikal sein, ein Schrank sollte auch eine gewisse Robustheit aufweisen, kombiniert mit einer attraktiven Optik, die zu einer rustikalen Einrichtung in Bezug auf W\u00e4rme und Ambiente passt.<br \/>\nMarcotte Style bietet Ihnen Schr\u00e4nke mit optimalem Bedienungskomfort und m\u00f6glicherweise pfiffigen modernen Erg\u00e4nzungen, wie z.B. Platz f\u00fcr die Verkabelung von Hi-Fi-Ger\u00e4ten oder ein Heimkino.<br \/>\nDiese modernen Funktionen sind jedoch geschickt verborgen, so dass Sie den Look eines authentischen Landhausschranks genie\u00dfen k\u00f6nnen.         [seo-gallery type=&#8221;3-columns&#8221; taxonomy=&#8221;19&#8243; num=&#8221;4,11&#8243;]<\/p>\n<blockquote><p>Sind Sie auf der Suche nach Schr\u00e4nken im Landhausstil?<br \/>\nDann hat Marcotte Style bestimmt etwas f\u00fcr Sie.<br \/>\nEntdecken Sie schnell unsere Landhausschr\u00e4nke, auf Wunsch auch nach Ma\u00df!  <\/p><\/blockquote>\n","protected":false},"excerpt":{"rendered":"<p>Bei der geschmackvollen Einrichtung eines Zimmers wird der Stauraum oft \u00fcbersehen. Viel Aufmerksamkeit wird den Sitzgelegenheiten, der Beleuchtung und z.B. den Kunstobjekten an der Wand&#8230;<\/p>\n","protected":false},"author":2,"featured_media":0,"parent":0,"menu_order":16,"comment_status":"closed","ping_status":"closed","template":"elementor_header_footer","meta":{"ngg_post_thumbnail":0,"footnotes":""},"class_list":["post-39430","page","type-page","status-publish","hentry"],"_links":{"self":[{"href":"https:\/\/marcottestyle.com\/de\/wp-json\/wp\/v2\/pages\/39430","targetHints":{"allow":["GET"]}}],"collection":[{"href":"https:\/\/marcottestyle.com\/de\/wp-json\/wp\/v2\/pages"}],"about":[{"href":"https:\/\/marcottestyle.com\/de\/wp-json\/wp\/v2\/types\/page"}],"author":[{"embeddable":true,"href":"https:\/\/marcottestyle.com\/de\/wp-json\/wp\/v2\/users\/2"}],"replies":[{"embeddable":true,"href":"https:\/\/marcottestyle.com\/de\/wp-json\/wp\/v2\/comments?post=39430"}],"version-history":[{"count":0,"href":"https:\/\/marcottestyle.com\/de\/wp-json\/wp\/v2\/pages\/39430\/revisions"}],"wp:attachment":[{"href":"https:\/\/marcottestyle.com\/de\/wp-json\/wp\/v2\/media?parent=39430"}],"curies":[{"name":"wp","href":"https:\/\/api.w.org\/{rel}","templated":true}]}}