{"id":39869,"date":"2018-03-02T12:52:04","date_gmt":"2018-03-02T11:52:04","guid":{"rendered":"http:\/\/marcottestyle.com\/innenarchitekt-waregem\/"},"modified":"2018-03-02T12:52:04","modified_gmt":"2018-03-02T11:52:04","slug":"innenarchitekt-waregem","status":"publish","type":"page","link":"https:\/\/marcottestyle.com\/de\/innenarchitekt-waregem\/","title":{"rendered":"Innenarchitekt Waregem"},"content":{"rendered":"<p>Einer der absolut Besten unter den Innenarchitekten in der N\u00e4he von Waregem ist der talentierte Jean-Jacques Soenen.<br \/>\nDer <strong>Innenarchitekt<\/strong> und das Gesicht des hei\u00df geliebten Marcotte Style ist auf die teilweise oder komplette Gestaltung von Innenr\u00e4umen spezialisiert.<br \/>\nMit den modernsten Ger\u00e4ten und Techniken modellieren die Designer von Marcotte Style das Interieur Ihrer Tr\u00e4ume.<br \/>\nDer Innenarchitekt von Marcotte Style, Jean-Jacques Soenen, ist in Waregem ein bekannter Name, wenn es um die Inneneinrichtung von H\u00e4usern, Wohnungen und Villen geht.<br \/>\nGanz gleich, ob Sie ein komplettes Haus harmonisch <strong>einrichten<\/strong> oder nur einen Raum gestalten und dekorieren m\u00f6chten, Innenarchitekt Soenen und sein professionelles Team arbeiten mit Ihnen zusammen, um ein traumhaftes Ergebnis zu erzielen.<br \/>\nEine professionelle Herangehensweise und eine verantwortungsvolle Nachbereitung sind einige der vielen Vorz\u00fcge des Innenarchitekten von Marcotte Style. <\/p>\n<blockquote><p>Ihr Innenarchitekt f\u00fcr Waregem<\/p><\/blockquote>\n<p> Angetrieben von purer Leidenschaft und viel Enthusiasmus ist Soenen immer in der Lage, Ihr Projekt mit einer ehrlichen und klaren Zusammenarbeit zu vollenden, bei der klare Vereinbarungen getroffen werden.<br \/>\nDiese Arbeitsweise hat bereits unz\u00e4hlige zufriedene Kunden hervorgebracht.        [seo-gallery type=&#8221;3-columns&#8221; taxonomy=&#8221;89&#8243; num=&#8221;4,10&#8243;]<\/p>\n<p class=\"tel\"><span class=\"prefix\">Telefon <\/span><a href=\"tel:003232304011\"><span class=\"value\">+32 3 230 40 11<\/span><\/a><\/p>\n<p class=\"tel tel-alt\"><span class=\"prefix\">GSM <\/span><a href=\"tel:0032497555505\"><span class=\"value\">+32 497 555 505<\/span><\/a><\/p>\n<p class=\"email-wrap\"><span class=\"prefix\">E-Mail <\/span><a class=\"email\" href=\"mailto:info@marcottestyle.com\"><span class=\"value\">info@marcottestyle.com<\/span><\/a><\/p>\n<p>[form id=&#8221;simple&#8221;]<\/p>\n<p><!--more--><\/p>\n<p>[seo-wordcloud min=&#8221;3&#8243; max=&#8221;10&#8243; style=&#8221;default&#8221;]<\/p>\n<p><span style=\"font-weight: 400;\"><\/span><\/p>\n<h2><span style=\"font-weight: 400;\">Enthusiasmus und Leidenschaft<\/span><\/h2>\n<p><span style=\"font-weight: 400;\">Wer sich f\u00fcr Marcottestyle entscheidet, entscheidet sich f\u00fcr ein individuelles und fertiges Gesamtkonzept f\u00fcr die Einrichtung.<br \/>\nIn enger Absprache mit dem Kunden versteht es Gesch\u00e4ftsf\u00fchrer Soenen, die richtigen Akzente zu setzen und sie in ein Trauminterieur einzubauen.<br \/>\nAusgewogenheit und Perfektion sind unsere Schlagworte.<br \/>\nMarcottestyle garantiert hochwertige Handwerkskunst, egal ob es sich um einen oder mehrere R\u00e4ume handelt, die eingerichtet werden sollen.<br \/>\nIn enger Absprache mit Ihnen entwerfen unsere leidenschaftlichen Designer ein Trauminterieur f\u00fcr jede einzigartige Situation.    <\/span><\/p>\n","protected":false},"excerpt":{"rendered":"<p>Einer der absolut Besten unter den Innenarchitekten in der N\u00e4he von Waregem ist der talentierte Jean-Jacques Soenen. Der Innenarchitekt und das Gesicht des hei\u00df geliebten&#8230;<\/p>\n","protected":false},"author":2,"featured_media":41841,"parent":0,"menu_order":2050,"comment_status":"closed","ping_status":"closed","template":"elementor_header_footer","meta":{"ngg_post_thumbnail":0,"footnotes":""},"class_list":["post-39869","page","type-page","status-publish","has-post-thumbnail","hentry"],"_links":{"self":[{"href":"https:\/\/marcottestyle.com\/de\/wp-json\/wp\/v2\/pages\/39869","targetHints":{"allow":["GET"]}}],"collection":[{"href":"https:\/\/marcottestyle.com\/de\/wp-json\/wp\/v2\/pages"}],"about":[{"href":"https:\/\/marcottestyle.com\/de\/wp-json\/wp\/v2\/types\/page"}],"author":[{"embeddable":true,"href":"https:\/\/marcottestyle.com\/de\/wp-json\/wp\/v2\/users\/2"}],"replies":[{"embeddable":true,"href":"https:\/\/marcottestyle.com\/de\/wp-json\/wp\/v2\/comments?post=39869"}],"version-history":[{"count":0,"href":"https:\/\/marcottestyle.com\/de\/wp-json\/wp\/v2\/pages\/39869\/revisions"}],"wp:featuredmedia":[{"embeddable":true,"href":"https:\/\/marcottestyle.com\/de\/wp-json\/wp\/v2\/media\/41841"}],"wp:attachment":[{"href":"https:\/\/marcottestyle.com\/de\/wp-json\/wp\/v2\/media?parent=39869"}],"curies":[{"name":"wp","href":"https:\/\/api.w.org\/{rel}","templated":true}]}}