{"id":39886,"date":"2018-03-02T12:52:04","date_gmt":"2018-03-02T11:52:04","guid":{"rendered":"http:\/\/marcottestyle.com\/innenarchitekt-newport\/"},"modified":"2018-03-02T12:52:04","modified_gmt":"2018-03-02T11:52:04","slug":"innenarchitekt-newport","status":"publish","type":"page","link":"https:\/\/marcottestyle.com\/de\/innenarchitekt-newport\/","title":{"rendered":"Innenarchitekt Newport"},"content":{"rendered":"<p>Einer der gr\u00f6\u00dften Spezialisten f\u00fcr Innenarchitektur in der N\u00e4he von Nieuwpoort ist der talentierte und erfahrene Jean-Jacques Soenen.<br \/>\nDieser <strong>Innenarchitekt<\/strong> und der Mann hinter dem renommierten Marcotte Style ist auf die teilweise oder vollst\u00e4ndige Gestaltung von Innenr\u00e4umen spezialisiert.<br \/>\nMit den neuesten Techniken modellieren die Designer von Marcotte Style das Interieur Ihrer Tr\u00e4ume.<br \/>\nDer Innenarchitekt von Marcotte Style, Jean-Jacques Soenen, ist in Nieuwpoort ein gro\u00dfer Name, wenn es um die Inneneinrichtung von Villen, H\u00e4usern und auch Wohnungen geht.<br \/>\nOb Sie nun ein ganzes Haus harmonisch <strong>einrichten<\/strong> oder nur einen Raum dekorieren m\u00f6chten, der Innenarchitekt Jean-Jacques Soenen und seine Mitarbeiter arbeiten mit Ihnen zusammen, um ein perfektes Ergebnis zu erzielen.<br \/>\nEine gr\u00fcndliche Herangehensweise und eine verantwortungsvolle Nachbereitung sind einige der vielen Vorz\u00fcge des Innenarchitekten von Marcotte Style. <\/p>\n<blockquote><p>Ihr Innenarchitekt f\u00fcr Nieuwpoort<\/p><\/blockquote>\n<p> Mit stets purer Leidenschaft, Enthusiasmus und ansteckendem Enthusiasmus werden wir Ihr Projekt mit einer ehrlichen Zusammenarbeit, bei der klare Absprachen getroffen werden, zum Abschluss bringen k\u00f6nnen.<br \/>\nDieser Ansatz hat bereits unz\u00e4hlige zufriedene Kunden hervorgebracht.        [seo-gallery type=&#8221;3-columns&#8221; taxonomy=&#8221;89&#8243; num=&#8221;4,10&#8243;]<\/p>\n<p class=\"tel\"><span class=\"prefix\">Telefon <\/span><a href=\"tel:003232304011\"><span class=\"value\">+32 3 230 40 11<\/span><\/a><\/p>\n<p class=\"tel tel-alt\"><span class=\"prefix\">GSM <\/span><a href=\"tel:0032497555505\"><span class=\"value\">+32 497 555 505<\/span><\/a><\/p>\n<p class=\"email-wrap\"><span class=\"prefix\">E-Mail <\/span><a class=\"email\" href=\"mailto:info@marcottestyle.com\"><span class=\"value\">info@marcottestyle.com<\/span><\/a><\/p>\n<p>[form id=&#8221;simple&#8221;]<\/p>\n<p><!--more--><\/p>\n<p>[seo-wordcloud min=&#8221;3&#8243; max=&#8221;10&#8243; style=&#8221;default&#8221;]<\/p>\n<p><span style=\"font-weight: 400;\"><\/span><\/p>\n<h2><span style=\"font-weight: 400;\">Leidenschaft und Begeisterung<\/span><\/h2>\n<p><span style=\"font-weight: 400;\">Wenn Sie sich f\u00fcr Marcottestyle entscheiden, entscheiden Sie sich f\u00fcr einen gr\u00fcndlichen und pers\u00f6nlichen Gesamtansatz f\u00fcr Ihr Interieur.<br \/>\nIn enger Absprache mit dem Kunden versteht es Jean Jacques Soenen, die richtigen Akzente zu setzen und sie in ein Trauminterieur einzubauen.<br \/>\nAusgewogenheit und Perfektion sind unsere Schlagworte.<br \/>\nMarcottestyle garantiert immer eine hohe handwerkliche Qualit\u00e4t, egal ob es sich um einen oder mehrere R\u00e4ume handelt, die eingerichtet werden sollen.<br \/>\nIn enger und klarer Absprache mit Ihnen entwerfen unsere leidenschaftlichen Designer ein Trauminterieur f\u00fcr jede einzigartige Situation.    <\/span><\/p>\n","protected":false},"excerpt":{"rendered":"<p>Einer der gr\u00f6\u00dften Spezialisten f\u00fcr Innenarchitektur in der N\u00e4he von Nieuwpoort ist der talentierte und erfahrene Jean-Jacques Soenen. Dieser Innenarchitekt und der Mann hinter dem&#8230;<\/p>\n","protected":false},"author":2,"featured_media":36730,"parent":0,"menu_order":2046,"comment_status":"closed","ping_status":"closed","template":"elementor_header_footer","meta":{"ngg_post_thumbnail":0,"footnotes":""},"class_list":["post-39886","page","type-page","status-publish","has-post-thumbnail","hentry"],"_links":{"self":[{"href":"https:\/\/marcottestyle.com\/de\/wp-json\/wp\/v2\/pages\/39886","targetHints":{"allow":["GET"]}}],"collection":[{"href":"https:\/\/marcottestyle.com\/de\/wp-json\/wp\/v2\/pages"}],"about":[{"href":"https:\/\/marcottestyle.com\/de\/wp-json\/wp\/v2\/types\/page"}],"author":[{"embeddable":true,"href":"https:\/\/marcottestyle.com\/de\/wp-json\/wp\/v2\/users\/2"}],"replies":[{"embeddable":true,"href":"https:\/\/marcottestyle.com\/de\/wp-json\/wp\/v2\/comments?post=39886"}],"version-history":[{"count":0,"href":"https:\/\/marcottestyle.com\/de\/wp-json\/wp\/v2\/pages\/39886\/revisions"}],"wp:featuredmedia":[{"embeddable":true,"href":"https:\/\/marcottestyle.com\/de\/wp-json\/wp\/v2\/media\/36730"}],"wp:attachment":[{"href":"https:\/\/marcottestyle.com\/de\/wp-json\/wp\/v2\/media?parent=39886"}],"curies":[{"name":"wp","href":"https:\/\/api.w.org\/{rel}","templated":true}]}}