{"id":39898,"date":"2018-03-02T12:52:04","date_gmt":"2018-03-02T11:52:04","guid":{"rendered":"http:\/\/marcottestyle.com\/innenarchitekt-maldegem\/"},"modified":"2018-03-02T12:52:04","modified_gmt":"2018-03-02T11:52:04","slug":"innenarchitekt-maldegem","status":"publish","type":"page","link":"https:\/\/marcottestyle.com\/de\/innenarchitekt-maldegem\/","title":{"rendered":"Innenarchitekt Maldegem"},"content":{"rendered":"<p>Einer der gr\u00f6\u00dften Spezialisten in der Welt der Innenarchitektur in der Gegend von Maldegem ist der talentierte und erfahrene Jean-Jacques Soenen.<br \/>\nDer <strong>Innenarchitekt<\/strong> und die treibende Kraft des hei\u00df geliebten Marcotte Style ist ein Spezialist f\u00fcr die komplette oder teilweise Gestaltung von Innenr\u00e4umen.<br \/>\nMit den modernsten Techniken modellieren die Designer von Marcotte Style das Interieur Ihrer Tr\u00e4ume.<br \/>\nMarcotte Style Innenarchitekt Soenen ist in Maldegem ein gro\u00dfer Name, wenn es um die Inneneinrichtung von Villen, Wohnungen und H\u00e4usern geht.<br \/>\nOb es sich um die komplette harmonische <strong>Inneneinrichtung<\/strong> eines ganzen Hauses oder um die Gestaltung und Dekoration nur eines Zimmers handelt, der Innenarchitekt Jean-Jacques Soenen und seine Mitarbeiter werden sich in Absprache mit Ihnen um ein Spitzenergebnis bem\u00fchen.<br \/>\nEine professionelle Herangehensweise und eine verantwortungsvolle Nachbereitung sind einige der Markenzeichen des Innenarchitekten von Marcotte Style. <\/p>\n<blockquote><p>Ihr Innenarchitekt f\u00fcr Maldegem<\/p><\/blockquote>\n<p> Mit einer unersch\u00f6pflichen Leidenschaft und viel Enthusiasmus wird Soenen immer in der Lage sein, das Projekt mit einer klaren und ehrlichen Zusammenarbeit zu vollenden, bei der nat\u00fcrlich klare Vereinbarungen getroffen werden.<br \/>\nDiese Arbeitsweise hat bereits zu vielen zufriedenen Kunden gef\u00fchrt.        [seo-gallery type=&#8221;3-columns&#8221; taxonomy=&#8221;89&#8243; num=&#8221;4,10&#8243;]<\/p>\n<p class=\"tel\"><span class=\"prefix\">Telefon <\/span><a href=\"tel:003232304011\"><span class=\"value\">+32 3 230 40 11<\/span><\/a><\/p>\n<p class=\"tel tel-alt\"><span class=\"prefix\">GSM <\/span><a href=\"tel:0032497555505\"><span class=\"value\">+32 497 555 505<\/span><\/a><\/p>\n<p class=\"email-wrap\"><span class=\"prefix\">E-Mail <\/span><a class=\"email\" href=\"mailto:info@marcottestyle.com\"><span class=\"value\">info@marcottestyle.com<\/span><\/a><\/p>\n<p>[form id=&#8221;simple&#8221;]<\/p>\n<p><!--more--><\/p>\n<p>[seo-wordcloud min=&#8221;3&#8243; max=&#8221;10&#8243; style=&#8221;default&#8221;]<\/p>\n<p><span style=\"font-weight: 400;\"><\/span><\/p>\n<h2><span style=\"font-weight: 400;\">Enthusiasmus und Leidenschaft<\/span><\/h2>\n<p><span style=\"font-weight: 400;\">Wer sich f\u00fcr Marcottestyle entscheidet, entscheidet sich f\u00fcr ein sehr pers\u00f6nliches und detailliertes Gesamtkonzept f\u00fcr die Inneneinrichtung.<br \/>\nDer Gesch\u00e4ftsf\u00fchrer Jean Jacques Soenen verbindet ein erfahrenes und geschultes Auge mit einem offenen Ohr f\u00fcr die W\u00fcnsche seiner Kunden.<br \/>\nF\u00fcr welchen Stil Sie sich auch immer entscheiden, wir streben mit Ihnen nach einer ausgewogenen Perfektion.<br \/>\nEgal, ob Sie einen oder mehrere R\u00e4ume einrichten m\u00f6chten, Marcottestyle liefert jedes Mal Spitzenqualit\u00e4t nach Ma\u00df.<br \/>\nIn enger Absprache mit Ihnen entwerfen unsere leidenschaftlichen Designer eine Traumeinrichtung f\u00fcr jeden einzelnen Fall.    <\/span><\/p>\n","protected":false},"excerpt":{"rendered":"<p>Einer der gr\u00f6\u00dften Spezialisten in der Welt der Innenarchitektur in der Gegend von Maldegem ist der talentierte und erfahrene Jean-Jacques Soenen. Der Innenarchitekt und die&#8230;<\/p>\n","protected":false},"author":2,"featured_media":37206,"parent":0,"menu_order":2039,"comment_status":"closed","ping_status":"closed","template":"elementor_header_footer","meta":{"ngg_post_thumbnail":0,"footnotes":""},"class_list":["post-39898","page","type-page","status-publish","has-post-thumbnail","hentry"],"_links":{"self":[{"href":"https:\/\/marcottestyle.com\/de\/wp-json\/wp\/v2\/pages\/39898","targetHints":{"allow":["GET"]}}],"collection":[{"href":"https:\/\/marcottestyle.com\/de\/wp-json\/wp\/v2\/pages"}],"about":[{"href":"https:\/\/marcottestyle.com\/de\/wp-json\/wp\/v2\/types\/page"}],"author":[{"embeddable":true,"href":"https:\/\/marcottestyle.com\/de\/wp-json\/wp\/v2\/users\/2"}],"replies":[{"embeddable":true,"href":"https:\/\/marcottestyle.com\/de\/wp-json\/wp\/v2\/comments?post=39898"}],"version-history":[{"count":0,"href":"https:\/\/marcottestyle.com\/de\/wp-json\/wp\/v2\/pages\/39898\/revisions"}],"wp:featuredmedia":[{"embeddable":true,"href":"https:\/\/marcottestyle.com\/de\/wp-json\/wp\/v2\/media\/37206"}],"wp:attachment":[{"href":"https:\/\/marcottestyle.com\/de\/wp-json\/wp\/v2\/media?parent=39898"}],"curies":[{"name":"wp","href":"https:\/\/api.w.org\/{rel}","templated":true}]}}