{"id":6023,"date":"2018-02-12T16:57:45","date_gmt":"2018-02-12T15:57:45","guid":{"rendered":"http:\/\/marcottestyle.com\/?page_id=6023"},"modified":"2019-12-23T21:04:17","modified_gmt":"2019-12-23T20:04:17","slug":"botschafter-des-marcotte-stils","status":"publish","type":"page","link":"https:\/\/marcottestyle.com\/de\/botschafter-des-marcotte-stils\/","title":{"rendered":"Botschafter des Marcotte-Stils"},"content":{"rendered":"<h3>Werden Sie Marcottestyle Botschafter-Partner zu attraktiven Konditionen:<\/h3>\n<p>Als Botschafter des Marcotte-Stils erhalten Sie zun\u00e4chst einen interessanten Preis f\u00fcr Ihre gesamte Inneneinrichtung und anschlie\u00dfend eine attraktive finanzielle Gegenleistung f\u00fcr jeden Kunden, den Sie mit einer F\u00fchrung (immer nach Vereinbarung) in Ihrem Haus pr\u00e4sentieren.<\/p>\n<p>Wenn Sie ein Innenarchitekt sind und sich daf\u00fcr interessieren, k\u00f6nnen Sie dank unserer Erfahrung, unseres Know- hows , unserer Eigenmarken und unserer umfassenden Unterst\u00fctzung und eigenen Logistik sofort loslegen . Auch als zu Hause bleibende Ehefrau (Ehepartnerin), bei der Sie sich f\u00fcr Interieurs interessieren und m\u00f6glicherweise auch etwas dar\u00fcber wissen, k\u00f6nnen Sie ein interessantes Zusatzeinkommen erzielen und Ihr Haus von Marcotte Style komplett m\u00f6blieren lassen:<\/p>\n<ul>\n<li>Sie lieben sch\u00f6ne Inneneinrichtung und Dekoration und finden den Marcotte Style auch Ihren Stil.<\/li>\n<li>Sie besitzen eine Villa\/Haus oder eine Wohnung, die renoviert werden muss.<\/li>\n<li>Als Partner zeigen Sie Ihre Immobilie potenziellen Kunden nach Ihrem Termin nur gelegentlich, je nach Verf\u00fcgbarkeit.<\/li>\n<li>Ihr <span style=\"display: inline !important; float: none; background-color: #ffffff; color: #000000; font-family: Arial,sans-serif; font-size: 18px; font-style: normal; font-variant: normal; font-weight: 400; letter-spacing: normal; orphans: 2; text-align: left; text-decoration: none; text-indent: 0px; text-transform: none; -webkit-text-stroke-width: 0px; white-space: normal; word-spacing: 0px;\">Innenraum <\/span>wird zu besonderen Konditionen komplett in Marcotte Style verwandelt.<\/li>\n<li>Sie sind ordentlich und halten Ihr Zuhause bei jedem Besuch attraktiv.<\/li>\n<li>Jeder angebrachte Kunde bringt Ihnen eine anziehende Provision.<\/li>\n<li>Sie m\u00fcssen sich nicht um die weitere Entwicklung eines Gesamtprojekts k\u00fcmmern.<\/li>\n<li>Wenn Sie nur M\u00f6bel durch Ihr Eingreifen verkaufen, gibt es auch kein weiteres Eingreifen von Ihrer Seite: Alles bis zur Logistik: Transport, Lagerung und Organisation werden von Marcotte Style selbst \u00fcbernommen.<\/li>\n<li>Kein Eintritt oder Mitgliedsbeitrag: Sie m\u00fcssen nur mit einem Sonderrabatt in Ihr eigenes Interieur und Mobiliar investieren.<\/li>\n<\/ul>\n<p>Interessiert? Senden Sie uns eine E-Mail mit ein paar Fotos von Ihrer Immobilie und den genauen Standort mit so vielen Informationen wie m\u00f6glich.<\/p>\n<p>[email]info@marcottestyle.com[\/email]<\/p>\n<p><!--more--><\/p>\n<h3>I. Warum ein Marcotte Style Botschafter werden:<\/h3>\n<p>Gl\u00fcck bedeutet, t\u00e4glich sein eigenes Ding machen zu k\u00f6nnen, in dem man begabt ist. Bei Marcotte Style kann dies zu Ihrem t\u00e4glichen Leben werden.<\/p>\n<p>Wenn Sie dem Marcotte-Stil voll und ganz zustimmen und sich daf\u00fcr entscheiden, Marcottestyle- Botschafter zu werden , haben Sie definitiv eine richtige Wahl getroffen, und dies ist bereits der erste Schritt, um auf interessante Weise ein neues Interieur in Marcottestyle zu erhalten oder Als m\u00f6glicher Innenarchitekt k\u00f6nnen Sie sofort mit einem nachhaltigen Konzept auf Hochtouren laufen.<\/p>\n<p>Marcotte- Stil steht f\u00fcr eine harmonische Gesamtinnenausstattung, bei der alles ma\u00dfgeschneidert werden kann, wo alles zusammenpasst.<\/p>\n<p>Indem der Marcottestyle- Botschafter in der Lage ist, seinen Kunden eine private Residenz im Marcotte-Stil auf globaler Ebene auf originelle Weise zu zeigen, kann er schnell Interesse wecken und ein neues Gesamtdesign oder nur eine Empfehlung abgeben M\u00f6bel oder Sofas \u00fcber unsere Dienstleistungen verkaufen, ohne sich mit dem Kunden befassen oder ihm nachgehen zu m\u00fcssen.<\/p>\n<p>Marcotte Style m\u00f6chte mit seinem Konzept und seinem Stil zu einem f\u00fchrenden Netzwerk werden, in dem alle Botschafter Teil eines engagierten und enthusiastischen Teams sind, das zusammen den Erfolg eines einzigartigen Inneneinrichtungskonzepts ausmacht. Unser Ziel ist es, ergebnisorientierte Partner zu finden, die Marcotte Style genauso verpflichtet sind wie wir.<\/p>\n<h3>II. Wie arbeiten wir zusammen?<\/h3>\n<h4>Ideales Konzept nicht nur f\u00fcr einen Innenarchitekten mit Privathaushalt:<\/h4>\n<p>Unsere einzigartige Herangehensweise an den Binnenmarkt ist ein unkonventionelles Konzept: Der Botschafter muss nur einen Kunden empfangen, der von uns geschickt wird, um die Immobilie zu besichtigen, und wir erledigen den Rest. Wenn dieser Kunde dann einen Vertrag \u00fcber ein Gesamtdesign abschlie\u00dft, erhalten Sie eine attraktive Intervention. Wenn Sie einen Kunden durch Ihre Bekannten selbst vorstellen k\u00f6nnen, ist der Eingriff in der Tat wichtiger. Wenn der Kunde letztendlich schlecht kauft, bleibt ein M\u00f6belst\u00fcck immer ein Eingriff von unserer Seite.<\/p>\n<h4>Keine Transport- und Lagerkosten beim Verkauf von M\u00f6beln:<\/h4>\n<p>Wenn nur M\u00f6bel bestellt werden, liefert Marcotte Style diese sofort aus und packt sie innerhalb von ca. 4 bis 8 Wochen ohne Arbeit f\u00fcr Sie aus: Es reicht aus, nur den Kunden zu beauftragen.<\/p>\n<p>Bei Gesamtprojekten wird zun\u00e4chst alles von Marcotte Style gesammelt und gespeichert, um alles auf einmal an den Endkunden liefern zu k\u00f6nnen. Egal ob die Produkte von uns oder von einem externen Lieferanten hergestellt werden, wir koordinieren alles und sorgen daf\u00fcr, dass die Produkte in einer Lieferung an Ihren Endkunden geliefert werden. Dieses einzigartige System macht den Prozess effizienter und schneller.<\/p>\n<h3>III. Unser Stil und Konzept?<\/h3>\n<h4>Ausgew\u00e4hlte relevante Produkte:<\/h4>\n<p>Wir sind bestrebt, nur Produkte zu entwickeln, die zu unserem Stil passen, in Bezug auf Design, Qualit\u00e4t, zu einem angemessenen Preis und mit der M\u00f6glichkeit, alles nach Ma\u00df zu fertigen. Zum Beispiel werden alle Sitzm\u00f6bel ganz nach Kundenwunsch mit nicht nur mehr als 250 Standardfarben, pers\u00f6nlichen Stoffen oder auch allen Arten von Farben zur Veredelung der Beine mit oder ohne Paspelierung in anderen Farben hergestellt, und Sie nennen es. All dies in der Regel ohne Aufpreis.<\/p>\n<h4>Erschwingliche reduzierte Verkaufspreise:<\/h4>\n<p>Indem wir im Laufe der Zeit alles direkt von der Fabrik zum Verbraucher bringen, k\u00f6nnen wir unter unserer eigenen Leitung von Marcotte Style attraktive Preise anbieten, die bereits durch den Webshop reduziert wurden und bei denen der Botschafter keine Kosten f\u00fcr Logistik oder andere Kosten zu tragen hat. Sie m\u00fcssen sich also nie um die Preisgestaltung streiten und sich nur darauf konzentrieren, Kunden zu gewinnen.<\/p>\n<h3>III. Unterst\u00fctzung:<\/h3>\n<h4>A. Know-how und Ethik:<\/h4>\n<p>Wir haben langj\u00e4hrige Erfahrung in der M\u00f6belherstellung. Der Manager von Marcotte Style, Jean -Jacques Soenen sein Leben eng mit luxuri\u00f6sen Einrichtungen und Immobilien miteinander verflochten. Dank dieser mehr als 30-j\u00e4hrigen Erfahrung und des Know-hows, in enger Zusammenarbeit mit unseren M\u00f6belfertigungspartnern und auch in enger Zusammenarbeit mit anderen Lieferanten oder Herstellern auf der ganzen Welt, ergeben sich gro\u00dfe Vorteile. Wir haben uns bewusst daf\u00fcr entschieden, nur mit einer kleinen Anzahl von Herstellern zusammenzuarbeiten, die den gleichen hohen Qualit\u00e4tsstandard wie wir haben. Gemeinsam arbeiten wir an der Entwicklung neuer Modelle und Designs. Wir werden auch immer versuchen, Umweltverschmutzung, Verletzungen der Menschenrechte, Standardarbeitsbedingungen usw. bei jeder Produktion zu verhindern.<\/p>\n<h4>B. Verkauf M\u00f6glichkeiten:<\/h4>\n<ul style=\"list-style-type: circle;\">\n<li>CAD-Pl\u00e4ne: Bislang wird jedes Projekt von Marcotte Style planm\u00e4\u00dfig fertiggestellt, wobei Sie f\u00fcr die Weiterentwicklung und Nachverfolgung nichts tun m\u00fcssen.<\/li>\n<li><span style=\"display: inline !important; float: none; background-color: #ffffff; color: #000000; font-family: Arial,sans-serif; font-size: 18px; font-style: normal; font-variant: normal; font-weight: 400; letter-spacing: normal; orphans: 2; text-align: left; text-decoration: none; text-indent: 0px; text-transform: none; -webkit-text-stroke-width: 0px; white-space: normal; word-spacing: 0px;\">Styling: Angesichts der Tatsache, dass Ihr Zuhause jetzt vollst\u00e4ndig von Marcotte Style eingerichtet wurde, wird davon ausgegangen, dass alles fertig ist. Die Nachbereitung erfolgt jedoch weiterhin, indem beispielsweise kostenlose Tipps f\u00fcr die Gestaltung und Positionierung neu eingetroffener Artikel bereitgestellt werden.<\/span><br style=\"color: #000000; font-family: Arial,sans-serif; font-size: 18px; font-style: normal; font-variant: normal; font-weight: 400; letter-spacing: normal; orphans: 2; text-align: left; text-decoration: none; text-indent: 0px; text-transform: none; -webkit-text-stroke-width: 0px; white-space: normal; word-spacing: 0px;\" \/><span style=\"display: inline !important; float: none; background-color: #ffffff; color: #000000; font-family: Arial,sans-serif; font-size: 18px; font-style: normal; font-variant: normal; font-weight: 400; letter-spacing: normal; orphans: 2; text-align: left; text-decoration: none; text-indent: 0px; text-transform: none; -webkit-text-stroke-width: 0px; white-space: normal; word-spacing: 0px;\">Die Website ist nach wie vor das meistverkaufte Tool, bei dem es einfach ist, die M\u00f6bel nach Ma\u00df anhand der tats\u00e4chlichen Stoff- und Holzmuster mit direkter visueller Wirkung und einem korrekten Endpreis zusammenzustellen.<\/span><\/li>\n<li><span style=\"display: inline !important; float: none; background-color: #ffffff; color: #000000; font-family: Arial,sans-serif; font-size: 18px; font-style: normal; font-variant: normal; font-weight: 400; letter-spacing: normal; orphans: 2; text-align: left; text-decoration: none; text-indent: 0px; text-transform: none; -webkit-text-stroke-width: 0px; white-space: normal; word-spacing: 0px;\">Analyse der Verkaufszahlen: Wir verfolgen st\u00e4ndig die Entwicklung aller Botschafter. Anschlie\u00dfend erstellen und bewerten wir einen Bericht, um die notwendigen Anpassungen oder effizienten Verbesserungen mit neuen Tipps, jedoch immer unverbindlich, vorschlagen zu k\u00f6nnen.<\/span><\/li>\n<\/ul>\n<h3>V. Marketing und Werbung:<\/h3>\n<p>Durch die Schaffung einer gro\u00dfen Anzahl von Botschaftern gewinnt der Markenname Marcotte Style automatisch an Bekanntheit. Die gesamte Kommunikation hat sich von unserer \u201eMarke entwickelt Werte \u201c, und \u00fcbersetzt in eine zuk\u00fcnftige globale einheitliche Kommunikationsplattform \u00fcber unsere Website, die eingehalten werden , sollte die Marke weltweit zu unterscheiden. Unsere zuk\u00fcnftige Marketingabteilung wird immer in der Lage sein, allen Botschaftern bei der gesamten Kommunikation zu helfen, mit Kunden und neuen Produkten umzugehen, Workshops usw. unverbindlich zu organisieren.<\/p>\n<p>Dar\u00fcber hinaus werden Aktionen immer \u00fcber die Website und auch Werbekampagnen ohne Beleuchtung durchgef\u00fchrt, um sich dieser anzuschlie\u00dfen. Zum Beispiel denken wir an m\u00f6gliche Massenkommunikation (Interieur im Fernsehen &#8211; Internet &#8230;), Flugbl\u00e4tter, Aktivit\u00e4ten im Gesch\u00e4ft mit VIP-Einladungen (immer Verk\u00e4ufe t\u00e4tigen und Leute mitnehmen), Au\u00dfenwerbung (strenges, aber kommunikatives Typenschild auf der Stra\u00dfenseite), Direktwerbung e -Mail, eigenes Homepage-Design per Botschafter, Newsletter, Anzeigen und Pressemitteilungen, um nur eine kleine Auswahl an Marketingmaterialien an die erste Stelle zu setzen.<\/p>\n<p>Rufen Sie uns an o<a href=\"https:\/\/marcottestyle.com\/de\/kontakt\/\">der kontaktieren Sie<\/a> uns per Mail &#8230;<\/p>\n<p>&nbsp;<\/p>\n","protected":false},"excerpt":{"rendered":"<p>Werden Sie Marcottestyle Botschafter-Partner zu attraktiven Konditionen: Als Botschafter des Marcotte-Stils erhalten Sie zun\u00e4chst einen interessanten Preis f\u00fcr Ihre gesamte Inneneinrichtung und anschlie\u00dfend eine attraktive&#8230;<\/p>\n","protected":false},"author":2,"featured_media":0,"parent":0,"menu_order":2,"comment_status":"closed","ping_status":"closed","template":"elementor_header_footer","meta":{"ngg_post_thumbnail":0,"footnotes":""},"class_list":["post-6023","page","type-page","status-publish","hentry"],"_links":{"self":[{"href":"https:\/\/marcottestyle.com\/de\/wp-json\/wp\/v2\/pages\/6023","targetHints":{"allow":["GET"]}}],"collection":[{"href":"https:\/\/marcottestyle.com\/de\/wp-json\/wp\/v2\/pages"}],"about":[{"href":"https:\/\/marcottestyle.com\/de\/wp-json\/wp\/v2\/types\/page"}],"author":[{"embeddable":true,"href":"https:\/\/marcottestyle.com\/de\/wp-json\/wp\/v2\/users\/2"}],"replies":[{"embeddable":true,"href":"https:\/\/marcottestyle.com\/de\/wp-json\/wp\/v2\/comments?post=6023"}],"version-history":[{"count":3,"href":"https:\/\/marcottestyle.com\/de\/wp-json\/wp\/v2\/pages\/6023\/revisions"}],"predecessor-version":[{"id":12875,"href":"https:\/\/marcottestyle.com\/de\/wp-json\/wp\/v2\/pages\/6023\/revisions\/12875"}],"wp:attachment":[{"href":"https:\/\/marcottestyle.com\/de\/wp-json\/wp\/v2\/media?parent=6023"}],"curies":[{"name":"wp","href":"https:\/\/api.w.org\/{rel}","templated":true}]}}