{"id":6031,"date":"2018-02-12T17:19:38","date_gmt":"2018-02-12T16:19:38","guid":{"rendered":"http:\/\/marcottestyle.com\/?page_id=6031"},"modified":"2020-01-02T15:10:31","modified_gmt":"2020-01-02T14:10:31","slug":"new-york-stil","status":"publish","type":"page","link":"https:\/\/marcottestyle.com\/de\/new-york-stil\/","title":{"rendered":"New York Stil"},"content":{"rendered":"<div>\n<p>Wer tr\u00e4umt nicht manchmal von einem Penthouse in der 5th Avenue in New York. Dieser Stil ist ein wenig extravagant, ohne dass es kitschig wirkt. Marcotte Style geht auf jeden Fall niemals ins Ma\u00dflose \u00fcber, sondern bleibt im Rahmen des schicken gehobenen schlichten Luxus. Hier muss allerdings jeder Raum mindestens mit einer hochwertigen Musikanlage sowie Airconditioning ausgestattet sein, und immer mit etwas Einzigartigem und Besonderem. Zu diesem Zweck wird der Inneneinrichter diese Anlage vollst\u00e4ndig in den Decken oder W\u00e4nden verbergen. Hierf\u00fcr ist eine mit dem Internet verbundene, drahtlose Musikanlage ein ausgezeichnetes Beispiel. So k\u00f6nnen Sie t\u00e4glich im Badezimmer, Schlafzimmer, K\u00fcche oder Wohnzimmer gratis Musik in Ihrem Lieblingsstil w\u00e4hlen: Jazz, Top 100, Crooze, Klassik, Hip-Hop,&#8230; auch mit Ihrem I-Phone. Ein Stil, zu dem alle elektronischen Innovationen wunderbar passen: ein Fernseher, der sich automatisch aus einem ma\u00dfgebauten Schrank herausschiebt, eine unsichtbare Klimaanlage in den Decken\u2026.<\/p>\n<p>Der Metropoliten Style \u00e4hnelt diesem sehr, weil auch hier Luxus und Komfort im Mittelpunkt stehen. Aber der New York Style hat keinen Hang zu Glanz und Glitter mit Metallic- und Glanzeffekten, die Leben in die Wohnung bringen w\u00fcrden. Marcotte Style distanziert sich jedoch auf gewisse Weise von diesem Stil, der doch etwas kitschig wirkt.<\/p>\n<p>[seo-gallery type=&#8221;3-columns&#8221; taxonomy=&#8221;91&#8243; num=&#8221;4,11&#8243;]<\/p>\n<blockquote><p>New York stil is with Schwartz aber Elegant<\/p><\/blockquote>\n<p>New York Style ist also auch ein Stil, um Besuchern zu imponieren, aber auf eine schlichte elegante Art, wobei auch wieder alle M\u00f6bel und die Dekoration mit ethnischem oder klassischem Hintergrund das Gef\u00fchl eines Kosmopoliten hervorhebt, der Geschmack und Klasse hat.<\/p>\n<p>Zu einem derartigen Stil geh\u00f6rt ein kontrastierendes Thema, z.B. Farben kombiniert mit Nickel und einigen nostalgischen Retro-Gegenst\u00e4nden. Hier darf man nicht experimentieren. Alles muss subtil bleiben, und um dies am preisg\u00fcnstigsten zu verwirklichen, ist meistens nur mit einem erfahrenen Innendekorateur m\u00f6glich.<\/p>\n<\/div>\n","protected":false},"excerpt":{"rendered":"<p>Wer tr\u00e4umt nicht manchmal von einem Penthouse in der 5th Avenue in New York. Dieser Stil ist ein wenig extravagant, ohne dass es kitschig wirkt&#8230;.<\/p>\n","protected":false},"author":2,"featured_media":0,"parent":0,"menu_order":1,"comment_status":"closed","ping_status":"closed","template":"elementor_header_footer","meta":{"ngg_post_thumbnail":0,"footnotes":""},"class_list":["post-6031","page","type-page","status-publish","hentry"],"_links":{"self":[{"href":"https:\/\/marcottestyle.com\/de\/wp-json\/wp\/v2\/pages\/6031","targetHints":{"allow":["GET"]}}],"collection":[{"href":"https:\/\/marcottestyle.com\/de\/wp-json\/wp\/v2\/pages"}],"about":[{"href":"https:\/\/marcottestyle.com\/de\/wp-json\/wp\/v2\/types\/page"}],"author":[{"embeddable":true,"href":"https:\/\/marcottestyle.com\/de\/wp-json\/wp\/v2\/users\/2"}],"replies":[{"embeddable":true,"href":"https:\/\/marcottestyle.com\/de\/wp-json\/wp\/v2\/comments?post=6031"}],"version-history":[{"count":2,"href":"https:\/\/marcottestyle.com\/de\/wp-json\/wp\/v2\/pages\/6031\/revisions"}],"predecessor-version":[{"id":6366,"href":"https:\/\/marcottestyle.com\/de\/wp-json\/wp\/v2\/pages\/6031\/revisions\/6366"}],"wp:attachment":[{"href":"https:\/\/marcottestyle.com\/de\/wp-json\/wp\/v2\/media?parent=6031"}],"curies":[{"name":"wp","href":"https:\/\/api.w.org\/{rel}","templated":true}]}}