{"id":6036,"date":"2018-02-12T17:22:45","date_gmt":"2018-02-12T16:22:45","guid":{"rendered":"http:\/\/marcottestyle.com\/?page_id=6036"},"modified":"2025-02-12T21:28:45","modified_gmt":"2025-02-12T20:28:45","slug":"zeitgemasses-landhaus-interieur","status":"publish","type":"page","link":"https:\/\/marcottestyle.com\/de\/zeitgemasses-landhaus-interieur\/","title":{"rendered":"L\u00e4ndliches Interieur"},"content":{"rendered":"\t\t<div data-elementor-type=\"wp-page\" data-elementor-id=\"6036\" class=\"elementor elementor-6036 elementor-5348\" data-elementor-settings=\"{&quot;ha_cmc_init_switcher&quot;:&quot;no&quot;}\" data-elementor-post-type=\"page\">\n\t\t\t\t<div class=\"elementor-element elementor-element-fea6c54 e-flex e-con-boxed e-con e-parent\" data-id=\"fea6c54\" data-element_type=\"container\" data-e-type=\"container\" data-settings=\"{&quot;_ha_eqh_enable&quot;:false}\">\n\t\t\t\t\t<div class=\"e-con-inner\">\n\t\t\t\t<div class=\"elementor-element elementor-element-7b0fa9c elementor-widget elementor-widget-spacer\" data-id=\"7b0fa9c\" data-element_type=\"widget\" data-e-type=\"widget\" data-widget_type=\"spacer.default\">\n\t\t\t\t<div class=\"elementor-widget-container\">\n\t\t\t\t\t\t\t<div class=\"elementor-spacer\">\n\t\t\t<div class=\"elementor-spacer-inner\"><\/div>\n\t\t<\/div>\n\t\t\t\t\t\t<\/div>\n\t\t\t\t<\/div>\n\t\t\t\t\t<\/div>\n\t\t\t\t<\/div>\n\t\t<div class=\"elementor-element elementor-element-7ed8b59 e-flex e-con-boxed e-con e-parent\" data-id=\"7ed8b59\" data-element_type=\"container\" data-e-type=\"container\" data-settings=\"{&quot;_ha_eqh_enable&quot;:false}\">\n\t\t\t\t\t<div class=\"e-con-inner\">\n\t\t\t\t<div class=\"elementor-element elementor-element-541b0bd elementor-align-left elementor-widget elementor-widget-etheme_advanced_headline\" data-id=\"541b0bd\" data-element_type=\"widget\" data-e-type=\"widget\" data-widget_type=\"etheme_advanced_headline.default\">\n\t\t\t\t<div class=\"elementor-widget-container\">\n\t\t\t\t\t        \n        <div class=\"etheme-a-h-wrapper\">\n        \n            \n\t\t\t\n        <h2 class=\"etheme-advanced-headline etheme-advanced-headline-mask\">\n\n            L\u00c4NDLICHES INTERIOR\n        <\/h2>\n\t\t\n                    \n        <\/div>\n        \n\t\t\t\t\t\t<\/div>\n\t\t\t\t<\/div>\n\t\t\t\t\t<\/div>\n\t\t\t\t<\/div>\n\t\t<div class=\"elementor-element elementor-element-d24034b e-flex e-con-boxed e-con e-parent\" data-id=\"d24034b\" data-element_type=\"container\" data-e-type=\"container\" data-settings=\"{&quot;_ha_eqh_enable&quot;:false}\">\n\t\t\t\t\t<div class=\"e-con-inner\">\n\t\t\t\t<div class=\"elementor-element elementor-element-2d55344 elementor-widget elementor-widget-text-editor\" data-id=\"2d55344\" data-element_type=\"widget\" data-e-type=\"widget\" data-widget_type=\"text-editor.default\">\n\t\t\t\t<div class=\"elementor-widget-container\">\n\t\t\t\t\t\t\t\t\t<p>Die Einrichtung eines stilvollen Landhauses im englischen Cottage-Stil, im Long Island-Stil oder in einem anderen klassischen Stil ist eine Herausforderung, die Marcotte Style wie keine andere bew\u00e4ltigen kann. Inspirationen zu sammeln, das Internet, Wohn- und Deko-Blogs, Pinterest usw. nach sch\u00f6nen Einrichtungsideen zu durchforsten, ist eine Sache, aber sie alle in die Tat umzusetzen und zu einem sch\u00f6nen Gesamtkonzept zusammenzuf\u00fcgen, ist eine andere. <\/p>\n\t\t\t\t\t\t\t\t<\/div>\n\t\t\t\t<\/div>\n\t\t\t\t\t<\/div>\n\t\t\t\t<\/div>\n\t\t<div class=\"elementor-element elementor-element-e6a6a3f e-flex e-con-boxed e-con e-parent\" data-id=\"e6a6a3f\" data-element_type=\"container\" data-e-type=\"container\" data-settings=\"{&quot;_ha_eqh_enable&quot;:false}\">\n\t\t\t\t\t<div class=\"e-con-inner\">\n\t\t\t\t<div class=\"elementor-element elementor-element-70bb434 elementor-align-left elementor-widget elementor-widget-etheme_advanced_headline\" data-id=\"70bb434\" data-element_type=\"widget\" data-e-type=\"widget\" data-widget_type=\"etheme_advanced_headline.default\">\n\t\t\t\t<div class=\"elementor-widget-container\">\n\t\t\t\t\t        \n        <div class=\"etheme-a-h-wrapper\">\n        \n            \n\t\t\t\n        <h2 class=\"etheme-advanced-headline etheme-advanced-headline-mask\">\n\n            Harmonische l\u00e4ndliche Innenr\u00e4ume\n        <\/h2>\n\t\t\n                    \n        <\/div>\n        \n\t\t\t\t\t\t<\/div>\n\t\t\t\t<\/div>\n\t\t\t\t\t<\/div>\n\t\t\t\t<\/div>\n\t\t<div class=\"elementor-element elementor-element-98525bb e-flex e-con-boxed e-con e-parent\" data-id=\"98525bb\" data-element_type=\"container\" data-e-type=\"container\" data-settings=\"{&quot;_ha_eqh_enable&quot;:false}\">\n\t\t\t\t\t<div class=\"e-con-inner\">\n\t\t\t\t<div class=\"elementor-element elementor-element-a6460a1 elementor-widget elementor-widget-text-editor\" data-id=\"a6460a1\" data-element_type=\"widget\" data-e-type=\"widget\" data-widget_type=\"text-editor.default\">\n\t\t\t\t<div class=\"elementor-widget-container\">\n\t\t\t\t\t\t\t\t\t<p>Die Einrichtungsexperten von Marcotte Style haben ein Gesp\u00fcr f\u00fcr l\u00e4ndliche Innenr\u00e4ume wie kein anderer. Die stilvolle und harmonische Gestaltung l\u00e4ndlicher Innenr\u00e4ume ist etwas, wof\u00fcr sich Jean Jacques Soenen von Marcotte Style einen soliden Ruf erworben hat. In klarer Absprache mit dem Kunden realisieren die leidenschaftlichen Designer von Marcotte Style die l\u00e4ndliche Einrichtung, von der Sie tr\u00e4umen.  <\/p>\n\t\t\t\t\t\t\t\t<\/div>\n\t\t\t\t<\/div>\n\t\t\t\t\t<\/div>\n\t\t\t\t<\/div>\n\t\t<div class=\"elementor-element elementor-element-ebc267b e-flex e-con-boxed e-con e-parent\" data-id=\"ebc267b\" data-element_type=\"container\" data-e-type=\"container\" data-settings=\"{&quot;_ha_eqh_enable&quot;:false}\">\n\t\t\t\t\t<div class=\"e-con-inner\">\n\t\t\t\t<div class=\"elementor-element elementor-element-b5766d9 elementor-align-left elementor-widget elementor-widget-etheme_advanced_headline\" data-id=\"b5766d9\" data-element_type=\"widget\" data-e-type=\"widget\" data-widget_type=\"etheme_advanced_headline.default\">\n\t\t\t\t<div class=\"elementor-widget-container\">\n\t\t\t\t\t        \n        <div class=\"etheme-a-h-wrapper\">\n        \n            \n\t\t\t\n        <h2 class=\"etheme-advanced-headline etheme-advanced-headline-mask\">\n\n            Innenarchitektur f\u00fcr l\u00e4ndliche Innenr\u00e4ume\n        <\/h2>\n\t\t\n                    \n        <\/div>\n        \n\t\t\t\t\t\t<\/div>\n\t\t\t\t<\/div>\n\t\t\t\t\t<\/div>\n\t\t\t\t<\/div>\n\t\t<div class=\"elementor-element elementor-element-df39d99 e-flex e-con-boxed e-con e-parent\" data-id=\"df39d99\" data-element_type=\"container\" data-e-type=\"container\" data-settings=\"{&quot;_ha_eqh_enable&quot;:false}\">\n\t\t\t\t\t<div class=\"e-con-inner\">\n\t\t\t\t<div class=\"elementor-element elementor-element-92b9d5d elementor-widget elementor-widget-text-editor\" data-id=\"92b9d5d\" data-element_type=\"widget\" data-e-type=\"widget\" data-widget_type=\"text-editor.default\">\n\t\t\t\t<div class=\"elementor-widget-container\">\n\t\t\t\t\t\t\t\t\t<p>Die komplette oder teilweise Inneneinrichtung von Wohnungen, Hotels, Restaurants, Villen bis hin zu Botschaften im In- und Ausland ist das Kerngesch\u00e4ft von Marcotte Style. Unsere Inneneinrichtungsexperten kennen die neuesten Trends in der l\u00e4ndlichen Inneneinrichtung wie kein anderer. Unter Ber\u00fccksichtigung der kleinsten Details und Facetten (Griffe, Wandverkleidungen, Farbkombinationen, intelligentes Design usw.) bem\u00fchen sich unsere Einrichtungsexperten stets um stilvolle, praktische und gem\u00fctliche Innenr\u00e4ume. All dies in enger Absprache mit dem Kunden.   <\/p>\n\t\t\t\t\t\t\t\t<\/div>\n\t\t\t\t<\/div>\n\t\t\t\t\t<\/div>\n\t\t\t\t<\/div>\n\t\t<div class=\"elementor-element elementor-element-8eb3a79 e-flex e-con-boxed e-con e-parent\" data-id=\"8eb3a79\" data-element_type=\"container\" data-e-type=\"container\" data-settings=\"{&quot;_ha_eqh_enable&quot;:false}\">\n\t\t\t\t\t<div class=\"e-con-inner\">\n\t\t\t\t<div class=\"elementor-element elementor-element-4b1e31c elementor-widget elementor-widget-shortcode\" data-id=\"4b1e31c\" data-element_type=\"widget\" data-e-type=\"widget\" data-widget_type=\"shortcode.default\">\n\t\t\t\t<div class=\"elementor-widget-container\">\n\t\t\t\t\t\t\t<div class=\"elementor-shortcode\">ngg_shortcode_0_placeholder<\/div>\n\t\t\t\t\t\t<\/div>\n\t\t\t\t<\/div>\n\t\t\t\t<div class=\"elementor-element elementor-element-d86f383 elementor-widget elementor-widget-spacer\" data-id=\"d86f383\" data-element_type=\"widget\" data-e-type=\"widget\" data-widget_type=\"spacer.default\">\n\t\t\t\t<div class=\"elementor-widget-container\">\n\t\t\t\t\t\t\t<div class=\"elementor-spacer\">\n\t\t\t<div class=\"elementor-spacer-inner\"><\/div>\n\t\t<\/div>\n\t\t\t\t\t\t<\/div>\n\t\t\t\t<\/div>\n\t\t\t\t\t<\/div>\n\t\t\t\t<\/div>\n\t\t<div class=\"elementor-element elementor-element-eba7e1c e-flex e-con-boxed e-con e-parent\" data-id=\"eba7e1c\" data-element_type=\"container\" data-e-type=\"container\" data-settings=\"{&quot;_ha_eqh_enable&quot;:false}\">\n\t\t\t\t\t<div class=\"e-con-inner\">\n\t\t\t\t<div class=\"elementor-element elementor-element-a37329a elementor-align-left elementor-widget elementor-widget-etheme_advanced_headline\" data-id=\"a37329a\" data-element_type=\"widget\" data-e-type=\"widget\" data-widget_type=\"etheme_advanced_headline.default\">\n\t\t\t\t<div class=\"elementor-widget-container\">\n\t\t\t\t\t        \n        <div class=\"etheme-a-h-wrapper\">\n        \n            \n\t\t\t\n        <h2 class=\"etheme-advanced-headline etheme-advanced-headline-mask\">\n\n            M\u00f6bel f\u00fcr l\u00e4ndliche Innenr\u00e4ume\n        <\/h2>\n\t\t\n                    \n        <\/div>\n        \n\t\t\t\t\t\t<\/div>\n\t\t\t\t<\/div>\n\t\t\t\t\t<\/div>\n\t\t\t\t<\/div>\n\t\t<div class=\"elementor-element elementor-element-c7f41de e-flex e-con-boxed e-con e-parent\" data-id=\"c7f41de\" data-element_type=\"container\" data-e-type=\"container\" data-settings=\"{&quot;_ha_eqh_enable&quot;:false}\">\n\t\t\t\t\t<div class=\"e-con-inner\">\n\t\t\t\t<div class=\"elementor-element elementor-element-9aec6d9 elementor-widget elementor-widget-text-editor\" data-id=\"9aec6d9\" data-element_type=\"widget\" data-e-type=\"widget\" data-widget_type=\"text-editor.default\">\n\t\t\t\t<div class=\"elementor-widget-container\">\n\t\t\t\t\t\t\t\t\t<p>Da Marcotte M\u00f6bel, Vorh\u00e4nge, Teppiche, Gardinen, Fensterl\u00e4den und Wohnaccessoires aus den neuesten Top-Kollektionen f\u00fchrt, k\u00f6nnen wir bei der Gesamteinrichtung jeder Art von l\u00e4ndlichem Interieur Wunder bewirken. Besonders stolz sind wir auch auf unsere eigene Spitzenkollektion (M\u00f6bel nach Ma\u00df!). Die Kombination unserer eigenen M\u00f6bel aus unserer Top-Kollektion mit den besten St\u00fccken anderer Top-Anbieter erm\u00f6glicht es unseren erfahrenen Designern, das Beste aus l\u00e4ndlichen Innenr\u00e4umen herauszuholen, die absolute Klasse ausstrahlen sollen. Ein weiterer Vorteil: Auf St\u00fccke aus unserer eigenen Kollektion erhalten Sie einen zus\u00e4tzlichen Rabatt, der das Honorar vollst\u00e4ndig neutralisieren kann. Wenn Sie sich f\u00fcr eine Zusammenarbeit mit Marcotte Style entscheiden, um ein l\u00e4ndliches Interieur zu gestalten, werden Sie es nicht bereuen.    <\/p>\n\t\t\t\t\t\t\t\t<\/div>\n\t\t\t\t<\/div>\n\t\t\t\t\t<\/div>\n\t\t\t\t<\/div>\n\t\t<div class=\"elementor-element elementor-element-bc64699 e-flex e-con-boxed e-con e-parent\" data-id=\"bc64699\" data-element_type=\"container\" data-e-type=\"container\" data-settings=\"{&quot;_ha_eqh_enable&quot;:false}\">\n\t\t\t\t\t<div class=\"e-con-inner\">\n\t\t\t\t<div class=\"elementor-element elementor-element-7a09405 elementor-align-left elementor-widget elementor-widget-etheme_advanced_headline\" data-id=\"7a09405\" data-element_type=\"widget\" data-e-type=\"widget\" data-widget_type=\"etheme_advanced_headline.default\">\n\t\t\t\t<div class=\"elementor-widget-container\">\n\t\t\t\t\t        \n        <div class=\"etheme-a-h-wrapper\">\n        \n            \n\t\t\t\n        <h2 class=\"etheme-advanced-headline etheme-advanced-headline-mask\">\n\n            L\u00e4ndliches Interieur im Stadthaus\n        <\/h2>\n\t\t\n                    \n        <\/div>\n        \n\t\t\t\t\t\t<\/div>\n\t\t\t\t<\/div>\n\t\t\t\t\t<\/div>\n\t\t\t\t<\/div>\n\t\t<div class=\"elementor-element elementor-element-f223a29 e-flex e-con-boxed e-con e-parent\" data-id=\"f223a29\" data-element_type=\"container\" data-e-type=\"container\" data-settings=\"{&quot;_ha_eqh_enable&quot;:false}\">\n\t\t\t\t\t<div class=\"e-con-inner\">\n\t\t\t\t<div class=\"elementor-element elementor-element-6414e8a elementor-widget elementor-widget-text-editor\" data-id=\"6414e8a\" data-element_type=\"widget\" data-e-type=\"widget\" data-widget_type=\"text-editor.default\">\n\t\t\t\t<div class=\"elementor-widget-container\">\n\t\t\t\t\t\t\t\t\t<p>Wer an ein l\u00e4ndliches Interieur denkt, dem fallen sofort Klischees wie der gem\u00fctliche Kamin, der Stoffsessel usw. ein. Aber diejenigen, die es wagen, ein l\u00e4ndliches Interieur mit moderneren, frischen Elementen zu kombinieren (denken Sie zum Beispiel an den luftigen Long Island-Stil), k\u00f6nnen das Beste aus beiden Welten kombinieren. Wie kein anderer verf\u00fcgt Marcotte Style \u00fcber das Know-how, die Erfahrung und die Materialien, um ein einzigartiges eklektisches Gleichgewicht zu finden, in dem ein l\u00e4ndlicher Einrichtungsstil homogen in ein eklektisches Ganzes integriert wird. Bei Marcotte Style ist l\u00e4ndlich kein Synonym f\u00fcr kitschig. Ganz im Gegenteil.    <\/p>\n<p>Wer an &#8216;l\u00e4ndlich&#8217; denkt, hat sofort eine l\u00e4ndliche Umgebung vor Augen, aber wie Sie sehen, kann man auch in der Stadt sehr gut &#8216;l\u00e4ndlich&#8217; leben, denn ein l\u00e4ndliches Interieur l\u00e4sst sich tats\u00e4chlich \u00fcberall verwirklichen: sogar in Wohnungen oder Stadth\u00e4usern.<\/p>\n\t\t\t\t\t\t\t\t<\/div>\n\t\t\t\t<\/div>\n\t\t\t\t\t<\/div>\n\t\t\t\t<\/div>\n\t\t<div class=\"elementor-element elementor-element-b8824c8 e-flex e-con-boxed e-con e-parent\" data-id=\"b8824c8\" data-element_type=\"container\" data-e-type=\"container\" data-settings=\"{&quot;_ha_eqh_enable&quot;:false}\">\n\t\t\t\t\t<div class=\"e-con-inner\">\n\t\t\t\t<div class=\"elementor-element elementor-element-b85b7a9 elementor-widget elementor-widget-spacer\" data-id=\"b85b7a9\" data-element_type=\"widget\" data-e-type=\"widget\" data-widget_type=\"spacer.default\">\n\t\t\t\t<div class=\"elementor-widget-container\">\n\t\t\t\t\t\t\t<div class=\"elementor-spacer\">\n\t\t\t<div class=\"elementor-spacer-inner\"><\/div>\n\t\t<\/div>\n\t\t\t\t\t\t<\/div>\n\t\t\t\t<\/div>\n\t\t\t\t\t<\/div>\n\t\t\t\t<\/div>\n\t\t\t\t<\/div>\n\t\t","protected":false},"excerpt":{"rendered":"<p>L\u00c4NDLICHES INTERIOR Die Einrichtung eines stilvollen Landhauses im englischen Cottage-Stil, im Long Island-Stil oder in einem anderen klassischen Stil ist eine Herausforderung, die Marcotte Style&#8230;<\/p>\n","protected":false},"author":2,"featured_media":0,"parent":0,"menu_order":3,"comment_status":"closed","ping_status":"closed","template":"elementor_header_footer","meta":{"ngg_post_thumbnail":0,"footnotes":""},"class_list":["post-6036","page","type-page","status-publish","hentry"],"_links":{"self":[{"href":"https:\/\/marcottestyle.com\/de\/wp-json\/wp\/v2\/pages\/6036","targetHints":{"allow":["GET"]}}],"collection":[{"href":"https:\/\/marcottestyle.com\/de\/wp-json\/wp\/v2\/pages"}],"about":[{"href":"https:\/\/marcottestyle.com\/de\/wp-json\/wp\/v2\/types\/page"}],"author":[{"embeddable":true,"href":"https:\/\/marcottestyle.com\/de\/wp-json\/wp\/v2\/users\/2"}],"replies":[{"embeddable":true,"href":"https:\/\/marcottestyle.com\/de\/wp-json\/wp\/v2\/comments?post=6036"}],"version-history":[{"count":3,"href":"https:\/\/marcottestyle.com\/de\/wp-json\/wp\/v2\/pages\/6036\/revisions"}],"predecessor-version":[{"id":6367,"href":"https:\/\/marcottestyle.com\/de\/wp-json\/wp\/v2\/pages\/6036\/revisions\/6367"}],"wp:attachment":[{"href":"https:\/\/marcottestyle.com\/de\/wp-json\/wp\/v2\/media?parent=6036"}],"curies":[{"name":"wp","href":"https:\/\/api.w.org\/{rel}","templated":true}]}}