{"id":6039,"date":"2018-02-12T17:23:35","date_gmt":"2018-02-12T16:23:35","guid":{"rendered":"http:\/\/marcottestyle.com\/?page_id=6039"},"modified":"2025-02-12T21:28:54","modified_gmt":"2025-02-12T20:28:54","slug":"retro-design","status":"publish","type":"page","link":"https:\/\/marcottestyle.com\/de\/retro-design\/","title":{"rendered":"Interieur im Retro-Design"},"content":{"rendered":"\t\t<div data-elementor-type=\"wp-page\" data-elementor-id=\"6039\" class=\"elementor elementor-6039 elementor-5350\" data-elementor-settings=\"{&quot;ha_cmc_init_switcher&quot;:&quot;no&quot;}\" data-elementor-post-type=\"page\">\n\t\t\t\t<div class=\"elementor-element elementor-element-ccb6c35 e-flex e-con-boxed e-con e-parent\" data-id=\"ccb6c35\" data-element_type=\"container\" data-e-type=\"container\" data-settings=\"{&quot;_ha_eqh_enable&quot;:false}\">\n\t\t\t\t\t<div class=\"e-con-inner\">\n\t\t\t\t<div class=\"elementor-element elementor-element-39877a4 elementor-widget elementor-widget-spacer\" data-id=\"39877a4\" data-element_type=\"widget\" data-e-type=\"widget\" data-widget_type=\"spacer.default\">\n\t\t\t\t<div class=\"elementor-widget-container\">\n\t\t\t\t\t\t\t<div class=\"elementor-spacer\">\n\t\t\t<div class=\"elementor-spacer-inner\"><\/div>\n\t\t<\/div>\n\t\t\t\t\t\t<\/div>\n\t\t\t\t<\/div>\n\t\t\t\t\t<\/div>\n\t\t\t\t<\/div>\n\t\t<div class=\"elementor-element elementor-element-4b57bd9 e-flex e-con-boxed e-con e-parent\" data-id=\"4b57bd9\" data-element_type=\"container\" data-e-type=\"container\" data-settings=\"{&quot;_ha_eqh_enable&quot;:false}\">\n\t\t\t\t\t<div class=\"e-con-inner\">\n\t\t\t\t<div class=\"elementor-element elementor-element-bed0cb7 elementor-align-left elementor-widget elementor-widget-etheme_advanced_headline\" data-id=\"bed0cb7\" data-element_type=\"widget\" data-e-type=\"widget\" data-widget_type=\"etheme_advanced_headline.default\">\n\t\t\t\t<div class=\"elementor-widget-container\">\n\t\t\t\t\t        \n        <div class=\"etheme-a-h-wrapper\">\n        \n            \n\t\t\t\n        <h2 class=\"etheme-advanced-headline etheme-advanced-headline-mask\">\n\n            RETRO DESIGN INTERIEUR\n        <\/h2>\n\t\t\n                    \n        <\/div>\n        \n\t\t\t\t\t\t<\/div>\n\t\t\t\t<\/div>\n\t\t\t\t\t<\/div>\n\t\t\t\t<\/div>\n\t\t<div class=\"elementor-element elementor-element-c7eb98e e-flex e-con-boxed e-con e-parent\" data-id=\"c7eb98e\" data-element_type=\"container\" data-e-type=\"container\" data-settings=\"{&quot;_ha_eqh_enable&quot;:false}\">\n\t\t\t\t\t<div class=\"e-con-inner\">\n\t\t\t\t<div class=\"elementor-element elementor-element-bd4cb6e elementor-widget elementor-widget-text-editor\" data-id=\"bd4cb6e\" data-element_type=\"widget\" data-e-type=\"widget\" data-widget_type=\"text-editor.default\">\n\t\t\t\t<div class=\"elementor-widget-container\">\n\t\t\t\t\t\t\t\t\t<p>Neben dem innovativen Aspekt der M\u00f6bel ist auch die ausdr\u00fcckliche Verbindung zwischen Vergangenheit und Gegenwart sehr faszinierend. Hier, wie auch beim Metropolitan-Stil, geht es darum, die Freiheit zu schaffen, Dekoration, Farben und Materialien aus mehreren Stilen zu kombinieren, ohne dabei st\u00f6rend zu wirken. Im Gegenteil: Das Retro-Design l\u00e4sst die wertvollen Antiquit\u00e4ten ein wenig j\u00fcnger und frischer aussehen. Eine Retro-Einrichtung mit zeitgen\u00f6ssischen oder modernen M\u00f6beln hier und da ist sogar sehr stilvoll!   <\/p>\n\t\t\t\t\t\t\t\t<\/div>\n\t\t\t\t<\/div>\n\t\t\t\t\t<\/div>\n\t\t\t\t<\/div>\n\t\t<div class=\"elementor-element elementor-element-574ccfd e-flex e-con-boxed e-con e-parent\" data-id=\"574ccfd\" data-element_type=\"container\" data-e-type=\"container\" data-settings=\"{&quot;_ha_eqh_enable&quot;:false}\">\n\t\t\t\t\t<div class=\"e-con-inner\">\n\t\t\t\t<div class=\"elementor-element elementor-element-85d6dbe elementor-widget elementor-widget-shortcode\" data-id=\"85d6dbe\" data-element_type=\"widget\" data-e-type=\"widget\" data-widget_type=\"shortcode.default\">\n\t\t\t\t<div class=\"elementor-widget-container\">\n\t\t\t\t\t\t\t<div class=\"elementor-shortcode\">ngg_shortcode_0_placeholder<\/div>\n\t\t\t\t\t\t<\/div>\n\t\t\t\t<\/div>\n\t\t\t\t<div class=\"elementor-element elementor-element-3b1483d elementor-widget elementor-widget-spacer\" data-id=\"3b1483d\" data-element_type=\"widget\" data-e-type=\"widget\" data-widget_type=\"spacer.default\">\n\t\t\t\t<div class=\"elementor-widget-container\">\n\t\t\t\t\t\t\t<div class=\"elementor-spacer\">\n\t\t\t<div class=\"elementor-spacer-inner\"><\/div>\n\t\t<\/div>\n\t\t\t\t\t\t<\/div>\n\t\t\t\t<\/div>\n\t\t\t\t\t<\/div>\n\t\t\t\t<\/div>\n\t\t<div class=\"elementor-element elementor-element-4c02317 e-flex e-con-boxed e-con e-parent\" data-id=\"4c02317\" data-element_type=\"container\" data-e-type=\"container\" data-settings=\"{&quot;_ha_eqh_enable&quot;:false}\">\n\t\t\t\t\t<div class=\"e-con-inner\">\n\t\t\t\t<div class=\"elementor-element elementor-element-281e565 elementor-align-left elementor-widget elementor-widget-etheme_advanced_headline\" data-id=\"281e565\" data-element_type=\"widget\" data-e-type=\"widget\" data-widget_type=\"etheme_advanced_headline.default\">\n\t\t\t\t<div class=\"elementor-widget-container\">\n\t\t\t\t\t        \n        <div class=\"etheme-a-h-wrapper\">\n        \n            \n\t\t\t\n        <h2 class=\"etheme-advanced-headline etheme-advanced-headline-mask\">\n\n            Merkmale von Retro-Design-Innenr\u00e4umen\n        <\/h2>\n\t\t\n                    \n        <\/div>\n        \n\t\t\t\t\t\t<\/div>\n\t\t\t\t<\/div>\n\t\t\t\t\t<\/div>\n\t\t\t\t<\/div>\n\t\t<div class=\"elementor-element elementor-element-eb27491 e-flex e-con-boxed e-con e-parent\" data-id=\"eb27491\" data-element_type=\"container\" data-e-type=\"container\" data-settings=\"{&quot;_ha_eqh_enable&quot;:false}\">\n\t\t\t\t\t<div class=\"e-con-inner\">\n\t\t\t\t<div class=\"elementor-element elementor-element-64a9858 elementor-widget elementor-widget-text-editor\" data-id=\"64a9858\" data-element_type=\"widget\" data-e-type=\"widget\" data-widget_type=\"text-editor.default\">\n\t\t\t\t<div class=\"elementor-widget-container\">\n\t\t\t\t\t\t\t\t\t<p>Im Gegensatz zum Metropolitan-Stil, der viel Glanz und Glamour, Metall- und Glaseffekte kombiniert, geht ein innovatives Interieur im Retrostil eher in Richtung n\u00fcchterner Chic, indem es vorhandene antike M\u00f6bel, Objekte oder Wandornamente aufwertet, indem es sie in ein zeitgen\u00f6ssisches Umfeld bringt. Es bleibt ein distinguierter Stil mit reichen Vorh\u00e4ngen, Dekorationen und M\u00f6beln, gemischt mit einigen moderneren Elementen. Dieses Dekor kann jedoch so modern oder klassisch sein, wie Sie es w\u00fcnschen.  <\/p>\n\t\t\t\t\t\t\t\t<\/div>\n\t\t\t\t<\/div>\n\t\t\t\t\t<\/div>\n\t\t\t\t<\/div>\n\t\t<div class=\"elementor-element elementor-element-d39ff02 e-flex e-con-boxed e-con e-parent\" data-id=\"d39ff02\" data-element_type=\"container\" data-e-type=\"container\" data-settings=\"{&quot;_ha_eqh_enable&quot;:false}\">\n\t\t\t\t\t<div class=\"e-con-inner\">\n\t\t\t\t<div class=\"elementor-element elementor-element-470fd46 elementor-align-left elementor-widget elementor-widget-etheme_advanced_headline\" data-id=\"470fd46\" data-element_type=\"widget\" data-e-type=\"widget\" data-widget_type=\"etheme_advanced_headline.default\">\n\t\t\t\t<div class=\"elementor-widget-container\">\n\t\t\t\t\t        \n        <div class=\"etheme-a-h-wrapper\">\n        \n            \n\t\t\t\n        <h2 class=\"etheme-advanced-headline etheme-advanced-headline-mask\">\n\n            Ein Stadthaus mit einer Einrichtung im Retro-Design:\n        <\/h2>\n\t\t\n                    \n        <\/div>\n        \n\t\t\t\t\t\t<\/div>\n\t\t\t\t<\/div>\n\t\t\t\t\t<\/div>\n\t\t\t\t<\/div>\n\t\t<div class=\"elementor-element elementor-element-8cc4ffe e-flex e-con-boxed e-con e-parent\" data-id=\"8cc4ffe\" data-element_type=\"container\" data-e-type=\"container\" data-settings=\"{&quot;_ha_eqh_enable&quot;:false}\">\n\t\t\t\t\t<div class=\"e-con-inner\">\n\t\t\t\t<div class=\"elementor-element elementor-element-9cb9cc5 elementor-widget elementor-widget-text-editor\" data-id=\"9cb9cc5\" data-element_type=\"widget\" data-e-type=\"widget\" data-widget_type=\"text-editor.default\">\n\t\t\t\t<div class=\"elementor-widget-container\">\n\t\t\t\t\t\t\t\t\t<p>Ein Herrenhaus mit einer nostalgischen Vergangenheit sollte respektiert und in Ehren renoviert werden. Bei der Renovierung eines solchen herrschaftlichen Hauses sind nat\u00fcrlich einige antike M\u00f6bel ein Muss. Ein renommierter Innenarchitekt wie Marcottestyle ist am besten in der Lage, die Ehre eines Herrenhauses zu bewahren und ein solches Haus mit einem frischen neuen Anstrich zu versch\u00f6nern. Die Dekoration mit sch\u00f6nen Vorh\u00e4ngen und Teppichen wird das Interieur sicherlich aufwerten. Marcottestyle wei\u00df besser als jeder andere, wie man den Retro- oder klassischen Stil mit einigen jungen, frischen Elementen kombiniert, ohne dabei zu \u00fcbertreiben.    <\/p>\n\t\t\t\t\t\t\t\t<\/div>\n\t\t\t\t<\/div>\n\t\t\t\t\t<\/div>\n\t\t\t\t<\/div>\n\t\t<div class=\"elementor-element elementor-element-072a759 e-flex e-con-boxed e-con e-parent\" data-id=\"072a759\" data-element_type=\"container\" data-e-type=\"container\" data-settings=\"{&quot;_ha_eqh_enable&quot;:false}\">\n\t\t\t\t\t<div class=\"e-con-inner\">\n\t\t\t\t<div class=\"elementor-element elementor-element-4adfa5c elementor-widget elementor-widget-spacer\" data-id=\"4adfa5c\" data-element_type=\"widget\" data-e-type=\"widget\" data-widget_type=\"spacer.default\">\n\t\t\t\t<div class=\"elementor-widget-container\">\n\t\t\t\t\t\t\t<div class=\"elementor-spacer\">\n\t\t\t<div class=\"elementor-spacer-inner\"><\/div>\n\t\t<\/div>\n\t\t\t\t\t\t<\/div>\n\t\t\t\t<\/div>\n\t\t\t\t\t<\/div>\n\t\t\t\t<\/div>\n\t\t\t\t<\/div>\n\t\t","protected":false},"excerpt":{"rendered":"<p>RETRO DESIGN INTERIEUR Neben dem innovativen Aspekt der M\u00f6bel ist auch die ausdr\u00fcckliche Verbindung zwischen Vergangenheit und Gegenwart sehr faszinierend. Hier, wie auch beim Metropolitan-Stil,&#8230;<\/p>\n","protected":false},"author":2,"featured_media":0,"parent":0,"menu_order":4,"comment_status":"closed","ping_status":"closed","template":"elementor_header_footer","meta":{"ngg_post_thumbnail":0,"footnotes":""},"class_list":["post-6039","page","type-page","status-publish","hentry"],"_links":{"self":[{"href":"https:\/\/marcottestyle.com\/de\/wp-json\/wp\/v2\/pages\/6039","targetHints":{"allow":["GET"]}}],"collection":[{"href":"https:\/\/marcottestyle.com\/de\/wp-json\/wp\/v2\/pages"}],"about":[{"href":"https:\/\/marcottestyle.com\/de\/wp-json\/wp\/v2\/types\/page"}],"author":[{"embeddable":true,"href":"https:\/\/marcottestyle.com\/de\/wp-json\/wp\/v2\/users\/2"}],"replies":[{"embeddable":true,"href":"https:\/\/marcottestyle.com\/de\/wp-json\/wp\/v2\/comments?post=6039"}],"version-history":[{"count":4,"href":"https:\/\/marcottestyle.com\/de\/wp-json\/wp\/v2\/pages\/6039\/revisions"}],"predecessor-version":[{"id":13293,"href":"https:\/\/marcottestyle.com\/de\/wp-json\/wp\/v2\/pages\/6039\/revisions\/13293"}],"wp:attachment":[{"href":"https:\/\/marcottestyle.com\/de\/wp-json\/wp\/v2\/media?parent=6039"}],"curies":[{"name":"wp","href":"https:\/\/api.w.org\/{rel}","templated":true}]}}