{"id":6042,"date":"2018-02-12T17:24:46","date_gmt":"2018-02-12T16:24:46","guid":{"rendered":"http:\/\/marcottestyle.com\/?page_id=6042"},"modified":"2019-12-31T14:52:12","modified_gmt":"2019-12-31T13:52:12","slug":"zeitgemasses-landhausstil","status":"publish","type":"page","link":"https:\/\/marcottestyle.com\/de\/zeitgemasses-landhausstil\/","title":{"rendered":"Zeitgem\u00e4\u00dfes Landhausstil"},"content":{"rendered":"<p>Zeitgem\u00e4\u00dfes Landhausstil Interieur bildet eine solide Basis f\u00fcr Ihr Zuhause und die Zukunft. Eine einheitliche Ausstrahlung, die nicht so teuer ist, wie es den Anschein hat. Wenn das L\u00e4ndliche auf eine etwas zeitgen\u00f6ssischere schlichtere Weise ausgef\u00fchrt ist, verleiht er einer zeitgen\u00f6ssischen Wohnung etwas Gem\u00fctlichkeit. Das Haus muss mit der Umgebung harmonieren. Daher ist eine Mischung aus Moderne und Landhausstil oft sehr angenehm. Die gem\u00fctliche W\u00e4rme und der schlichte Komfort erg\u00e4nzen sich perfekt.<\/p>\n<p>Es ist ein idealer Stil, wenn man einen Kompromiss zwischen zwei eigensinnigen Stilarten schlie\u00dfen will. Der Innenarchitekt muss hierbei alles wieder sorgf\u00e4ltig aufeinander abstimmen; mit verschiedenen hellen Pastellfarben spielen und dazu einen schlichten Wandschrank mit eingebautem Fernseher aufstellen, der das Ger\u00e4t vielleicht durch eine Rollwand verschwinden l\u00e4sst. Auch Hochglanz kann hier verwendet werden, und die Mischung aus hochmodischem Hi-Tech und warmer T\u00e4felung l\u00e4sst sich ganz einfach miteinander verbinden.<\/p>\n<p>[seo-gallery type=&#8221;3-columns&#8221; taxonomy=&#8221;94&#8243; num=&#8221;4,11&#8243;]<\/p>\n<p>Landleben? Ein zeitgen\u00f6ssischer Stil, der den Charme des alten Englands ausstrahlt. Die speziell angefertigten M\u00f6bel runden das Bild ab.<\/p>\n<h3>Ein perfekt zeitgem\u00e4\u00dfes l\u00e4ndliches Interieur:<\/h3>\n<p>Marcottestyle bleibt mit Sicherheit der renommierteste Innenarchitekt, der sich auf den warmen Landhausstil spezialisiert hat. In den letzten Jahren wurden diesem Stil nur klare Linien.<\/p>\n","protected":false},"excerpt":{"rendered":"<p>Zeitgem\u00e4\u00dfes Landhausstil Interieur bildet eine solide Basis f\u00fcr Ihr Zuhause und die Zukunft. Eine einheitliche Ausstrahlung, die nicht so teuer ist, wie es den Anschein&#8230;<\/p>\n","protected":false},"author":2,"featured_media":0,"parent":0,"menu_order":5,"comment_status":"closed","ping_status":"closed","template":"elementor_header_footer","meta":{"ngg_post_thumbnail":0,"footnotes":""},"class_list":["post-6042","page","type-page","status-publish","hentry"],"_links":{"self":[{"href":"https:\/\/marcottestyle.com\/de\/wp-json\/wp\/v2\/pages\/6042","targetHints":{"allow":["GET"]}}],"collection":[{"href":"https:\/\/marcottestyle.com\/de\/wp-json\/wp\/v2\/pages"}],"about":[{"href":"https:\/\/marcottestyle.com\/de\/wp-json\/wp\/v2\/types\/page"}],"author":[{"embeddable":true,"href":"https:\/\/marcottestyle.com\/de\/wp-json\/wp\/v2\/users\/2"}],"replies":[{"embeddable":true,"href":"https:\/\/marcottestyle.com\/de\/wp-json\/wp\/v2\/comments?post=6042"}],"version-history":[{"count":4,"href":"https:\/\/marcottestyle.com\/de\/wp-json\/wp\/v2\/pages\/6042\/revisions"}],"predecessor-version":[{"id":13229,"href":"https:\/\/marcottestyle.com\/de\/wp-json\/wp\/v2\/pages\/6042\/revisions\/13229"}],"wp:attachment":[{"href":"https:\/\/marcottestyle.com\/de\/wp-json\/wp\/v2\/media?parent=6042"}],"curies":[{"name":"wp","href":"https:\/\/api.w.org\/{rel}","templated":true}]}}