{"id":6046,"date":"2026-01-01T09:28:22","date_gmt":"2026-01-01T08:28:22","guid":{"rendered":"http:\/\/marcottestyle.com\/?page_id=6046"},"modified":"2025-02-12T21:26:52","modified_gmt":"2025-02-12T20:26:52","slug":"cocoon-landhausstil","status":"publish","type":"page","link":"https:\/\/marcottestyle.com\/de\/cocoon-landhausstil\/","title":{"rendered":"Cocoon Innenr\u00e4ume"},"content":{"rendered":"\t\t<div data-elementor-type=\"wp-page\" data-elementor-id=\"6046\" class=\"elementor elementor-6046 elementor-5354\" data-elementor-settings=\"{&quot;ha_cmc_init_switcher&quot;:&quot;no&quot;}\" data-elementor-post-type=\"page\">\n\t\t\t\t<div class=\"elementor-element elementor-element-42a097f e-flex e-con-boxed e-con e-parent\" data-id=\"42a097f\" data-element_type=\"container\" data-e-type=\"container\" data-settings=\"{&quot;_ha_eqh_enable&quot;:false}\">\n\t\t\t\t\t<div class=\"e-con-inner\">\n\t\t\t\t<div class=\"elementor-element elementor-element-1e3ff96 elementor-widget elementor-widget-spacer\" data-id=\"1e3ff96\" data-element_type=\"widget\" data-e-type=\"widget\" data-widget_type=\"spacer.default\">\n\t\t\t\t<div class=\"elementor-widget-container\">\n\t\t\t\t\t\t\t<div class=\"elementor-spacer\">\n\t\t\t<div class=\"elementor-spacer-inner\"><\/div>\n\t\t<\/div>\n\t\t\t\t\t\t<\/div>\n\t\t\t\t<\/div>\n\t\t\t\t\t<\/div>\n\t\t\t\t<\/div>\n\t\t<div class=\"elementor-element elementor-element-b236178 e-flex e-con-boxed e-con e-parent\" data-id=\"b236178\" data-element_type=\"container\" data-e-type=\"container\" data-settings=\"{&quot;_ha_eqh_enable&quot;:false}\">\n\t\t\t\t\t<div class=\"e-con-inner\">\n\t\t\t\t<div class=\"elementor-element elementor-element-a6627f9 elementor-align-left elementor-widget elementor-widget-etheme_advanced_headline\" data-id=\"a6627f9\" data-element_type=\"widget\" data-e-type=\"widget\" data-widget_type=\"etheme_advanced_headline.default\">\n\t\t\t\t<div class=\"elementor-widget-container\">\n\t\t\t\t\t        \n        <div class=\"etheme-a-h-wrapper\">\n        \n            \n\t\t\t\n        <h2 class=\"etheme-advanced-headline etheme-advanced-headline-mask\">\n\n            KOKON INTERIEUR\n        <\/h2>\n\t\t\n                    \n        <\/div>\n        \n\t\t\t\t\t\t<\/div>\n\t\t\t\t<\/div>\n\t\t\t\t\t<\/div>\n\t\t\t\t<\/div>\n\t\t<div class=\"elementor-element elementor-element-fd190f2 e-flex e-con-boxed e-con e-parent\" data-id=\"fd190f2\" data-element_type=\"container\" data-e-type=\"container\" data-settings=\"{&quot;_ha_eqh_enable&quot;:false}\">\n\t\t\t\t\t<div class=\"e-con-inner\">\n\t\t\t\t<div class=\"elementor-element elementor-element-59c55ed elementor-widget elementor-widget-text-editor\" data-id=\"59c55ed\" data-element_type=\"widget\" data-e-type=\"widget\" data-widget_type=\"text-editor.default\">\n\t\t\t\t<div class=\"elementor-widget-container\">\n\t\t\t\t\t\t\t\t\t<p>Der Landhausstil unterstreicht die gem\u00fctliche Geborgenheit einer l\u00e4ndlichen Einrichtung. Sie werden den Landhausstil vermischt finden, ohne dass er die F\u00fchrung \u00fcbernimmt. Ein guter Innenarchitekt kann ein Haus oder eine Villa ohne allzu gro\u00dfe Eingriffe in den Landhausstil verwandeln. Dies erfordert ein gutes Design. Neue Vorh\u00e4nge, Teppiche, M\u00f6bel und Farbe bewirken bereits Wunder. Nat\u00fcrlich wird der Innenarchitekt daf\u00fcr sorgen, dass alles harmonisch ausgew\u00e4hlt wird. Er wird seine Pl\u00e4ne so ausarbeiten, dass das gem\u00fctliche Gef\u00fchl einer Einrichtung im Landhausstil immer vorherrschen wird.      <\/p>\n\t\t\t\t\t\t\t\t<\/div>\n\t\t\t\t<\/div>\n\t\t\t\t\t<\/div>\n\t\t\t\t<\/div>\n\t\t<div class=\"elementor-element elementor-element-3eda36e e-flex e-con-boxed e-con e-parent\" data-id=\"3eda36e\" data-element_type=\"container\" data-e-type=\"container\" data-settings=\"{&quot;_ha_eqh_enable&quot;:false}\">\n\t\t\t\t\t<div class=\"e-con-inner\">\n\t\t\t\t<div class=\"elementor-element elementor-element-56d278f elementor-align-left elementor-widget elementor-widget-etheme_advanced_headline\" data-id=\"56d278f\" data-element_type=\"widget\" data-e-type=\"widget\" data-widget_type=\"etheme_advanced_headline.default\">\n\t\t\t\t<div class=\"elementor-widget-container\">\n\t\t\t\t\t        \n        <div class=\"etheme-a-h-wrapper\">\n        \n            \n\t\t\t\n        <h2 class=\"etheme-advanced-headline etheme-advanced-headline-mask\">\n\n            Wohnen auf dem Land: Kokon-Interieur schafft Sicherheit\n        <\/h2>\n\t\t\n                    \n        <\/div>\n        \n\t\t\t\t\t\t<\/div>\n\t\t\t\t<\/div>\n\t\t\t\t\t<\/div>\n\t\t\t\t<\/div>\n\t\t<div class=\"elementor-element elementor-element-9979541 e-flex e-con-boxed e-con e-parent\" data-id=\"9979541\" data-element_type=\"container\" data-e-type=\"container\" data-settings=\"{&quot;_ha_eqh_enable&quot;:false}\">\n\t\t\t\t\t<div class=\"e-con-inner\">\n\t\t\t\t<div class=\"elementor-element elementor-element-4b60ca2 elementor-widget elementor-widget-text-editor\" data-id=\"4b60ca2\" data-element_type=\"widget\" data-e-type=\"widget\" data-widget_type=\"text-editor.default\">\n\t\t\t\t<div class=\"elementor-widget-container\">\n\t\t\t\t\t\t\t\t\t<p>In einer Welt, in der man so viel Stress und Desillusionierung erlebt, sollte man in der Lage sein, nach Hause in seinen eigenen Kokon zu kommen, in ein Haus mit l\u00e4ndlichem Interieur, in dem man die Harmonie wieder sp\u00fcren kann. Eine Flucht vor der Hektik wie eine Schildkr\u00f6te, die sich in ihrem Panzer sicher f\u00fchlt. Ein gem\u00fctliches Zuhause in Harmonie zu schaffen, ist eine Kunst, die normalerweise nur ein Innenarchitekt vollbringen kann. Ein Landhausstil ist nur dann wirklich ein Stil, wenn man sich f\u00fcr ein Gesamtdesign entscheidet. Hier kann der Innenarchitekt das Ganze zu einem Ganzen machen und den Kokon des l\u00e4ndlichen Stils beibehalten.    <\/p>\n\t\t\t\t\t\t\t\t<\/div>\n\t\t\t\t<\/div>\n\t\t\t\t\t<\/div>\n\t\t\t\t<\/div>\n\t\t<div class=\"elementor-element elementor-element-7f6b848 e-flex e-con-boxed e-con e-parent\" data-id=\"7f6b848\" data-element_type=\"container\" data-e-type=\"container\" data-settings=\"{&quot;_ha_eqh_enable&quot;:false}\">\n\t\t\t\t\t<div class=\"e-con-inner\">\n\t\t\t\t<div class=\"elementor-element elementor-element-0c65fb3 elementor-widget elementor-widget-shortcode\" data-id=\"0c65fb3\" data-element_type=\"widget\" data-e-type=\"widget\" data-widget_type=\"shortcode.default\">\n\t\t\t\t<div class=\"elementor-widget-container\">\n\t\t\t\t\t\t\t<div class=\"elementor-shortcode\">ngg_shortcode_0_placeholder<\/div>\n\t\t\t\t\t\t<\/div>\n\t\t\t\t<\/div>\n\t\t\t\t<div class=\"elementor-element elementor-element-51e7224 elementor-widget elementor-widget-spacer\" data-id=\"51e7224\" data-element_type=\"widget\" data-e-type=\"widget\" data-widget_type=\"spacer.default\">\n\t\t\t\t<div class=\"elementor-widget-container\">\n\t\t\t\t\t\t\t<div class=\"elementor-spacer\">\n\t\t\t<div class=\"elementor-spacer-inner\"><\/div>\n\t\t<\/div>\n\t\t\t\t\t\t<\/div>\n\t\t\t\t<\/div>\n\t\t\t\t\t<\/div>\n\t\t\t\t<\/div>\n\t\t<div class=\"elementor-element elementor-element-cfcfaa8 e-flex e-con-boxed e-con e-parent\" data-id=\"cfcfaa8\" data-element_type=\"container\" data-e-type=\"container\" data-settings=\"{&quot;_ha_eqh_enable&quot;:false}\">\n\t\t\t\t\t<div class=\"e-con-inner\">\n\t\t\t\t<div class=\"elementor-element elementor-element-c74aa39 elementor-widget elementor-widget-text-editor\" data-id=\"c74aa39\" data-element_type=\"widget\" data-e-type=\"widget\" data-widget_type=\"text-editor.default\">\n\t\t\t\t<div class=\"elementor-widget-container\">\n\t\t\t\t\t\t\t\t\t<p>In Ihrem Cocoon-Interieur k\u00f6nnen Sie dem Stress des Alltags entfliehen. Wir schaffen das gem\u00fctliche &#8216;Zuhause&#8217;-Gef\u00fchl, das jeder verdient <\/p>\n\t\t\t\t\t\t\t\t<\/div>\n\t\t\t\t<\/div>\n\t\t\t\t\t<\/div>\n\t\t\t\t<\/div>\n\t\t<div class=\"elementor-element elementor-element-85c454a e-flex e-con-boxed e-con e-parent\" data-id=\"85c454a\" data-element_type=\"container\" data-e-type=\"container\" data-settings=\"{&quot;_ha_eqh_enable&quot;:false}\">\n\t\t\t\t\t<div class=\"e-con-inner\">\n\t\t\t\t<div class=\"elementor-element elementor-element-d484388 elementor-widget elementor-widget-text-editor\" data-id=\"d484388\" data-element_type=\"widget\" data-e-type=\"widget\" data-widget_type=\"text-editor.default\">\n\t\t\t\t<div class=\"elementor-widget-container\">\n\t\t\t\t\t\t\t\t\t<p><a href=\"https:\/\/marcottestyle.com\/contact\/\">Nehmen Sie<\/a> unverbindlich Kontakt mit uns auf oder sehen Sie sich unsere <a href=\"https:\/\/marcottestyle.com\/portfolio\/\">Realisierungen<\/a> an.<\/p>\n<p>Bedeutung:<\/p>\n<p>Kokon bedeutet eigentlich Schutz, Einschluss: in einem Kokon f\u00fchlen Sie sich vor der Au\u00dfenwelt gesch\u00fctzt, wie eine Puppe in einer Larve: die \u00dcbergangsform zwischen einer Larve und einem erwachsenen Schmetterling. Der Kokon einer Schmetterlingspuppe ist also wie ein warmes, gem\u00fctliches Haus, das ein Geh\u00e4use oder Schutz bietet. Der Stil lehnt sich also stark an den Landhaus-, Cottage- oder Long Island-Stil an, wo es sch\u00f6n ist, sich in einem warmen und gem\u00fctlichen Interieur aufzuhalten!  <\/p>\n\t\t\t\t\t\t\t\t<\/div>\n\t\t\t\t<\/div>\n\t\t\t\t\t<\/div>\n\t\t\t\t<\/div>\n\t\t\t\t<\/div>\n\t\t","protected":false},"excerpt":{"rendered":"<p>KOKON INTERIEUR Der Landhausstil unterstreicht die gem\u00fctliche Geborgenheit einer l\u00e4ndlichen Einrichtung. Sie werden den Landhausstil vermischt finden, ohne dass er die F\u00fchrung \u00fcbernimmt. Ein guter&#8230;<\/p>\n","protected":false},"author":2,"featured_media":0,"parent":0,"menu_order":6,"comment_status":"closed","ping_status":"closed","template":"elementor_header_footer","meta":{"ngg_post_thumbnail":0,"footnotes":""},"class_list":["post-6046","page","type-page","status-publish","hentry"],"_links":{"self":[{"href":"https:\/\/marcottestyle.com\/de\/wp-json\/wp\/v2\/pages\/6046","targetHints":{"allow":["GET"]}}],"collection":[{"href":"https:\/\/marcottestyle.com\/de\/wp-json\/wp\/v2\/pages"}],"about":[{"href":"https:\/\/marcottestyle.com\/de\/wp-json\/wp\/v2\/types\/page"}],"author":[{"embeddable":true,"href":"https:\/\/marcottestyle.com\/de\/wp-json\/wp\/v2\/users\/2"}],"replies":[{"embeddable":true,"href":"https:\/\/marcottestyle.com\/de\/wp-json\/wp\/v2\/comments?post=6046"}],"version-history":[{"count":5,"href":"https:\/\/marcottestyle.com\/de\/wp-json\/wp\/v2\/pages\/6046\/revisions"}],"predecessor-version":[{"id":13376,"href":"https:\/\/marcottestyle.com\/de\/wp-json\/wp\/v2\/pages\/6046\/revisions\/13376"}],"wp:attachment":[{"href":"https:\/\/marcottestyle.com\/de\/wp-json\/wp\/v2\/media?parent=6046"}],"curies":[{"name":"wp","href":"https:\/\/api.w.org\/{rel}","templated":true}]}}