{"id":6049,"date":"2018-02-13T09:31:36","date_gmt":"2018-02-13T08:31:36","guid":{"rendered":"http:\/\/marcottestyle.com\/?page_id=6049"},"modified":"2025-02-12T21:26:49","modified_gmt":"2025-02-12T20:26:49","slug":"cottage-interieur","status":"publish","type":"page","link":"https:\/\/marcottestyle.com\/de\/cottage-interieur\/","title":{"rendered":"Cottage Interieur"},"content":{"rendered":"\t\t<div data-elementor-type=\"wp-page\" data-elementor-id=\"6049\" class=\"elementor elementor-6049 elementor-5357\" data-elementor-settings=\"{&quot;ha_cmc_init_switcher&quot;:&quot;no&quot;}\" data-elementor-post-type=\"page\">\n\t\t\t\t<div class=\"elementor-element elementor-element-58375fa e-flex e-con-boxed e-con e-parent\" data-id=\"58375fa\" data-element_type=\"container\" data-e-type=\"container\" data-settings=\"{&quot;_ha_eqh_enable&quot;:false}\">\n\t\t\t\t\t<div class=\"e-con-inner\">\n\t\t\t\t<div class=\"elementor-element elementor-element-2daf192 elementor-widget elementor-widget-spacer\" data-id=\"2daf192\" data-element_type=\"widget\" data-e-type=\"widget\" data-widget_type=\"spacer.default\">\n\t\t\t\t<div class=\"elementor-widget-container\">\n\t\t\t\t\t\t\t<div class=\"elementor-spacer\">\n\t\t\t<div class=\"elementor-spacer-inner\"><\/div>\n\t\t<\/div>\n\t\t\t\t\t\t<\/div>\n\t\t\t\t<\/div>\n\t\t\t\t\t<\/div>\n\t\t\t\t<\/div>\n\t\t<div class=\"elementor-element elementor-element-82a5acc e-flex e-con-boxed e-con e-parent\" data-id=\"82a5acc\" data-element_type=\"container\" data-e-type=\"container\" data-settings=\"{&quot;_ha_eqh_enable&quot;:false}\">\n\t\t\t\t\t<div class=\"e-con-inner\">\n\t\t\t\t<div class=\"elementor-element elementor-element-0e878b6 elementor-align-left elementor-widget elementor-widget-etheme_advanced_headline\" data-id=\"0e878b6\" data-element_type=\"widget\" data-e-type=\"widget\" data-widget_type=\"etheme_advanced_headline.default\">\n\t\t\t\t<div class=\"elementor-widget-container\">\n\t\t\t\t\t        \n        <div class=\"etheme-a-h-wrapper\">\n        \n            \n\t\t\t\n        <h2 class=\"etheme-advanced-headline etheme-advanced-headline-mask\">\n\n            LANDHAUSSTIL\n        <\/h2>\n\t\t\n                    \n        <\/div>\n        \n\t\t\t\t\t\t<\/div>\n\t\t\t\t<\/div>\n\t\t\t\t\t<\/div>\n\t\t\t\t<\/div>\n\t\t<div class=\"elementor-element elementor-element-3e5ebe2 e-flex e-con-boxed e-con e-parent\" data-id=\"3e5ebe2\" data-element_type=\"container\" data-e-type=\"container\" data-settings=\"{&quot;_ha_eqh_enable&quot;:false}\">\n\t\t\t\t\t<div class=\"e-con-inner\">\n\t\t\t\t<div class=\"elementor-element elementor-element-2f7a4c6 elementor-widget elementor-widget-text-editor\" data-id=\"2f7a4c6\" data-element_type=\"widget\" data-e-type=\"widget\" data-widget_type=\"text-editor.default\">\n\t\t\t\t<div class=\"elementor-widget-container\">\n\t\t\t\t\t\t\t\t\t<p>Heute ist er immer noch einer der beliebtesten Stile: der Landhausstil. Innenr\u00e4ume k\u00f6nnen viel dazu beitragen, der Hektik und dem Stress entgegenzuwirken, den jeder von uns hat. Es ist ein gro\u00dfes Gl\u00fcck, nach Hause zu kommen und ein gem\u00fctliches, einzigartiges Interieur vorzufinden. Dieser Einrichtungsstil ist dem Marcotte-Stil sehr nahe. Sanfte Farben und M\u00f6bel wie bequeme Stoffsitze mit entsprechender Dekoration schaffen eine Art Vintage-Look. Je nach Ihrem Geschmack und den architektonischen Merkmalen des Hauses k\u00f6nnen Sie verschiedene sanfte Farbkombinationen w\u00e4hlen, um Ihre Landhauseinrichtung zu vervollst\u00e4ndigen. Auch hier ist es von gro\u00dfem Vorteil, wenn Sie sich auf einen Inneneinrichtungsspezialisten verlassen k\u00f6nnen, der Ihnen die richtigen Tipps gibt, um Entt\u00e4uschungen zu vermeiden.      <\/p>\n\t\t\t\t\t\t\t\t<\/div>\n\t\t\t\t<\/div>\n\t\t\t\t\t<\/div>\n\t\t\t\t<\/div>\n\t\t<div class=\"elementor-element elementor-element-5f43a23 e-flex e-con-boxed e-con e-parent\" data-id=\"5f43a23\" data-element_type=\"container\" data-e-type=\"container\" data-settings=\"{&quot;_ha_eqh_enable&quot;:false}\">\n\t\t\t\t\t<div class=\"e-con-inner\">\n\t\t\t\t<div class=\"elementor-element elementor-element-27aa6fa elementor-widget elementor-widget-shortcode\" data-id=\"27aa6fa\" data-element_type=\"widget\" data-e-type=\"widget\" data-widget_type=\"shortcode.default\">\n\t\t\t\t<div class=\"elementor-widget-container\">\n\t\t\t\t\t\t\t<div class=\"elementor-shortcode\">ngg_shortcode_0_placeholder<\/div>\n\t\t\t\t\t\t<\/div>\n\t\t\t\t<\/div>\n\t\t\t\t<div class=\"elementor-element elementor-element-a43c27b elementor-widget elementor-widget-spacer\" data-id=\"a43c27b\" data-element_type=\"widget\" data-e-type=\"widget\" data-widget_type=\"spacer.default\">\n\t\t\t\t<div class=\"elementor-widget-container\">\n\t\t\t\t\t\t\t<div class=\"elementor-spacer\">\n\t\t\t<div class=\"elementor-spacer-inner\"><\/div>\n\t\t<\/div>\n\t\t\t\t\t\t<\/div>\n\t\t\t\t<\/div>\n\t\t\t\t\t<\/div>\n\t\t\t\t<\/div>\n\t\t<div class=\"elementor-element elementor-element-c6b8355 e-flex e-con-boxed e-con e-parent\" data-id=\"c6b8355\" data-element_type=\"container\" data-e-type=\"container\" data-settings=\"{&quot;_ha_eqh_enable&quot;:false}\">\n\t\t\t\t\t<div class=\"e-con-inner\">\n\t\t\t\t<div class=\"elementor-element elementor-element-02ab610 elementor-align-left elementor-widget elementor-widget-etheme_advanced_headline\" data-id=\"02ab610\" data-element_type=\"widget\" data-e-type=\"widget\" data-widget_type=\"etheme_advanced_headline.default\">\n\t\t\t\t<div class=\"elementor-widget-container\">\n\t\t\t\t\t        \n        <div class=\"etheme-a-h-wrapper\">\n        \n            \n\t\t\t\n        <h2 class=\"etheme-advanced-headline etheme-advanced-headline-mask\">\n\n            Wir machen Ihre Landhauseinrichtung perfekt.\n        <\/h2>\n\t\t\n                    \n        <\/div>\n        \n\t\t\t\t\t\t<\/div>\n\t\t\t\t<\/div>\n\t\t\t\t\t<\/div>\n\t\t\t\t<\/div>\n\t\t<div class=\"elementor-element elementor-element-bcc7f78 e-flex e-con-boxed e-con e-parent\" data-id=\"bcc7f78\" data-element_type=\"container\" data-e-type=\"container\" data-settings=\"{&quot;_ha_eqh_enable&quot;:false}\">\n\t\t\t\t\t<div class=\"e-con-inner\">\n\t\t\t\t<div class=\"elementor-element elementor-element-2fde13d elementor-widget elementor-widget-text-editor\" data-id=\"2fde13d\" data-element_type=\"widget\" data-e-type=\"widget\" data-widget_type=\"text-editor.default\">\n\t\t\t\t<div class=\"elementor-widget-container\">\n\t\t\t\t\t\t\t\t\t<p>Auch die Vert\u00e4felungen und Holzdecken mit Balken sind typisch f\u00fcr diesen vertrauten Stil. Dies verleiht der Wohnung eine eigene Identit\u00e4t und ein gem\u00fctliches Gef\u00fchl, das auch von der Kombination von Farben und Texturen abh\u00e4ngt. Off-White oder Off-White wird am h\u00e4ufigsten f\u00fcr die Decke verwendet. Dies verleiht dem Haus das typische Gef\u00fchl einer Landhauseinrichtung. Die dazu passenden M\u00f6bel werden ebenfalls von Marcotte Style vertrieben. Diese sind in der Regel aus massiver Eiche, die mit Ammoniak gebleicht wurde, was ihnen einen gewissen Used-Look verleiht. Kaufen Sie auch nicht die erstbesten Landhausm\u00f6bel, sondern nur solide Exemplare, die die Einrichtung ein wenig aufpeppen k\u00f6nnen. Schon beim ersten Schritt in das Haus sp\u00fcren Sie, dass hier ein guter Innenarchitekt der Einrichtung gerecht geworden ist.       <\/p>\n\t\t\t\t\t\t\t\t<\/div>\n\t\t\t\t<\/div>\n\t\t\t\t\t<\/div>\n\t\t\t\t<\/div>\n\t\t<div class=\"elementor-element elementor-element-c1c2dff e-flex e-con-boxed e-con e-parent\" data-id=\"c1c2dff\" data-element_type=\"container\" data-e-type=\"container\" data-settings=\"{&quot;_ha_eqh_enable&quot;:false}\">\n\t\t\t\t\t<div class=\"e-con-inner\">\n\t\t\t\t<div class=\"elementor-element elementor-element-f652824 elementor-widget elementor-widget-text-editor\" data-id=\"f652824\" data-element_type=\"widget\" data-e-type=\"widget\" data-widget_type=\"text-editor.default\">\n\t\t\t\t<div class=\"elementor-widget-container\">\n\t\t\t\t\t\t\t\t\t<p>In der Einrichtung Ihres Ferienhauses k\u00f6nnen Sie dem Stress des Alltags entfliehen. So schaffen wir das gem\u00fctliche &#8216;Zuhause&#8217;-Gef\u00fchl, auf das jeder Anspruch hat. <\/p>\n\t\t\t\t\t\t\t\t<\/div>\n\t\t\t\t<\/div>\n\t\t\t\t\t<\/div>\n\t\t\t\t<\/div>\n\t\t<div class=\"elementor-element elementor-element-d8ee353 e-flex e-con-boxed e-con e-parent\" data-id=\"d8ee353\" data-element_type=\"container\" data-e-type=\"container\" data-settings=\"{&quot;_ha_eqh_enable&quot;:false}\">\n\t\t\t\t\t<div class=\"e-con-inner\">\n\t\t\t\t<div class=\"elementor-element elementor-element-ed6c970 elementor-widget elementor-widget-text-editor\" data-id=\"ed6c970\" data-element_type=\"widget\" data-e-type=\"widget\" data-widget_type=\"text-editor.default\">\n\t\t\t\t<div class=\"elementor-widget-container\">\n\t\t\t\t\t\t\t\t\t<p>Nehmen Sie Kontakt mit <a href=\"https:\/\/marcottestyle.com\/contact\/\">uns<\/a> auf oder sehen Sie sich unsere <a href=\"https:\/\/marcottestyle.com\/portfolio\/\">Immobilien<\/a> an.<\/p>\n\t\t\t\t\t\t\t\t<\/div>\n\t\t\t\t<\/div>\n\t\t\t\t\t<\/div>\n\t\t\t\t<\/div>\n\t\t<div class=\"elementor-element elementor-element-74b3982 e-flex e-con-boxed e-con e-parent\" data-id=\"74b3982\" data-element_type=\"container\" data-e-type=\"container\" data-settings=\"{&quot;_ha_eqh_enable&quot;:false}\">\n\t\t\t\t\t<div class=\"e-con-inner\">\n\t\t\t\t<div class=\"elementor-element elementor-element-6079373 elementor-widget elementor-widget-spacer\" data-id=\"6079373\" data-element_type=\"widget\" data-e-type=\"widget\" data-widget_type=\"spacer.default\">\n\t\t\t\t<div class=\"elementor-widget-container\">\n\t\t\t\t\t\t\t<div class=\"elementor-spacer\">\n\t\t\t<div class=\"elementor-spacer-inner\"><\/div>\n\t\t<\/div>\n\t\t\t\t\t\t<\/div>\n\t\t\t\t<\/div>\n\t\t\t\t\t<\/div>\n\t\t\t\t<\/div>\n\t\t\t\t<\/div>\n\t\t","protected":false},"excerpt":{"rendered":"<p>LANDHAUSSTIL Heute ist er immer noch einer der beliebtesten Stile: der Landhausstil. Innenr\u00e4ume k\u00f6nnen viel dazu beitragen, der Hektik und dem Stress entgegenzuwirken, den jeder&#8230;<\/p>\n","protected":false},"author":2,"featured_media":0,"parent":0,"menu_order":7,"comment_status":"closed","ping_status":"closed","template":"elementor_header_footer","meta":{"ngg_post_thumbnail":0,"footnotes":""},"class_list":["post-6049","page","type-page","status-publish","hentry"],"_links":{"self":[{"href":"https:\/\/marcottestyle.com\/de\/wp-json\/wp\/v2\/pages\/6049","targetHints":{"allow":["GET"]}}],"collection":[{"href":"https:\/\/marcottestyle.com\/de\/wp-json\/wp\/v2\/pages"}],"about":[{"href":"https:\/\/marcottestyle.com\/de\/wp-json\/wp\/v2\/types\/page"}],"author":[{"embeddable":true,"href":"https:\/\/marcottestyle.com\/de\/wp-json\/wp\/v2\/users\/2"}],"replies":[{"embeddable":true,"href":"https:\/\/marcottestyle.com\/de\/wp-json\/wp\/v2\/comments?post=6049"}],"version-history":[{"count":2,"href":"https:\/\/marcottestyle.com\/de\/wp-json\/wp\/v2\/pages\/6049\/revisions"}],"predecessor-version":[{"id":6369,"href":"https:\/\/marcottestyle.com\/de\/wp-json\/wp\/v2\/pages\/6049\/revisions\/6369"}],"wp:attachment":[{"href":"https:\/\/marcottestyle.com\/de\/wp-json\/wp\/v2\/media?parent=6049"}],"curies":[{"name":"wp","href":"https:\/\/api.w.org\/{rel}","templated":true}]}}