{"id":6051,"date":"2018-02-13T09:33:58","date_gmt":"2018-02-13T08:33:58","guid":{"rendered":"http:\/\/marcottestyle.com\/?page_id=6051"},"modified":"2018-02-22T09:15:39","modified_gmt":"2018-02-22T08:15:39","slug":"sudlicher-stil","status":"publish","type":"page","link":"https:\/\/marcottestyle.com\/de\/sudlicher-stil\/","title":{"rendered":"S\u00fcdlicher Stil"},"content":{"rendered":"<p>Urlaub, Meer und Sonne ist das erste Gef\u00fchl bei diesem Stil. Die Inneneinrichtung kann dann vom zeitgen\u00f6ssischen bis zum moderneren \u00fcbergehen, und warum nicht eine angepasste Version des Cottage-Stils mit viel wei\u00df vermischt.<\/p>\n<p>Die Betonung legt der Einrichtungsberater auf das Au\u00dfenleben. Die Terrassen, wobei das Gartenmobiliar eine fundamentale Rolle spielen muss, stehen im Fokus. Die Inneneinrichtung wird gleichsam eine Verl\u00e4ngerung des Au\u00dfenlebens. Beide gehen Hand in Hand, als ob die Schwelle dazwischen tats\u00e4chlich verschwindet. Es wird zu einer Einheit. Auch die Farben verlaufen durchgehend, als w\u00fcrden sie von au\u00dfen nach innen miteinander verschmelzen.<\/p>\n<p>[seo-gallery type=&#8221;3-columns&#8221; taxonomy=&#8221;96&#8243; num=&#8221;4,11&#8243;]<\/p>\n<p>&nbsp;<\/p>\n","protected":false},"excerpt":{"rendered":"<p>Urlaub, Meer und Sonne ist das erste Gef\u00fchl bei diesem Stil. Die Inneneinrichtung kann dann vom zeitgen\u00f6ssischen bis zum moderneren \u00fcbergehen, und warum nicht eine&#8230;<\/p>\n","protected":false},"author":2,"featured_media":0,"parent":0,"menu_order":8,"comment_status":"closed","ping_status":"closed","template":"elementor_header_footer","meta":{"ngg_post_thumbnail":0,"footnotes":""},"class_list":["post-6051","page","type-page","status-publish","hentry"],"_links":{"self":[{"href":"https:\/\/marcottestyle.com\/de\/wp-json\/wp\/v2\/pages\/6051","targetHints":{"allow":["GET"]}}],"collection":[{"href":"https:\/\/marcottestyle.com\/de\/wp-json\/wp\/v2\/pages"}],"about":[{"href":"https:\/\/marcottestyle.com\/de\/wp-json\/wp\/v2\/types\/page"}],"author":[{"embeddable":true,"href":"https:\/\/marcottestyle.com\/de\/wp-json\/wp\/v2\/users\/2"}],"replies":[{"embeddable":true,"href":"https:\/\/marcottestyle.com\/de\/wp-json\/wp\/v2\/comments?post=6051"}],"version-history":[{"count":1,"href":"https:\/\/marcottestyle.com\/de\/wp-json\/wp\/v2\/pages\/6051\/revisions"}],"predecessor-version":[{"id":6052,"href":"https:\/\/marcottestyle.com\/de\/wp-json\/wp\/v2\/pages\/6051\/revisions\/6052"}],"wp:attachment":[{"href":"https:\/\/marcottestyle.com\/de\/wp-json\/wp\/v2\/media?parent=6051"}],"curies":[{"name":"wp","href":"https:\/\/api.w.org\/{rel}","templated":true}]}}