{"id":6053,"date":"2018-02-13T09:35:41","date_gmt":"2018-02-13T08:35:41","guid":{"rendered":"http:\/\/marcottestyle.com\/?page_id=6053"},"modified":"2025-02-12T21:26:23","modified_gmt":"2025-02-12T20:26:23","slug":"zeitgemasses-interieur","status":"publish","type":"page","link":"https:\/\/marcottestyle.com\/de\/zeitgemasses-interieur\/","title":{"rendered":"Zeitgen\u00f6ssisches Interieur"},"content":{"rendered":"\t\t<div data-elementor-type=\"wp-page\" data-elementor-id=\"6053\" class=\"elementor elementor-6053 elementor-5361\" data-elementor-settings=\"{&quot;ha_cmc_init_switcher&quot;:&quot;no&quot;}\" data-elementor-post-type=\"page\">\n\t\t\t\t<div class=\"elementor-element elementor-element-d92af0c e-flex e-con-boxed e-con e-parent\" data-id=\"d92af0c\" data-element_type=\"container\" data-e-type=\"container\" data-settings=\"{&quot;_ha_eqh_enable&quot;:false}\">\n\t\t\t\t\t<div class=\"e-con-inner\">\n\t\t\t\t<div class=\"elementor-element elementor-element-0a06155 elementor-widget elementor-widget-spacer\" data-id=\"0a06155\" data-element_type=\"widget\" data-e-type=\"widget\" data-widget_type=\"spacer.default\">\n\t\t\t\t<div class=\"elementor-widget-container\">\n\t\t\t\t\t\t\t<div class=\"elementor-spacer\">\n\t\t\t<div class=\"elementor-spacer-inner\"><\/div>\n\t\t<\/div>\n\t\t\t\t\t\t<\/div>\n\t\t\t\t<\/div>\n\t\t\t\t\t<\/div>\n\t\t\t\t<\/div>\n\t\t<div class=\"elementor-element elementor-element-9347b59 e-flex e-con-boxed e-con e-parent\" data-id=\"9347b59\" data-element_type=\"container\" data-e-type=\"container\" data-settings=\"{&quot;_ha_eqh_enable&quot;:false}\">\n\t\t\t\t\t<div class=\"e-con-inner\">\n\t\t\t\t<div class=\"elementor-element elementor-element-e01ad49 elementor-align-left elementor-widget elementor-widget-etheme_advanced_headline\" data-id=\"e01ad49\" data-element_type=\"widget\" data-e-type=\"widget\" data-widget_type=\"etheme_advanced_headline.default\">\n\t\t\t\t<div class=\"elementor-widget-container\">\n\t\t\t\t\t        \n        <div class=\"etheme-a-h-wrapper\">\n        \n            \n\t\t\t\n        <h2 class=\"etheme-advanced-headline etheme-advanced-headline-mask\">\n\n            ZEITGEN\u00d6SSISCHES INTERIEUR\n        <\/h2>\n\t\t\n                    \n        <\/div>\n        \n\t\t\t\t\t\t<\/div>\n\t\t\t\t<\/div>\n\t\t\t\t\t<\/div>\n\t\t\t\t<\/div>\n\t\t<div class=\"elementor-element elementor-element-5617a84 e-flex e-con-boxed e-con e-parent\" data-id=\"5617a84\" data-element_type=\"container\" data-e-type=\"container\" data-settings=\"{&quot;_ha_eqh_enable&quot;:false}\">\n\t\t\t\t\t<div class=\"e-con-inner\">\n\t\t\t\t<div class=\"elementor-element elementor-element-6b01b15 elementor-widget elementor-widget-text-editor\" data-id=\"6b01b15\" data-element_type=\"widget\" data-e-type=\"widget\" data-widget_type=\"text-editor.default\">\n\t\t\t\t<div class=\"elementor-widget-container\">\n\t\t\t\t\t\t\t\t\t<p>Zeitgen\u00f6ssisches Wohnen bedeutet einen etwas schlichten Stil, in den subtiles Design integriert werden muss. Mit einem guten Innenarchitekten wird das Bild immer passen; Service, M\u00f6bel, Farbe, Beleuchtung, ma\u00dfgefertigte Schr\u00e4nke, Vorh\u00e4nge&#8230; alles ist ein Ganzes, v\u00f6llig harmonisch. Die zeitgen\u00f6ssische Inneneinrichtung ist genau richtig. \u00dcberlassen Sie eine solche Inneneinrichtung also immer einem Innenarchitekten. Die Einrichtung muss ein Gesamtkonzept bleiben, bei dem alles zusammenpasst. Nicht zu modern, aber auch nicht zu retro.     <\/p>\n\t\t\t\t\t\t\t\t<\/div>\n\t\t\t\t<\/div>\n\t\t\t\t\t<\/div>\n\t\t\t\t<\/div>\n\t\t<div class=\"elementor-element elementor-element-680cced e-flex e-con-boxed e-con e-parent\" data-id=\"680cced\" data-element_type=\"container\" data-e-type=\"container\" data-settings=\"{&quot;_ha_eqh_enable&quot;:false}\">\n\t\t\t\t\t<div class=\"e-con-inner\">\n\t\t\t\t<div class=\"elementor-element elementor-element-9b00f73 elementor-align-left elementor-widget elementor-widget-etheme_advanced_headline\" data-id=\"9b00f73\" data-element_type=\"widget\" data-e-type=\"widget\" data-widget_type=\"etheme_advanced_headline.default\">\n\t\t\t\t<div class=\"elementor-widget-container\">\n\t\t\t\t\t        \n        <div class=\"etheme-a-h-wrapper\">\n        \n            \n\t\t\t\n        <h2 class=\"etheme-advanced-headline etheme-advanced-headline-mask\">\n\n            Harmonie f\u00fcr modernes Wohnen\n        <\/h2>\n\t\t\n                    \n        <\/div>\n        \n\t\t\t\t\t\t<\/div>\n\t\t\t\t<\/div>\n\t\t\t\t\t<\/div>\n\t\t\t\t<\/div>\n\t\t<div class=\"elementor-element elementor-element-309177c e-flex e-con-boxed e-con e-parent\" data-id=\"309177c\" data-element_type=\"container\" data-e-type=\"container\" data-settings=\"{&quot;_ha_eqh_enable&quot;:false}\">\n\t\t\t\t\t<div class=\"e-con-inner\">\n\t\t\t\t<div class=\"elementor-element elementor-element-bf433b8 elementor-widget elementor-widget-text-editor\" data-id=\"bf433b8\" data-element_type=\"widget\" data-e-type=\"widget\" data-widget_type=\"text-editor.default\">\n\t\t\t\t<div class=\"elementor-widget-container\">\n\t\t\t\t\t\t\t\t\t<p>Zeitgen\u00f6ssische Inneneinrichtungen bieten eine solide Grundlage f\u00fcr Ihr Zuhause und die Zukunft. Ein einheitlicher Look, der sich reicher anf\u00fchlt, als er es finanziell sein muss. Im Stil des zeitgen\u00f6ssischen Wohnens bleibt auch die stilvolle Verschmelzung von K\u00fcche und Wohnzimmer eine erfolgreiche Idee. Abgeh\u00e4ngte Decken mit indirekter Beleuchtung schaffen ebenfalls einen exklusiven Eindruck und k\u00f6nnen so zwei R\u00e4ume voneinander abgrenzen. Auch hier wird der Innenarchitekt immer f\u00fcr eine perfekte Harmonie sorgen, bei der alles im Gleichgewicht ist.    <\/p>\n\t\t\t\t\t\t\t\t<\/div>\n\t\t\t\t<\/div>\n\t\t\t\t\t<\/div>\n\t\t\t\t<\/div>\n\t\t<div class=\"elementor-element elementor-element-fa9ea39 e-flex e-con-boxed e-con e-parent\" data-id=\"fa9ea39\" data-element_type=\"container\" data-e-type=\"container\" data-settings=\"{&quot;_ha_eqh_enable&quot;:false}\">\n\t\t\t\t\t<div class=\"e-con-inner\">\n\t\t\t\t<div class=\"elementor-element elementor-element-1ac23ad elementor-widget elementor-widget-text-editor\" data-id=\"1ac23ad\" data-element_type=\"widget\" data-e-type=\"widget\" data-widget_type=\"text-editor.default\">\n\t\t\t\t<div class=\"elementor-widget-container\">\n\t\t\t\t\t\t\t\t\t<p>Ein zeitgen\u00f6ssisches Interieur bei Marcotte Style ist elegant und folgt den heutigen Trends!<\/p>\n\t\t\t\t\t\t\t\t<\/div>\n\t\t\t\t<\/div>\n\t\t\t\t\t<\/div>\n\t\t\t\t<\/div>\n\t\t<div class=\"elementor-element elementor-element-1bf80aa e-flex e-con-boxed e-con e-parent\" data-id=\"1bf80aa\" data-element_type=\"container\" data-e-type=\"container\" data-settings=\"{&quot;_ha_eqh_enable&quot;:false}\">\n\t\t\t\t\t<div class=\"e-con-inner\">\n\t\t\t\t<div class=\"elementor-element elementor-element-34a800f elementor-widget elementor-widget-text-editor\" data-id=\"34a800f\" data-element_type=\"widget\" data-e-type=\"widget\" data-widget_type=\"text-editor.default\">\n\t\t\t\t<div class=\"elementor-widget-container\">\n\t\t\t\t\t\t\t\t\t<p>Nehmen Sie Kontakt mit <a href=\"https:\/\/marcottestyle.com\/contact\/\">uns<\/a> auf oder sehen Sie sich unsere <a href=\"https:\/\/marcottestyle.com\/portfolio\/\">Immobilien<\/a> an.<\/p>\n\t\t\t\t\t\t\t\t<\/div>\n\t\t\t\t<\/div>\n\t\t\t\t\t<\/div>\n\t\t\t\t<\/div>\n\t\t<div class=\"elementor-element elementor-element-55b4fab e-flex e-con-boxed e-con e-parent\" data-id=\"55b4fab\" data-element_type=\"container\" data-e-type=\"container\" data-settings=\"{&quot;_ha_eqh_enable&quot;:false}\">\n\t\t\t\t\t<div class=\"e-con-inner\">\n\t\t\t\t<div class=\"elementor-element elementor-element-bf243f2 elementor-widget elementor-widget-shortcode\" data-id=\"bf243f2\" data-element_type=\"widget\" data-e-type=\"widget\" data-widget_type=\"shortcode.default\">\n\t\t\t\t<div class=\"elementor-widget-container\">\n\t\t\t\t\t\t\t<div class=\"elementor-shortcode\">ngg_shortcode_0_placeholder<\/div>\n\t\t\t\t\t\t<\/div>\n\t\t\t\t<\/div>\n\t\t\t\t<div class=\"elementor-element elementor-element-e4cbaa1 elementor-widget elementor-widget-spacer\" data-id=\"e4cbaa1\" data-element_type=\"widget\" data-e-type=\"widget\" data-widget_type=\"spacer.default\">\n\t\t\t\t<div class=\"elementor-widget-container\">\n\t\t\t\t\t\t\t<div class=\"elementor-spacer\">\n\t\t\t<div class=\"elementor-spacer-inner\"><\/div>\n\t\t<\/div>\n\t\t\t\t\t\t<\/div>\n\t\t\t\t<\/div>\n\t\t\t\t\t<\/div>\n\t\t\t\t<\/div>\n\t\t<div class=\"elementor-element elementor-element-69a44fd e-flex e-con-boxed e-con e-parent\" data-id=\"69a44fd\" data-element_type=\"container\" data-e-type=\"container\" data-settings=\"{&quot;_ha_eqh_enable&quot;:false}\">\n\t\t\t\t\t<div class=\"e-con-inner\">\n\t\t\t\t<div class=\"elementor-element elementor-element-5919e70 elementor-align-left elementor-widget elementor-widget-etheme_advanced_headline\" data-id=\"5919e70\" data-element_type=\"widget\" data-e-type=\"widget\" data-widget_type=\"etheme_advanced_headline.default\">\n\t\t\t\t<div class=\"elementor-widget-container\">\n\t\t\t\t\t        \n        <div class=\"etheme-a-h-wrapper\">\n        \n            \n\t\t\t\n        <h2 class=\"etheme-advanced-headline etheme-advanced-headline-mask\">\n\n            Marcottestyle und zeitgen\u00f6ssischer Stil:\n        <\/h2>\n\t\t\n                    \n        <\/div>\n        \n\t\t\t\t\t\t<\/div>\n\t\t\t\t<\/div>\n\t\t\t\t\t<\/div>\n\t\t\t\t<\/div>\n\t\t<div class=\"elementor-element elementor-element-e75d3ed e-flex e-con-boxed e-con e-parent\" data-id=\"e75d3ed\" data-element_type=\"container\" data-e-type=\"container\" data-settings=\"{&quot;_ha_eqh_enable&quot;:false}\">\n\t\t\t\t\t<div class=\"e-con-inner\">\n\t\t\t\t<div class=\"elementor-element elementor-element-74194e8 elementor-widget elementor-widget-text-editor\" data-id=\"74194e8\" data-element_type=\"widget\" data-e-type=\"widget\" data-widget_type=\"text-editor.default\">\n\t\t\t\t<div class=\"elementor-widget-container\">\n\t\t\t\t\t\t\t\t\t<p>Mit der Leidenschaft f\u00fcr den zeitgen\u00f6ssischen Stil und dem Antrieb durch virtuose Handwerkskunst macht Marcottestyle den Unterschied. Der zeitgen\u00f6ssische Stil sorgt f\u00fcr etwas klarere Linien und einen moderneren Look als der rustikale oder klassische Stil. <\/p>\n<p>Wir wissen, wie man die Punkte verbindet. Jede Inneneinrichtung wird daher zun\u00e4chst gr\u00fcndlich mit dem Eigent\u00fcmer besprochen, bevor das Projekt akribisch ausgearbeitet wird. Wir sind gerne von Anfang an in das Projekt involviert, um ein sch\u00f6nes Ergebnis im zeitgen\u00f6ssischen Stil zu erzielen.  <\/p>\n<p>In einer zeitgen\u00f6ssischen Einrichtung wird der Innenarchitekt immer daf\u00fcr sorgen, dass der Stil eine Einheit bildet, in der Gem\u00fctlichkeit und \u00c4sthetik mit praktischem Nutzen kombiniert werden.<\/p>\n\t\t\t\t\t\t\t\t<\/div>\n\t\t\t\t<\/div>\n\t\t\t\t\t<\/div>\n\t\t\t\t<\/div>\n\t\t<div class=\"elementor-element elementor-element-dd8cb02 e-flex e-con-boxed e-con e-parent\" data-id=\"dd8cb02\" data-element_type=\"container\" data-e-type=\"container\" data-settings=\"{&quot;_ha_eqh_enable&quot;:false}\">\n\t\t\t\t\t<div class=\"e-con-inner\">\n\t\t\t\t<div class=\"elementor-element elementor-element-a593fd9 elementor-widget elementor-widget-spacer\" data-id=\"a593fd9\" data-element_type=\"widget\" data-e-type=\"widget\" data-widget_type=\"spacer.default\">\n\t\t\t\t<div class=\"elementor-widget-container\">\n\t\t\t\t\t\t\t<div class=\"elementor-spacer\">\n\t\t\t<div class=\"elementor-spacer-inner\"><\/div>\n\t\t<\/div>\n\t\t\t\t\t\t<\/div>\n\t\t\t\t<\/div>\n\t\t\t\t\t<\/div>\n\t\t\t\t<\/div>\n\t\t\t\t<\/div>\n\t\t","protected":false},"excerpt":{"rendered":"<p>ZEITGEN\u00d6SSISCHES INTERIEUR Zeitgen\u00f6ssisches Wohnen bedeutet einen etwas schlichten Stil, in den subtiles Design integriert werden muss. Mit einem guten Innenarchitekten wird das Bild immer passen;&#8230;<\/p>\n","protected":false},"author":2,"featured_media":0,"parent":0,"menu_order":9,"comment_status":"closed","ping_status":"closed","template":"elementor_header_footer","meta":{"ngg_post_thumbnail":0,"footnotes":""},"class_list":["post-6053","page","type-page","status-publish","hentry"],"_links":{"self":[{"href":"https:\/\/marcottestyle.com\/de\/wp-json\/wp\/v2\/pages\/6053","targetHints":{"allow":["GET"]}}],"collection":[{"href":"https:\/\/marcottestyle.com\/de\/wp-json\/wp\/v2\/pages"}],"about":[{"href":"https:\/\/marcottestyle.com\/de\/wp-json\/wp\/v2\/types\/page"}],"author":[{"embeddable":true,"href":"https:\/\/marcottestyle.com\/de\/wp-json\/wp\/v2\/users\/2"}],"replies":[{"embeddable":true,"href":"https:\/\/marcottestyle.com\/de\/wp-json\/wp\/v2\/comments?post=6053"}],"version-history":[{"count":4,"href":"https:\/\/marcottestyle.com\/de\/wp-json\/wp\/v2\/pages\/6053\/revisions"}],"predecessor-version":[{"id":13236,"href":"https:\/\/marcottestyle.com\/de\/wp-json\/wp\/v2\/pages\/6053\/revisions\/13236"}],"wp:attachment":[{"href":"https:\/\/marcottestyle.com\/de\/wp-json\/wp\/v2\/media?parent=6053"}],"curies":[{"name":"wp","href":"https:\/\/api.w.org\/{rel}","templated":true}]}}