{"id":6056,"date":"2018-02-13T09:37:34","date_gmt":"2018-02-13T08:37:34","guid":{"rendered":"http:\/\/marcottestyle.com\/?page_id=6056"},"modified":"2019-12-30T14:16:11","modified_gmt":"2019-12-30T13:16:11","slug":"modernes-interieur","status":"publish","type":"page","link":"https:\/\/marcottestyle.com\/de\/modernes-interieur\/","title":{"rendered":"Modernes Interieur"},"content":{"rendered":"<p>Ein modernes Interieur kennzeichnet sich durch strenge Linien und wenig Rundungen. Es muss bez\u00fcglich Farbe und Interieurdesign auffallen. Die T\u00fcren werden h\u00e4ufig in Glas oder Hochglanz ausgef\u00fchrt. Gro\u00dfe grifflose flache Schiebet\u00fcren, die sich automatisch \u00f6ffnen mit gro\u00dfen bodentiefen Fenstern sollen das Gef\u00fchl vermitteln, sich im Freien zu befinden. Der Lichteinfall spielt hierbei eine \u00e4u\u00dferst bedeutende Rolle.<\/p>\n<h3>Gem\u00fctliches modernes Interieur<\/h3>\n<p>Das moderne Interieur muss mit der Umgebung, dem Garten und der Fassade der Wohnung harmonieren. Alle R\u00e4ume sind h\u00e4ufig gro\u00df, wodurch der Innenarchitekt aufpassen muss, dem etwas k\u00fchlen Aspekt mit gem\u00fctlichen Tapeten oder mit einer Akzentfarbe f\u00fcr eine komplette Wand, die sich bis an die hohe Decke erstreckt, entgegenzuwirken. Beim Designinterieur bleibt alles l\u00e4nglich, rechteckig und streng. Der Esstisch ist h\u00e4ufig f\u00fcr 6 bis 8 Personen mit strengen Designst\u00fchlen in harmonisch auff\u00e4lliger Farbe. Alle Schubladen der K\u00fcche sind vorzugsweise m\u00f6glichst breit und eine separate Ger\u00e4tewand mit 3 aufgereihten Ger\u00e4ten ist immer vorhanden. Die Arbeitsplatten bestehen aus Edelstahl, Hartstein oder zusammengestellter Keramik.<\/p>\n<p>[seo-gallery type=&#8221;3-columns&#8221; taxonomy=&#8221;38&#8243; num=&#8221;4,11&#8243;]<\/p>\n<h3>Designinterieur steht f\u00fcr Harmonie<\/h3>\n<p>Bei einem solchen Design m\u00fcssen Farben, M\u00f6bel, Ausstattung und Beleuchtung zu einem harmonischen Ganzen zusammengef\u00fcgt werden. Ein gutes modernes Interieur muss passen und sitzen wie ein Schuh. Ein Interieur besteht, im Gegensatz zu dem, was viele Menschen glauben, nicht nur aus gekauften M\u00f6beln. Das Interieur eines Hauses sind W\u00e4nde, B\u00f6den, Treppen, Farben, Fenster, Decken, Tapeten, Beleuchtung \u2026 die alle miteinander harmonieren.<\/p>\n<p>&nbsp;<\/p>\n","protected":false},"excerpt":{"rendered":"<p>Ein modernes Interieur kennzeichnet sich durch strenge Linien und wenig Rundungen. Es muss bez\u00fcglich Farbe und Interieurdesign auffallen. Die T\u00fcren werden h\u00e4ufig in Glas oder&#8230;<\/p>\n","protected":false},"author":2,"featured_media":0,"parent":0,"menu_order":10,"comment_status":"closed","ping_status":"closed","template":"elementor_header_footer","meta":{"ngg_post_thumbnail":0,"footnotes":""},"class_list":["post-6056","page","type-page","status-publish","hentry"],"_links":{"self":[{"href":"https:\/\/marcottestyle.com\/de\/wp-json\/wp\/v2\/pages\/6056","targetHints":{"allow":["GET"]}}],"collection":[{"href":"https:\/\/marcottestyle.com\/de\/wp-json\/wp\/v2\/pages"}],"about":[{"href":"https:\/\/marcottestyle.com\/de\/wp-json\/wp\/v2\/types\/page"}],"author":[{"embeddable":true,"href":"https:\/\/marcottestyle.com\/de\/wp-json\/wp\/v2\/users\/2"}],"replies":[{"embeddable":true,"href":"https:\/\/marcottestyle.com\/de\/wp-json\/wp\/v2\/comments?post=6056"}],"version-history":[{"count":1,"href":"https:\/\/marcottestyle.com\/de\/wp-json\/wp\/v2\/pages\/6056\/revisions"}],"predecessor-version":[{"id":6057,"href":"https:\/\/marcottestyle.com\/de\/wp-json\/wp\/v2\/pages\/6056\/revisions\/6057"}],"wp:attachment":[{"href":"https:\/\/marcottestyle.com\/de\/wp-json\/wp\/v2\/media?parent=6056"}],"curies":[{"name":"wp","href":"https:\/\/api.w.org\/{rel}","templated":true}]}}