{"id":6066,"date":"2018-02-13T10:54:45","date_gmt":"2018-02-13T09:54:45","guid":{"rendered":"http:\/\/marcottestyle.com\/?page_id=6066"},"modified":"2018-02-22T09:22:01","modified_gmt":"2018-02-22T08:22:01","slug":"malerarbeiten","status":"publish","type":"page","link":"https:\/\/marcottestyle.com\/de\/malerarbeiten\/","title":{"rendered":"Malerarbeiten"},"content":{"rendered":"<p>Eine Komplett-Einrichtung ohne Malerarbeiten ist nicht denkbar. Dennoch vergeben wir diese schwere und delikate Aufgabe vollst\u00e4ndig an unseren Partner-Subunternehmer. Ein Familienbetrieb mit 15 Jahren Erfahrung und 30 ergebenen Mitarbeitern, die sowohl Malerarbeiten ausf\u00fchren als auch Tapezieren k\u00f6nnen.<\/p>\n<p>Auch professionelle Farbenberatung wird stets wichtiger, sowohl f\u00fcr innen als auch f\u00fcr au\u00dfen. In einer Farbe kann man schlie\u00dflich Emotionen und Gef\u00fchl zur\u00fcckfinden, die immer in Harmonie mit der gesamten Einrichtung sein m\u00fcssen. Marcotte Style wird Sie bei der Farbenauswahl immer begleiten und beraten, um eine Einrichtung zu erhalten, die vollkommen harmonisch ist. Manchmal w\u00e4hlen wir auch erst die Gardinen und verwenden aufgrund dessen exakt die gleichen Farben f\u00fcr die Mauern. Mit einem Spektrum-Computer wird die Farbe genau gemessen, und so k\u00f6nnen wir Ihnen eine fachkundige Farbenberatung auf Ma\u00df geben. Bei einem Komplettprojekt ist diese Beratung kostenlos.<\/p>\n<p>Marcotte Style ist Vertriebspartner von BOSS PAINTS, wo die Qualit\u00e4t sehr hoch ist und der Preis sehr konkurrenzf\u00e4hig.<\/p>\n<p>Wir sorgen sorgf\u00e4ltig f\u00fcr jedes Detail. Sie k\u00f6nnen sich auf uns verlassen, was Qualit\u00e4t und Professionalismus betrifft. In einer angenehmen Zusammenarbeit sorgen wir daf\u00fcr, dass Ihr Projekt p\u00fcnktlich und im Rahmen des Budgets fertig ist.<\/p>\n<p>[seo-gallery type=&#8221;3-columns&#8221; taxonomy=&#8221;112&#8243; num=&#8221;4,11&#8243;]<\/p>\n<p>Nehmen Sie noch heute\u00a0Kontakt\u00a0mit uns auf f\u00fcr Ihre n\u00e4chsten Arbeiten. Unsere Angebote f\u00fcr Malerarbeiten sind immer unverbindlich.<\/p>\n<p>Verw\u00f6hnen Sie sich selbst und entdecken Sie mehr von Marcotte Style. Schauen Sie sich einige\u00a0unserer Realisierungen\u00a0an!<\/p>\n<p>Eine Komplett-Einrichtung ohne Malerarbeiten ist nicht denkbar; schauen Sie hier, wie wir Ihnen immer eine kostenlose Farbenberatung geben mit zus\u00e4tzlichen fantastischen Bedingungen f\u00fcr unsere Farben.<\/p>\n<p>&nbsp;<\/p>\n<p>&nbsp;<\/p>\n","protected":false},"excerpt":{"rendered":"<p>Eine Komplett-Einrichtung ohne Malerarbeiten ist nicht denkbar. Dennoch vergeben wir diese schwere und delikate Aufgabe vollst\u00e4ndig an unseren Partner-Subunternehmer. Ein Familienbetrieb mit 15 Jahren Erfahrung&#8230;<\/p>\n","protected":false},"author":2,"featured_media":0,"parent":0,"menu_order":1,"comment_status":"closed","ping_status":"closed","template":"elementor_header_footer","meta":{"ngg_post_thumbnail":0,"footnotes":""},"class_list":["post-6066","page","type-page","status-publish","hentry"],"_links":{"self":[{"href":"https:\/\/marcottestyle.com\/de\/wp-json\/wp\/v2\/pages\/6066","targetHints":{"allow":["GET"]}}],"collection":[{"href":"https:\/\/marcottestyle.com\/de\/wp-json\/wp\/v2\/pages"}],"about":[{"href":"https:\/\/marcottestyle.com\/de\/wp-json\/wp\/v2\/types\/page"}],"author":[{"embeddable":true,"href":"https:\/\/marcottestyle.com\/de\/wp-json\/wp\/v2\/users\/2"}],"replies":[{"embeddable":true,"href":"https:\/\/marcottestyle.com\/de\/wp-json\/wp\/v2\/comments?post=6066"}],"version-history":[{"count":2,"href":"https:\/\/marcottestyle.com\/de\/wp-json\/wp\/v2\/pages\/6066\/revisions"}],"predecessor-version":[{"id":6370,"href":"https:\/\/marcottestyle.com\/de\/wp-json\/wp\/v2\/pages\/6066\/revisions\/6370"}],"wp:attachment":[{"href":"https:\/\/marcottestyle.com\/de\/wp-json\/wp\/v2\/media?parent=6066"}],"curies":[{"name":"wp","href":"https:\/\/api.w.org\/{rel}","templated":true}]}}