{"id":6075,"date":"2018-02-13T11:01:25","date_gmt":"2018-02-13T10:01:25","guid":{"rendered":"http:\/\/marcottestyle.com\/?page_id=6075"},"modified":"2024-09-28T13:21:21","modified_gmt":"2024-09-28T11:21:21","slug":"heizkorperbekleidung","status":"publish","type":"page","link":"https:\/\/marcottestyle.com\/de\/heizkorperbekleidung\/","title":{"rendered":"Heizk\u00f6rperschr\u00e4nke"},"content":{"rendered":"<p>Die Heizk\u00f6rperschr\u00e4nke werden immer ganz nach Ma\u00df gefertigt und auf Gehrung entsprechend der L\u00e4nge der jeweiligen Wand zugeschnitten.<br \/>\nAlles wird in der Werkstatt gefertigt und wenn der Heizk\u00f6rperschrank installiert wird, achtet der Innenarchitekt auf die richtige Verarbeitung.<br \/>\nZum Beispiel werden die Kanten so beschnitten, dass sie genau zu den W\u00e4nden passen, die nicht immer gerade sind.    \n\t\t<style type=\"text\/css\">\n\t\t\t#gallery-1 {\n\t\t\t\tmargin: auto;\n\t\t\t}\n\t\t\t#gallery-1 .gallery-item {\n\t\t\t\tfloat: left;\n\t\t\t\tmargin-top: 10px;\n\t\t\t\ttext-align: center;\n\t\t\t\twidth: 33%;\n\t\t\t}\n\t\t\t#gallery-1 img {\n\t\t\t\tborder: 2px solid #cfcfcf;\n\t\t\t}\n\t\t\t#gallery-1 .gallery-caption {\n\t\t\t\tmargin-left: 0;\n\t\t\t}\n\t\t\t\/* see gallery_shortcode() in wp-includes\/media.php *\/\n\t\t<\/style>\n\t\t<div id='gallery-1' class='gallery galleryid-6075 gallery-columns-3 gallery-size-thumbnail'><dl class='gallery-item'>\n\t\t\t<dt class='gallery-icon landscape'>\n\t\t\t\t<a href='https:\/\/marcottestyle.com\/de\/heizkorperbekleidung\/marcottestyle-totaalinrichting-in-temse-26-2\/'><img decoding=\"async\" width=\"150\" height=\"150\" src=\"https:\/\/marcottestyle.com\/wp-content\/uploads\/xstore\/xstore-placeholder-1x1.png\" class=\"attachment-thumbnail size-thumbnail lazyload lazyload-simple et-lazyload-fadeIn\" alt=\"\" data-src=\"https:\/\/marcottestyle.com\/wp-content\/uploads\/2020\/02\/Marcottestyle-totaalinrichting-in-temse-26-150x150.jpg\" title=\"\"><\/a>\n\t\t\t<\/dt><\/dl><dl class='gallery-item'>\n\t\t\t<dt class='gallery-icon portrait'>\n\t\t\t\t<a href='https:\/\/marcottestyle.com\/de\/heizkorperbekleidung\/marcyle-radiatoren11-2\/'><img decoding=\"async\" width=\"150\" height=\"150\" src=\"https:\/\/marcottestyle.com\/wp-content\/uploads\/xstore\/xstore-placeholder-1x1.png\" class=\"attachment-thumbnail size-thumbnail lazyload lazyload-simple et-lazyload-fadeIn\" alt=\"\" data-src=\"https:\/\/marcottestyle.com\/wp-content\/uploads\/2020\/02\/Marcyle-radiatoren11-150x150.jpg\" title=\"\"><\/a>\n\t\t\t<\/dt><\/dl><dl class='gallery-item'>\n\t\t\t<dt class='gallery-icon landscape'>\n\t\t\t\t<a href='https:\/\/marcottestyle.com\/de\/heizkorperbekleidung\/marcottestyle-radiatorkasten-op-maat-1-2\/'><img decoding=\"async\" width=\"150\" height=\"150\" src=\"https:\/\/marcottestyle.com\/wp-content\/uploads\/xstore\/xstore-placeholder-1x1.png\" class=\"attachment-thumbnail size-thumbnail lazyload lazyload-simple et-lazyload-fadeIn\" alt=\"\" data-src=\"https:\/\/marcottestyle.com\/wp-content\/uploads\/2020\/02\/Marcottestyle-radiatorkasten-op-maat-1-150x150.jpg\" title=\"\"><\/a>\n\t\t\t<\/dt><\/dl><br style=\"clear: both\" \/>\n\t\t<\/div>\n  Bei jeder Inneneinrichtung k\u00f6nnen Verkleidungen und Heizk\u00f6rperschr\u00e4nke aus massiver Eiche oder aus MDF bestehen.<br \/>\nLetzteres ist eine hochwertige Pressholzplatte mit sehr hoher Dichte, guten Quell- und Biegeeigenschaften und m\u00f6glicher Feuchtigkeitsbest\u00e4ndigkeit.<br \/>\nUnsere Innenausstattungen werden jedoch immer aus MDF-Platten bester Qualit\u00e4t hergestellt.<br \/>\nDiese Platten sind leichter zu verarbeiten als furnierte Faserplatten oder Sperrholz.<br \/>\nSie ist auch die einzige, die gefr\u00e4st und wie Massivholz bearbeitet werden kann.<br \/>\nTiefe Nuten sind dank der CNC-gesteuerten Maschinen m\u00f6glich.<br \/>\nAlles wird immer in einer Grundierung geliefert und angebracht.<br \/>\nH\u00fcten Sie sich vor unerfahrenen Innenausstattern, die Ihnen kosteng\u00fcnstig nur eine grundierte Seite liefern.<br \/>\nLose Paneele, die nicht an allen vier Seiten befestigt sind, brauchen wirklich die gleiche Anzahl von Grundierungen und Farbschichten auf der Vorder- und R\u00fcckseite, um ein Verziehen zu verhindern.<br \/>\nAuch hier wird alles mit unserem CAD-Programm genau nach Plan gezeichnet.<br \/>\nNichts wird dem Zufall \u00fcberlassen. [seo-gallery type=&#8221;3-columns&#8221; taxonomy=&#8221;115&#8243; num=&#8221;4,11&#8243;]<\/p>\n<blockquote><p>Unsere Heizk\u00f6rperschr\u00e4nke werden zu wahrhaft sch\u00f6nen M\u00f6belst\u00fccken, die sogar die Inneneinrichtung aufwerten.<\/p><\/blockquote>\n<p> <a href=\"http:\/\/marcottestyle.com\/contact\/\">Nehmen Sie<\/a> unverbindlich <a href=\"http:\/\/marcottestyle.com\/contact\/\">Kontakt mit<\/a> uns <a href=\"http:\/\/marcottestyle.com\/contact\/\">auf<\/a> oder <a href=\"http:\/\/marcottestyle.com\/portfolio\/\">werfen Sie einen Blick auf unsere Referenzen<\/a>.          <\/p>\n","protected":false},"excerpt":{"rendered":"<p>Die Heizk\u00f6rperschr\u00e4nke werden immer ganz nach Ma\u00df gefertigt und auf Gehrung entsprechend der L\u00e4nge der jeweiligen Wand zugeschnitten. Alles wird in der Werkstatt gefertigt und&#8230;<\/p>\n","protected":false},"author":2,"featured_media":0,"parent":0,"menu_order":4,"comment_status":"closed","ping_status":"closed","template":"elementor_header_footer","meta":{"ngg_post_thumbnail":0,"footnotes":""},"class_list":["post-6075","page","type-page","status-publish","hentry"],"_links":{"self":[{"href":"https:\/\/marcottestyle.com\/de\/wp-json\/wp\/v2\/pages\/6075","targetHints":{"allow":["GET"]}}],"collection":[{"href":"https:\/\/marcottestyle.com\/de\/wp-json\/wp\/v2\/pages"}],"about":[{"href":"https:\/\/marcottestyle.com\/de\/wp-json\/wp\/v2\/types\/page"}],"author":[{"embeddable":true,"href":"https:\/\/marcottestyle.com\/de\/wp-json\/wp\/v2\/users\/2"}],"replies":[{"embeddable":true,"href":"https:\/\/marcottestyle.com\/de\/wp-json\/wp\/v2\/comments?post=6075"}],"version-history":[{"count":3,"href":"https:\/\/marcottestyle.com\/de\/wp-json\/wp\/v2\/pages\/6075\/revisions"}],"predecessor-version":[{"id":39396,"href":"https:\/\/marcottestyle.com\/de\/wp-json\/wp\/v2\/pages\/6075\/revisions\/39396"}],"wp:attachment":[{"href":"https:\/\/marcottestyle.com\/de\/wp-json\/wp\/v2\/media?parent=6075"}],"curies":[{"name":"wp","href":"https:\/\/api.w.org\/{rel}","templated":true}]}}