{"id":6084,"date":"2018-02-13T11:05:28","date_gmt":"2018-02-13T10:05:28","guid":{"rendered":"http:\/\/marcottestyle.com\/?page_id=6084"},"modified":"2018-02-22T09:25:12","modified_gmt":"2018-02-22T08:25:12","slug":"sanitar","status":"publish","type":"page","link":"https:\/\/marcottestyle.com\/de\/sanitar\/","title":{"rendered":"Sanit\u00e4r"},"content":{"rendered":"<p>Da das Sortiment wirklich riesengro\u00df ist, k\u00f6nnen wir hier nur einige Beispiele wiedergeben. Unser Inneneinrichter wird Sie in die Showrooms der von uns ausgew\u00e4hlten Sanit\u00e4rgro\u00dfh\u00e4ndler begleiten, f\u00fcr die wir direkte Vertriebspartner sind. Auf diesem Wege erhalten Sie nicht nur die besten Bedingungen, sondern auch ein sehr gro\u00dfes Angebot an hochwertigem Sanit\u00e4r, von den gr\u00f6\u00dften Marken, zusammen mit einer kostenlosen professionellen Beratung und Begleitung.<\/p>\n<p>Marcottestyle bietet bei Fonne Smeulders auf 2000m\u00b2 Showroom an: Catalano, Cristina, TDA, HSK, aber auch Villeroy &amp; Boch, Alape, Grohe, Duravit, Hansgrohe, Sphinx, Franke, Allibert, Dornbracht, Keramag, Damixa, Solitaire, Vola, Axor, Roca, ideal Standard, Riho, Giacomini, Assenti, Kermi, Mixamix, Borma, Damixa, KVR, und f\u00fcr M\u00f6bel: Assenti, Detremmerie, Sleurs, Dibo, Duravit, Sphinx\u2026<\/p>\n<p>Auf diese Weise begleiten wir Sie gern, um die geeigneten Fliesen auszusuchen, die am besten zum Interieur-Entwurf passen. Hier bietet man eine sehr gro\u00dfe Palette an Fliesen an. Ist diese nicht ausreichend, werden Sie zu anderen Showrooms gef\u00fchrt.<\/p>\n<p>[seo-gallery type=&#8221;3-columns&#8221; taxonomy=&#8221;117&#8243; num=&#8221;4,11&#8243;]<\/p>\n<p>Verw\u00f6hnen Sie sich selbst und entdecken Sie mehr von Marcotte Style. Schauen Sie sich einige\u00a0unserer Realisierungen\u00a0an!<br \/>\nUnser Inneneinrichter wird Sie in die Showrooms der von uns ausgew\u00e4hlten Sanit\u00e4rgro\u00dfh\u00e4ndler begleiten, f\u00fcr die wir direkte Vertriebspartner sind.<\/p>\n","protected":false},"excerpt":{"rendered":"<p>Da das Sortiment wirklich riesengro\u00df ist, k\u00f6nnen wir hier nur einige Beispiele wiedergeben. Unser Inneneinrichter wird Sie in die Showrooms der von uns ausgew\u00e4hlten Sanit\u00e4rgro\u00dfh\u00e4ndler&#8230;<\/p>\n","protected":false},"author":2,"featured_media":0,"parent":0,"menu_order":6,"comment_status":"closed","ping_status":"closed","template":"elementor_header_footer","meta":{"ngg_post_thumbnail":0,"footnotes":""},"class_list":["post-6084","page","type-page","status-publish","hentry"],"_links":{"self":[{"href":"https:\/\/marcottestyle.com\/de\/wp-json\/wp\/v2\/pages\/6084","targetHints":{"allow":["GET"]}}],"collection":[{"href":"https:\/\/marcottestyle.com\/de\/wp-json\/wp\/v2\/pages"}],"about":[{"href":"https:\/\/marcottestyle.com\/de\/wp-json\/wp\/v2\/types\/page"}],"author":[{"embeddable":true,"href":"https:\/\/marcottestyle.com\/de\/wp-json\/wp\/v2\/users\/2"}],"replies":[{"embeddable":true,"href":"https:\/\/marcottestyle.com\/de\/wp-json\/wp\/v2\/comments?post=6084"}],"version-history":[{"count":3,"href":"https:\/\/marcottestyle.com\/de\/wp-json\/wp\/v2\/pages\/6084\/revisions"}],"predecessor-version":[{"id":6373,"href":"https:\/\/marcottestyle.com\/de\/wp-json\/wp\/v2\/pages\/6084\/revisions\/6373"}],"wp:attachment":[{"href":"https:\/\/marcottestyle.com\/de\/wp-json\/wp\/v2\/media?parent=6084"}],"curies":[{"name":"wp","href":"https:\/\/api.w.org\/{rel}","templated":true}]}}