{"id":6105,"date":"2018-02-13T11:23:39","date_gmt":"2018-02-13T10:23:39","guid":{"rendered":"http:\/\/marcottestyle.com\/?page_id=6105"},"modified":"2018-02-22T09:35:42","modified_gmt":"2018-02-22T08:35:42","slug":"geschirr","status":"publish","type":"page","link":"https:\/\/marcottestyle.com\/de\/geschirr\/","title":{"rendered":"Geschirr"},"content":{"rendered":"<p>Eine Komplett-Einrichtung bis hin zum Geschirr von Gien ist nat\u00fcrlich nicht immer notwendig, weil die meisten bereits ein sch\u00f6nes Geschirr besitzen. Aber jemand, der als Lebensgenie\u00dfer Wert auf Geselligkeit legt, wei\u00df ein neues zus\u00e4tzliches und passendes Service sicher zu sch\u00e4tzen.<\/p>\n<p>Jedes Geschirr ist selbstverst\u00e4ndlich sp\u00fclmaschinenfest. Als Haupt-Vertriebspartner von Gien k\u00f6nnen wir Ihnen bei einer Kompletteinrichtung aus Sympathie ganz besondere Bedingungen f\u00fcr diese Tafelservice anbieten.<\/p>\n<p>Auch wenn Sie derzeit noch keine Kompletteinrichtung m\u00f6chten, bieten wir Ihnen als Begr\u00fc\u00dfung unseren Prestige-Rabatt von 20% Preisnachlass auf den Ladenpreis beim Ankauf eines Services f\u00fcr 12 Personen. Die Lieferzeiten variieren von 48 Stunden bis 3 Wochen.<\/p>\n<p>[seo-gallery type=&#8221;3-columns&#8221; taxonomy=&#8221;122&#8243; num=&#8221;4,11&#8243;]<\/p>\n<p>Ein Interieur-Entwurf mit passendem Geschirr und Porzellan verleiht dem Ganzen einen besonders edlen Eindruck.<\/p>\n<p>Verw\u00f6hnen Sie sich selbst und entdecken Sie mehr von Marcotte Style. Schauen Sie sich einige\u00a0unserer Realisierungen\u00a0an!<\/p>\n<p>Das Tafelporzellan von Gien verzaubert Ihren gedeckten Tisch auf eine pr\u00e4chtige naturgetreue Weise in sch\u00f6ne Tafelszenen auf Basis von zarten Pastellfarben.<\/p>\n","protected":false},"excerpt":{"rendered":"<p>Eine Komplett-Einrichtung bis hin zum Geschirr von Gien ist nat\u00fcrlich nicht immer notwendig, weil die meisten bereits ein sch\u00f6nes Geschirr besitzen. Aber jemand, der als&#8230;<\/p>\n","protected":false},"author":2,"featured_media":0,"parent":0,"menu_order":11,"comment_status":"closed","ping_status":"closed","template":"elementor_header_footer","meta":{"ngg_post_thumbnail":0,"footnotes":""},"class_list":["post-6105","page","type-page","status-publish","hentry"],"_links":{"self":[{"href":"https:\/\/marcottestyle.com\/de\/wp-json\/wp\/v2\/pages\/6105","targetHints":{"allow":["GET"]}}],"collection":[{"href":"https:\/\/marcottestyle.com\/de\/wp-json\/wp\/v2\/pages"}],"about":[{"href":"https:\/\/marcottestyle.com\/de\/wp-json\/wp\/v2\/types\/page"}],"author":[{"embeddable":true,"href":"https:\/\/marcottestyle.com\/de\/wp-json\/wp\/v2\/users\/2"}],"replies":[{"embeddable":true,"href":"https:\/\/marcottestyle.com\/de\/wp-json\/wp\/v2\/comments?post=6105"}],"version-history":[{"count":2,"href":"https:\/\/marcottestyle.com\/de\/wp-json\/wp\/v2\/pages\/6105\/revisions"}],"predecessor-version":[{"id":6107,"href":"https:\/\/marcottestyle.com\/de\/wp-json\/wp\/v2\/pages\/6105\/revisions\/6107"}],"wp:attachment":[{"href":"https:\/\/marcottestyle.com\/de\/wp-json\/wp\/v2\/media?parent=6105"}],"curies":[{"name":"wp","href":"https:\/\/api.w.org\/{rel}","templated":true}]}}