{"id":6120,"date":"2018-02-13T11:30:57","date_gmt":"2018-02-13T10:30:57","guid":{"rendered":"http:\/\/marcottestyle.com\/?page_id=6120"},"modified":"2024-09-28T13:20:43","modified_gmt":"2024-09-28T11:20:43","slug":"teppiche-jab","status":"publish","type":"page","link":"https:\/\/marcottestyle.com\/de\/kollektionen\/teppiche-jab\/","title":{"rendered":"Teppiche Jab"},"content":{"rendered":"\t\t<div data-elementor-type=\"wp-page\" data-elementor-id=\"6120\" class=\"elementor elementor-6120 elementor-5458\" data-elementor-settings=\"{&quot;ha_cmc_init_switcher&quot;:&quot;no&quot;}\" data-elementor-post-type=\"page\">\n\t\t\t\t<div class=\"elementor-element elementor-element-fa9fa48 e-flex e-con-boxed e-con e-parent\" data-id=\"fa9fa48\" data-element_type=\"container\" data-e-type=\"container\" data-settings=\"{&quot;_ha_eqh_enable&quot;:false}\">\n\t\t\t\t\t<div class=\"e-con-inner\">\n\t\t\t\t\t<\/div>\n\t\t\t\t<\/div>\n\t\t<div class=\"elementor-element elementor-element-d1d5111 e-flex e-con-boxed e-con e-parent\" data-id=\"d1d5111\" data-element_type=\"container\" data-e-type=\"container\" data-settings=\"{&quot;_ha_eqh_enable&quot;:false}\">\n\t\t\t\t\t<div class=\"e-con-inner\">\n\t\t\t\t<div class=\"elementor-element elementor-element-2ef4819 elementor-widget elementor-widget-spacer\" data-id=\"2ef4819\" data-element_type=\"widget\" data-e-type=\"widget\" data-widget_type=\"spacer.default\">\n\t\t\t\t<div class=\"elementor-widget-container\">\n\t\t\t\t\t\t\t<div class=\"elementor-spacer\">\n\t\t\t<div class=\"elementor-spacer-inner\"><\/div>\n\t\t<\/div>\n\t\t\t\t\t\t<\/div>\n\t\t\t\t<\/div>\n\t\t\t\t\t<\/div>\n\t\t\t\t<\/div>\n\t\t<div class=\"elementor-element elementor-element-e82d122 e-flex e-con-boxed e-con e-parent\" data-id=\"e82d122\" data-element_type=\"container\" data-e-type=\"container\" data-settings=\"{&quot;_ha_eqh_enable&quot;:false}\">\n\t\t\t\t\t<div class=\"e-con-inner\">\n\t\t\t\t<div class=\"elementor-element elementor-element-4d05ae5 elementor-widget elementor-widget-text-editor\" data-id=\"4d05ae5\" data-element_type=\"widget\" data-e-type=\"widget\" data-widget_type=\"text-editor.default\">\n\t\t\t\t<div class=\"elementor-widget-container\">\n\t\t\t\t\t\t\t\t\t<p>Bei der Einrichtung eines Wohnraums sind die passenden Teppiche ein wichtiger Teil der Gesamtdekoration <span style=\"text-decoration: underline;\"><span style=\"color: #96825b;\"><a style=\"color: #96825b; text-decoration: underline;\" title=\"Dekoration\" href=\"https:\/\/marcottestyle.com\/de\/kollektionen\/dekorationsartikel\/\">Dekoration<\/a><\/span><\/span>.<br \/>\nF\u00fcr eine sch\u00f6ne, harmonische Gestaltung entsprechen die Farben des Kompletts den zu Beginn gew\u00e4hlten Hauptfarben.<br \/>\nDie gleiche Farbpalette wird sich auch in den <span style=\"text-decoration: underline;\"><span style=\"color: #96825b;\"><a style=\"color: #96825b; text-decoration: underline;\" title=\"Vorh\u00e4nge\" href=\"https:\/\/marcottestyle.com\/de\/kollektionen\/vorhange\/\">Vorh\u00e4nge<\/a><\/span><\/span>, Wandfarbe, Sitze&#8230;  <\/p>\n\t\t\t\t\t\t\t\t<\/div>\n\t\t\t\t<\/div>\n\t\t\t\t\t<\/div>\n\t\t\t\t<\/div>\n\t\t<div class=\"elementor-element elementor-element-40f7c66 e-flex e-con-boxed e-con e-parent\" data-id=\"40f7c66\" data-element_type=\"container\" data-e-type=\"container\" data-settings=\"{&quot;_ha_eqh_enable&quot;:false}\">\n\t\t\t\t\t<div class=\"e-con-inner\">\n\t\t\t\t<div class=\"elementor-element elementor-element-40a8167 elementor-align-left elementor-widget elementor-widget-etheme_advanced_headline\" data-id=\"40a8167\" data-element_type=\"widget\" data-e-type=\"widget\" data-widget_type=\"etheme_advanced_headline.default\">\n\t\t\t\t<div class=\"elementor-widget-container\">\n\t\t\t\t\t        \n        <div class=\"etheme-a-h-wrapper\">\n        \n            \n\t\t\t\n        <h2 class=\"etheme-advanced-headline etheme-advanced-headline-mask\">\n\n            Unser Angebot:\n        <\/h2>\n\t\t\n                    \n        <\/div>\n        \n\t\t\t\t\t\t<\/div>\n\t\t\t\t<\/div>\n\t\t\t\t\t<\/div>\n\t\t\t\t<\/div>\n\t\t<div class=\"elementor-element elementor-element-d1483c2 e-flex e-con-boxed e-con e-parent\" data-id=\"d1483c2\" data-element_type=\"container\" data-e-type=\"container\" data-settings=\"{&quot;_ha_eqh_enable&quot;:false}\">\n\t\t\t\t\t<div class=\"e-con-inner\">\n\t\t\t\t<div class=\"elementor-element elementor-element-7e4ec65 elementor-widget elementor-widget-text-editor\" data-id=\"7e4ec65\" data-element_type=\"widget\" data-e-type=\"widget\" data-widget_type=\"text-editor.default\">\n\t\t\t\t<div class=\"elementor-widget-container\">\n\t\t\t\t\t\t\t\t\t<p>Wir sind Hauptvertriebsh\u00e4ndler von <span style=\"text-decoration: underline;\"><span style=\"color: #96825b;\"><a style=\"color: #96825b; text-decoration: underline;\" href=\"https:\/\/shop.marcottestyle.com\/product-categorie\/tapijten\/jab-tapijten\/\">JAB<\/a><\/span><\/span> und haben eine gro\u00dfe Kollektion von Teppichmustern mit allen m\u00f6glichen Farbvariationen. Die Preise reichen von 366,40 \u20ac f\u00fcr den &#8220;CETO&#8221; von 2mx2m mit einer 1cm Alcantara-Bord\u00fcre bis zu 1.175 \u20ac f\u00fcr den &#8220;TIVO&#8221; mit einer 5cm Lederbord\u00fcre.<br \/>\nDicke Teppiche von 2mx2m aus reiner Wolle &#8220;LANA&#8221; kosten dann bis zu 1.448 \u20ac.<br \/>\nWir sind stolz darauf, diese Preise transparent und \u00f6ffentlich zu machen.  <\/p>\n<p>Alle Teppiche werden nach Ma\u00df gefertigt und mit 1 bis 8 cm Alcantara, Leder, Nubukleder oder mit Motiven versehen.<br \/>\nEr kann auch in Rollen von 4 oder 5 m Breite bestellt werden, was nat\u00fcrlich sehr g\u00fcnstig ist.<br \/>\nEr kann mit Streifen oder in Dammform eine Verbindung mit entsprechend ausgew\u00e4hlten Farben eingehen, bis der Teppich mit pers\u00f6nlicher Zeichnung oder Motiv hergestellt werden kann.  <\/p>\n\t\t\t\t\t\t\t\t<\/div>\n\t\t\t\t<\/div>\n\t\t\t\t\t<\/div>\n\t\t\t\t<\/div>\n\t\t<div class=\"elementor-element elementor-element-7deb15a e-flex e-con-boxed e-con e-parent\" data-id=\"7deb15a\" data-element_type=\"container\" data-e-type=\"container\" data-settings=\"{&quot;_ha_eqh_enable&quot;:false}\">\n\t\t\t\t\t<div class=\"e-con-inner\">\n\t\t\t\t<div class=\"elementor-element elementor-element-ff047fb elementor-widget elementor-widget-text-editor\" data-id=\"ff047fb\" data-element_type=\"widget\" data-e-type=\"widget\" data-widget_type=\"text-editor.default\">\n\t\t\t\t<div class=\"elementor-widget-container\">\n\t\t\t\t\t\t\t\t\t<p>Teppiche, die perfekt zum Stil Ihrer Wohnung passen, verwandeln Ihr Interieur in eine homogene und angenehme Umgebung.<br \/>\nEntdecken Sie auch unsere personalisierten Teppiche! <\/p>\n\t\t\t\t\t\t\t\t<\/div>\n\t\t\t\t<\/div>\n\t\t\t\t\t<\/div>\n\t\t\t\t<\/div>\n\t\t<div class=\"elementor-element elementor-element-33f1427 e-flex e-con-boxed e-con e-parent\" data-id=\"33f1427\" data-element_type=\"container\" data-e-type=\"container\" data-settings=\"{&quot;_ha_eqh_enable&quot;:false}\">\n\t\t\t\t\t<div class=\"e-con-inner\">\n\t\t\t\t<div class=\"elementor-element elementor-element-c6a3ec0 elementor-widget elementor-widget-shortcode\" data-id=\"c6a3ec0\" data-element_type=\"widget\" data-e-type=\"widget\" data-widget_type=\"shortcode.default\">\n\t\t\t\t<div class=\"elementor-widget-container\">\n\t\t\t\t\t\t\t<div class=\"elementor-shortcode\">ngg_shortcode_0_placeholder<\/div>\n\t\t\t\t\t\t<\/div>\n\t\t\t\t<\/div>\n\t\t\t\t<div class=\"elementor-element elementor-element-cffa667 elementor-widget elementor-widget-spacer\" data-id=\"cffa667\" data-element_type=\"widget\" data-e-type=\"widget\" data-widget_type=\"spacer.default\">\n\t\t\t\t<div class=\"elementor-widget-container\">\n\t\t\t\t\t\t\t<div class=\"elementor-spacer\">\n\t\t\t<div class=\"elementor-spacer-inner\"><\/div>\n\t\t<\/div>\n\t\t\t\t\t\t<\/div>\n\t\t\t\t<\/div>\n\t\t\t\t\t<\/div>\n\t\t\t\t<\/div>\n\t\t<div class=\"elementor-element elementor-element-fc0ac17 e-flex e-con-boxed e-con e-parent\" data-id=\"fc0ac17\" data-element_type=\"container\" data-e-type=\"container\" data-settings=\"{&quot;_ha_eqh_enable&quot;:false}\">\n\t\t\t\t\t<div class=\"e-con-inner\">\n\t\t\t\t<div class=\"elementor-element elementor-element-27b0a39 elementor-widget elementor-widget-text-editor\" data-id=\"27b0a39\" data-element_type=\"widget\" data-e-type=\"widget\" data-widget_type=\"text-editor.default\">\n\t\t\t\t<div class=\"elementor-widget-container\">\n\t\t\t\t\t\t\t\t\t<p>Ihr <span style=\"text-decoration: underline;\"><span style=\"color: #96825b;\"><a style=\"color: #96825b; text-decoration: underline;\" title=\"Innenarchitekt\" href=\"https:\/\/marcottestyle.com\/de\/innenarchitekt-marcottestyle\/\">Innenarchitekt<\/a><\/span><\/span> wird Sie zuerst den Teppich passend zu den Vorh\u00e4ngen ausw\u00e4hlen lassen und dann die Farbe der W\u00e4nde bestimmen.<br \/>\nDas ergibt das beste Ergebnis, wenn Sie ein Ganzes mit etwas besonderen Farben schaffen m\u00f6chten.<br \/>\nDiese Teppiche werden mit geraden, synthetischen, dicht gewebten woll\u00e4hnlichen Fasern gewebt.<br \/>\nDa die Fasern hohl und in ein Harzbett eingebettet sind, bleiben sie flexibel und immer gerade.<br \/>\nDie Qualit\u00e4t ist so gut, dass, wenn Sie ein M\u00f6belst\u00fcck nach einer Weile umstellen, keine Spur davon zu sehen ist.    <\/p>\n\t\t\t\t\t\t\t\t<\/div>\n\t\t\t\t<\/div>\n\t\t\t\t\t<\/div>\n\t\t\t\t<\/div>\n\t\t<div class=\"elementor-element elementor-element-054bd65 e-flex e-con-boxed e-con e-parent\" data-id=\"054bd65\" data-element_type=\"container\" data-e-type=\"container\" data-settings=\"{&quot;_ha_eqh_enable&quot;:false}\">\n\t\t\t\t\t<div class=\"e-con-inner\">\n\t\t\t\t<div class=\"elementor-element elementor-element-c814e38 elementor-widget elementor-widget-instant-advanced-gallery\" data-id=\"c814e38\" data-element_type=\"widget\" data-e-type=\"widget\" data-settings=\"{&quot;item_per_row&quot;:1,&quot;hover_effect&quot;:&quot;zoomCrossLine&quot;,&quot;gallery_layout&quot;:&quot;grid&quot;,&quot;display_type&quot;:&quot;fadeInToTop&quot;,&quot;display_speed&quot;:{&quot;unit&quot;:&quot;px&quot;,&quot;size&quot;:0.8,&quot;sizes&quot;:[]},&quot;load_more&quot;:&quot;none&quot;,&quot;item_per_row_tablet&quot;:2,&quot;item_per_row_mobile&quot;:1,&quot;height&quot;:{&quot;unit&quot;:&quot;px&quot;,&quot;size&quot;:300,&quot;sizes&quot;:[]},&quot;height_tablet&quot;:{&quot;unit&quot;:&quot;px&quot;,&quot;size&quot;:&quot;&quot;,&quot;sizes&quot;:[]},&quot;height_mobile&quot;:{&quot;unit&quot;:&quot;px&quot;,&quot;size&quot;:&quot;&quot;,&quot;sizes&quot;:[]},&quot;margin&quot;:{&quot;unit&quot;:&quot;px&quot;,&quot;size&quot;:15,&quot;sizes&quot;:[]},&quot;margin_tablet&quot;:{&quot;unit&quot;:&quot;px&quot;,&quot;size&quot;:15,&quot;sizes&quot;:[]},&quot;margin_mobile&quot;:{&quot;unit&quot;:&quot;px&quot;,&quot;size&quot;:15,&quot;sizes&quot;:[]}}\" data-widget_type=\"instant-advanced-gallery.default\">\n\t\t\t\t<div class=\"elementor-widget-container\">\n\t\t\t\t\t\r\n<div id=\"instant-gallery-c814e38\" class=\"instant-gallery-wrapper\">\r\n\r\n\t\r\n\t<div id=\"instant-gallery-grid-c814e38\" class=\"galleryResponsive instant-gallery-type-grid qmg instant-gallery\">\r\n\t\t\t\t\t<div class=\"qmg-item filter-1\">\r\n\t\t\t\t<div class=\"qmg-caption\">\r\n\t\t\t\t\t<div class=\"qmg-caption-defaultWrap\">\r\n\t\t\t\t\t\t<img fetchpriority=\"high\" decoding=\"async\" width=\"1920\" height=\"1281\" src=\"https:\/\/marcottestyle.com\/wp-content\/uploads\/xstore\/xstore-placeholder.png\" class=\"attachment-full size-full wp-image-13563 lazyload lazyload-simple et-lazyload-fadeIn\" alt=\"\" sizes=\"(max-width: 1920px) 100vw, 1920px\" data-src=\"https:\/\/marcottestyle.com\/wp-content\/uploads\/2020\/01\/Marcottestyle-landelijk-1.jpg\" data-srcset=\"https:\/\/marcottestyle.com\/wp-content\/uploads\/2020\/01\/Marcottestyle-landelijk-1.jpg 1920w, https:\/\/marcottestyle.com\/wp-content\/uploads\/2020\/01\/Marcottestyle-landelijk-1-300x200.jpg 300w, https:\/\/marcottestyle.com\/wp-content\/uploads\/2020\/01\/Marcottestyle-landelijk-1-1024x683.jpg 1024w, https:\/\/marcottestyle.com\/wp-content\/uploads\/2020\/01\/Marcottestyle-landelijk-1-768x512.jpg 768w, https:\/\/marcottestyle.com\/wp-content\/uploads\/2020\/01\/Marcottestyle-landelijk-1-1536x1025.jpg 1536w, https:\/\/marcottestyle.com\/wp-content\/uploads\/2020\/01\/Marcottestyle-landelijk-1-1280x854.jpg 1280w\" title=\"\">\t\t\t\t\t<\/div>\r\n\t\t\t\t\t<div class=\"qmg-caption-activeWrap\">\r\n\t\t\t\t\t\t<div class=\"qmg-l-caption-alignCenter\">\r\n\t\t\t\t\t\t\t<div class=\"qmg-l-caption-body\">\r\n\t\t\t\t\t\t\t\t\t\t\t\t\t\t\t\t\t<div class=\"qmg-action-icons-wrapper\">\r\n\t\t\t\t\t\t\t\t\t\t\t\t\t\t\t\t\t\t\t\t\t<a href=\"#lightbox\" data-fancybox=\"gallery-c814e38\" data-type=\"image\" data-thumb=\"https:\/\/marcottestyle.com\/wp-content\/uploads\/2020\/01\/Marcottestyle-landelijk-1.jpg\" class=\"qmg-icon-lightbox\" data-caption=\"\" data-src=\"https:\/\/marcottestyle.com\/wp-content\/uploads\/2020\/01\/Marcottestyle-landelijk-1.jpg\" rel=\"nofollow\"><i aria-hidden=\"true\" class=\"et-icon et-zoom\"><\/i><\/a>\r\n\t\t\t\t\t\t\t\t\t\t\t\t\t\t\t\t\t\t\t\t\t\t\t\t\t\t\t\t\t<\/div>\r\n\t\t\t\t\t\t\t\t\t\t\t\t\t\t\t\t\t\t\t\t\t\t\t<\/div>\r\n\t\t\t\t\t\t<\/div>\r\n\t\t\t\t\t<\/div>\r\n\t\t\t\t<\/div>\r\n\t\t\t\t\t\t\t\t\t\t\t<\/div>\r\n\t\t\t<\/div>\r\n\r\n\t\r\n<\/div>\r\n\t\t\t\t<\/div>\n\t\t\t\t<\/div>\n\t\t\t\t\t<\/div>\n\t\t\t\t<\/div>\n\t\t\t\t<\/div>\n\t\t","protected":false},"excerpt":{"rendered":"<p>[rev_slider alias=&#8221;Tapijten-Op-Maat&#8221; slidertitle=&#8221;Tapijten Op Maat&#8221;][\/rev_slider] Bei der Einrichtung eines Wohnraums sind die passenden Teppiche ein wichtiger Teil der Gesamtdekoration Dekoration. F\u00fcr eine sch\u00f6ne, harmonische Gestaltung&#8230;<\/p>\n","protected":false},"author":2,"featured_media":12345,"parent":6064,"menu_order":14,"comment_status":"closed","ping_status":"closed","template":"elementor_header_footer","meta":{"ngg_post_thumbnail":0,"footnotes":""},"class_list":["post-6120","page","type-page","status-publish","has-post-thumbnail","hentry"],"_links":{"self":[{"href":"https:\/\/marcottestyle.com\/de\/wp-json\/wp\/v2\/pages\/6120","targetHints":{"allow":["GET"]}}],"collection":[{"href":"https:\/\/marcottestyle.com\/de\/wp-json\/wp\/v2\/pages"}],"about":[{"href":"https:\/\/marcottestyle.com\/de\/wp-json\/wp\/v2\/types\/page"}],"author":[{"embeddable":true,"href":"https:\/\/marcottestyle.com\/de\/wp-json\/wp\/v2\/users\/2"}],"replies":[{"embeddable":true,"href":"https:\/\/marcottestyle.com\/de\/wp-json\/wp\/v2\/comments?post=6120"}],"version-history":[{"count":7,"href":"https:\/\/marcottestyle.com\/de\/wp-json\/wp\/v2\/pages\/6120\/revisions"}],"predecessor-version":[{"id":39363,"href":"https:\/\/marcottestyle.com\/de\/wp-json\/wp\/v2\/pages\/6120\/revisions\/39363"}],"up":[{"embeddable":true,"href":"https:\/\/marcottestyle.com\/de\/wp-json\/wp\/v2\/pages\/6064"}],"wp:featuredmedia":[{"embeddable":true,"href":"https:\/\/marcottestyle.com\/de\/wp-json\/wp\/v2\/media\/12345"}],"wp:attachment":[{"href":"https:\/\/marcottestyle.com\/de\/wp-json\/wp\/v2\/media?parent=6120"}],"curies":[{"name":"wp","href":"https:\/\/api.w.org\/{rel}","templated":true}]}}