{"id":6123,"date":"2018-02-13T11:33:04","date_gmt":"2018-02-13T10:33:04","guid":{"rendered":"http:\/\/marcottestyle.com\/?page_id=6123"},"modified":"2024-09-28T13:20:35","modified_gmt":"2024-09-28T11:20:35","slug":"badezimmer-nach-mas","status":"publish","type":"page","link":"https:\/\/marcottestyle.com\/de\/badezimmer-nach-mas\/","title":{"rendered":"Ma\u00dfgeschneiderte B\u00e4der"},"content":{"rendered":"<h3>So werden B\u00e4der nach Ma\u00df gefertigt<\/h3>\n<p>  Da wir sicherstellen m\u00f6chten, dass Ihr ma\u00dfgefertigtes Bad ganz Ihren Vorstellungen entspricht, werden wir zun\u00e4chst Ihre W\u00fcnsche und Anforderungen detailliert auflisten.<br \/>\n\u00dcberlegen Sie zum Beispiel, was Ihnen an Ihrem jetzigen Badezimmer gef\u00e4llt oder was Sie noch vermissen.<br \/>\nWelche Teile m\u00f6chten Sie unbedingt wiedersehen und welche sind lediglich optional?<br \/>\nUnser Innenarchitekt zeigt Ihnen gerne einige ma\u00dfgefertigte B\u00e4der zur Inspiration.<br \/>\nJe nach Ihren W\u00fcnschen schlagen wir Ihnen Standard- oder ma\u00dfgefertigte Badm\u00f6bel vor.<br \/>\nEin sch\u00f6nes, elegantes, ma\u00dfgefertigtes Badezimmer passt zu jedem Stil.<br \/>\nAusgestattet mit einer guten Bel\u00fcftung, kann ein Badezimmer auch in das Schlafzimmer integriert und eventuell durch eine Glaswand leicht abgetrennt werden.<br \/>\nAlles immer mit klaren oder runden Linien und luxuri\u00f6sen Materialien.<br \/>\nDie Duschen in neuen Einrichtungen werden immer ger\u00e4umiger, mit einer bodengleichen Dusche ohne Aufs\u00e4tze.          [seo-gallery type=&#8221;3-columns&#8221; taxonomy=&#8221;126&#8243; num=&#8221;4,11&#8243;]<\/p>\n<blockquote><p>Als Teil eines Gesamtdesigns werden unsere ma\u00dfgefertigten B\u00e4der luxuri\u00f6s aus Holz, Keramik oder Fliesen gefertigt.<br \/>\nSo schaffen wir eine einzigartige Kreation! <\/p><\/blockquote>\n<p> <a href=\"http:\/\/marcottestyle.com\/contact\/\">Kontaktieren Sie<\/a> uns unverbindlich oder <a href=\"http:\/\/marcottestyle.com\/portfolio\/\">schauen Sie sich unsere Referenzen an<\/a>.<\/p>\n","protected":false},"excerpt":{"rendered":"<p>So werden B\u00e4der nach Ma\u00df gefertigt Da wir sicherstellen m\u00f6chten, dass Ihr ma\u00dfgefertigtes Bad ganz Ihren Vorstellungen entspricht, werden wir zun\u00e4chst Ihre W\u00fcnsche und Anforderungen&#8230;<\/p>\n","protected":false},"author":2,"featured_media":0,"parent":0,"menu_order":15,"comment_status":"closed","ping_status":"closed","template":"elementor_header_footer","meta":{"ngg_post_thumbnail":0,"footnotes":""},"class_list":["post-6123","page","type-page","status-publish","hentry"],"_links":{"self":[{"href":"https:\/\/marcottestyle.com\/de\/wp-json\/wp\/v2\/pages\/6123","targetHints":{"allow":["GET"]}}],"collection":[{"href":"https:\/\/marcottestyle.com\/de\/wp-json\/wp\/v2\/pages"}],"about":[{"href":"https:\/\/marcottestyle.com\/de\/wp-json\/wp\/v2\/types\/page"}],"author":[{"embeddable":true,"href":"https:\/\/marcottestyle.com\/de\/wp-json\/wp\/v2\/users\/2"}],"replies":[{"embeddable":true,"href":"https:\/\/marcottestyle.com\/de\/wp-json\/wp\/v2\/comments?post=6123"}],"version-history":[{"count":3,"href":"https:\/\/marcottestyle.com\/de\/wp-json\/wp\/v2\/pages\/6123\/revisions"}],"predecessor-version":[{"id":39354,"href":"https:\/\/marcottestyle.com\/de\/wp-json\/wp\/v2\/pages\/6123\/revisions\/39354"}],"wp:attachment":[{"href":"https:\/\/marcottestyle.com\/de\/wp-json\/wp\/v2\/media?parent=6123"}],"curies":[{"name":"wp","href":"https:\/\/api.w.org\/{rel}","templated":true}]}}