{"id":6126,"date":"2018-02-13T11:35:22","date_gmt":"2018-02-13T10:35:22","guid":{"rendered":"http:\/\/marcottestyle.com\/?page_id=6126"},"modified":"2020-02-07T13:39:45","modified_gmt":"2020-02-07T12:39:45","slug":"kuche-nach-mas","status":"publish","type":"page","link":"https:\/\/marcottestyle.com\/de\/kuche-nach-mas\/","title":{"rendered":"K\u00fcche nach Ma\u00df"},"content":{"rendered":"<p>Um die Kontinuit\u00e4t in allen R\u00e4umen und Zimmern zu gew\u00e4hrleisten, haben wir f\u00fcr viele unserer Kunden ma\u00dfgefertigte K\u00fcchen hergestellt. Denn Ma\u00dfarbeit ist das Mittel, um eine Inneneinrichtung im selben Stil auszuf\u00fchren. Bei einer ma\u00dfgefertigten offenen K\u00fcche wird wohl jeder Architekt zustimmen, dass dieser Punkt von fundamentaler Bedeutung ist. Dabei sind wir Ihnen gerne behilflich!<\/p>\n<h3>Ma\u00dfgefertigte K\u00fcchen: einmalige Kreationen<\/h3>\n<p>Bei uns werden alle K\u00fcchen mit den modernsten CNC-Fr\u00e4sen, S\u00e4ge- und Schleifmaschinen ma\u00dfgefertigt und im Atelier mit Pulverlack oder 2-Komponenten-M\u00f6bellack in passender Designfarbe in Matt, Satin oder Hochglanz lackiert.<\/p>\n<p>[seo-gallery type=&#8221;3-columns&#8221; taxonomy=&#8221;148&#8243; num=&#8221;4,11&#8243;]<\/p>\n<p>Ein Interieurdesign mit einer ma\u00dfgefertigten K\u00fcche hat auf jeden Fall einen Mehrwert, denn unsere ma\u00dfgefertigten K\u00fcchen sind St\u00fcck f\u00fcr St\u00fcck einmalige Kreationen. F\u00fcr ma\u00dfgefertigte K\u00fcchen verwenden wir niemals Standardschr\u00e4nke mit aufgef\u00fcllter Verkleidung, um den Eindruck einer ma\u00dfgefertigten K\u00fcche zu erwecken. Unsere ma\u00dfgefertigten K\u00fcchen werden komplett nach den W\u00fcnschen und Bed\u00fcrfnissen, aber auch dem Budget des Auftraggebers hergestellt.<\/p>\n<p>Verw\u00f6hnen Sie sich und entdecken Sie weitere B\u00fcroeinrichtungen von Marcotte Style. Sehen Sie sich einige\u00a0unserer Realisierungen\u00a0an!<\/p>\n<h3>Kleine K\u00fcchen machen auch den Unterschied:<\/h3>\n<p>Ein gro\u00dfer Teil des Tages wird in der K\u00fcche verbracht, wenn es attraktiv ist. Wie sch\u00f6n ist es, nicht t\u00e4glich in der K\u00fcche zu sein. Marcottestyle wird auch in der Lage sein, Ihre kleine K\u00fcche in eine pl\u00f6tzlich frische und gem\u00fctliche, anmutige K\u00fcche zu verwandeln, die viel ger\u00e4umiger aussieht. In der Zwischenzeit wird auch die praktische Seite untersucht, um das Kochen angenehmer zu machen. Sehen Sie sich kurz an, wie ein kleiner normaler Raum sehr attraktiv werden kann:<\/p>\n\n\t\t<style type=\"text\/css\">\n\t\t\t#gallery-1 {\n\t\t\t\tmargin: auto;\n\t\t\t}\n\t\t\t#gallery-1 .gallery-item {\n\t\t\t\tfloat: left;\n\t\t\t\tmargin-top: 10px;\n\t\t\t\ttext-align: center;\n\t\t\t\twidth: 33%;\n\t\t\t}\n\t\t\t#gallery-1 img {\n\t\t\t\tborder: 2px solid #cfcfcf;\n\t\t\t}\n\t\t\t#gallery-1 .gallery-caption {\n\t\t\t\tmargin-left: 0;\n\t\t\t}\n\t\t\t\/* see gallery_shortcode() in wp-includes\/media.php *\/\n\t\t<\/style>\n\t\t<div id='gallery-1' class='gallery galleryid-6126 gallery-columns-3 gallery-size-thumbnail'><dl class='gallery-item'>\n\t\t\t<dt class='gallery-icon landscape'>\n\t\t\t\t<a href='https:\/\/marcottestyle.com\/de\/raume\/kuche\/marcottestyle-landelijke-keuken-1-2-2\/'><img decoding=\"async\" width=\"150\" height=\"150\" src=\"https:\/\/marcottestyle.com\/wp-content\/uploads\/xstore\/xstore-placeholder-1x1.png\" class=\"attachment-thumbnail size-thumbnail lazyload lazyload-simple et-lazyload-fadeIn\" alt=\"\" data-src=\"https:\/\/marcottestyle.com\/wp-content\/uploads\/2020\/02\/Marcottestyle-landelijke-keuken-1-150x150.jpg\" title=\"\"><\/a>\n\t\t\t<\/dt><\/dl><dl class='gallery-item'>\n\t\t\t<dt class='gallery-icon portrait'>\n\t\t\t\t<a href='https:\/\/marcottestyle.com\/de\/raume\/kuche\/marcottestyle-landelijke-keuken-5-2-2\/'><img decoding=\"async\" width=\"150\" height=\"150\" src=\"https:\/\/marcottestyle.com\/wp-content\/uploads\/xstore\/xstore-placeholder-1x1.png\" class=\"attachment-thumbnail size-thumbnail lazyload lazyload-simple et-lazyload-fadeIn\" alt=\"Landelijke en moderne meubels in interieurproject Grimbergen\" data-src=\"https:\/\/marcottestyle.com\/wp-content\/uploads\/2020\/02\/Marcottestyle-landelijke-keuken-5-150x150.jpg\" title=\"\"><\/a>\n\t\t\t<\/dt><\/dl><dl class='gallery-item'>\n\t\t\t<dt class='gallery-icon landscape'>\n\t\t\t\t<a href='https:\/\/marcottestyle.com\/de\/raume\/kuche\/marcottestyle-landelijke-keuken-4-2\/'><img decoding=\"async\" width=\"150\" height=\"150\" src=\"https:\/\/marcottestyle.com\/wp-content\/uploads\/xstore\/xstore-placeholder-1x1.png\" class=\"attachment-thumbnail size-thumbnail lazyload lazyload-simple et-lazyload-fadeIn\" alt=\"\" data-src=\"https:\/\/marcottestyle.com\/wp-content\/uploads\/2020\/02\/Marcottestyle-landelijke-keuken-4-150x150.jpg\" title=\"\"><\/a>\n\t\t\t<\/dt><\/dl><br style=\"clear: both\" \/><dl class='gallery-item'>\n\t\t\t<dt class='gallery-icon landscape'>\n\t\t\t\t<a href='https:\/\/marcottestyle.com\/de\/raume\/kuche\/marcottestyle-landelijke-keuken-2-2\/'><img loading=\"lazy\" decoding=\"async\" width=\"150\" height=\"150\" src=\"https:\/\/marcottestyle.com\/wp-content\/uploads\/xstore\/xstore-placeholder-1x1.png\" class=\"attachment-thumbnail size-thumbnail lazyload lazyload-simple et-lazyload-fadeIn\" alt=\"\" data-src=\"https:\/\/marcottestyle.com\/wp-content\/uploads\/2020\/02\/Marcottestyle-landelijke-keuken-2-150x150.jpg\" title=\"\"><\/a>\n\t\t\t<\/dt><\/dl><dl class='gallery-item'>\n\t\t\t<dt class='gallery-icon landscape'>\n\t\t\t\t<a href='https:\/\/marcottestyle.com\/de\/raume\/kuche\/marcottestyle-keuken-voor-en-na-1-2\/'><img loading=\"lazy\" decoding=\"async\" width=\"150\" height=\"150\" src=\"https:\/\/marcottestyle.com\/wp-content\/uploads\/xstore\/xstore-placeholder-1x1.png\" class=\"attachment-thumbnail size-thumbnail lazyload lazyload-simple et-lazyload-fadeIn\" alt=\"\" data-src=\"https:\/\/marcottestyle.com\/wp-content\/uploads\/2020\/02\/Marcottestyle-keuken-voor-en-na-1-150x150.jpg\" title=\"\"><\/a>\n\t\t\t<\/dt><\/dl>\n\t\t\t<br style='clear: both' \/>\n\t\t<\/div>\n\n","protected":false},"excerpt":{"rendered":"<p>Um die Kontinuit\u00e4t in allen R\u00e4umen und Zimmern zu gew\u00e4hrleisten, haben wir f\u00fcr viele unserer Kunden ma\u00dfgefertigte K\u00fcchen hergestellt. Denn Ma\u00dfarbeit ist das Mittel, um&#8230;<\/p>\n","protected":false},"author":2,"featured_media":0,"parent":0,"menu_order":16,"comment_status":"closed","ping_status":"closed","template":"elementor_header_footer","meta":{"ngg_post_thumbnail":0,"footnotes":""},"class_list":["post-6126","page","type-page","status-publish","hentry"],"_links":{"self":[{"href":"https:\/\/marcottestyle.com\/de\/wp-json\/wp\/v2\/pages\/6126","targetHints":{"allow":["GET"]}}],"collection":[{"href":"https:\/\/marcottestyle.com\/de\/wp-json\/wp\/v2\/pages"}],"about":[{"href":"https:\/\/marcottestyle.com\/de\/wp-json\/wp\/v2\/types\/page"}],"author":[{"embeddable":true,"href":"https:\/\/marcottestyle.com\/de\/wp-json\/wp\/v2\/users\/2"}],"replies":[{"embeddable":true,"href":"https:\/\/marcottestyle.com\/de\/wp-json\/wp\/v2\/comments?post=6126"}],"version-history":[{"count":5,"href":"https:\/\/marcottestyle.com\/de\/wp-json\/wp\/v2\/pages\/6126\/revisions"}],"predecessor-version":[{"id":13932,"href":"https:\/\/marcottestyle.com\/de\/wp-json\/wp\/v2\/pages\/6126\/revisions\/13932"}],"wp:attachment":[{"href":"https:\/\/marcottestyle.com\/de\/wp-json\/wp\/v2\/media?parent=6126"}],"curies":[{"name":"wp","href":"https:\/\/api.w.org\/{rel}","templated":true}]}}