{"id":6129,"date":"2018-02-13T11:37:18","date_gmt":"2018-02-13T10:37:18","guid":{"rendered":"http:\/\/marcottestyle.com\/?page_id=6129"},"modified":"2024-09-28T13:20:28","modified_gmt":"2024-09-28T11:20:28","slug":"vertafelung","status":"publish","type":"page","link":"https:\/\/marcottestyle.com\/de\/vertafelung\/","title":{"rendered":"Vert\u00e4felung"},"content":{"rendered":"<p>M\u00f6chten Sie eine Holzvert\u00e4felung von Marcotte Style anbringen lassen?<br \/>\nWir sorgen daf\u00fcr, dass sie immer ganz nach Ma\u00df und auf Gehrung entsprechend der L\u00e4nge der jeweiligen Wand angebracht wird.<br \/>\nWir k\u00f6nnen verschiedene Arten von Material verwenden.<br \/>\nMDF oder massive Eiche zum Beispiel.     <\/p>\n<h3>MDF: perfekt geeignet<\/h3>\n<p>  MDF eignet sich hervorragend f\u00fcr Verkleidungen.<br \/>\nMDF ist eigentlich eine hochwertige gepresste Holzplatte mit sehr hoher Dichte, guter Quellf\u00e4higkeit und Biegefestigkeit bei m\u00f6glicher Feuchtigkeitsbest\u00e4ndigkeit.<br \/>\nF\u00fcr unseren Innenausbau verwenden wir nat\u00fcrlich die beste Qualit\u00e4t von MDF.<br \/>\nDiese Platten sind leichter zu verarbeiten als furnierte Faserplatten oder Sperrholz.<br \/>\nAu\u00dferdem k\u00f6nnen MDF-Platten gefr\u00e4st werden und lassen sich wie Massivholz bearbeiten.<br \/>\nTiefe Nuten sind dank der von CVC perfektionierten Maschinen m\u00f6glich.<br \/>\nAlle Verkleidungen werden immer grundiert geliefert.<br \/>\nAuch hier wird alles mit unserem CAD-Programm genau nach Plan gezeichnet.<br \/>\nNichts wird dem Zufall \u00fcberlassen.          <\/p>\n<blockquote><p>Sie ben\u00f6tigen eine auf Gehrung geschnittene Verkleidung?<br \/>\nWir sorgen daf\u00fcr, dass sie immer vollst\u00e4ndig ma\u00dfgeschneidert ist. <\/p><\/blockquote>\n<p>[seo-gallery type=&#8221;3-columns&#8221; taxonomy=&#8221;127&#8243; num=&#8221;4,11&#8243;]  Achten Sie darauf, dass die Vert\u00e4felung richtig gestrichen ist!<br \/>\nWenn Sie sie in Holz anbringen m\u00f6chten, sollten Sie sich vor unerfahrenen Innenausstattern in Acht nehmen, die Ihnen Kosten sparen wollen und nur eine Seite grundiert liefern.<br \/>\nEinzelne Paneele, die nicht an allen vier Seiten befestigt sind, sollten auf der Vorder- und R\u00fcckseite die gleiche Anzahl von Grundierungen und Farbschichten aufweisen, um ein Verziehen zu verhindern.<br \/>\nBei Holz sind bei Marcotte Style alle Arten und Stile m\u00f6glich.<br \/>\nEs muss nicht immer klassisch sein, auch ein moderner Stil ist durchaus machbar.<br \/>\nModern und doch stilvoll.<br \/>\nNeben der Standardvert\u00e4felung eines bestimmten Raumes bieten wir Ihnen auf Wunsch auch die Verkleidung der Treppe oder der Decke an.<br \/>\nEs ist zwar \u00fcblich, diese in allen R\u00e4umen Ihrer Wohnung fortzusetzen, aber Sie k\u00f6nnen sich auch daf\u00fcr entscheiden, nur einen Raum damit zu versehen.<br \/>\nSie k\u00f6nnen sich zum Beispiel nur f\u00fcr das Schlafzimmer oder nur f\u00fcr die Toilette entscheiden.         <a href=\"http:\/\/marcottestyle.com\/contact\/\">Nehmen Sie<\/a> unverbindlich <a href=\"http:\/\/marcottestyle.com\/contact\/\">Kontakt mit<\/a> uns <a href=\"http:\/\/marcottestyle.com\/contact\/\">auf<\/a> oder <a href=\"http:\/\/marcottestyle.com\/portfolio\/\">sehen Sie sich unsere Realisierungen an<\/a>.<\/p>\n","protected":false},"excerpt":{"rendered":"<p>M\u00f6chten Sie eine Holzvert\u00e4felung von Marcotte Style anbringen lassen? Wir sorgen daf\u00fcr, dass sie immer ganz nach Ma\u00df und auf Gehrung entsprechend der L\u00e4nge der&#8230;<\/p>\n","protected":false},"author":2,"featured_media":0,"parent":0,"menu_order":17,"comment_status":"closed","ping_status":"closed","template":"elementor_header_footer","meta":{"ngg_post_thumbnail":0,"footnotes":""},"class_list":["post-6129","page","type-page","status-publish","hentry"],"_links":{"self":[{"href":"https:\/\/marcottestyle.com\/de\/wp-json\/wp\/v2\/pages\/6129","targetHints":{"allow":["GET"]}}],"collection":[{"href":"https:\/\/marcottestyle.com\/de\/wp-json\/wp\/v2\/pages"}],"about":[{"href":"https:\/\/marcottestyle.com\/de\/wp-json\/wp\/v2\/types\/page"}],"author":[{"embeddable":true,"href":"https:\/\/marcottestyle.com\/de\/wp-json\/wp\/v2\/users\/2"}],"replies":[{"embeddable":true,"href":"https:\/\/marcottestyle.com\/de\/wp-json\/wp\/v2\/comments?post=6129"}],"version-history":[{"count":4,"href":"https:\/\/marcottestyle.com\/de\/wp-json\/wp\/v2\/pages\/6129\/revisions"}],"predecessor-version":[{"id":39347,"href":"https:\/\/marcottestyle.com\/de\/wp-json\/wp\/v2\/pages\/6129\/revisions\/39347"}],"wp:attachment":[{"href":"https:\/\/marcottestyle.com\/de\/wp-json\/wp\/v2\/media?parent=6129"}],"curies":[{"name":"wp","href":"https:\/\/api.w.org\/{rel}","templated":true}]}}