{"id":6132,"date":"2018-02-13T11:39:12","date_gmt":"2018-02-13T10:39:12","guid":{"rendered":"http:\/\/marcottestyle.com\/?page_id=6132"},"modified":"2018-02-22T09:40:44","modified_gmt":"2018-02-22T08:40:44","slug":"schranke","status":"publish","type":"page","link":"https:\/\/marcottestyle.com\/de\/schranke\/","title":{"rendered":"Schr\u00e4nke"},"content":{"rendered":"<h3>Eigene Kollektionen:<\/h3>\n<p>Als Gro\u00dfh\u00e4ndler, Importeur oder Fabrikant wird Ihnen eine gro\u00dfe Auswahl an M\u00f6beln angeboten, wodurch Sie bedeutende Gewinnspannen von Zwischenh\u00e4ndlern einsparen k\u00f6nnen! Damit eine komplette Einrichtung professionell und zielgerichtet verl\u00e4uft, treffen Sie erst gemeinsam mit unserem Innenarchitekten eine eigene Auswahl aller M\u00f6bel, die in Ihre Wohnung passen k\u00f6nnten. Danach werden die M\u00f6bel zusammen mit dem Innenarchitekten in den verschiedenen Showrooms ausgesucht. So erh\u00e4lt man gemeinsam schnell die perfekte Inneneinrichtung. Dies ist au\u00dferdem immer eine Win\/Win-Situation f\u00fcr jeden, da wir als Innenarchitekt bei der Ausf\u00fchrung kein Honorar f\u00fcr die Designpl\u00e4ne berechnen, und Sie obendrein noch g\u00fcnstiger kaufen als im normalen Gesch\u00e4ft oder im gro\u00dfen Einkaufspark.<\/p>\n<p>Mit mehr als 6000 m\u00b2 Showrooms, die im ganzen Land verteilt sind, k\u00f6nnen Sie Ihre Wahl leicht treffen. Im Rahmen eines Gesamtkonzeptes suchen wir immer nach Alternativen, die perfekt in die ganze Einrichtung passen, falls Sie die passenden M\u00f6bel nicht direkt finden.<\/p>\n<p>Avec plus de 6000m\u00b2 de showroom, r\u00e9partis sur l&#8217;ensemble du pays vous serez facilement en mesure de faire votre choix. Dans le cadre du Concept total d\u2019int\u00e9rieur, nous restons toujours \u00e0 la recherche d\u2019alternatives qui correspondent parfaitement dans la cr\u00e9ation totale de votre int\u00e9rieur dans le cas o\u00f9 vous ne trouveriez pas directement le mobilier appropri\u00e9.<\/p>\n<p>[seo-gallery type=&#8221;3-columns&#8221; taxonomy=&#8221;128&#8243; num=&#8221;4,11&#8243;]<\/p>\n<p>Die M\u00f6bel im Landhausstil sind immer aus massiver Eiche und meistens wei\u00df gebeizt.<\/p>\n<p>Verw\u00f6hnen Sie sich selbst und entdecken Sie mehr von Marcotte Style. Schauen Sie sich einige\u00a0unserer Realisierungen\u00a0an!<\/p>\n","protected":false},"excerpt":{"rendered":"<p>Eigene Kollektionen: Als Gro\u00dfh\u00e4ndler, Importeur oder Fabrikant wird Ihnen eine gro\u00dfe Auswahl an M\u00f6beln angeboten, wodurch Sie bedeutende Gewinnspannen von Zwischenh\u00e4ndlern einsparen k\u00f6nnen! Damit eine&#8230;<\/p>\n","protected":false},"author":2,"featured_media":0,"parent":0,"menu_order":18,"comment_status":"closed","ping_status":"closed","template":"elementor_header_footer","meta":{"ngg_post_thumbnail":0,"footnotes":""},"class_list":["post-6132","page","type-page","status-publish","hentry"],"_links":{"self":[{"href":"https:\/\/marcottestyle.com\/de\/wp-json\/wp\/v2\/pages\/6132","targetHints":{"allow":["GET"]}}],"collection":[{"href":"https:\/\/marcottestyle.com\/de\/wp-json\/wp\/v2\/pages"}],"about":[{"href":"https:\/\/marcottestyle.com\/de\/wp-json\/wp\/v2\/types\/page"}],"author":[{"embeddable":true,"href":"https:\/\/marcottestyle.com\/de\/wp-json\/wp\/v2\/users\/2"}],"replies":[{"embeddable":true,"href":"https:\/\/marcottestyle.com\/de\/wp-json\/wp\/v2\/comments?post=6132"}],"version-history":[{"count":2,"href":"https:\/\/marcottestyle.com\/de\/wp-json\/wp\/v2\/pages\/6132\/revisions"}],"predecessor-version":[{"id":6134,"href":"https:\/\/marcottestyle.com\/de\/wp-json\/wp\/v2\/pages\/6132\/revisions\/6134"}],"wp:attachment":[{"href":"https:\/\/marcottestyle.com\/de\/wp-json\/wp\/v2\/media?parent=6132"}],"curies":[{"name":"wp","href":"https:\/\/api.w.org\/{rel}","templated":true}]}}