{"id":6137,"date":"2018-02-13T11:41:23","date_gmt":"2018-02-13T10:41:23","guid":{"rendered":"http:\/\/marcottestyle.com\/?page_id=6137"},"modified":"2018-02-22T09:41:18","modified_gmt":"2018-02-22T08:41:18","slug":"electrische-gerate","status":"publish","type":"page","link":"https:\/\/marcottestyle.com\/de\/electrische-gerate\/","title":{"rendered":"Electrische Ger\u00e4te"},"content":{"rendered":"<p>Marcotte Style ist Vertriebspartner von verschiedenen Marken f\u00fcr Elektrizit\u00e4ts-Artikel, u.a.\u00a0<strong>OSRAM PHILIPS, LED it, Raedus, REXEL,NIKO, TECCINO<\/strong>\u00a0etc\u2026<\/p>\n<p>Als Bauherr oder Auftraggeber bekommen Sie daher immer die besten Bedingungen, und wir liegen ebenfalls immer voll im Trend. Es hat auch den Vorteil, dass wir auch selbst mit dem besten Service seitens des Herstellers rechnen k\u00f6nnen.<\/p>\n<h3>Dekorative Heizungspaneele:<\/h3>\n<p>Durch ihre praktischen Ma\u00dfe und Entwurf passen diese Paneele in jeden Raum.<\/p>\n<p>[seo-gallery type=&#8221;3-columns&#8221; taxonomy=&#8221;129&#8243; num=&#8221;4,11&#8243;]<\/p>\n<h3>LED:<\/h3>\n<p>Au\u00dfer den LED-Strips, die wir vollst\u00e4ndig in Ihren M\u00f6beln oder Mauern und Decken kaschieren, suchen wir st\u00e4ndig nach neuen Alternativen. Wir verwenden nur die optimale Led-Kapazit\u00e4t von 600 Led pro 5m die 800 Lummen pro Meter wiedergegeben. Das bedeutet einen Verbrauch von nur 4,4W pro Meter!<\/p>\n<h3>Lampen und Spots:<\/h3>\n<p>Auf dem Gebiet von Spots ist eine st\u00e4ndige Entwicklung festzustellen, bei der man die Spitze des Eisbergs nur schlecht sehen kann. Der Stromverbrauch, die Farbentemperatur, der Lichtb\u00fcndelwinkel, Lichtstrom (Lm) und die Lebensdauer sind wichtig und werden ber\u00fccksichtigt. Wir verf\u00fchren Sie nicht mit niedrigen Preisen f\u00fcr weniger Licht, sonder beraten Sie professionell dar\u00fcber, wieviel Licht Sie brauchen und Sie am besten kaufen sollten. Man hat die klassischen Led-Lampen mit E27 Fitting, aber auch kerzen- und kugelf\u00f6rmige; Reflektorlampen, E-Core Led-Einbaubeleuchtung und vieles mehr. Bei Marcotte Style sind Sie sich einer guten Wahl sicher.<\/p>\n<p>Verw\u00f6hnen Sie sich selbst und entdecken Sie mehr von Marcottestyle. Schauen Sie sich einige\u00a0unserer Realisierungen\u00a0an!<\/p>\n<p>Der Bereich Elektrizit\u00e4ts-Artikel und Beleuchtung ist in st\u00e4ndiger Entwicklung, bei der man die Spitze des Eisbergs nur schlecht sehen kann, und darum begleitet Marcotte Style Sie w\u00e4hrend der Einrichtung Ihrer neuen Wohnung.<\/p>\n<p>&nbsp;<\/p>\n","protected":false},"excerpt":{"rendered":"<p>Marcotte Style ist Vertriebspartner von verschiedenen Marken f\u00fcr Elektrizit\u00e4ts-Artikel, u.a.\u00a0OSRAM PHILIPS, LED it, Raedus, REXEL,NIKO, TECCINO\u00a0etc\u2026 Als Bauherr oder Auftraggeber bekommen Sie daher immer die&#8230;<\/p>\n","protected":false},"author":2,"featured_media":0,"parent":0,"menu_order":20,"comment_status":"closed","ping_status":"closed","template":"elementor_header_footer","meta":{"ngg_post_thumbnail":0,"footnotes":""},"class_list":["post-6137","page","type-page","status-publish","hentry"],"_links":{"self":[{"href":"https:\/\/marcottestyle.com\/de\/wp-json\/wp\/v2\/pages\/6137","targetHints":{"allow":["GET"]}}],"collection":[{"href":"https:\/\/marcottestyle.com\/de\/wp-json\/wp\/v2\/pages"}],"about":[{"href":"https:\/\/marcottestyle.com\/de\/wp-json\/wp\/v2\/types\/page"}],"author":[{"embeddable":true,"href":"https:\/\/marcottestyle.com\/de\/wp-json\/wp\/v2\/users\/2"}],"replies":[{"embeddable":true,"href":"https:\/\/marcottestyle.com\/de\/wp-json\/wp\/v2\/comments?post=6137"}],"version-history":[{"count":1,"href":"https:\/\/marcottestyle.com\/de\/wp-json\/wp\/v2\/pages\/6137\/revisions"}],"predecessor-version":[{"id":6138,"href":"https:\/\/marcottestyle.com\/de\/wp-json\/wp\/v2\/pages\/6137\/revisions\/6138"}],"wp:attachment":[{"href":"https:\/\/marcottestyle.com\/de\/wp-json\/wp\/v2\/media?parent=6137"}],"curies":[{"name":"wp","href":"https:\/\/api.w.org\/{rel}","templated":true}]}}