{"id":6139,"date":"2018-02-13T11:43:37","date_gmt":"2018-02-13T10:43:37","guid":{"rendered":"http:\/\/marcottestyle.com\/?page_id=6139"},"modified":"2018-02-22T09:42:01","modified_gmt":"2018-02-22T08:42:01","slug":"buromobel","status":"publish","type":"page","link":"https:\/\/marcottestyle.com\/de\/buromobel\/","title":{"rendered":"B\u00fcrom\u00f6bel"},"content":{"rendered":"<h3>Eigene Kollektionen:<\/h3>\n<p>Es ist f\u00fcr Marcotte Style immer eine Herausforderung, B\u00fcrom\u00f6bel nicht nur zu verkaufen, sondern auch eine Arbeitsumgebung und eine vollst\u00e4ndige B\u00fcroeinrichtung zu gestalten, die das Auge erfreut. Diese neue stimmungsvolle Umgebung wird die Produktivit\u00e4t sicher optimalisieren. Bei jedem neuen Entwurf einer B\u00fcroeinrichtung wird Ihnen kostenlos ein Innenarchitekt zugewiesen, der mit Ihnen zusammen die gew\u00fcnschten M\u00f6bel in eine 3D Projektion einf\u00fcgt. So erhalten Sie ein reelles und korrektes Bild Ihres zuk\u00fcnftigen B\u00fcros.<\/p>\n<p>Ein professioneller Entwurf eines B\u00fcros hebt zweifellos das Image des Unternehmens an und festigt das Vertrauen. Funktionalit\u00e4t und \u00c4sthetik m\u00fcssen Hand in Hand den Erfolg Ihres Unternehmens st\u00e4rken ist!<\/p>\n<p>Au\u00dfer Schr\u00e4nken und W\u00e4nden auf Ma\u00df mit heruntergezogenen Decken und spezieller Beleuchtung, k\u00f6nnen wir Ihnen auch ausschlie\u00dflich die passenden B\u00fcrom\u00f6bel vorschlagen und diese in einem 3D-Plan verarbeiten.<\/p>\n<p>Unsere Innenarchitekten werden versuchen, Ihre Firmenphilosophie in dem neuen B\u00fcroprojekt widerzuspiegeln. Ein B\u00fcro f\u00fcr eine dynamische Hi-Tech-Firma wird daher anders aussehen als ein Notarb\u00fcro. Es werden meistens die neuesten technischen Feinheiten im Projekt verarbeitet, um auf diese Weise ein einzigartiges Resultat zu erreichen.<\/p>\n<p>[seo-gallery type=&#8221;3-columns&#8221; taxonomy=&#8221;130&#8243; num=&#8221;4,11&#8243;]<\/p>\n<h3>Eine angenehme Arbeitsumgebung ist die Basis f\u00fcr motiviertes Personal.<\/h3>\n<p>A pleasant work environment is the basis for motivating staff.<\/p>\n<p>Verw\u00f6hnen Sie sich selbst und entdecken Sie mehr von Marcotte Style. Schauen Sie sich einige von unseren realisationen an! Sie finden bei uns das richtige B\u00fcromobiliar, weil wir wissen, dass eine angenehme Arbeitsumgebung die Basis f\u00fcr motiviertes Personal.<\/p>\n<p>&nbsp;<\/p>\n","protected":false},"excerpt":{"rendered":"<p>Eigene Kollektionen: Es ist f\u00fcr Marcotte Style immer eine Herausforderung, B\u00fcrom\u00f6bel nicht nur zu verkaufen, sondern auch eine Arbeitsumgebung und eine vollst\u00e4ndige B\u00fcroeinrichtung zu gestalten,&#8230;<\/p>\n","protected":false},"author":2,"featured_media":0,"parent":0,"menu_order":21,"comment_status":"closed","ping_status":"closed","template":"elementor_header_footer","meta":{"ngg_post_thumbnail":0,"footnotes":""},"class_list":["post-6139","page","type-page","status-publish","hentry"],"_links":{"self":[{"href":"https:\/\/marcottestyle.com\/de\/wp-json\/wp\/v2\/pages\/6139","targetHints":{"allow":["GET"]}}],"collection":[{"href":"https:\/\/marcottestyle.com\/de\/wp-json\/wp\/v2\/pages"}],"about":[{"href":"https:\/\/marcottestyle.com\/de\/wp-json\/wp\/v2\/types\/page"}],"author":[{"embeddable":true,"href":"https:\/\/marcottestyle.com\/de\/wp-json\/wp\/v2\/users\/2"}],"replies":[{"embeddable":true,"href":"https:\/\/marcottestyle.com\/de\/wp-json\/wp\/v2\/comments?post=6139"}],"version-history":[{"count":2,"href":"https:\/\/marcottestyle.com\/de\/wp-json\/wp\/v2\/pages\/6139\/revisions"}],"predecessor-version":[{"id":6381,"href":"https:\/\/marcottestyle.com\/de\/wp-json\/wp\/v2\/pages\/6139\/revisions\/6381"}],"wp:attachment":[{"href":"https:\/\/marcottestyle.com\/de\/wp-json\/wp\/v2\/media?parent=6139"}],"curies":[{"name":"wp","href":"https:\/\/api.w.org\/{rel}","templated":true}]}}