{"id":6146,"date":"2018-02-13T12:00:41","date_gmt":"2018-02-13T11:00:41","guid":{"rendered":"http:\/\/marcottestyle.com\/?page_id=6146"},"modified":"2024-09-28T13:20:27","modified_gmt":"2024-09-28T11:20:27","slug":"tische","status":"publish","type":"page","link":"https:\/\/marcottestyle.com\/de\/tische\/","title":{"rendered":"Tische"},"content":{"rendered":"<p>Nat\u00fcrlich sollten die Designtische nicht nur zur gesamten Einrichtung passen, sondern auch zu den St\u00fchlen.<br \/>\nMarcotte Style wird Ihnen als Importeur oder Gro\u00dfh\u00e4ndler immer interessante Konditionen anbieten k\u00f6nnen, die Sie f\u00fcr die gebotene Qualit\u00e4t nicht so leicht finden werden.<br \/>\nEin Innenarchitekt wird immer daf\u00fcr sorgen, dass das Tischdesign mit den St\u00fchlen in das Einrichtungskonzept passt, aber auch der technische Aspekt ist ein nicht unwichtiger Teil. Unser Designer wird zun\u00e4chst den Designtisch mit den ma\u00dfgefertigten St\u00fchlen in den CAD-Plan integrieren, um zu pr\u00fcfen, ob die gew\u00fcnschte Gr\u00f6\u00dfe des ma\u00dfgefertigten Tisches in den Essbereich passt.<br \/>\nEin zu gro\u00dfer Tisch ist st\u00f6rend, aber ein kleiner Tisch in einem gro\u00dfen Raum passt auch nicht.<br \/>\nJe nach den Bed\u00fcrfnissen der Familie wird unser Innenarchitekt dann einen ma\u00dfgeschneiderten Tisch mit m\u00f6glichen Anbautischen vorschlagen.<br \/>\nDas Design des Tisches ist wichtig, aber auch die H\u00f6he des Tisches im Verh\u00e4ltnis zum Stuhl.<br \/>\nAuch bei den Stuhlarmen, falls es welche gibt, werden wir ber\u00fccksichtigen, ob sie unter die Tischplatte passen oder nicht.<br \/>\nAbgesehen davon, dass alle Tische in der Regel billiger sind als im normalen Gesch\u00e4ft oder Job-Shop, ist die Beratung hier auch sehr wichtig.<br \/>\nM\u00f6chten Sie einen ma\u00dfgefertigten Tisch kaufen?<br \/>\nBei Marcotte Style \u00fcberlassen wir Sie nicht sich selbst!           <\/p>\n<h3>Ma\u00dfgeschneidert<\/h3>\n<p>  Unser Ziel ist es, den richtigen Tisch zu finden, der nicht nur zu den St\u00fchlen passt, sondern auch ein Ganzes im Gesamtkonzept der Einrichtung bildet.<br \/>\nMarcotte Style ist daf\u00fcr bekannt, dass sich ein und derselbe Stil durch das ganze Haus zieht.<br \/>\nDie Gesamteinrichtung schlechthin.<br \/>\nSie k\u00f6nnen also auch nur einen Wohn- und Essbereich von uns einrichten lassen, solange wir Ihnen etwas Einzigartiges und Komplettes anbieten k\u00f6nnen, denn Sie werden von unseren Designern kostenlos beraten.<br \/>\nEine Einrichtung von Marcotte Style wird immer eine Handschrift hinterlassen, selbst wenn es sich nur um einen homogenen Essbereich mit Lounge handelt.      <\/p>\n<div>[seo-gallery type=&#8221;3-columns&#8221; taxonomy=&#8221;133&#8243; num=&#8221;4,11&#8243;]<\/div>\n<div><\/div>\n<blockquote><p>Ben\u00f6tigen Sie Tische, die zu den St\u00fchlen passen und sich zudem perfekt in das Konzept der Einrichtung einf\u00fcgen?<br \/>\nKontaktieren Sie uns noch heute! <\/p><\/blockquote>\n<p>  Nehmen Sie Kontakt mit <a href=\"http:\/\/marcottestyle.com\/contact\/\">uns<\/a> auf oder <a href=\"http:\/\/marcottestyle.com\/portfolio\/\">werfen Sie einen Blick auf unser Portfolio<\/a>.<\/p>\n","protected":false},"excerpt":{"rendered":"<p>Nat\u00fcrlich sollten die Designtische nicht nur zur gesamten Einrichtung passen, sondern auch zu den St\u00fchlen. Marcotte Style wird Ihnen als Importeur oder Gro\u00dfh\u00e4ndler immer interessante&#8230;<\/p>\n","protected":false},"author":2,"featured_media":0,"parent":0,"menu_order":23,"comment_status":"closed","ping_status":"closed","template":"elementor_header_footer","meta":{"ngg_post_thumbnail":0,"footnotes":""},"class_list":["post-6146","page","type-page","status-publish","hentry"],"_links":{"self":[{"href":"https:\/\/marcottestyle.com\/de\/wp-json\/wp\/v2\/pages\/6146","targetHints":{"allow":["GET"]}}],"collection":[{"href":"https:\/\/marcottestyle.com\/de\/wp-json\/wp\/v2\/pages"}],"about":[{"href":"https:\/\/marcottestyle.com\/de\/wp-json\/wp\/v2\/types\/page"}],"author":[{"embeddable":true,"href":"https:\/\/marcottestyle.com\/de\/wp-json\/wp\/v2\/users\/2"}],"replies":[{"embeddable":true,"href":"https:\/\/marcottestyle.com\/de\/wp-json\/wp\/v2\/comments?post=6146"}],"version-history":[{"count":2,"href":"https:\/\/marcottestyle.com\/de\/wp-json\/wp\/v2\/pages\/6146\/revisions"}],"predecessor-version":[{"id":39346,"href":"https:\/\/marcottestyle.com\/de\/wp-json\/wp\/v2\/pages\/6146\/revisions\/39346"}],"wp:attachment":[{"href":"https:\/\/marcottestyle.com\/de\/wp-json\/wp\/v2\/media?parent=6146"}],"curies":[{"name":"wp","href":"https:\/\/api.w.org\/{rel}","templated":true}]}}